{"id":6554,"date":"2024-11-29T14:27:02","date_gmt":"2024-11-29T12:27:02","guid":{"rendered":"https:\/\/keluvo.com\/no\/produkt\/c20-pro-smartklokke\/"},"modified":"2025-03-15T13:05:10","modified_gmt":"2025-03-15T11:05:10","slug":"c20-pro-smartklokke","status":"publish","type":"product","link":"https:\/\/keluvo.com\/no\/produkt\/c20-pro-smartklokke\/","title":{"rendered":"C20 pro smartklokke"},"content":{"rendered":"<h2 style=\"text-align: center;\"><strong>Allsidig treningssporing<\/strong><\/h2>\n<p style=\"text-align: center;\">Med 123 sportsmoduser er C20 pro smartklokke designet for et bredt spekter av aktiviteter, fra l\u00f8ping og sykling til yoga og sv\u00f8mming. Den sporer skritt, puls, oksygenniv\u00e5 i blodet og kaloriforbruk, og gir n\u00f8yaktige data som st\u00f8tter dine treningsm\u00e5l. Enten du er innend\u00f8rs eller utend\u00f8rs, er den den perfekte f\u00f8lgesvenn for en aktiv livsstil.<\/p>\n<p><img decoding=\"async\" class=\"alignnone size-medium wp-image-3601 aligncenter\" src=\"https:\/\/keluvo.com\/template\/wp-content\/uploads\/sites\/5\/2024\/11\/New-C20-Pro-Smart-Watch-Men-Voice-Assistant-BT-Wireless-Call-Business-Outdoor-Sports-IP68-Waterproof.jpg_.png\" alt=\"\" \/><\/p>\n<h2 style=\"text-align: center;\"><strong>Slitesterk og vanntett design<\/strong><\/h2>\n<p style=\"text-align: center;\">Med en vanntett IP68-klassifisering er C20 pro smartklokke klar til \u00e5 t\u00e5le eksponering for vann, noe som gj\u00f8r den egnet for sv\u00f8mming og andre vannbaserte aktiviteter. Den robuste konstruksjonen sikrer holdbarhet, mens batteriet p\u00e5 380 mAh gir langvarig ytelse, slik at du kan holde deg tilkoblet og aktiv hele dagen.<\/p>\n<p><img decoding=\"async\" class=\"alignnone size-medium wp-image-3602 aligncenter\" src=\"https:\/\/keluvo.com\/template\/wp-content\/uploads\/sites\/5\/2024\/11\/New-C20-Pro-Smart-Watch-Men-Voice-Assistant-BT-Wireless-Call-Business-Outdoor-Sports-IP68-Waterproof.jpg_-2.png\" alt=\"\" \/><\/p>\n","protected":false},"excerpt":{"rendered":"<p>Allsidig treningssporing Med 123 sportsmoduser er C20 pro smartklokke designet for et bredt spekter av aktiviteter, fra l\u00f8ping og sykling [&hellip;]<\/p>\n","protected":false},"featured_media":6550,"comment_status":"open","ping_status":"closed","template":"","meta":{"site-sidebar-layout":"default","site-content-layout":"","ast-site-content-layout":"default","site-content-style":"default","site-sidebar-style":"default","ast-global-header-display":"","ast-banner-title-visibility":"","ast-main-header-display":"","ast-hfb-above-header-display":"","ast-hfb-below-header-display":"","ast-hfb-mobile-header-display":"","site-post-title":"","ast-breadcrumbs-content":"","ast-featured-img":"","footer-sml-layout":"","theme-transparent-header-meta":"default","adv-header-id-meta":"","stick-header-meta":"","header-above-stick-meta":"","header-main-stick-meta":"","header-below-stick-meta":"","astra-migrate-meta-layouts":"set","ast-page-background-enabled":"default","ast-page-background-meta":{"desktop":{"background-color":"var(--ast-global-color-4)","background-image":"","background-repeat":"repeat","background-position":"center center","background-size":"auto","background-attachment":"scroll","background-type":"","background-media":"","overlay-type":"","overlay-color":"","overlay-opacity":"","overlay-gradient":""},"tablet":{"background-color":"","background-image":"","background-repeat":"repeat","background-position":"center center","background-size":"auto","background-attachment":"scroll","background-type":"","background-media":"","overlay-type":"","overlay-color":"","overlay-opacity":"","overlay-gradient":""},"mobile":{"background-color":"","background-image":"","background-repeat":"repeat","background-position":"center center","background-size":"auto","background-attachment":"scroll","background-type":"","background-media":"","overlay-type":"","overlay-color":"","overlay-opacity":"","overlay-gradient":""}},"ast-content-background-meta":{"desktop":{"background-color":"var(--ast-global-color-5)","background-image":"","background-repeat":"repeat","background-position":"center center","background-size":"auto","background-attachment":"scroll","background-type":"","background-media":"","overlay-type":"","overlay-color":"","overlay-opacity":"","overlay-gradient":""},"tablet":{"background-color":"var(--ast-global-color-5)","background-image":"","background-repeat":"repeat","background-position":"center center","background-size":"auto","background-attachment":"scroll","background-type":"","background-media":"","overlay-type":"","overlay-color":"","overlay-opacity":"","overlay-gradient":""},"mobile":{"background-color":"var(--ast-global-color-5)","background-image":"","background-repeat":"repeat","background-position":"center center","background-size":"auto","background-attachment":"scroll","background-type":"","background-media":"","overlay-type":"","overlay-color":"","overlay-opacity":"","overlay-gradient":""}}},"product_brand":[],"product_cat":[993],"product_tag":[],"class_list":{"0":"post-6554","1":"product","2":"type-product","3":"status-publish","4":"has-post-thumbnail","6":"product_cat-skotoy-tilbehor","7":"pa_u4l3wp68-oransje","8":"pa_u4l3wp68-svart","9":"desktop-align-left","10":"tablet-align-left","11":"mobile-align-left","13":"first","14":"instock","15":"shipping-taxable","16":"purchasable","17":"product-type-variable"},"_links":{"self":[{"href":"https:\/\/keluvo.com\/no\/wp-json\/wp\/v2\/product\/6554","targetHints":{"allow":["GET"]}}],"collection":[{"href":"https:\/\/keluvo.com\/no\/wp-json\/wp\/v2\/product"}],"about":[{"href":"https:\/\/keluvo.com\/no\/wp-json\/wp\/v2\/types\/product"}],"replies":[{"embeddable":true,"href":"https:\/\/keluvo.com\/no\/wp-json\/wp\/v2\/comments?post=6554"}],"wp:featuredmedia":[{"embeddable":true,"href":"https:\/\/keluvo.com\/no\/wp-json\/wp\/v2\/media\/6550"}],"wp:attachment":[{"href":"https:\/\/keluvo.com\/no\/wp-json\/wp\/v2\/media?parent=6554"}],"wp:term":[{"taxonomy":"product_brand","embeddable":true,"href":"https:\/\/keluvo.com\/no\/wp-json\/wp\/v2\/product_brand?post=6554"},{"taxonomy":"product_cat","embeddable":true,"href":"https:\/\/keluvo.com\/no\/wp-json\/wp\/v2\/product_cat?post=6554"},{"taxonomy":"product_tag","embeddable":true,"href":"https:\/\/keluvo.com\/no\/wp-json\/wp\/v2\/product_tag?post=6554"}],"curies":[{"name":"wp","href":"https:\/\/api.w.org\/{rel}","templated":true}]}}