{"id":65498,"date":"2025-12-26T11:19:46","date_gmt":"2025-12-26T09:19:46","guid":{"rendered":"https:\/\/keluvo.com\/no\/produkt\/retro-spillkonsoll-2-kontroller\/"},"modified":"2025-12-26T11:32:43","modified_gmt":"2025-12-26T09:32:43","slug":"retro-spillkonsoll-2-kontroller","status":"publish","type":"product","link":"https:\/\/keluvo.com\/no\/produkt\/retro-spillkonsoll-2-kontroller\/","title":{"rendered":"Retro spillkonsoll + 2 kontroller"},"content":{"rendered":"<p style=\"text-align: center;\" data-start=\"59\" data-end=\"145\"><strong>Spill tusenvis av klassiske spill umiddelbart p\u00e5 TV-en din uten behov for oppsett eller internett. \ud83c\udfae<\/strong><\/p>\n<p style=\"text-align: center;\" data-start=\"170\" data-end=\"528\">Denne retrospillkonsollen er forh\u00e5ndslastet med opptil 30 000 klassiske spill fra flere konsoller, alt i en kompakt plug-and-play-enhet. Bare koble den til TV-en eller skjermen via HDMI og begynn \u00e5 spille med de to medf\u00f8lgende tr\u00e5dl\u00f8se kontrollerne. Det er perfekt for \u00e5 gjenoppleve barndomsminner, familiens spillkvelder eller uformelt spill hjemme eller p\u00e5 reise.<\/p>\n<p data-start=\"170\" data-end=\"528\"><img fetchpriority=\"high\" decoding=\"async\" class=\"size-full wp-image-47138 aligncenter\" src=\"https:\/\/keluvo.com\/template\/wp-content\/uploads\/sites\/5\/2025\/12\/122140-ezgif.com-video-to-webp-converter.webp\" alt=\"\" width=\"500\" height=\"889\" \/><\/p>\n<h2 style=\"text-align: center;\" data-start=\"535\" data-end=\"557\">Hovedfordeler<\/h2>\n<p data-start=\"560\" data-end=\"626\">\ud83d\udd79\ufe0f Massivt spillbibliotek &#8211; Opptil 30 000 innebygde retrospill.<\/p>\n<p data-start=\"629\" data-end=\"690\">\ud83d\udcfa 4K HDMI-utgang &#8211; St\u00f8tter 4K \/ 1080P \/ 720P-skjermer.<\/p>\n<p data-start=\"693\" data-end=\"758\">\ud83c\udfae Two wireless controllers &#8211; Spill komfortabelt med venner.<\/p>\n<p data-start=\"761\" data-end=\"821\">\u26a1 Plug &amp; play &#8211; Ingen nedlastinger, ingen installasjon kreves.<\/p>\n<p data-start=\"824\" data-end=\"895\">\ud83d\udcbe Flere emulatorer &#8211; PS1, NES, SNES, GBA, Sega, MAME og mer.<\/p>\n<p data-start=\"898\" data-end=\"956\">\ud83e\uddf3 Kompakt og b\u00e6rbar &#8211; Ideell for hjemmebruk eller reisebruk.<\/p>\n<p data-start=\"898\" data-end=\"956\"><img decoding=\"async\" class=\"size-full wp-image-47139 aligncenter\" src=\"https:\/\/keluvo.com\/template\/wp-content\/uploads\/sites\/5\/2025\/12\/122139-ezgif.com-video-to-webp-converter.webp\" alt=\"\" width=\"500\" height=\"889\" \/><\/p>\n<h2 style=\"text-align: center;\" data-start=\"963\" data-end=\"982\">Hvordan bruke<\/h2>\n<ol data-start=\"983\" data-end=\"1264\">\n<li data-start=\"983\" data-end=\"1041\">\n<p data-start=\"986\" data-end=\"1041\">Koble spillpinnen til TV-en eller skjermen via HDMI.<\/p>\n<\/li>\n<li data-start=\"1042\" data-end=\"1093\">\n<p data-start=\"1045\" data-end=\"1093\">Koble USB-str\u00f8mkabelen til en str\u00f8mkilde.<\/p>\n<\/li>\n<li data-start=\"1094\" data-end=\"1165\">\n<p data-start=\"1097\" data-end=\"1165\">Sett inn AAA-batterier i de tr\u00e5dl\u00f8se kontrollerne (ikke inkludert).<\/p>\n<\/li>\n<li data-start=\"1166\" data-end=\"1212\">\n<p data-start=\"1169\" data-end=\"1212\">Sl\u00e5 p\u00e5 TV-en og velg HDMI-inngangen.<\/p>\n<\/li>\n<li data-start=\"1213\" data-end=\"1264\">\n<p data-start=\"1216\" data-end=\"1264\">Velg et spill fra menyen og begynn \u00e5 spille.<\/p>\n<\/li>\n<\/ol>\n<h2 style=\"text-align: center;\" data-start=\"1271\" data-end=\"1295\">Produktdetaljer<\/h2>\n<ul data-start=\"1296\" data-end=\"1642\">\n<li data-start=\"1296\" data-end=\"1360\">\n<p data-start=\"1298\" data-end=\"1360\">Lagringsalternativer: 32 GB (20 000+ spill) \/ 64 GB (30 000+ spill)<\/p>\n<\/li>\n<li data-start=\"1361\" data-end=\"1453\">\n<p data-start=\"1363\" data-end=\"1453\">Emulatorer som st\u00f8ttes: PS1, CPS1\/2\/3, NES, SNES, GBA, GB, GBC, Sega, MAME, Atari og mer<\/p>\n<\/li>\n<li data-start=\"1454\" data-end=\"1489\">\n<p data-start=\"1456\" data-end=\"1489\">Videoutgang: 4K \/ 1080P \/ 720P<\/p>\n<\/li>\n<li data-start=\"1490\" data-end=\"1515\">\n<p data-start=\"1492\" data-end=\"1515\">Peffektinngang: 5V (USB)<\/p>\n<\/li>\n<li data-start=\"1516\" data-end=\"1566\">\n<p data-start=\"1518\" data-end=\"1566\">Str\u00f8m til kontrolleren: AAA-batterier (ikke inkludert)<\/p>\n<\/li>\n<li data-start=\"1567\" data-end=\"1598\">\n<p data-start=\"1569\" data-end=\"1598\">Tilkobling: HDMI-kompatibel<\/p>\n<\/li>\n<li data-start=\"1599\" data-end=\"1642\">\n<p data-start=\"1601\" data-end=\"1642\">Design: Kompakt, lett spillpinne<\/p>\n<\/li>\n<\/ul>\n<h2 style=\"text-align: center;\" data-start=\"1649\" data-end=\"1674\">Pakken inkluderer<\/h2>\n<ul data-start=\"1675\" data-end=\"1789\">\n<li data-start=\"1675\" data-end=\"1707\">\n<p data-start=\"1677\" data-end=\"1707\">1x retro spillkonsoll<\/p>\n<\/li>\n<li data-start=\"1708\" data-end=\"1736\">\n<p data-start=\"1710\" data-end=\"1736\">2x tr\u00e5dl\u00f8se kontrollere<\/p>\n<\/li>\n<li data-start=\"1737\" data-end=\"1765\">\n<p data-start=\"1739\" data-end=\"1765\">1x HDMI-forlengelseskabel<\/p>\n<\/li>\n<li data-start=\"1766\" data-end=\"1789\">\n<p data-start=\"1768\" data-end=\"1789\">1x USB-str\u00f8mkabel.<\/p>\n<\/li>\n<\/ul>\n","protected":false},"excerpt":{"rendered":"<p>Spill tusenvis av klassiske spill umiddelbart p\u00e5 TV-en din uten behov for oppsett eller internett. \ud83c\udfae Denne retrospillkonsollen er forh\u00e5ndslastet [&hellip;]<\/p>\n","protected":false},"featured_media":65494,"comment_status":"open","ping_status":"closed","template":"","meta":{"site-sidebar-layout":"default","site-content-layout":"","ast-site-content-layout":"default","site-content-style":"default","site-sidebar-style":"default","ast-global-header-display":"","ast-banner-title-visibility":"","ast-main-header-display":"","ast-hfb-above-header-display":"","ast-hfb-below-header-display":"","ast-hfb-mobile-header-display":"","site-post-title":"","ast-breadcrumbs-content":"","ast-featured-img":"","footer-sml-layout":"","theme-transparent-header-meta":"default","adv-header-id-meta":"","stick-header-meta":"","header-above-stick-meta":"","header-main-stick-meta":"","header-below-stick-meta":"","astra-migrate-meta-layouts":"set","ast-page-background-enabled":"default","ast-page-background-meta":{"desktop":{"background-color":"var(--ast-global-color-4)","background-image":"","background-repeat":"repeat","background-position":"center center","background-size":"auto","background-attachment":"scroll","background-type":"","background-media":"","overlay-type":"","overlay-color":"","overlay-opacity":"","overlay-gradient":""},"tablet":{"background-color":"","background-image":"","background-repeat":"repeat","background-position":"center center","background-size":"auto","background-attachment":"scroll","background-type":"","background-media":"","overlay-type":"","overlay-color":"","overlay-opacity":"","overlay-gradient":""},"mobile":{"background-color":"","background-image":"","background-repeat":"repeat","background-position":"center center","background-size":"auto","background-attachment":"scroll","background-type":"","background-media":"","overlay-type":"","overlay-color":"","overlay-opacity":"","overlay-gradient":""}},"ast-content-background-meta":{"desktop":{"background-color":"var(--ast-global-color-5)","background-image":"","background-repeat":"repeat","background-position":"center center","background-size":"auto","background-attachment":"scroll","background-type":"","background-media":"","overlay-type":"","overlay-color":"","overlay-opacity":"","overlay-gradient":""},"tablet":{"background-color":"var(--ast-global-color-5)","background-image":"","background-repeat":"repeat","background-position":"center center","background-size":"auto","background-attachment":"scroll","background-type":"","background-media":"","overlay-type":"","overlay-color":"","overlay-opacity":"","overlay-gradient":""},"mobile":{"background-color":"var(--ast-global-color-5)","background-image":"","background-repeat":"repeat","background-position":"center center","background-size":"auto","background-attachment":"scroll","background-type":"","background-media":"","overlay-type":"","overlay-color":"","overlay-opacity":"","overlay-gradient":""}}},"product_brand":[],"product_cat":[990],"product_tag":[],"class_list":{"0":"post-65498","1":"product","2":"type-product","3":"status-publish","4":"has-post-thumbnail","6":"product_cat-leker-barne-og-babyprodukter","7":"pa_68728_ah6ns7r9-32-gb","8":"pa_68728_ah6ns7r9-64-gb","9":"desktop-align-left","10":"tablet-align-left","11":"mobile-align-left","13":"first","14":"instock","15":"shipping-taxable","16":"purchasable","17":"product-type-variable"},"_links":{"self":[{"href":"https:\/\/keluvo.com\/no\/wp-json\/wp\/v2\/product\/65498","targetHints":{"allow":["GET"]}}],"collection":[{"href":"https:\/\/keluvo.com\/no\/wp-json\/wp\/v2\/product"}],"about":[{"href":"https:\/\/keluvo.com\/no\/wp-json\/wp\/v2\/types\/product"}],"replies":[{"embeddable":true,"href":"https:\/\/keluvo.com\/no\/wp-json\/wp\/v2\/comments?post=65498"}],"wp:featuredmedia":[{"embeddable":true,"href":"https:\/\/keluvo.com\/no\/wp-json\/wp\/v2\/media\/65494"}],"wp:attachment":[{"href":"https:\/\/keluvo.com\/no\/wp-json\/wp\/v2\/media?parent=65498"}],"wp:term":[{"taxonomy":"product_brand","embeddable":true,"href":"https:\/\/keluvo.com\/no\/wp-json\/wp\/v2\/product_brand?post=65498"},{"taxonomy":"product_cat","embeddable":true,"href":"https:\/\/keluvo.com\/no\/wp-json\/wp\/v2\/product_cat?post=65498"},{"taxonomy":"product_tag","embeddable":true,"href":"https:\/\/keluvo.com\/no\/wp-json\/wp\/v2\/product_tag?post=65498"}],"curies":[{"name":"wp","href":"https:\/\/api.w.org\/{rel}","templated":true}]}}