{"id":6537,"date":"2024-11-29T14:14:22","date_gmt":"2024-11-29T12:14:22","guid":{"rendered":"https:\/\/keluvo.com\/no\/produkt\/pop-up-leketelt\/"},"modified":"2024-11-29T14:32:40","modified_gmt":"2024-11-29T12:32:40","slug":"pop-up-leketelt","status":"publish","type":"product","link":"https:\/\/keluvo.com\/no\/produkt\/pop-up-leketelt\/","title":{"rendered":"Pop up-leketelt"},"content":{"rendered":"<h2 style=\"text-align: center;\"><strong>Rask og enkel oppsetting<\/strong><\/h2>\n<p style=\"text-align: center;\">Leketeltet er sammenleggbart, slik at du kan sette det opp p\u00e5 f\u00e5 sekunder. Det \u00e5pnes umiddelbart, noe som gj\u00f8r det ideelt for lek b\u00e5de innend\u00f8rs og utend\u00f8rs. N\u00e5r leken er over, kan det brettes sammen for enkel oppbevaring eller transport, noe som gj\u00f8r det til et praktisk alternativ for travle familier.<\/p>\n<p><img decoding=\"async\" class=\"alignnone size-medium wp-image-3636 aligncenter\" src=\"https:\/\/keluvo.com\/template\/wp-content\/uploads\/sites\/5\/2024\/11\/Sc52bb736d80744c195852b8fd8619f05J.jpg\" alt=\"\" \/><\/p>\n<h2 style=\"text-align: center;\"><strong>Oppmuntrer til kreativ lek<\/strong><\/h2>\n<p style=\"text-align: center;\">Dette popup-leketeltet gir barna et morsomt og trygt sted \u00e5 utforske fantasien sin. Enten det er \u00e5 late som om de driver en butikk eller camper innend\u00f8rs, oppmuntrer teltet til kreativitet og rollelek. Det er perfekt for soloeventyr eller interaktiv lek med venner og familie.<\/p>\n<p><img decoding=\"async\" class=\"alignnone size-medium wp-image-3634 aligncenter\" src=\"https:\/\/keluvo.com\/template\/wp-content\/uploads\/sites\/5\/2024\/11\/e5f4dbc6-e0ae-4930-b224-1b294610f632.webp\" alt=\"\" \/><\/p>\n","protected":false},"excerpt":{"rendered":"<p>Rask og enkel oppsetting Leketeltet er sammenleggbart, slik at du kan sette det opp p\u00e5 f\u00e5 sekunder. Det \u00e5pnes umiddelbart, [&hellip;]<\/p>\n","protected":false},"featured_media":6533,"comment_status":"open","ping_status":"closed","template":"","meta":{"site-sidebar-layout":"default","site-content-layout":"","ast-site-content-layout":"default","site-content-style":"default","site-sidebar-style":"default","ast-global-header-display":"","ast-banner-title-visibility":"","ast-main-header-display":"","ast-hfb-above-header-display":"","ast-hfb-below-header-display":"","ast-hfb-mobile-header-display":"","site-post-title":"","ast-breadcrumbs-content":"","ast-featured-img":"","footer-sml-layout":"","theme-transparent-header-meta":"default","adv-header-id-meta":"","stick-header-meta":"","header-above-stick-meta":"","header-main-stick-meta":"","header-below-stick-meta":"","astra-migrate-meta-layouts":"set","ast-page-background-enabled":"default","ast-page-background-meta":{"desktop":{"background-color":"var(--ast-global-color-4)","background-image":"","background-repeat":"repeat","background-position":"center center","background-size":"auto","background-attachment":"scroll","background-type":"","background-media":"","overlay-type":"","overlay-color":"","overlay-opacity":"","overlay-gradient":""},"tablet":{"background-color":"","background-image":"","background-repeat":"repeat","background-position":"center center","background-size":"auto","background-attachment":"scroll","background-type":"","background-media":"","overlay-type":"","overlay-color":"","overlay-opacity":"","overlay-gradient":""},"mobile":{"background-color":"","background-image":"","background-repeat":"repeat","background-position":"center center","background-size":"auto","background-attachment":"scroll","background-type":"","background-media":"","overlay-type":"","overlay-color":"","overlay-opacity":"","overlay-gradient":""}},"ast-content-background-meta":{"desktop":{"background-color":"var(--ast-global-color-5)","background-image":"","background-repeat":"repeat","background-position":"center center","background-size":"auto","background-attachment":"scroll","background-type":"","background-media":"","overlay-type":"","overlay-color":"","overlay-opacity":"","overlay-gradient":""},"tablet":{"background-color":"var(--ast-global-color-5)","background-image":"","background-repeat":"repeat","background-position":"center center","background-size":"auto","background-attachment":"scroll","background-type":"","background-media":"","overlay-type":"","overlay-color":"","overlay-opacity":"","overlay-gradient":""},"mobile":{"background-color":"var(--ast-global-color-5)","background-image":"","background-repeat":"repeat","background-position":"center center","background-size":"auto","background-attachment":"scroll","background-type":"","background-media":"","overlay-type":"","overlay-color":"","overlay-opacity":"","overlay-gradient":""}}},"product_brand":[],"product_cat":[990],"product_tag":[],"class_list":{"0":"post-6537","1":"product","2":"type-product","3":"status-publish","4":"has-post-thumbnail","6":"product_cat-leker-barne-og-babyprodukter","7":"pa_8e1lcgcf-bla","8":"pa_8e1lcgcf-gul","9":"pa_8e1lcgcf-rod","10":"pa_8e1lcgcf-rosa","11":"desktop-align-left","12":"tablet-align-left","13":"mobile-align-left","15":"first","16":"instock","17":"shipping-taxable","18":"purchasable","19":"product-type-variable"},"_links":{"self":[{"href":"https:\/\/keluvo.com\/no\/wp-json\/wp\/v2\/product\/6537","targetHints":{"allow":["GET"]}}],"collection":[{"href":"https:\/\/keluvo.com\/no\/wp-json\/wp\/v2\/product"}],"about":[{"href":"https:\/\/keluvo.com\/no\/wp-json\/wp\/v2\/types\/product"}],"replies":[{"embeddable":true,"href":"https:\/\/keluvo.com\/no\/wp-json\/wp\/v2\/comments?post=6537"}],"wp:featuredmedia":[{"embeddable":true,"href":"https:\/\/keluvo.com\/no\/wp-json\/wp\/v2\/media\/6533"}],"wp:attachment":[{"href":"https:\/\/keluvo.com\/no\/wp-json\/wp\/v2\/media?parent=6537"}],"wp:term":[{"taxonomy":"product_brand","embeddable":true,"href":"https:\/\/keluvo.com\/no\/wp-json\/wp\/v2\/product_brand?post=6537"},{"taxonomy":"product_cat","embeddable":true,"href":"https:\/\/keluvo.com\/no\/wp-json\/wp\/v2\/product_cat?post=6537"},{"taxonomy":"product_tag","embeddable":true,"href":"https:\/\/keluvo.com\/no\/wp-json\/wp\/v2\/product_tag?post=6537"}],"curies":[{"name":"wp","href":"https:\/\/api.w.org\/{rel}","templated":true}]}}