{"id":6525,"date":"2024-11-29T14:12:23","date_gmt":"2024-11-29T12:12:23","guid":{"rendered":"https:\/\/keluvo.com\/no\/produkt\/3d-kubepuslespill-i-tre\/"},"modified":"2024-11-29T14:12:32","modified_gmt":"2024-11-29T12:12:32","slug":"3d-kubepuslespill-i-tre","status":"publish","type":"product","link":"https:\/\/keluvo.com\/no\/produkt\/3d-kubepuslespill-i-tre\/","title":{"rendered":"3D-kubepuslespill i tre"},"content":{"rendered":"<h2 style=\"text-align: center\"><strong>Utfordrende hjernetrim<\/strong><\/h2>\n<p style=\"text-align: center\">3D-kubepuslespillet i tre er designet for \u00e5 utfordre og engasjere hjernen din. Det oppmuntrer til probleml\u00f8sning og logisk tenkning n\u00e5r du jobber med \u00e5 sette sammen trebitene til den perfekte formen. Dette puslespillet er morsomt for b\u00e5de barn og voksne, noe som gj\u00f8r det ideelt for familieb\u00e5nd og interaktiv lek.<\/p>\n<p><img decoding=\"async\" class=\"alignnone size-medium wp-image-3652 aligncenter\" src=\"https:\/\/keluvo.com\/template\/wp-content\/uploads\/sites\/5\/2024\/11\/3a4bc68b-93ec-4094-b24b-405430316504.webp\" alt=\"\" \/><\/p>\n<h2 style=\"text-align: center\"><strong>Trygge og holdbare materialer<\/strong><\/h2>\n<p style=\"text-align: center\">Laget av tre av h\u00f8y kvalitet, er 3D-kubepuslespillet i tre trygt, giftfritt og holdbart. De glatte kantene sikrer at det er trygt for barn fra 3 \u00e5r og oppover, og det naturlige materialet gir puslespillet et klassisk preg. Den robuste designen sikrer at det kan brukes gjentatte ganger uten \u00e5 bli slitt.<\/p>\n<p><img decoding=\"async\" class=\"alignnone size-medium wp-image-3654 aligncenter\" src=\"https:\/\/keluvo.com\/template\/wp-content\/uploads\/sites\/5\/2024\/11\/41f96425-310f-4618-ac9b-52f3b0d7898c.webp\" alt=\"\" \/><\/p>\n","protected":false},"excerpt":{"rendered":"<p>Utfordrende hjernetrim 3D-kubepuslespillet i tre er designet for \u00e5 utfordre og engasjere hjernen din. Det oppmuntrer til probleml\u00f8sning og logisk [&hellip;]<\/p>\n","protected":false},"featured_media":6521,"comment_status":"open","ping_status":"closed","template":"","meta":{"site-sidebar-layout":"default","site-content-layout":"","ast-site-content-layout":"default","site-content-style":"default","site-sidebar-style":"default","ast-global-header-display":"","ast-banner-title-visibility":"","ast-main-header-display":"","ast-hfb-above-header-display":"","ast-hfb-below-header-display":"","ast-hfb-mobile-header-display":"","site-post-title":"","ast-breadcrumbs-content":"","ast-featured-img":"","footer-sml-layout":"","theme-transparent-header-meta":"default","adv-header-id-meta":"","stick-header-meta":"","header-above-stick-meta":"","header-main-stick-meta":"","header-below-stick-meta":"","astra-migrate-meta-layouts":"set","ast-page-background-enabled":"default","ast-page-background-meta":{"desktop":{"background-color":"var(--ast-global-color-4)","background-image":"","background-repeat":"repeat","background-position":"center center","background-size":"auto","background-attachment":"scroll","background-type":"","background-media":"","overlay-type":"","overlay-color":"","overlay-opacity":"","overlay-gradient":""},"tablet":{"background-color":"","background-image":"","background-repeat":"repeat","background-position":"center center","background-size":"auto","background-attachment":"scroll","background-type":"","background-media":"","overlay-type":"","overlay-color":"","overlay-opacity":"","overlay-gradient":""},"mobile":{"background-color":"","background-image":"","background-repeat":"repeat","background-position":"center center","background-size":"auto","background-attachment":"scroll","background-type":"","background-media":"","overlay-type":"","overlay-color":"","overlay-opacity":"","overlay-gradient":""}},"ast-content-background-meta":{"desktop":{"background-color":"var(--ast-global-color-5)","background-image":"","background-repeat":"repeat","background-position":"center center","background-size":"auto","background-attachment":"scroll","background-type":"","background-media":"","overlay-type":"","overlay-color":"","overlay-opacity":"","overlay-gradient":""},"tablet":{"background-color":"var(--ast-global-color-5)","background-image":"","background-repeat":"repeat","background-position":"center center","background-size":"auto","background-attachment":"scroll","background-type":"","background-media":"","overlay-type":"","overlay-color":"","overlay-opacity":"","overlay-gradient":""},"mobile":{"background-color":"var(--ast-global-color-5)","background-image":"","background-repeat":"repeat","background-position":"center center","background-size":"auto","background-attachment":"scroll","background-type":"","background-media":"","overlay-type":"","overlay-color":"","overlay-opacity":"","overlay-gradient":""}}},"product_brand":[],"product_cat":[990],"product_tag":[],"class_list":{"0":"post-6525","1":"product","2":"type-product","3":"status-publish","4":"has-post-thumbnail","6":"product_cat-leker-barne-og-babyprodukter","7":"pa_dhbud9rw-l","8":"pa_dhbud9rw-t","9":"desktop-align-left","10":"tablet-align-left","11":"mobile-align-left","13":"first","14":"instock","15":"shipping-taxable","16":"purchasable","17":"product-type-variable"},"_links":{"self":[{"href":"https:\/\/keluvo.com\/no\/wp-json\/wp\/v2\/product\/6525","targetHints":{"allow":["GET"]}}],"collection":[{"href":"https:\/\/keluvo.com\/no\/wp-json\/wp\/v2\/product"}],"about":[{"href":"https:\/\/keluvo.com\/no\/wp-json\/wp\/v2\/types\/product"}],"replies":[{"embeddable":true,"href":"https:\/\/keluvo.com\/no\/wp-json\/wp\/v2\/comments?post=6525"}],"wp:featuredmedia":[{"embeddable":true,"href":"https:\/\/keluvo.com\/no\/wp-json\/wp\/v2\/media\/6521"}],"wp:attachment":[{"href":"https:\/\/keluvo.com\/no\/wp-json\/wp\/v2\/media?parent=6525"}],"wp:term":[{"taxonomy":"product_brand","embeddable":true,"href":"https:\/\/keluvo.com\/no\/wp-json\/wp\/v2\/product_brand?post=6525"},{"taxonomy":"product_cat","embeddable":true,"href":"https:\/\/keluvo.com\/no\/wp-json\/wp\/v2\/product_cat?post=6525"},{"taxonomy":"product_tag","embeddable":true,"href":"https:\/\/keluvo.com\/no\/wp-json\/wp\/v2\/product_tag?post=6525"}],"curies":[{"name":"wp","href":"https:\/\/api.w.org\/{rel}","templated":true}]}}