{"id":65241,"date":"2025-12-23T22:51:36","date_gmt":"2025-12-23T20:51:36","guid":{"rendered":"https:\/\/keluvo.com\/no\/produkt\/fuktsikker-krydderkrukke-med-skje\/"},"modified":"2025-12-23T23:20:56","modified_gmt":"2025-12-23T21:20:56","slug":"fuktsikker-krydderkrukke-med-skje","status":"publish","type":"product","link":"https:\/\/keluvo.com\/no\/produkt\/fuktsikker-krydderkrukke-med-skje\/","title":{"rendered":"Fuktsikker krydderkrukke med skje"},"content":{"rendered":"<p style=\"text-align: center;\" data-start=\"0\" data-end=\"73\"><strong data-start=\"0\" data-end=\"73\">Hold Krydderet Friskt, T\u00f8rt Og Lett \u00c5 \u00d8se Opp Med Ett Enkelt Trykk.<\/strong><span style=\"font-size: 16px; font-style: normal; font-weight: 400;\">\ud83c\udf3f\u00a0<\/span><\/p>\n<p style=\"text-align: center;\" data-start=\"75\" data-end=\"323\">Dette fuktsikre krydderglasset med skje gj\u00f8r matlagingen raskere og renere ved \u00e5 gi deg rask tilgang til krydderne med \u00e9n h\u00e5nd. Den lufttette utformingen holder krydderet t\u00f8rt, mens den brede \u00e5pningen og den innebygde skjeen gj\u00f8r det enkelt \u00e5 fylle p\u00e5 og \u00f8se opp. Krydderkrukken i gjennomsiktig glass bidrar til \u00e5 forhindre fukt og klumper, slik at krydderne holder seg friske lenger. Den store kapasiteten p\u00e5 400 ml og den brede \u00e5pningen gj\u00f8r den perfekt for daglig matlaging, baking og krydder uten rot eller stress.<\/p>\n<p data-start=\"75\" data-end=\"323\"><img fetchpriority=\"high\" decoding=\"async\" class=\"size-full wp-image-46869 aligncenter\" src=\"https:\/\/keluvo.com\/template\/wp-content\/uploads\/sites\/5\/2025\/12\/122116-ezgif.com-video-to-webp-converter.webp\" alt=\"\" width=\"500\" height=\"500\" \/><\/p>\n<h2 style=\"text-align: center;\" data-start=\"608\" data-end=\"627\">\u2b50Hovedfordeler<\/h2>\n<p data-start=\"630\" data-end=\"690\">\ud83d\udd90\ufe0f Enh\u00e5nds\u00e5pning &#8211; Trykk p\u00e5 lokket for \u00e5 \u00e5pne \u00f8yeblikkelig.<\/p>\n<p data-start=\"693\" data-end=\"750\">\ud83d\udca7 Fuktsikker forsegling &#8211; Holder krydderne t\u00f8rre og friske.<\/p>\n<p data-start=\"753\" data-end=\"820\">\ud83e\udd44 Innebygd skje &#8211; Enkel \u00f8sing uten krysskontaminering.<\/p>\n<p data-start=\"823\" data-end=\"884\">\ud83d\udc40 Design i klart glass &#8211; Se innholdet og fyll p\u00e5 i tide.<\/p>\n<p data-start=\"887\" data-end=\"942\">\ud83e\uddfc Enkel \u00e5 rengj\u00f8re &#8211; Helt avtakbar og matsikker.<\/p>\n<p data-start=\"887\" data-end=\"942\"><img decoding=\"async\" class=\"size-full wp-image-46870 aligncenter\" src=\"https:\/\/keluvo.com\/template\/wp-content\/uploads\/sites\/5\/2025\/12\/122115-ezgif.com-video-to-webp-converter.webp\" alt=\"\" width=\"500\" height=\"500\" \/><\/p>\n<h2 style=\"text-align: center;\" data-start=\"949\" data-end=\"966\">\u25b6\ufe0f Slik Bruker Du Den<\/h2>\n<ol data-start=\"967\" data-end=\"1166\">\n<li data-start=\"967\" data-end=\"1010\">\n<p data-start=\"970\" data-end=\"1010\">Trykk p\u00e5 lokket med tommelen for \u00e5 \u00e5pne.<\/p>\n<\/li>\n<li data-start=\"1011\" data-end=\"1055\">\n<p data-start=\"1014\" data-end=\"1055\">Bruk den vedlagte skjeen til \u00e5 \u00f8se opp krydder.<\/p>\n<\/li>\n<li data-start=\"1056\" data-end=\"1109\">\n<p data-start=\"1059\" data-end=\"1109\">Lukk lokket for \u00e5 forsegle og beskytte mot fuktighet.<\/p>\n<\/li>\n<li data-start=\"1110\" data-end=\"1166\">\n<p data-start=\"1113\" data-end=\"1166\">P\u00e5fyll enkelt gjennom den brede \u00e5pningen n\u00e5r det trengs.<\/p>\n<\/li>\n<\/ol>\n<h2 style=\"text-align: center;\" data-start=\"1173\" data-end=\"1195\">\ud83d\udccf Produktdetaljer<\/h2>\n<ul data-start=\"1196\" data-end=\"1439\">\n<li data-start=\"1250\" data-end=\"1270\">\n<p data-start=\"1252\" data-end=\"1270\">Kapasitet: 400 ml<\/p>\n<\/li>\n<li data-start=\"1271\" data-end=\"1296\">\n<p data-start=\"1273\" data-end=\"1296\">St\u00f8rrelse: 78 x 127 x 98 mm<\/p>\n<\/li>\n<li data-start=\"1297\" data-end=\"1330\">\n<p data-start=\"1299\" data-end=\"1330\">Materiale: Glass, PP, silikon<\/p>\n<\/li>\n<li data-start=\"1364\" data-end=\"1439\">\n<p data-start=\"1366\" data-end=\"1439\">Egnet for: Salt, sukker, krydder, urter, te, kaffe, sauser med mer<\/p>\n<\/li>\n<\/ul>\n<h2 style=\"text-align: center;\" data-start=\"1446\" data-end=\"1469\">\ud83d\udce6 Pakken inneholder<\/h2>\n<ul data-start=\"1470\" data-end=\"1518\" data-is-last-node=\"\" data-is-only-node=\"\">\n<li data-start=\"1470\" data-end=\"1518\" data-is-last-node=\"\">\n<p data-start=\"1472\" data-end=\"1518\" data-is-last-node=\"\">1x fuktsikker krydderkrukke med skje.<\/p>\n<\/li>\n<\/ul>\n","protected":false},"excerpt":{"rendered":"<p>Hold Krydderet Friskt, T\u00f8rt Og Lett \u00c5 \u00d8se Opp Med Ett Enkelt Trykk.\ud83c\udf3f\u00a0 Dette fuktsikre krydderglasset med skje gj\u00f8r matlagingen [&hellip;]<\/p>\n","protected":false},"featured_media":65237,"comment_status":"open","ping_status":"closed","template":"","meta":{"site-sidebar-layout":"default","site-content-layout":"","ast-site-content-layout":"default","site-content-style":"default","site-sidebar-style":"default","ast-global-header-display":"","ast-banner-title-visibility":"","ast-main-header-display":"","ast-hfb-above-header-display":"","ast-hfb-below-header-display":"","ast-hfb-mobile-header-display":"","site-post-title":"","ast-breadcrumbs-content":"","ast-featured-img":"","footer-sml-layout":"","theme-transparent-header-meta":"default","adv-header-id-meta":"","stick-header-meta":"","header-above-stick-meta":"","header-main-stick-meta":"","header-below-stick-meta":"","astra-migrate-meta-layouts":"set","ast-page-background-enabled":"default","ast-page-background-meta":{"desktop":{"background-color":"var(--ast-global-color-4)","background-image":"","background-repeat":"repeat","background-position":"center center","background-size":"auto","background-attachment":"scroll","background-type":"","background-media":"","overlay-type":"","overlay-color":"","overlay-opacity":"","overlay-gradient":""},"tablet":{"background-color":"","background-image":"","background-repeat":"repeat","background-position":"center center","background-size":"auto","background-attachment":"scroll","background-type":"","background-media":"","overlay-type":"","overlay-color":"","overlay-opacity":"","overlay-gradient":""},"mobile":{"background-color":"","background-image":"","background-repeat":"repeat","background-position":"center center","background-size":"auto","background-attachment":"scroll","background-type":"","background-media":"","overlay-type":"","overlay-color":"","overlay-opacity":"","overlay-gradient":""}},"ast-content-background-meta":{"desktop":{"background-color":"var(--ast-global-color-5)","background-image":"","background-repeat":"repeat","background-position":"center center","background-size":"auto","background-attachment":"scroll","background-type":"","background-media":"","overlay-type":"","overlay-color":"","overlay-opacity":"","overlay-gradient":""},"tablet":{"background-color":"var(--ast-global-color-5)","background-image":"","background-repeat":"repeat","background-position":"center center","background-size":"auto","background-attachment":"scroll","background-type":"","background-media":"","overlay-type":"","overlay-color":"","overlay-opacity":"","overlay-gradient":""},"mobile":{"background-color":"var(--ast-global-color-5)","background-image":"","background-repeat":"repeat","background-position":"center center","background-size":"auto","background-attachment":"scroll","background-type":"","background-media":"","overlay-type":"","overlay-color":"","overlay-opacity":"","overlay-gradient":""}}},"product_brand":[],"product_cat":[1001],"product_tag":[],"class_list":{"0":"post-65241","1":"product","2":"type-product","3":"status-publish","4":"has-post-thumbnail","6":"product_cat-husholdningsartikler","7":"pa_62374_dk21tu8z-gul","8":"pa_62374_dk21tu8z-hvit","9":"desktop-align-left","10":"tablet-align-left","11":"mobile-align-left","13":"first","14":"instock","15":"shipping-taxable","16":"purchasable","17":"product-type-variable"},"_links":{"self":[{"href":"https:\/\/keluvo.com\/no\/wp-json\/wp\/v2\/product\/65241","targetHints":{"allow":["GET"]}}],"collection":[{"href":"https:\/\/keluvo.com\/no\/wp-json\/wp\/v2\/product"}],"about":[{"href":"https:\/\/keluvo.com\/no\/wp-json\/wp\/v2\/types\/product"}],"replies":[{"embeddable":true,"href":"https:\/\/keluvo.com\/no\/wp-json\/wp\/v2\/comments?post=65241"}],"wp:featuredmedia":[{"embeddable":true,"href":"https:\/\/keluvo.com\/no\/wp-json\/wp\/v2\/media\/65237"}],"wp:attachment":[{"href":"https:\/\/keluvo.com\/no\/wp-json\/wp\/v2\/media?parent=65241"}],"wp:term":[{"taxonomy":"product_brand","embeddable":true,"href":"https:\/\/keluvo.com\/no\/wp-json\/wp\/v2\/product_brand?post=65241"},{"taxonomy":"product_cat","embeddable":true,"href":"https:\/\/keluvo.com\/no\/wp-json\/wp\/v2\/product_cat?post=65241"},{"taxonomy":"product_tag","embeddable":true,"href":"https:\/\/keluvo.com\/no\/wp-json\/wp\/v2\/product_tag?post=65241"}],"curies":[{"name":"wp","href":"https:\/\/api.w.org\/{rel}","templated":true}]}}