{"id":65228,"date":"2025-12-23T22:50:24","date_gmt":"2025-12-23T20:50:24","guid":{"rendered":"https:\/\/keluvo.com\/no\/produkt\/vendespill-med-dyr-og-frukt\/"},"modified":"2025-12-23T23:17:48","modified_gmt":"2025-12-23T21:17:48","slug":"vendespill-med-dyr-og-frukt","status":"publish","type":"product","link":"https:\/\/keluvo.com\/no\/produkt\/vendespill-med-dyr-og-frukt\/","title":{"rendered":"Vendespill med dyr og frukt"},"content":{"rendered":"<p style=\"text-align: center;\" data-start=\"0\" data-end=\"81\"><strong data-start=\"0\" data-end=\"81\">En Morsom M\u00e5te For Barn \u00c5 L\u00e6re Om Dyr Og Frukt P\u00e5, Samtidig Som De Forbedrer Hukommelsen.<\/strong><span style=\"font-size: 16px; font-style: normal; font-weight: 400;\">\ud83c\udfb2<\/span><\/p>\n<p style=\"text-align: center;\" data-start=\"83\" data-end=\"315\">Dette vippespillet med dyr og frukt gj\u00f8r l\u00e6ring til lek ved \u00e5 kombinere fargerik matchende med praktisk interaksjon. Barna utvikler hukommelse, fokus og koordinasjon samtidig som de kan spille et enkelt spill alene eller sammen med familien. Dette vendespillet hjelper barn \u00e5 gjenkjenne dyr og frukt, samtidig som det trener oppmerksomheten og evnen til \u00e5 matche. Med DIY-klistremerker og turbasert lek holder barna seg engasjerte og l\u00e6rer naturlig gjennom repetisjon og moro.<\/p>\n<p data-start=\"83\" data-end=\"315\"><img fetchpriority=\"high\" decoding=\"async\" class=\"size-full wp-image-46859 aligncenter\" src=\"https:\/\/keluvo.com\/template\/wp-content\/uploads\/sites\/5\/2025\/12\/122114-ezgif.com-video-to-webp-converter.webp\" alt=\"\" width=\"500\" height=\"500\" \/><\/p>\n<h2 style=\"text-align: center;\" data-start=\"571\" data-end=\"590\">\u2b50 Hovedfordeler<\/h2>\n<p data-start=\"593\" data-end=\"660\">\ud83e\udde0 \u00d8ker hukommelsesferdighetene \u2013 Forbedrer fokus og matchende evne.<\/p>\n<p data-start=\"663\" data-end=\"731\">\ud83d\udc36\ud83c\udf4e Dyre- og fruktl\u00e6ring \u2013 Bygger tidlige gjenkjennelsesferdigheter.<\/p>\n<p data-start=\"734\" data-end=\"791\">\u270b DIY-klistremerkeaktivitet \u2013 Forbedrer finmotorikken.<\/p>\n<p data-start=\"794\" data-end=\"848\">\ud83d\udc68\u200d\ud83d\udc69\u200d\ud83d\udc67 1\u20134 spillers spill \u2013 Flott for familielek.<\/p>\n<p data-start=\"851\" data-end=\"914\">\ud83d\udee1\ufe0f Sikkert og holdbart \u2013 Avrundede kanter og sterk ABS-plast.<\/p>\n<p data-start=\"851\" data-end=\"914\"><img decoding=\"async\" class=\"size-full wp-image-46858 aligncenter\" src=\"https:\/\/keluvo.com\/template\/wp-content\/uploads\/sites\/5\/2025\/12\/04_f66b03bb-14cf-44e4-83ff-e509e8c2d87f.webp\" alt=\"\" width=\"360\" height=\"640\" \/><\/p>\n<h2 style=\"text-align: center;\" data-start=\"921\" data-end=\"938\">\u25b6\ufe0f Slik Bruker Du Det<\/h2>\n<ol data-start=\"939\" data-end=\"1194\">\n<li data-start=\"939\" data-end=\"1000\">\n<p data-start=\"942\" data-end=\"1000\">Sett dyre- og fruktbildene p\u00e5 flippskivene.<\/p>\n<\/li>\n<li data-start=\"1001\" data-end=\"1061\">\n<p data-start=\"1004\" data-end=\"1061\">Legg alle skivene i brettet og snu dem med forsiden ned.<\/p>\n<\/li>\n<li data-start=\"1062\" data-end=\"1105\">\n<p data-start=\"1065\" data-end=\"1105\">Spillerne bytter p\u00e5 \u00e5 snu to skiver.<\/p>\n<\/li>\n<li data-start=\"1106\" data-end=\"1152\">\n<p data-start=\"1109\" data-end=\"1152\">Match de samme bildene for \u00e5 samle par.<\/p>\n<\/li>\n<li data-start=\"1153\" data-end=\"1194\">\n<p data-start=\"1156\" data-end=\"1194\">Spilleren med flest par vinner.<\/p>\n<\/li>\n<\/ol>\n<h2 style=\"text-align: center;\" data-start=\"1201\" data-end=\"1223\">\ud83d\udccf Produktdetaljer<\/h2>\n<ul data-start=\"1224\" data-end=\"1437\">\n<li data-start=\"1276\" data-end=\"1301\">\n<p data-start=\"1278\" data-end=\"1301\">Materiale: ABS-plast<\/p>\n<\/li>\n<li data-start=\"1302\" data-end=\"1332\">\n<p data-start=\"1304\" data-end=\"1332\">Brettst\u00f8rrelse: 31,5 x 31,5 cm<\/p>\n<\/li>\n<li data-start=\"1333\" data-end=\"1368\">\n<p data-start=\"1335\" data-end=\"1368\">Anbefalt alder: 3 \u00e5r og oppover<\/p>\n<\/li>\n<li data-start=\"1369\" data-end=\"1395\">\n<p data-start=\"1371\" data-end=\"1395\">Antall spillere: 1\u20134<\/p>\n<\/li>\n<li data-start=\"1369\" data-end=\"1395\">Stil: Dyr, frukt<\/li>\n<\/ul>\n<h2 style=\"text-align: center;\" data-start=\"1444\" data-end=\"1467\">\ud83d\udce6 Pakken inneholder<\/h2>\n<ul data-start=\"1468\" data-end=\"1613\" data-is-last-node=\"\" data-is-only-node=\"\">\n<li data-start=\"1468\" data-end=\"1487\">\n<p data-start=\"1470\" data-end=\"1487\">1x spillebrett<\/p>\n<\/li>\n<li data-start=\"1468\" data-end=\"1487\">\n<p data-start=\"1470\" data-end=\"1487\">2x dyre-\/fruktstikkerark<\/p>\n<\/li>\n<li data-start=\"1468\" data-end=\"1487\">\n<p data-start=\"1470\" data-end=\"1487\">54x flippskiver<\/p>\n<\/li>\n<li data-start=\"1468\" data-end=\"1487\">2x sjakkpenn.<\/li>\n<\/ul>\n","protected":false},"excerpt":{"rendered":"<p>En Morsom M\u00e5te For Barn \u00c5 L\u00e6re Om Dyr Og Frukt P\u00e5, Samtidig Som De Forbedrer Hukommelsen.\ud83c\udfb2 Dette vippespillet med [&hellip;]<\/p>\n","protected":false},"featured_media":65224,"comment_status":"open","ping_status":"closed","template":"","meta":{"site-sidebar-layout":"default","site-content-layout":"","ast-site-content-layout":"default","site-content-style":"default","site-sidebar-style":"default","ast-global-header-display":"","ast-banner-title-visibility":"","ast-main-header-display":"","ast-hfb-above-header-display":"","ast-hfb-below-header-display":"","ast-hfb-mobile-header-display":"","site-post-title":"","ast-breadcrumbs-content":"","ast-featured-img":"","footer-sml-layout":"","theme-transparent-header-meta":"default","adv-header-id-meta":"","stick-header-meta":"","header-above-stick-meta":"","header-main-stick-meta":"","header-below-stick-meta":"","astra-migrate-meta-layouts":"set","ast-page-background-enabled":"default","ast-page-background-meta":{"desktop":{"background-color":"var(--ast-global-color-4)","background-image":"","background-repeat":"repeat","background-position":"center center","background-size":"auto","background-attachment":"scroll","background-type":"","background-media":"","overlay-type":"","overlay-color":"","overlay-opacity":"","overlay-gradient":""},"tablet":{"background-color":"","background-image":"","background-repeat":"repeat","background-position":"center center","background-size":"auto","background-attachment":"scroll","background-type":"","background-media":"","overlay-type":"","overlay-color":"","overlay-opacity":"","overlay-gradient":""},"mobile":{"background-color":"","background-image":"","background-repeat":"repeat","background-position":"center center","background-size":"auto","background-attachment":"scroll","background-type":"","background-media":"","overlay-type":"","overlay-color":"","overlay-opacity":"","overlay-gradient":""}},"ast-content-background-meta":{"desktop":{"background-color":"var(--ast-global-color-5)","background-image":"","background-repeat":"repeat","background-position":"center center","background-size":"auto","background-attachment":"scroll","background-type":"","background-media":"","overlay-type":"","overlay-color":"","overlay-opacity":"","overlay-gradient":""},"tablet":{"background-color":"var(--ast-global-color-5)","background-image":"","background-repeat":"repeat","background-position":"center center","background-size":"auto","background-attachment":"scroll","background-type":"","background-media":"","overlay-type":"","overlay-color":"","overlay-opacity":"","overlay-gradient":""},"mobile":{"background-color":"var(--ast-global-color-5)","background-image":"","background-repeat":"repeat","background-position":"center center","background-size":"auto","background-attachment":"scroll","background-type":"","background-media":"","overlay-type":"","overlay-color":"","overlay-opacity":"","overlay-gradient":""}}},"product_brand":[],"product_cat":[990],"product_tag":[],"class_list":{"0":"post-65228","1":"product","2":"type-product","3":"status-publish","4":"has-post-thumbnail","6":"product_cat-leker-barne-og-babyprodukter","7":"pa_62365_0lqg9l1p-dyr","8":"pa_62365_0lqg9l1p-frukt","9":"desktop-align-left","10":"tablet-align-left","11":"mobile-align-left","13":"first","14":"instock","15":"shipping-taxable","16":"purchasable","17":"product-type-variable"},"_links":{"self":[{"href":"https:\/\/keluvo.com\/no\/wp-json\/wp\/v2\/product\/65228","targetHints":{"allow":["GET"]}}],"collection":[{"href":"https:\/\/keluvo.com\/no\/wp-json\/wp\/v2\/product"}],"about":[{"href":"https:\/\/keluvo.com\/no\/wp-json\/wp\/v2\/types\/product"}],"replies":[{"embeddable":true,"href":"https:\/\/keluvo.com\/no\/wp-json\/wp\/v2\/comments?post=65228"}],"wp:featuredmedia":[{"embeddable":true,"href":"https:\/\/keluvo.com\/no\/wp-json\/wp\/v2\/media\/65224"}],"wp:attachment":[{"href":"https:\/\/keluvo.com\/no\/wp-json\/wp\/v2\/media?parent=65228"}],"wp:term":[{"taxonomy":"product_brand","embeddable":true,"href":"https:\/\/keluvo.com\/no\/wp-json\/wp\/v2\/product_brand?post=65228"},{"taxonomy":"product_cat","embeddable":true,"href":"https:\/\/keluvo.com\/no\/wp-json\/wp\/v2\/product_cat?post=65228"},{"taxonomy":"product_tag","embeddable":true,"href":"https:\/\/keluvo.com\/no\/wp-json\/wp\/v2\/product_tag?post=65228"}],"curies":[{"name":"wp","href":"https:\/\/api.w.org\/{rel}","templated":true}]}}