{"id":65210,"date":"2025-12-23T22:49:13","date_gmt":"2025-12-23T20:49:13","guid":{"rendered":"https:\/\/keluvo.com\/no\/produkt\/multifunksjonell-elektrisk-melkevarmer\/"},"modified":"2025-12-23T23:15:33","modified_gmt":"2025-12-23T21:15:33","slug":"multifunksjonell-elektrisk-melkevarmer","status":"publish","type":"product","link":"https:\/\/keluvo.com\/no\/produkt\/multifunksjonell-elektrisk-melkevarmer\/","title":{"rendered":"Multifunksjonell elektrisk melkevarmer"},"content":{"rendered":"<p style=\"text-align: center;\" data-start=\"0\" data-end=\"79\"><strong data-start=\"0\" data-end=\"79\">Varm Melk, Kok Opp Vann Eller Damp Mat Raskt Med \u00c9n Kompakt, Elektrisk Kopp.<\/strong><span style=\"font-size: 16px; font-style: normal; font-weight: 400;\">\u2615<\/span><\/p>\n<p style=\"text-align: center;\" data-start=\"81\" data-end=\"290\">Denne multifunksjonelle elektriske melkevarmeren er et 3-i-1-apparat som varmer melk, koker vann og damper mat i \u00e9n enkel enhet. Den sparer tid, forhindrer svie og er perfekt til bruk hjemme, p\u00e5 kontoret eller p\u00e5 hybelen. Denne elektriske melkevarmeren varmer opp melk til den perfekte temperaturen p\u00e5 50 \u00b0C p\u00e5 bare 3 minutter uten \u00e5 koke over. Den koker ogs\u00e5 vann p\u00e5 7 minutter og tilbyr stewing- og hold-varm-funksjoner, noe som gj\u00f8r den ideell til melk, te, suppe og lette m\u00e5ltider.<\/p>\n<p data-start=\"81\" data-end=\"290\"><img fetchpriority=\"high\" decoding=\"async\" class=\"size-full wp-image-46846 aligncenter\" src=\"https:\/\/keluvo.com\/template\/wp-content\/uploads\/sites\/5\/2025\/12\/122112-ezgif.com-video-to-webp-converter.webp\" alt=\"\" width=\"500\" height=\"500\" \/><\/p>\n<h2 style=\"text-align: center;\" data-start=\"572\" data-end=\"591\">\u2b50 Hovedfordeler<\/h2>\n<p data-start=\"594\" data-end=\"658\">\ud83d\udd25 3-i-1-funksjon \u2013 Varm melk, kok vann og damp mat.<\/p>\n<p data-start=\"661\" data-end=\"707\">\u23f1\ufe0f Rask oppvarming \u2013 Varm melk p\u00e5 3 minutter.<\/p>\n<p data-start=\"710\" data-end=\"773\">\ud83d\udee1\ufe0f Ikke-klebende keramisk belegg \u2013 Ingen svie, lett \u00e5 rengj\u00f8re.<\/p>\n<p data-start=\"776\" data-end=\"831\">\ud83c\udf21\ufe0f Hold-varm-modus \u2013 Opptil 12 timer etter koking.<\/p>\n<p data-start=\"834\" data-end=\"888\">\ud83c\udf75 600 ml kapasitet \u2013 Perfekt st\u00f8rrelse for \u00e9n person.<\/p>\n<p data-start=\"834\" data-end=\"888\"><img decoding=\"async\" class=\"size-full wp-image-46845 aligncenter\" src=\"https:\/\/keluvo.com\/template\/wp-content\/uploads\/sites\/5\/2025\/12\/122113-ezgif.com-video-to-webp-converter.webp\" alt=\"\" width=\"500\" height=\"500\" \/><\/p>\n<h2 style=\"text-align: center;\" data-start=\"895\" data-end=\"912\">\u25b6\ufe0f Slik Bruker Du<\/h2>\n<ol data-start=\"913\" data-end=\"1154\">\n<li data-start=\"913\" data-end=\"979\">\n<p data-start=\"916\" data-end=\"979\">Tilsett melk, vann eller mat i koppen (ikke mer enn 600 ml).<\/p>\n<\/li>\n<li data-start=\"980\" data-end=\"1036\">\n<p data-start=\"983\" data-end=\"1036\">Plugg inn enheten og velg \u00f8nsket funksjon.<\/p>\n<\/li>\n<li data-start=\"1037\" data-end=\"1095\">\n<p data-start=\"1040\" data-end=\"1095\">La den varme opp automatisk uten behov for tilsyn.<\/p>\n<\/li>\n<li data-start=\"1096\" data-end=\"1154\">\n<p data-start=\"1099\" data-end=\"1154\">Etter oppvarming kan du nyte den direkte eller holde den varm etter behov.<\/p>\n<\/li>\n<\/ol>\n<h2 style=\"text-align: center;\" data-start=\"1161\" data-end=\"1183\">\ud83d\udccf Produktdetaljer<\/h2>\n<ul data-start=\"1184\" data-end=\"1537\">\n<li data-start=\"1239\" data-end=\"1259\">\n<p data-start=\"1241\" data-end=\"1259\">Kapasitet: 600 ml<\/p>\n<\/li>\n<li data-start=\"1260\" data-end=\"1281\">\n<p data-start=\"1262\" data-end=\"1281\">Normaleffekt: 300W<\/p>\n<\/li>\n<li data-start=\"1282\" data-end=\"1305\">\n<p data-start=\"1284\" data-end=\"1305\">Normalspenning: 220V<\/p>\n<\/li>\n<li data-start=\"1306\" data-end=\"1348\">\n<p data-start=\"1308\" data-end=\"1348\">Oppvarmingstid (melk): 3 minutter til 50 \u00b0C<\/p>\n<\/li>\n<li data-start=\"1349\" data-end=\"1390\">\n<p data-start=\"1351\" data-end=\"1390\">Koketid (vann): Ca. 7 minutter<\/p>\n<\/li>\n<li data-start=\"1391\" data-end=\"1422\">\n<p data-start=\"1393\" data-end=\"1422\">Tilberedningstid: 30-60 minutter<\/p>\n<\/li>\n<li data-start=\"1423\" data-end=\"1457\">\n<p data-start=\"1425\" data-end=\"1457\">Varmetid: Opptil 12 timer<\/p>\n<\/li>\n<li data-start=\"1458\" data-end=\"1509\">\n<p data-start=\"1460\" data-end=\"1509\">Innvendig materiale: Keramisk glasur ikke-klebende-belegg<\/p>\n<\/li>\n<li data-start=\"1510\" data-end=\"1537\">\n<p data-start=\"1512\" data-end=\"1537\">\u00c5pningsdiameter: 10 cm<\/p>\n<\/li>\n<li data-start=\"1510\" data-end=\"1537\">Str\u00f8mkabel: EU-kontakt<\/li>\n<\/ul>\n<h2 style=\"text-align: center;\" data-start=\"1544\" data-end=\"1567\">\ud83d\udce6 Pakken inkluderer<\/h2>\n<ul data-start=\"1568\" data-end=\"1610\" data-is-last-node=\"\" data-is-only-node=\"\">\n<li data-start=\"1568\" data-end=\"1610\" data-is-last-node=\"\">\n<p data-start=\"1570\" data-end=\"1610\" data-is-last-node=\"\">1x multifunksjonell elektrisk melkevarmer<\/p>\n<\/li>\n<li data-start=\"1568\" data-end=\"1610\" data-is-last-node=\"\">\n<p data-start=\"1570\" data-end=\"1610\" data-is-last-node=\"\">1x str\u00f8mkabel<\/p>\n<\/li>\n<li data-start=\"1568\" data-end=\"1610\" data-is-last-node=\"\">\n<p data-start=\"1570\" data-end=\"1610\" data-is-last-node=\"\">1x skje<\/p>\n<\/li>\n<li data-start=\"1568\" data-end=\"1610\" data-is-last-node=\"\">\n<p data-start=\"1570\" data-end=\"1610\" data-is-last-node=\"\">1x eggestativ.<\/p>\n<\/li>\n<\/ul>\n","protected":false},"excerpt":{"rendered":"<p>Varm Melk, Kok Opp Vann Eller Damp Mat Raskt Med \u00c9n Kompakt, Elektrisk Kopp.\u2615 Denne multifunksjonelle elektriske melkevarmeren er et [&hellip;]<\/p>\n","protected":false},"featured_media":65206,"comment_status":"open","ping_status":"closed","template":"","meta":{"site-sidebar-layout":"default","site-content-layout":"","ast-site-content-layout":"default","site-content-style":"default","site-sidebar-style":"default","ast-global-header-display":"","ast-banner-title-visibility":"","ast-main-header-display":"","ast-hfb-above-header-display":"","ast-hfb-below-header-display":"","ast-hfb-mobile-header-display":"","site-post-title":"","ast-breadcrumbs-content":"","ast-featured-img":"","footer-sml-layout":"","theme-transparent-header-meta":"default","adv-header-id-meta":"","stick-header-meta":"","header-above-stick-meta":"","header-main-stick-meta":"","header-below-stick-meta":"","astra-migrate-meta-layouts":"set","ast-page-background-enabled":"default","ast-page-background-meta":{"desktop":{"background-color":"var(--ast-global-color-4)","background-image":"","background-repeat":"repeat","background-position":"center center","background-size":"auto","background-attachment":"scroll","background-type":"","background-media":"","overlay-type":"","overlay-color":"","overlay-opacity":"","overlay-gradient":""},"tablet":{"background-color":"","background-image":"","background-repeat":"repeat","background-position":"center center","background-size":"auto","background-attachment":"scroll","background-type":"","background-media":"","overlay-type":"","overlay-color":"","overlay-opacity":"","overlay-gradient":""},"mobile":{"background-color":"","background-image":"","background-repeat":"repeat","background-position":"center center","background-size":"auto","background-attachment":"scroll","background-type":"","background-media":"","overlay-type":"","overlay-color":"","overlay-opacity":"","overlay-gradient":""}},"ast-content-background-meta":{"desktop":{"background-color":"var(--ast-global-color-5)","background-image":"","background-repeat":"repeat","background-position":"center center","background-size":"auto","background-attachment":"scroll","background-type":"","background-media":"","overlay-type":"","overlay-color":"","overlay-opacity":"","overlay-gradient":""},"tablet":{"background-color":"var(--ast-global-color-5)","background-image":"","background-repeat":"repeat","background-position":"center center","background-size":"auto","background-attachment":"scroll","background-type":"","background-media":"","overlay-type":"","overlay-color":"","overlay-opacity":"","overlay-gradient":""},"mobile":{"background-color":"var(--ast-global-color-5)","background-image":"","background-repeat":"repeat","background-position":"center center","background-size":"auto","background-attachment":"scroll","background-type":"","background-media":"","overlay-type":"","overlay-color":"","overlay-opacity":"","overlay-gradient":""}}},"product_brand":[],"product_cat":[1001],"product_tag":[],"class_list":{"0":"post-65210","1":"product","2":"type-product","3":"status-publish","4":"has-post-thumbnail","6":"product_cat-husholdningsartikler","7":"pa_62359_d0fy45do-gul","8":"pa_62359_d0fy45do-hvit","9":"pa_62359_d0fy45do-rod","10":"desktop-align-left","11":"tablet-align-left","12":"mobile-align-left","14":"first","15":"instock","16":"shipping-taxable","17":"purchasable","18":"product-type-variable"},"_links":{"self":[{"href":"https:\/\/keluvo.com\/no\/wp-json\/wp\/v2\/product\/65210","targetHints":{"allow":["GET"]}}],"collection":[{"href":"https:\/\/keluvo.com\/no\/wp-json\/wp\/v2\/product"}],"about":[{"href":"https:\/\/keluvo.com\/no\/wp-json\/wp\/v2\/types\/product"}],"replies":[{"embeddable":true,"href":"https:\/\/keluvo.com\/no\/wp-json\/wp\/v2\/comments?post=65210"}],"wp:featuredmedia":[{"embeddable":true,"href":"https:\/\/keluvo.com\/no\/wp-json\/wp\/v2\/media\/65206"}],"wp:attachment":[{"href":"https:\/\/keluvo.com\/no\/wp-json\/wp\/v2\/media?parent=65210"}],"wp:term":[{"taxonomy":"product_brand","embeddable":true,"href":"https:\/\/keluvo.com\/no\/wp-json\/wp\/v2\/product_brand?post=65210"},{"taxonomy":"product_cat","embeddable":true,"href":"https:\/\/keluvo.com\/no\/wp-json\/wp\/v2\/product_cat?post=65210"},{"taxonomy":"product_tag","embeddable":true,"href":"https:\/\/keluvo.com\/no\/wp-json\/wp\/v2\/product_tag?post=65210"}],"curies":[{"name":"wp","href":"https:\/\/api.w.org\/{rel}","templated":true}]}}