{"id":65185,"date":"2025-12-23T22:47:42","date_gmt":"2025-12-23T20:47:42","guid":{"rendered":"https:\/\/keluvo.com\/no\/produkt\/interaktiv-syngende-fugleleke\/"},"modified":"2025-12-23T23:13:11","modified_gmt":"2025-12-23T21:13:11","slug":"interaktiv-syngende-fugleleke","status":"publish","type":"product","link":"https:\/\/keluvo.com\/no\/produkt\/interaktiv-syngende-fugleleke\/","title":{"rendered":"Interaktiv syngende fugleleke"},"content":{"rendered":"<article class=\"text-token-text-primary w-full focus:outline-none [--shadow-height:45px] has-data-writing-block:pointer-events-none has-data-writing-block:-mt-(--shadow-height) has-data-writing-block:pt-(--shadow-height) [&amp;:has([data-writing-block])&gt;*]:pointer-events-auto scroll-mt-[calc(var(--header-height)+min(200px,max(70px,20svh)))]\" dir=\"auto\" data-turn-id=\"a56809bd-7a88-4348-8409-b518ba7c191d\" data-testid=\"conversation-turn-206\" data-scroll-anchor=\"false\" data-turn=\"assistant\">\n<div class=\"text-base my-auto mx-auto [--thread-content-margin:--spacing(4)] @w-sm\/main:[--thread-content-margin:--spacing(6)] @w-lg\/main:[--thread-content-margin:--spacing(16)] px-(--thread-content-margin)\">\n<div class=\"[--thread-content-max-width:40rem] @w-lg\/main:[--thread-content-max-width:48rem] mx-auto max-w-(--thread-content-max-width) flex-1 group\/turn-messages focus-visible:outline-hidden relative flex w-full min-w-0 flex-col agent-turn\">\n<div class=\"flex max-w-full flex-col grow\">\n<div class=\"min-h-8 text-message relative flex w-full flex-col items-end gap-2 text-start break-words whitespace-normal [.text-message+&amp;]:mt-1\" dir=\"auto\" data-message-author-role=\"assistant\" data-message-id=\"a56809bd-7a88-4348-8409-b518ba7c191d\" data-message-model-slug=\"gpt-5-2\">\n<div class=\"flex w-full flex-col gap-1 empty:hidden first:pt-[1px]\">\n<div class=\"markdown prose dark:prose-invert w-full break-words light markdown-new-styling\">\n<p style=\"text-align: center;\" data-start=\"0\" data-end=\"64\"><strong data-start=\"0\" data-end=\"64\">Vekk Lyd, Bevegelse Og Glede Til Live Med Et Enkelt Klapp.<\/strong><span style=\"font-size: 16px; font-style: normal; font-weight: 400;\">\ud83c\udfb5<\/span><\/p>\n<p style=\"text-align: center;\" data-start=\"66\" data-end=\"268\">Denne interaktive syngende fugleleken reagerer p\u00e5 lyd og blir umiddelbart levende med realistiske bevegelser og munter fuglesang. Det er en morsom dekorasjon og engasjerende leke som underholder b\u00e5de barn og voksne. Den animerte fuglen reagerer p\u00e5 klapp eller lyder i n\u00e6rheten ved \u00e5 bevege hodet, nebbet, vingene og kroppen mens den synger klare, melodiske fuglelyder. Den realistiske designen og de lekne bevegelsene gj\u00f8r den perfekt p\u00e5 skrivebordet, i hyllen eller p\u00e5 lekeplassen.<\/p>\n<p data-start=\"66\" data-end=\"268\"><img fetchpriority=\"high\" decoding=\"async\" class=\"size-full wp-image-46826 aligncenter\" src=\"https:\/\/keluvo.com\/template\/wp-content\/uploads\/sites\/5\/2025\/12\/122111-ezgif.com-video-to-webp-converter.webp\" alt=\"\" width=\"500\" height=\"500\" \/><\/p>\n<h2 style=\"text-align: center;\" data-start=\"563\" data-end=\"583\"><strong>Hovedfordeler<\/strong><\/h2>\n<p data-start=\"586\" data-end=\"639\">\ud83d\udc4f Lydaktivering &#8211; Reagerer p\u00e5 klapp og stemmer.<\/p>\n<p data-start=\"642\" data-end=\"714\">\ud83d\udc26 Realistisk bevegelse &#8211; Hodet, vingene, nebbet og kroppen beveger seg naturlig.<\/p>\n<p data-start=\"717\" data-end=\"776\">\ud83c\udfb6 Klare fuglelyder &#8211; Behagelige og naturtro melodier.<\/p>\n<p data-start=\"779\" data-end=\"847\">\ud83e\udde0 Stimulerer sansene &#8211; st\u00f8tter utviklingen av syn og h\u00f8rsel.<\/p>\n<p data-start=\"850\" data-end=\"915\">\ud83c\udf81 Flott gaveid\u00e9 &#8211; morsom for barn, familier og dekorasjon.<\/p>\n<p data-start=\"850\" data-end=\"915\"><img decoding=\"async\" class=\"size-full wp-image-46821 aligncenter\" src=\"https:\/\/keluvo.com\/template\/wp-content\/uploads\/sites\/5\/2025\/12\/122110-ezgif.com-video-to-webp-converter.webp\" alt=\"\" width=\"500\" height=\"500\" \/><\/p>\n<h2 style=\"text-align: center;\" data-start=\"922\" data-end=\"939\"><strong>Slik Bruker Du Den<\/strong><\/h2>\n<ol data-start=\"940\" data-end=\"1118\">\n<li data-start=\"940\" data-end=\"977\">\n<p data-start=\"943\" data-end=\"977\">Plasser leket\u00f8yet p\u00e5 en flat overflate.<\/p>\n<\/li>\n<li data-start=\"978\" data-end=\"1022\">\n<p data-start=\"981\" data-end=\"1022\">Lag en lyd eller klapp i hendene i n\u00e6rheten.<\/p>\n<\/li>\n<li data-start=\"1023\" data-end=\"1071\">\n<p data-start=\"1026\" data-end=\"1071\">Se fuglen bevege seg og synge automatisk.<\/p>\n<\/li>\n<li data-start=\"1072\" data-end=\"1118\">\n<p data-start=\"1075\" data-end=\"1118\">Nyt forestillingen og gjenta n\u00e5r som helst.<\/p>\n<\/li>\n<\/ol>\n<h2 style=\"text-align: center;\" data-start=\"1125\" data-end=\"1147\"><strong>Produktdetaljer<\/strong><\/h2>\n<ul data-start=\"1148\" data-end=\"1480\">\n<li data-start=\"1195\" data-end=\"1225\">\n<p data-start=\"1197\" data-end=\"1225\">Stil: Morsom simuleringsfugl<\/p>\n<\/li>\n<li data-start=\"1226\" data-end=\"1251\">\n<p data-start=\"1228\" data-end=\"1251\">Materiale: ABS-plast<\/p>\n<\/li>\n<li data-start=\"1252\" data-end=\"1291\">\n<p data-start=\"1254\" data-end=\"1291\">Aktivering: Lyd \/ stemmeaktivert<\/p>\n<\/li>\n<li data-start=\"1292\" data-end=\"1328\">\n<p data-start=\"1294\" data-end=\"1328\">Bruk: Dekorasjon, interaktivt leket\u00f8y<\/p>\n<\/li>\n<li data-start=\"1329\" data-end=\"1434\">\n<p data-start=\"1331\" data-end=\"1346\">St\u00f8rrelsesalternativer: avhenger av valgt modell<\/p>\n<\/li>\n<li data-start=\"1329\" data-end=\"1434\">Str\u00f8m: batterimodell (ikke inkludert)<\/li>\n<\/ul>\n<h2 style=\"text-align: center;\" data-start=\"1487\" data-end=\"1510\"><strong>Pakken inneholder<\/strong><\/h2>\n<ul data-start=\"1511\" data-end=\"1565\" data-is-last-node=\"\" data-is-only-node=\"\">\n<li data-start=\"1511\" data-end=\"1565\" data-is-last-node=\"\">\n<p data-start=\"1513\" data-end=\"1565\" data-is-last-node=\"\">1x interaktiv syngende fugl leket\u00f8y.<\/p>\n<\/li>\n<\/ul>\n<\/div>\n<\/div>\n<\/div>\n<\/div>\n<\/div>\n<\/div>\n<\/article>\n","protected":false},"excerpt":{"rendered":"<p>Vekk Lyd, Bevegelse Og Glede Til Live Med Et Enkelt Klapp.\ud83c\udfb5 Denne interaktive syngende fugleleken reagerer p\u00e5 lyd og blir [&hellip;]<\/p>\n","protected":false},"featured_media":65181,"comment_status":"open","ping_status":"closed","template":"","meta":{"site-sidebar-layout":"default","site-content-layout":"","ast-site-content-layout":"default","site-content-style":"default","site-sidebar-style":"default","ast-global-header-display":"","ast-banner-title-visibility":"","ast-main-header-display":"","ast-hfb-above-header-display":"","ast-hfb-below-header-display":"","ast-hfb-mobile-header-display":"","site-post-title":"","ast-breadcrumbs-content":"","ast-featured-img":"","footer-sml-layout":"","theme-transparent-header-meta":"default","adv-header-id-meta":"","stick-header-meta":"","header-above-stick-meta":"","header-main-stick-meta":"","header-below-stick-meta":"","astra-migrate-meta-layouts":"set","ast-page-background-enabled":"default","ast-page-background-meta":{"desktop":{"background-color":"var(--ast-global-color-4)","background-image":"","background-repeat":"repeat","background-position":"center center","background-size":"auto","background-attachment":"scroll","background-type":"","background-media":"","overlay-type":"","overlay-color":"","overlay-opacity":"","overlay-gradient":""},"tablet":{"background-color":"","background-image":"","background-repeat":"repeat","background-position":"center center","background-size":"auto","background-attachment":"scroll","background-type":"","background-media":"","overlay-type":"","overlay-color":"","overlay-opacity":"","overlay-gradient":""},"mobile":{"background-color":"","background-image":"","background-repeat":"repeat","background-position":"center center","background-size":"auto","background-attachment":"scroll","background-type":"","background-media":"","overlay-type":"","overlay-color":"","overlay-opacity":"","overlay-gradient":""}},"ast-content-background-meta":{"desktop":{"background-color":"var(--ast-global-color-5)","background-image":"","background-repeat":"repeat","background-position":"center center","background-size":"auto","background-attachment":"scroll","background-type":"","background-media":"","overlay-type":"","overlay-color":"","overlay-opacity":"","overlay-gradient":""},"tablet":{"background-color":"var(--ast-global-color-5)","background-image":"","background-repeat":"repeat","background-position":"center center","background-size":"auto","background-attachment":"scroll","background-type":"","background-media":"","overlay-type":"","overlay-color":"","overlay-opacity":"","overlay-gradient":""},"mobile":{"background-color":"var(--ast-global-color-5)","background-image":"","background-repeat":"repeat","background-position":"center center","background-size":"auto","background-attachment":"scroll","background-type":"","background-media":"","overlay-type":"","overlay-color":"","overlay-opacity":"","overlay-gradient":""}}},"product_brand":[],"product_cat":[990],"product_tag":[],"class_list":{"0":"post-65185","1":"product","2":"type-product","3":"status-publish","4":"has-post-thumbnail","6":"product_cat-leker-barne-og-babyprodukter","7":"pa_62349_ogetpgfh-a","8":"pa_62349_ogetpgfh-b","9":"pa_62349_ogetpgfh-c","10":"pa_62349_ogetpgfh-d","11":"pa_62349_ogetpgfh-e","12":"pa_62349_ogetpgfh-f","13":"pa_62349_ogetpgfh-g","14":"pa_62349_ogetpgfh-h","15":"desktop-align-left","16":"tablet-align-left","17":"mobile-align-left","19":"first","20":"instock","21":"shipping-taxable","22":"purchasable","23":"product-type-variable"},"_links":{"self":[{"href":"https:\/\/keluvo.com\/no\/wp-json\/wp\/v2\/product\/65185","targetHints":{"allow":["GET"]}}],"collection":[{"href":"https:\/\/keluvo.com\/no\/wp-json\/wp\/v2\/product"}],"about":[{"href":"https:\/\/keluvo.com\/no\/wp-json\/wp\/v2\/types\/product"}],"replies":[{"embeddable":true,"href":"https:\/\/keluvo.com\/no\/wp-json\/wp\/v2\/comments?post=65185"}],"wp:featuredmedia":[{"embeddable":true,"href":"https:\/\/keluvo.com\/no\/wp-json\/wp\/v2\/media\/65181"}],"wp:attachment":[{"href":"https:\/\/keluvo.com\/no\/wp-json\/wp\/v2\/media?parent=65185"}],"wp:term":[{"taxonomy":"product_brand","embeddable":true,"href":"https:\/\/keluvo.com\/no\/wp-json\/wp\/v2\/product_brand?post=65185"},{"taxonomy":"product_cat","embeddable":true,"href":"https:\/\/keluvo.com\/no\/wp-json\/wp\/v2\/product_cat?post=65185"},{"taxonomy":"product_tag","embeddable":true,"href":"https:\/\/keluvo.com\/no\/wp-json\/wp\/v2\/product_tag?post=65185"}],"curies":[{"name":"wp","href":"https:\/\/api.w.org\/{rel}","templated":true}]}}