{"id":65077,"date":"2025-12-22T20:42:10","date_gmt":"2025-12-22T18:42:10","guid":{"rendered":"https:\/\/keluvo.com\/no\/produkt\/crimpverktoy-sett\/"},"modified":"2025-12-22T21:48:49","modified_gmt":"2025-12-22T19:48:49","slug":"crimpverktoy-sett","status":"publish","type":"product","link":"https:\/\/keluvo.com\/no\/produkt\/crimpverktoy-sett\/","title":{"rendered":"Crimpverkt\u00f8y-sett"},"content":{"rendered":"<p style=\"text-align: center;\" data-start=\"0\" data-end=\"73\"><strong data-start=\"0\" data-end=\"73\">Lag Sterke, Sikre Kabelforbindelser P\u00e5 Sekunder Med Ett Enkelt Verkt\u00f8y.<\/strong><span style=\"font-size: 16px; font-style: normal; font-weight: 400;\">\u26a1\u00a0<\/span><\/p>\n<p style=\"text-align: center;\" data-start=\"75\" data-end=\"259\">Dette krympeverkt\u00f8ysettet gj\u00f8r elektrisk arbeid raskt og enkelt. Det hjelper deg med \u00e5 krympe ledninger p\u00e5 en ren og sikker m\u00e5te, enten du fikser kabler hjemme eller jobber med st\u00f8rre elektriske prosjekter. Dette selvjusterende presseverkt\u00f8yet tilpasser seg automatisk til ledningsst\u00f8rrelsen, slik at du f\u00e5r en tett og n\u00f8yaktig press hver gang. Med 400 eller 1200 isolerte kabelsko inkludert har du alt du trenger for raske gj\u00f8r-det-selv-jobber eller profesjonelle elektriske reparasjoner.<\/p>\n<p data-start=\"75\" data-end=\"259\"><img fetchpriority=\"high\" decoding=\"async\" class=\" wp-image-46806 aligncenter\" src=\"https:\/\/keluvo.com\/template\/wp-content\/uploads\/sites\/5\/2025\/12\/04_1131462e-b86e-446c-b2f9-1c49ea7d4cec_480x480.webp\" alt=\"\" width=\"500\" height=\"500\" \/><\/p>\n<h2 style=\"text-align: center;\" data-start=\"552\" data-end=\"572\">\ud83d\udd27 Hovedfordeler<\/h2>\n<p data-start=\"575\" data-end=\"628\">\u26a1 Presser p\u00e5 sekunder &#8211; rask og effektiv kabling.<\/p>\n<p data-start=\"631\" data-end=\"691\">\ud83c\udfaf Selvjusterende kjever &#8211; tilpasser seg ledningsst\u00f8rrelser automatisk.<\/p>\n<p data-start=\"694\" data-end=\"764\">\ud83d\udcaa Sterk og holdbar &#8211; laget av presisjonskonstruerte materialer.<\/p>\n<p data-start=\"767\" data-end=\"832\">\u270b Ergonomisk h\u00e5ndtak &#8211; Komfortabelt grep med mindre belastning p\u00e5 hendene.<\/p>\n<p data-start=\"835\" data-end=\"890\">\ud83e\uddf0 Komplett sett &#8211; Verkt\u00f8y og 400, 1200 kabelsko inkludert.<\/p>\n<p data-start=\"835\" data-end=\"890\"><img decoding=\"async\" class=\"size-full wp-image-46805 aligncenter\" src=\"https:\/\/keluvo.com\/template\/wp-content\/uploads\/sites\/5\/2025\/12\/17_4acf0546-cb8a-4290-9558-925b26ee44cb_480x480.jpg\" alt=\"\" width=\"1080\" height=\"1080\" \/><\/p>\n<h2 style=\"text-align: center;\" data-start=\"897\" data-end=\"914\">\ud83e\udde9 Slik Bruker Du Det<\/h2>\n<ol data-start=\"915\" data-end=\"1099\">\n<li data-start=\"915\" data-end=\"954\">\n<p data-start=\"918\" data-end=\"954\">Sett ledningen inn i kabelskoene.<\/p>\n<\/li>\n<li data-start=\"955\" data-end=\"1002\">\n<p data-start=\"958\" data-end=\"1002\">Plasser kabelskoene i krympeverkt\u00f8yet.<\/p>\n<\/li>\n<li data-start=\"1003\" data-end=\"1055\">\n<p data-start=\"1006\" data-end=\"1055\">Klem sammen h\u00e5ndtakene til skralleh\u00e5ndtaket l\u00f8sner.<\/p>\n<\/li>\n<li data-start=\"1056\" data-end=\"1099\">\n<p data-start=\"1059\" data-end=\"1099\">Sjekk tilkoblingen for en sikker passform.<\/p>\n<\/li>\n<\/ol>\n<h2 style=\"text-align: center;\" data-start=\"1106\" data-end=\"1128\">\ud83d\udccf Produktdetaljer<\/h2>\n<ul data-start=\"1129\" data-end=\"1428\">\n<li data-start=\"1232\" data-end=\"1289\">\n<p data-start=\"1234\" data-end=\"1289\">Kompatibel med: Isolerte og uisolerte kontakter<\/p>\n<\/li>\n<li data-start=\"1232\" data-end=\"1289\">\n<p data-start=\"1234\" data-end=\"1289\">Klemmekapasitet: 0,25-10 mm\u00b2<\/p>\n<\/li>\n<li data-start=\"1232\" data-end=\"1289\">\n<p data-start=\"1234\" data-end=\"1289\">Materiale: Hardt, presisjonskonstruert metall<\/p>\n<\/li>\n<li data-start=\"1337\" data-end=\"1386\">\n<p data-start=\"1339\" data-end=\"1386\">H\u00e5ndtak: Sklisikker nylon med skrallemekanisme<\/p>\n<\/li>\n<\/ul>\n<h2 style=\"text-align: center;\" data-start=\"1435\" data-end=\"1458\">\ud83d\udce6 Pakken inkluderer<\/h2>\n<ul data-start=\"1459\" data-end=\"1573\" data-is-last-node=\"\" data-is-only-node=\"\">\n<li data-start=\"1459\" data-end=\"1513\">\n<p data-start=\"1461\" data-end=\"1513\">1x presseverkt\u00f8y<\/p>\n<\/li>\n<li data-start=\"1514\" data-end=\"1549\">\n<p data-start=\"1516\" data-end=\"1549\">400, 1200x isolerte kabelsko<\/p>\n<\/li>\n<li data-start=\"1550\" data-end=\"1573\" data-is-last-node=\"\">\n<p data-start=\"1552\" data-end=\"1573\" data-is-last-node=\"\">1x presseverkt\u00f8ysett.<\/p>\n<\/li>\n<\/ul>\n","protected":false},"excerpt":{"rendered":"<p>Lag Sterke, Sikre Kabelforbindelser P\u00e5 Sekunder Med Ett Enkelt Verkt\u00f8y.\u26a1\u00a0 Dette krympeverkt\u00f8ysettet gj\u00f8r elektrisk arbeid raskt og enkelt. Det hjelper [&hellip;]<\/p>\n","protected":false},"featured_media":65073,"comment_status":"open","ping_status":"closed","template":"","meta":{"site-sidebar-layout":"default","site-content-layout":"","ast-site-content-layout":"default","site-content-style":"default","site-sidebar-style":"default","ast-global-header-display":"","ast-banner-title-visibility":"","ast-main-header-display":"","ast-hfb-above-header-display":"","ast-hfb-below-header-display":"","ast-hfb-mobile-header-display":"","site-post-title":"","ast-breadcrumbs-content":"","ast-featured-img":"","footer-sml-layout":"","theme-transparent-header-meta":"default","adv-header-id-meta":"","stick-header-meta":"","header-above-stick-meta":"","header-main-stick-meta":"","header-below-stick-meta":"","astra-migrate-meta-layouts":"set","ast-page-background-enabled":"default","ast-page-background-meta":{"desktop":{"background-color":"var(--ast-global-color-4)","background-image":"","background-repeat":"repeat","background-position":"center center","background-size":"auto","background-attachment":"scroll","background-type":"","background-media":"","overlay-type":"","overlay-color":"","overlay-opacity":"","overlay-gradient":""},"tablet":{"background-color":"","background-image":"","background-repeat":"repeat","background-position":"center center","background-size":"auto","background-attachment":"scroll","background-type":"","background-media":"","overlay-type":"","overlay-color":"","overlay-opacity":"","overlay-gradient":""},"mobile":{"background-color":"","background-image":"","background-repeat":"repeat","background-position":"center center","background-size":"auto","background-attachment":"scroll","background-type":"","background-media":"","overlay-type":"","overlay-color":"","overlay-opacity":"","overlay-gradient":""}},"ast-content-background-meta":{"desktop":{"background-color":"var(--ast-global-color-5)","background-image":"","background-repeat":"repeat","background-position":"center center","background-size":"auto","background-attachment":"scroll","background-type":"","background-media":"","overlay-type":"","overlay-color":"","overlay-opacity":"","overlay-gradient":""},"tablet":{"background-color":"var(--ast-global-color-5)","background-image":"","background-repeat":"repeat","background-position":"center center","background-size":"auto","background-attachment":"scroll","background-type":"","background-media":"","overlay-type":"","overlay-color":"","overlay-opacity":"","overlay-gradient":""},"mobile":{"background-color":"var(--ast-global-color-5)","background-image":"","background-repeat":"repeat","background-position":"center center","background-size":"auto","background-attachment":"scroll","background-type":"","background-media":"","overlay-type":"","overlay-color":"","overlay-opacity":"","overlay-gradient":""}}},"product_brand":[],"product_cat":[996],"product_tag":[],"class_list":{"0":"post-65077","1":"product","2":"type-product","3":"status-publish","4":"has-post-thumbnail","6":"product_cat-verktoy","7":"pa_62273_nemwv43a-400-stk","8":"pa_62273_nemwv43a-1200-stk","9":"desktop-align-left","10":"tablet-align-left","11":"mobile-align-left","13":"first","14":"instock","15":"shipping-taxable","16":"purchasable","17":"product-type-variable"},"_links":{"self":[{"href":"https:\/\/keluvo.com\/no\/wp-json\/wp\/v2\/product\/65077","targetHints":{"allow":["GET"]}}],"collection":[{"href":"https:\/\/keluvo.com\/no\/wp-json\/wp\/v2\/product"}],"about":[{"href":"https:\/\/keluvo.com\/no\/wp-json\/wp\/v2\/types\/product"}],"replies":[{"embeddable":true,"href":"https:\/\/keluvo.com\/no\/wp-json\/wp\/v2\/comments?post=65077"}],"wp:featuredmedia":[{"embeddable":true,"href":"https:\/\/keluvo.com\/no\/wp-json\/wp\/v2\/media\/65073"}],"wp:attachment":[{"href":"https:\/\/keluvo.com\/no\/wp-json\/wp\/v2\/media?parent=65077"}],"wp:term":[{"taxonomy":"product_brand","embeddable":true,"href":"https:\/\/keluvo.com\/no\/wp-json\/wp\/v2\/product_brand?post=65077"},{"taxonomy":"product_cat","embeddable":true,"href":"https:\/\/keluvo.com\/no\/wp-json\/wp\/v2\/product_cat?post=65077"},{"taxonomy":"product_tag","embeddable":true,"href":"https:\/\/keluvo.com\/no\/wp-json\/wp\/v2\/product_tag?post=65077"}],"curies":[{"name":"wp","href":"https:\/\/api.w.org\/{rel}","templated":true}]}}