{"id":65043,"date":"2025-12-22T20:39:18","date_gmt":"2025-12-22T18:39:18","guid":{"rendered":"https:\/\/keluvo.com\/no\/produkt\/propp-for-konservering-av-vin\/"},"modified":"2025-12-22T21:45:02","modified_gmt":"2025-12-22T19:45:02","slug":"propp-for-konservering-av-vin","status":"publish","type":"product","link":"https:\/\/keluvo.com\/no\/produkt\/propp-for-konservering-av-vin\/","title":{"rendered":"Propp for konservering av vin"},"content":{"rendered":"<div class=\"flex max-w-full flex-col grow\">\n<div class=\"min-h-8 text-message relative flex w-full flex-col items-end gap-2 text-start break-words whitespace-normal [.text-message+&amp;]:mt-1\" dir=\"auto\" data-message-author-role=\"assistant\" data-message-id=\"bf27680e-e173-431f-936f-e3bbe93cad8d\" data-message-model-slug=\"gpt-5-2\">\n<div class=\"flex w-full flex-col gap-1 empty:hidden first:pt-[1px]\">\n<div class=\"markdown prose dark:prose-invert w-full break-words light markdown-new-styling\">\n<p style=\"text-align: center;\" data-start=\"0\" data-end=\"65\"><strong data-start=\"0\" data-end=\"65\">Forsegl Vinen Din Og Skjenk Den Glatt Med En Enkel Vri.<\/strong><span style=\"font-size: 16px; font-style: normal; font-weight: 400;\">\ud83c\udf77\u00a0<\/span><\/p>\n<p style=\"text-align: center;\" data-start=\"67\" data-end=\"274\">Denne vinproppen er et smart 2-i-1-verkt\u00f8y som fungerer b\u00e5de som en tett vinpropp og en elegant vinskjenker. Den holder vinen frisk lenger og lar deg helle rent uten drypp eller s\u00f8l. Den kronbladformede proppen forsegler flasken n\u00e5r den er lukket, slik at smak og aroma bevares. N\u00e5r den vris opp, blir den til en glatt skjenker som forbedrer luftstr\u00f8mmen og forbedrer smaksopplevelsen.<\/p>\n<p data-start=\"67\" data-end=\"274\"><img fetchpriority=\"high\" decoding=\"async\" class=\"size-full wp-image-46778 aligncenter\" src=\"https:\/\/keluvo.com\/template\/wp-content\/uploads\/sites\/5\/2025\/12\/12218-ezgif.com-video-to-webp-converter.webp\" alt=\"\" width=\"500\" height=\"500\" \/><\/p>\n<h2 style=\"text-align: center;\" data-start=\"514\" data-end=\"533\">\u2b50 Hovedfordeler<\/h2>\n<p data-start=\"536\" data-end=\"591\">\ud83c\udf7e 2-i-1-design \u2013 propp og skjenker i ett verkt\u00f8y.<\/p>\n<p data-start=\"594\" data-end=\"651\">\ud83d\udca7 Ingen drypp eller sprut \u2013 Ren og elegant skjenking.<\/p>\n<p data-start=\"654\" data-end=\"715\">\ud83c\udf38 Kronbladformet luftstr\u00f8m \u2013 Forbedrer vinens smak og aroma.<\/p>\n<p data-start=\"718\" data-end=\"781\">\ud83d\udee1\ufe0f Materialer av matkvalitet \u2013 trygge, giftfrie og luktfrie.<\/p>\n<p data-start=\"784\" data-end=\"842\">\ud83d\udd04 Universell passform \u2013 passer til de fleste vinflaskest\u00f8rrelser.<\/p>\n<p data-start=\"784\" data-end=\"842\"><img decoding=\"async\" class=\"size-full wp-image-46777 aligncenter\" src=\"https:\/\/keluvo.com\/template\/wp-content\/uploads\/sites\/5\/2025\/12\/12219-ezgif.com-video-to-webp-converter.webp\" alt=\"\" width=\"500\" height=\"500\" \/><\/p>\n<h2 style=\"text-align: center;\" data-start=\"849\" data-end=\"866\">\ud83e\udde9 Slik Bruker Du Den<\/h2>\n<ol data-start=\"867\" data-end=\"1073\">\n<li data-start=\"867\" data-end=\"924\">\n<p data-start=\"870\" data-end=\"924\">Sett silikonenden godt inn i vinflasken.<\/p>\n<\/li>\n<li data-start=\"925\" data-end=\"978\">\n<p data-start=\"928\" data-end=\"978\">Vri for \u00e5 lukke for lufttett forsegling og oppbevaring.<\/p>\n<\/li>\n<li data-start=\"979\" data-end=\"1017\">\n<p data-start=\"982\" data-end=\"1017\">Vri for \u00e5 \u00e5pne n\u00e5r du er klar til \u00e5 skjenke.<\/p>\n<\/li>\n<li data-start=\"1018\" data-end=\"1073\">\n<p data-start=\"1021\" data-end=\"1073\">Vipp flasken og hell jevnt i glasset ditt.<\/p>\n<\/li>\n<\/ol>\n<h2 style=\"text-align: center;\" data-start=\"1080\" data-end=\"1102\">\ud83d\udccf Produktdetaljer<\/h2>\n<ul data-start=\"1103\" data-end=\"1317\">\n<li data-start=\"1147\" data-end=\"1187\">\n<p data-start=\"1149\" data-end=\"1187\">Funksjon: Vinpropp + vinskjenker<\/p>\n<\/li>\n<li data-start=\"1188\" data-end=\"1227\">\n<p data-start=\"1190\" data-end=\"1227\">Materiale: ABS + silikon av matkvalitet<\/p>\n<\/li>\n<li data-start=\"1228\" data-end=\"1244\">\n<p data-start=\"1230\" data-end=\"1244\">Farge: Svart<\/p>\n<\/li>\n<li data-start=\"1245\" data-end=\"1265\">\n<p data-start=\"1247\" data-end=\"1265\">St\u00f8rrelse: 94 x 54 mm<\/p>\n<\/li>\n<li data-start=\"1266\" data-end=\"1317\">\n<p data-start=\"1268\" data-end=\"1317\">Design: Kronbladformet tetnings- og skjenkesystem<\/p>\n<\/li>\n<\/ul>\n<h2 style=\"text-align: center;\" data-start=\"1324\" data-end=\"1347\">\ud83d\udce6 Pakken inkluderer<\/h2>\n<ul data-start=\"1348\" data-end=\"1452\" data-is-last-node=\"\" data-is-only-node=\"\">\n<li data-start=\"1348\" data-end=\"1388\">\n<p data-start=\"1350\" data-end=\"1388\">1, 2x vinbeskyttelsespropp.<\/p>\n<\/li>\n<\/ul>\n<\/div>\n<\/div>\n<\/div>\n<\/div>\n","protected":false},"excerpt":{"rendered":"<p>Forsegl Vinen Din Og Skjenk Den Glatt Med En Enkel Vri.\ud83c\udf77\u00a0 Denne vinproppen er et smart 2-i-1-verkt\u00f8y som fungerer b\u00e5de [&hellip;]<\/p>\n","protected":false},"featured_media":65039,"comment_status":"open","ping_status":"closed","template":"","meta":{"site-sidebar-layout":"default","site-content-layout":"","ast-site-content-layout":"default","site-content-style":"default","site-sidebar-style":"default","ast-global-header-display":"","ast-banner-title-visibility":"","ast-main-header-display":"","ast-hfb-above-header-display":"","ast-hfb-below-header-display":"","ast-hfb-mobile-header-display":"","site-post-title":"","ast-breadcrumbs-content":"","ast-featured-img":"","footer-sml-layout":"","theme-transparent-header-meta":"default","adv-header-id-meta":"","stick-header-meta":"","header-above-stick-meta":"","header-main-stick-meta":"","header-below-stick-meta":"","astra-migrate-meta-layouts":"set","ast-page-background-enabled":"default","ast-page-background-meta":{"desktop":{"background-color":"var(--ast-global-color-4)","background-image":"","background-repeat":"repeat","background-position":"center center","background-size":"auto","background-attachment":"scroll","background-type":"","background-media":"","overlay-type":"","overlay-color":"","overlay-opacity":"","overlay-gradient":""},"tablet":{"background-color":"","background-image":"","background-repeat":"repeat","background-position":"center center","background-size":"auto","background-attachment":"scroll","background-type":"","background-media":"","overlay-type":"","overlay-color":"","overlay-opacity":"","overlay-gradient":""},"mobile":{"background-color":"","background-image":"","background-repeat":"repeat","background-position":"center center","background-size":"auto","background-attachment":"scroll","background-type":"","background-media":"","overlay-type":"","overlay-color":"","overlay-opacity":"","overlay-gradient":""}},"ast-content-background-meta":{"desktop":{"background-color":"var(--ast-global-color-5)","background-image":"","background-repeat":"repeat","background-position":"center center","background-size":"auto","background-attachment":"scroll","background-type":"","background-media":"","overlay-type":"","overlay-color":"","overlay-opacity":"","overlay-gradient":""},"tablet":{"background-color":"var(--ast-global-color-5)","background-image":"","background-repeat":"repeat","background-position":"center center","background-size":"auto","background-attachment":"scroll","background-type":"","background-media":"","overlay-type":"","overlay-color":"","overlay-opacity":"","overlay-gradient":""},"mobile":{"background-color":"var(--ast-global-color-5)","background-image":"","background-repeat":"repeat","background-position":"center center","background-size":"auto","background-attachment":"scroll","background-type":"","background-media":"","overlay-type":"","overlay-color":"","overlay-opacity":"","overlay-gradient":""}}},"product_brand":[],"product_cat":[1001,996],"product_tag":[],"class_list":{"0":"post-65043","1":"product","2":"type-product","3":"status-publish","4":"has-post-thumbnail","6":"product_cat-husholdningsartikler","7":"product_cat-verktoy","8":"pa_62221_rnf6m3vh-1-stk","9":"pa_62221_rnf6m3vh-2-stk","10":"desktop-align-left","11":"tablet-align-left","12":"mobile-align-left","14":"first","15":"instock","16":"shipping-taxable","17":"purchasable","18":"product-type-variable"},"_links":{"self":[{"href":"https:\/\/keluvo.com\/no\/wp-json\/wp\/v2\/product\/65043","targetHints":{"allow":["GET"]}}],"collection":[{"href":"https:\/\/keluvo.com\/no\/wp-json\/wp\/v2\/product"}],"about":[{"href":"https:\/\/keluvo.com\/no\/wp-json\/wp\/v2\/types\/product"}],"replies":[{"embeddable":true,"href":"https:\/\/keluvo.com\/no\/wp-json\/wp\/v2\/comments?post=65043"}],"wp:featuredmedia":[{"embeddable":true,"href":"https:\/\/keluvo.com\/no\/wp-json\/wp\/v2\/media\/65039"}],"wp:attachment":[{"href":"https:\/\/keluvo.com\/no\/wp-json\/wp\/v2\/media?parent=65043"}],"wp:term":[{"taxonomy":"product_brand","embeddable":true,"href":"https:\/\/keluvo.com\/no\/wp-json\/wp\/v2\/product_brand?post=65043"},{"taxonomy":"product_cat","embeddable":true,"href":"https:\/\/keluvo.com\/no\/wp-json\/wp\/v2\/product_cat?post=65043"},{"taxonomy":"product_tag","embeddable":true,"href":"https:\/\/keluvo.com\/no\/wp-json\/wp\/v2\/product_tag?post=65043"}],"curies":[{"name":"wp","href":"https:\/\/api.w.org\/{rel}","templated":true}]}}