{"id":6503,"date":"2024-11-29T14:10:04","date_gmt":"2024-11-29T12:10:04","guid":{"rendered":"https:\/\/keluvo.com\/no\/produkt\/varmere-sokker-med-blonder\/"},"modified":"2024-11-29T14:10:27","modified_gmt":"2024-11-29T12:10:27","slug":"varmere-sokker-med-blonder","status":"publish","type":"product","link":"https:\/\/keluvo.com\/no\/produkt\/varmere-sokker-med-blonder\/","title":{"rendered":"Varmere sokker med blonder"},"content":{"rendered":"<h2 style=\"text-align: center\"><strong>Stilig og moteriktig design<\/strong><\/h2>\n<p style=\"text-align: center\">Blondersokkene har en sjarmerende blondekant som gir et s\u00f8tt og moteriktig preg til ethvert antrekk. Disse sokkene er perfekte til b\u00e5de flate og h\u00f8ye sko, noe som gj\u00f8r dem til et allsidig tilbeh\u00f8r til enhver anledning.<\/p>\n<p><img decoding=\"async\" class=\"alignnone size-medium wp-image-3669 aligncenter\" src=\"https:\/\/keluvo.com\/template\/wp-content\/uploads\/sites\/5\/2024\/11\/0f3275ff-25e7-45c5-a752-b3b65134c62e.webp\" alt=\"\" \/><\/p>\n<h2 style=\"text-align: center\"><strong>Myk og pustende komfort<\/strong><\/h2>\n<p style=\"text-align: center\">Laget av mykt, pustende bomullsstoff holder blondervarmersokkene f\u00f8ttene komfortable gjennom hele dagen. Materialet er svetteabsorberende og deodorant, noe som bidrar til \u00e5 holde f\u00f8ttene friske samtidig som det varmer i de kaldere m\u00e5nedene.<\/p>\n<p><img decoding=\"async\" class=\"alignnone size-medium wp-image-3674 aligncenter\" src=\"https:\/\/keluvo.com\/template\/wp-content\/uploads\/sites\/5\/2024\/11\/a3a21855-e26e-4216-ae8a-2d0b4a481284.webp\" alt=\"\" \/><\/p>\n","protected":false},"excerpt":{"rendered":"<p>Stilig og moteriktig design Blondersokkene har en sjarmerende blondekant som gir et s\u00f8tt og moteriktig preg til ethvert antrekk. Disse [&hellip;]<\/p>\n","protected":false},"featured_media":6499,"comment_status":"open","ping_status":"closed","template":"","meta":{"site-sidebar-layout":"default","site-content-layout":"","ast-site-content-layout":"default","site-content-style":"default","site-sidebar-style":"default","ast-global-header-display":"","ast-banner-title-visibility":"","ast-main-header-display":"","ast-hfb-above-header-display":"","ast-hfb-below-header-display":"","ast-hfb-mobile-header-display":"","site-post-title":"","ast-breadcrumbs-content":"","ast-featured-img":"","footer-sml-layout":"","theme-transparent-header-meta":"default","adv-header-id-meta":"","stick-header-meta":"","header-above-stick-meta":"","header-main-stick-meta":"","header-below-stick-meta":"","astra-migrate-meta-layouts":"set","ast-page-background-enabled":"default","ast-page-background-meta":{"desktop":{"background-color":"var(--ast-global-color-4)","background-image":"","background-repeat":"repeat","background-position":"center center","background-size":"auto","background-attachment":"scroll","background-type":"","background-media":"","overlay-type":"","overlay-color":"","overlay-opacity":"","overlay-gradient":""},"tablet":{"background-color":"","background-image":"","background-repeat":"repeat","background-position":"center center","background-size":"auto","background-attachment":"scroll","background-type":"","background-media":"","overlay-type":"","overlay-color":"","overlay-opacity":"","overlay-gradient":""},"mobile":{"background-color":"","background-image":"","background-repeat":"repeat","background-position":"center center","background-size":"auto","background-attachment":"scroll","background-type":"","background-media":"","overlay-type":"","overlay-color":"","overlay-opacity":"","overlay-gradient":""}},"ast-content-background-meta":{"desktop":{"background-color":"var(--ast-global-color-5)","background-image":"","background-repeat":"repeat","background-position":"center center","background-size":"auto","background-attachment":"scroll","background-type":"","background-media":"","overlay-type":"","overlay-color":"","overlay-opacity":"","overlay-gradient":""},"tablet":{"background-color":"var(--ast-global-color-5)","background-image":"","background-repeat":"repeat","background-position":"center center","background-size":"auto","background-attachment":"scroll","background-type":"","background-media":"","overlay-type":"","overlay-color":"","overlay-opacity":"","overlay-gradient":""},"mobile":{"background-color":"var(--ast-global-color-5)","background-image":"","background-repeat":"repeat","background-position":"center center","background-size":"auto","background-attachment":"scroll","background-type":"","background-media":"","overlay-type":"","overlay-color":"","overlay-opacity":"","overlay-gradient":""}}},"product_brand":[],"product_cat":[993],"product_tag":[],"class_list":{"0":"post-6503","1":"product","2":"type-product","3":"status-publish","4":"has-post-thumbnail","6":"product_cat-skotoy-tilbehor","7":"pa_4w37ydzq-bla","8":"pa_4w37ydzq-gra","9":"pa_4w37ydzq-gronn","10":"pa_4w37ydzq-gul","11":"pa_4w37ydzq-hud","12":"pa_4w37ydzq-kaffe","13":"pa_4w37ydzq-lilla","14":"pa_4w37ydzq-svart","15":"desktop-align-left","16":"tablet-align-left","17":"mobile-align-left","19":"first","20":"instock","21":"shipping-taxable","22":"purchasable","23":"product-type-variable"},"_links":{"self":[{"href":"https:\/\/keluvo.com\/no\/wp-json\/wp\/v2\/product\/6503","targetHints":{"allow":["GET"]}}],"collection":[{"href":"https:\/\/keluvo.com\/no\/wp-json\/wp\/v2\/product"}],"about":[{"href":"https:\/\/keluvo.com\/no\/wp-json\/wp\/v2\/types\/product"}],"replies":[{"embeddable":true,"href":"https:\/\/keluvo.com\/no\/wp-json\/wp\/v2\/comments?post=6503"}],"wp:featuredmedia":[{"embeddable":true,"href":"https:\/\/keluvo.com\/no\/wp-json\/wp\/v2\/media\/6499"}],"wp:attachment":[{"href":"https:\/\/keluvo.com\/no\/wp-json\/wp\/v2\/media?parent=6503"}],"wp:term":[{"taxonomy":"product_brand","embeddable":true,"href":"https:\/\/keluvo.com\/no\/wp-json\/wp\/v2\/product_brand?post=6503"},{"taxonomy":"product_cat","embeddable":true,"href":"https:\/\/keluvo.com\/no\/wp-json\/wp\/v2\/product_cat?post=6503"},{"taxonomy":"product_tag","embeddable":true,"href":"https:\/\/keluvo.com\/no\/wp-json\/wp\/v2\/product_tag?post=6503"}],"curies":[{"name":"wp","href":"https:\/\/api.w.org\/{rel}","templated":true}]}}