{"id":65010,"date":"2025-12-22T20:36:12","date_gmt":"2025-12-22T18:36:12","guid":{"rendered":"https:\/\/keluvo.com\/no\/produkt\/oppbevaringsboks-for-sko\/"},"modified":"2025-12-22T21:40:42","modified_gmt":"2025-12-22T19:40:42","slug":"oppbevaringsboks-for-sko","status":"publish","type":"product","link":"https:\/\/keluvo.com\/no\/produkt\/oppbevaringsboks-for-sko\/","title":{"rendered":"Oppbevaringsboks for sko"},"content":{"rendered":"<p style=\"text-align: center;\" data-start=\"0\" data-end=\"75\"><strong data-start=\"0\" data-end=\"75\">Hold skoene dine rene, synlige og ryddig organisert i en enkel eske.<\/strong><span style=\"font-size: 16px; font-style: normal; font-weight: 400;\">\ud83c\udfe0<\/span><\/p>\n<p style=\"text-align: center;\" data-start=\"77\" data-end=\"289\">Denne skooppbevaringsboksen beskytter skot\u00f8yet ditt mot st\u00f8v og fuktighet, samtidig som den hjelper deg med \u00e5 spare plass hjemme. Med stor kapasitet og stabelbar design er skoene dine lette \u00e5 se, f\u00e5 tilgang til og oppbevare i alle rom. Denne moderne skooppbevaringsboksen er laget av slitesterk PVC og har et gjennomsiktig design, slik at du raskt kan finne det paret du trenger. Den fungerer perfekt i skap, inngangspartier, under senger eller hyller, og kan ogs\u00e5 oppbevare kl\u00e6r og tilbeh\u00f8r.<\/p>\n<p data-start=\"77\" data-end=\"289\"><img fetchpriority=\"high\" decoding=\"async\" class=\"size-full wp-image-46750 aligncenter\" src=\"https:\/\/keluvo.com\/template\/wp-content\/uploads\/sites\/5\/2025\/12\/12214-ezgif.com-video-to-webp-converter.webp\" alt=\"\" width=\"500\" height=\"500\" \/><\/p>\n<h2 style=\"text-align: center;\" data-start=\"581\" data-end=\"600\"><strong>Hovedfordeler<\/strong><\/h2>\n<p data-start=\"603\" data-end=\"662\">\ud83d\udc5f Stor 18L kapasitet &#8211; Rommer flere par sko.<\/p>\n<p data-start=\"665\" data-end=\"725\">\ud83d\udca7 Vann &amp; st\u00f8vbeskyttelse &#8211; Holder skoene rene og t\u00f8rre.<\/p>\n<p data-start=\"728\" data-end=\"789\">\ud83d\udce6 Stabelbar design &#8211; Sparer plass og maksimerer lagring.<\/p>\n<p data-start=\"792\" data-end=\"855\">\ud83d\udc40 Gjennomsiktige paneler &#8211; Se skoene uten \u00e5 \u00e5pne esken.<\/p>\n<p data-start=\"858\" data-end=\"918\">\ud83d\udd04 Sammenleggbar og b\u00e6rbar &#8211; Enkel \u00e5 oppbevare n\u00e5r den ikke er i bruk.<\/p>\n<p data-start=\"858\" data-end=\"918\"><img decoding=\"async\" class=\"size-full wp-image-46749 aligncenter\" src=\"https:\/\/keluvo.com\/template\/wp-content\/uploads\/sites\/5\/2025\/12\/12215-ezgif.com-video-to-webp-converter.webp\" alt=\"\" width=\"500\" height=\"500\" \/><\/p>\n<h2 style=\"text-align: center;\" data-start=\"925\" data-end=\"942\"><strong>Hvordan Bruke<\/strong><\/h2>\n<ol data-start=\"943\" data-end=\"1139\">\n<li data-start=\"943\" data-end=\"998\">\n<p data-start=\"946\" data-end=\"998\">Brett ut oppbevaringsboksen og form den p\u00e5 plass.<\/p>\n<\/li>\n<li data-start=\"999\" data-end=\"1038\">\n<p data-start=\"1002\" data-end=\"1038\">Legg sko eller andre gjenstander inni.<\/p>\n<\/li>\n<li data-start=\"1039\" data-end=\"1070\">\n<p data-start=\"1042\" data-end=\"1070\">Lukk glidel\u00e5sen godt.<\/p>\n<\/li>\n<li data-start=\"1071\" data-end=\"1109\">\n<p data-start=\"1074\" data-end=\"1109\">Stable med andre bokser om n\u00f8dvendig.<\/p>\n<\/li>\n<li data-start=\"1110\" data-end=\"1139\">\n<p data-start=\"1113\" data-end=\"1139\">Brett flatt n\u00e5r den ikke er i bruk.<\/p>\n<\/li>\n<\/ol>\n<h2 style=\"text-align: center;\" data-start=\"1146\" data-end=\"1168\"><strong>Produktdetaljer<\/strong><\/h2>\n<ul data-start=\"1169\" data-end=\"1477\">\n<li data-start=\"1204\" data-end=\"1221\">\n<p data-start=\"1206\" data-end=\"1221\">Materiale: PVC<\/p>\n<\/li>\n<li data-start=\"1222\" data-end=\"1250\">\n<p data-start=\"1224\" data-end=\"1250\">Stil: Moderne minimalistisk<\/p>\n<\/li>\n<li data-start=\"1251\" data-end=\"1268\">\n<p data-start=\"1253\" data-end=\"1268\">Kapasitet: 18L<\/p>\n<\/li>\n<li data-start=\"1251\" data-end=\"1268\">\n<p data-start=\"1253\" data-end=\"1268\"><span style=\"font-size: 16px;\">St\u00f8rrelse: 60 x 30 x 16 cm<\/span><\/p>\n<\/li>\n<\/ul>\n<h2 style=\"text-align: center;\" data-start=\"1484\" data-end=\"1507\"><strong>Pakken inkluderer<\/strong><\/h2>\n<ul data-start=\"1508\" data-end=\"1530\" data-is-last-node=\"\" data-is-only-node=\"\">\n<li data-start=\"1508\" data-end=\"1530\" data-is-last-node=\"\">\n<p data-start=\"1510\" data-end=\"1530\" data-is-last-node=\"\">1, 2, 3x skooppbevaringsboks(er).<\/p>\n<\/li>\n<\/ul>\n","protected":false},"excerpt":{"rendered":"<p>Hold skoene dine rene, synlige og ryddig organisert i en enkel eske.\ud83c\udfe0 Denne skooppbevaringsboksen beskytter skot\u00f8yet ditt mot st\u00f8v og [&hellip;]<\/p>\n","protected":false},"featured_media":65006,"comment_status":"open","ping_status":"closed","template":"","meta":{"site-sidebar-layout":"default","site-content-layout":"","ast-site-content-layout":"default","site-content-style":"default","site-sidebar-style":"default","ast-global-header-display":"","ast-banner-title-visibility":"","ast-main-header-display":"","ast-hfb-above-header-display":"","ast-hfb-below-header-display":"","ast-hfb-mobile-header-display":"","site-post-title":"","ast-breadcrumbs-content":"","ast-featured-img":"","footer-sml-layout":"","theme-transparent-header-meta":"default","adv-header-id-meta":"","stick-header-meta":"","header-above-stick-meta":"","header-main-stick-meta":"","header-below-stick-meta":"","astra-migrate-meta-layouts":"set","ast-page-background-enabled":"default","ast-page-background-meta":{"desktop":{"background-color":"var(--ast-global-color-4)","background-image":"","background-repeat":"repeat","background-position":"center center","background-size":"auto","background-attachment":"scroll","background-type":"","background-media":"","overlay-type":"","overlay-color":"","overlay-opacity":"","overlay-gradient":""},"tablet":{"background-color":"","background-image":"","background-repeat":"repeat","background-position":"center center","background-size":"auto","background-attachment":"scroll","background-type":"","background-media":"","overlay-type":"","overlay-color":"","overlay-opacity":"","overlay-gradient":""},"mobile":{"background-color":"","background-image":"","background-repeat":"repeat","background-position":"center center","background-size":"auto","background-attachment":"scroll","background-type":"","background-media":"","overlay-type":"","overlay-color":"","overlay-opacity":"","overlay-gradient":""}},"ast-content-background-meta":{"desktop":{"background-color":"var(--ast-global-color-5)","background-image":"","background-repeat":"repeat","background-position":"center center","background-size":"auto","background-attachment":"scroll","background-type":"","background-media":"","overlay-type":"","overlay-color":"","overlay-opacity":"","overlay-gradient":""},"tablet":{"background-color":"var(--ast-global-color-5)","background-image":"","background-repeat":"repeat","background-position":"center center","background-size":"auto","background-attachment":"scroll","background-type":"","background-media":"","overlay-type":"","overlay-color":"","overlay-opacity":"","overlay-gradient":""},"mobile":{"background-color":"var(--ast-global-color-5)","background-image":"","background-repeat":"repeat","background-position":"center center","background-size":"auto","background-attachment":"scroll","background-type":"","background-media":"","overlay-type":"","overlay-color":"","overlay-opacity":"","overlay-gradient":""}}},"product_brand":[],"product_cat":[1001],"product_tag":[],"class_list":{"0":"post-65010","1":"product","2":"type-product","3":"status-publish","4":"has-post-thumbnail","6":"product_cat-husholdningsartikler","7":"pa_62159_jec9lyld-1-stk","8":"pa_62159_jec9lyld-2-stk","9":"pa_62159_jec9lyld-3-stk","10":"desktop-align-left","11":"tablet-align-left","12":"mobile-align-left","14":"first","15":"instock","16":"shipping-taxable","17":"purchasable","18":"product-type-variable"},"_links":{"self":[{"href":"https:\/\/keluvo.com\/no\/wp-json\/wp\/v2\/product\/65010","targetHints":{"allow":["GET"]}}],"collection":[{"href":"https:\/\/keluvo.com\/no\/wp-json\/wp\/v2\/product"}],"about":[{"href":"https:\/\/keluvo.com\/no\/wp-json\/wp\/v2\/types\/product"}],"replies":[{"embeddable":true,"href":"https:\/\/keluvo.com\/no\/wp-json\/wp\/v2\/comments?post=65010"}],"wp:featuredmedia":[{"embeddable":true,"href":"https:\/\/keluvo.com\/no\/wp-json\/wp\/v2\/media\/65006"}],"wp:attachment":[{"href":"https:\/\/keluvo.com\/no\/wp-json\/wp\/v2\/media?parent=65010"}],"wp:term":[{"taxonomy":"product_brand","embeddable":true,"href":"https:\/\/keluvo.com\/no\/wp-json\/wp\/v2\/product_brand?post=65010"},{"taxonomy":"product_cat","embeddable":true,"href":"https:\/\/keluvo.com\/no\/wp-json\/wp\/v2\/product_cat?post=65010"},{"taxonomy":"product_tag","embeddable":true,"href":"https:\/\/keluvo.com\/no\/wp-json\/wp\/v2\/product_tag?post=65010"}],"curies":[{"name":"wp","href":"https:\/\/api.w.org\/{rel}","templated":true}]}}