{"id":64995,"date":"2025-12-22T20:34:56","date_gmt":"2025-12-22T18:34:56","guid":{"rendered":"https:\/\/keluvo.com\/no\/produkt\/magnetisk-transformasjonskjoretoy-leke\/"},"modified":"2025-12-22T20:35:06","modified_gmt":"2025-12-22T18:35:06","slug":"magnetisk-transformasjonskjoretoy-leke","status":"publish","type":"product","link":"https:\/\/keluvo.com\/no\/produkt\/magnetisk-transformasjonskjoretoy-leke\/","title":{"rendered":"Magnetisk transformasjonskj\u00f8ret\u00f8y-leke"},"content":{"rendered":"<div class=\"flex max-w-full flex-col grow\">\n<div class=\"min-h-8 text-message relative flex w-full flex-col items-end gap-2 text-start break-words whitespace-normal [.text-message+&amp;]:mt-1\" dir=\"auto\" data-message-author-role=\"assistant\" data-message-id=\"d7ccce07-aebc-49f1-a37b-cab969ec2d21\" data-message-model-slug=\"gpt-5-2\">\n<div class=\"flex w-full flex-col gap-1 empty:hidden first:pt-[1px]\">\n<div class=\"markdown prose dark:prose-invert w-full break-words light markdown-new-styling\">\n<p style=\"text-align: center\" data-start=\"0\" data-end=\"67\"><strong data-start=\"0\" data-end=\"67\">Bygg, Forvandle, Og Lek I Det Uendelige Med Ett Magnetisk Lekesett.<\/strong><span style=\"font-size: 16px;font-style: normal;font-weight: 400\">\ud83d\ude97<\/span><\/p>\n<p style=\"text-align: center\" data-start=\"69\" data-end=\"319\">Med dette magnetiske transformasjonskj\u00f8ret\u00f8yet kan barna sette sammen, ta fra hverandre og forvandle kj\u00f8ret\u00f8y til maskiner og roboter ved hjelp av trygge magnetiske deler. Det gj\u00f8r leken til en morsom l\u00e6ringsopplevelse som fremmer kreativitet, tenkning og praktiske ferdigheter. Med denne leken kan barna bygge ulike tekniske kj\u00f8ret\u00f8y som biler, lastebiler, gaffeltrucker og roboter. Den magnetiske designen gj\u00f8r det enkelt \u00e5 montere, mens transformasjonsleken holder barna engasjert i timevis hjemme eller p\u00e5 farten.<\/p>\n<p data-start=\"69\" data-end=\"319\"><img fetchpriority=\"high\" decoding=\"async\" class=\"size-full wp-image-46737 aligncenter\" src=\"https:\/\/keluvo.com\/template\/wp-content\/uploads\/sites\/5\/2025\/12\/12211-ezgif.com-video-to-webp-converter.webp\" alt=\"\" width=\"500\" height=\"500\" \/><\/p>\n<h2 style=\"text-align: center\" data-start=\"605\" data-end=\"624\">\u2b50 Hovedfordeler<\/h2>\n<p data-start=\"627\" data-end=\"683\">\ud83e\uddf2 Magnetisk montering &#8211; enkelt \u00e5 bygge og transformere.<\/p>\n<p data-start=\"686\" data-end=\"747\">\ud83e\udd16 Flere transformasjoner &#8211; kj\u00f8ret\u00f8y blir til roboter.<\/p>\n<p data-start=\"750\" data-end=\"823\">\ud83e\udde0 Pedagogisk lek &#8211; bygger logikk, kreativitet og probleml\u00f8sing.<\/p>\n<p data-start=\"826\" data-end=\"874\">\ud83d\udce6 Enkel oppbevaring &#8211; Leveres med en oppbevaringsboks.<\/p>\n<p data-start=\"877\" data-end=\"933\">\ud83d\udee1\ufe0f Sikre materialer &#8211; Laget av slitesterk ABS-plast.<\/p>\n<p data-start=\"877\" data-end=\"933\"><img decoding=\"async\" class=\"size-full wp-image-46736 aligncenter\" src=\"https:\/\/keluvo.com\/template\/wp-content\/uploads\/sites\/5\/2025\/12\/12213-ezgif.com-video-to-webp-converter.webp\" alt=\"\" width=\"500\" height=\"500\" \/><\/p>\n<h2 style=\"text-align: center\" data-start=\"940\" data-end=\"957\">\ud83d\udd27 Slik bruker du den<\/h2>\n<ol data-start=\"958\" data-end=\"1198\">\n<li data-start=\"958\" data-end=\"1007\">\n<p data-start=\"961\" data-end=\"1007\">\u00c5pne oppbevaringsboksen og ta ut delene.<\/p>\n<\/li>\n<li data-start=\"1008\" data-end=\"1054\">\n<p data-start=\"1011\" data-end=\"1054\">Koble sammen delene ved hjelp av de magnetiske leddene.<\/p>\n<\/li>\n<li data-start=\"1055\" data-end=\"1096\">\n<p data-start=\"1058\" data-end=\"1096\">Bygg et kj\u00f8ret\u00f8y, en lastebil eller en gaffeltruck.<\/p>\n<\/li>\n<li data-start=\"1097\" data-end=\"1154\">\n<p data-start=\"1100\" data-end=\"1154\">Forvandle den til en robot eller lag din egen design.<\/p>\n<\/li>\n<li data-start=\"1155\" data-end=\"1198\">\n<p data-start=\"1158\" data-end=\"1198\">Ta den fra hverandre og bygg den opp igjen for endel\u00f8s lek.<\/p>\n<\/li>\n<\/ol>\n<h2 style=\"text-align: center\" data-start=\"1205\" data-end=\"1227\">\ud83d\udccf Produktdetaljer<\/h2>\n<ul data-start=\"1228\" data-end=\"1430\">\n<li data-start=\"1282\" data-end=\"1307\">\n<p data-start=\"1284\" data-end=\"1307\">Materiale: ABS-plast<\/p>\n<\/li>\n<li data-start=\"1328\" data-end=\"1363\">\n<p data-start=\"1330\" data-end=\"1363\">Anbefalt alder: 2 \u00e5r og oppover<\/p>\n<\/li>\n<li data-start=\"1364\" data-end=\"1430\">\n<p data-start=\"1366\" data-end=\"1430\">Montert st\u00f8rrelse: 24,5 x 16 x 13 cm<\/p>\n<\/li>\n<\/ul>\n<h2 style=\"text-align: center\" data-start=\"1437\" data-end=\"1460\">\ud83d\udce6 Pakken inneholder<\/h2>\n<ul data-start=\"1461\" data-end=\"1524\" data-is-last-node=\"\" data-is-only-node=\"\">\n<li data-start=\"1461\" data-end=\"1524\" data-is-last-node=\"\">\n<p data-start=\"1463\" data-end=\"1524\" data-is-last-node=\"\">16, 26, 35x magnetisk transformasjonskj\u00f8ret\u00f8ylekesett.<\/p>\n<\/li>\n<\/ul>\n<\/div>\n<\/div>\n<\/div>\n<\/div>\n","protected":false},"excerpt":{"rendered":"<p>Bygg, Forvandle, Og Lek I Det Uendelige Med Ett Magnetisk Lekesett.\ud83d\ude97 Med dette magnetiske transformasjonskj\u00f8ret\u00f8yet kan barna sette sammen, ta [&hellip;]<\/p>\n","protected":false},"featured_media":64991,"comment_status":"open","ping_status":"closed","template":"","meta":{"site-sidebar-layout":"default","site-content-layout":"","ast-site-content-layout":"default","site-content-style":"default","site-sidebar-style":"default","ast-global-header-display":"","ast-banner-title-visibility":"","ast-main-header-display":"","ast-hfb-above-header-display":"","ast-hfb-below-header-display":"","ast-hfb-mobile-header-display":"","site-post-title":"","ast-breadcrumbs-content":"","ast-featured-img":"","footer-sml-layout":"","theme-transparent-header-meta":"default","adv-header-id-meta":"","stick-header-meta":"","header-above-stick-meta":"","header-main-stick-meta":"","header-below-stick-meta":"","astra-migrate-meta-layouts":"set","ast-page-background-enabled":"default","ast-page-background-meta":{"desktop":{"background-color":"var(--ast-global-color-4)","background-image":"","background-repeat":"repeat","background-position":"center center","background-size":"auto","background-attachment":"scroll","background-type":"","background-media":"","overlay-type":"","overlay-color":"","overlay-opacity":"","overlay-gradient":""},"tablet":{"background-color":"","background-image":"","background-repeat":"repeat","background-position":"center center","background-size":"auto","background-attachment":"scroll","background-type":"","background-media":"","overlay-type":"","overlay-color":"","overlay-opacity":"","overlay-gradient":""},"mobile":{"background-color":"","background-image":"","background-repeat":"repeat","background-position":"center center","background-size":"auto","background-attachment":"scroll","background-type":"","background-media":"","overlay-type":"","overlay-color":"","overlay-opacity":"","overlay-gradient":""}},"ast-content-background-meta":{"desktop":{"background-color":"var(--ast-global-color-5)","background-image":"","background-repeat":"repeat","background-position":"center center","background-size":"auto","background-attachment":"scroll","background-type":"","background-media":"","overlay-type":"","overlay-color":"","overlay-opacity":"","overlay-gradient":""},"tablet":{"background-color":"var(--ast-global-color-5)","background-image":"","background-repeat":"repeat","background-position":"center center","background-size":"auto","background-attachment":"scroll","background-type":"","background-media":"","overlay-type":"","overlay-color":"","overlay-opacity":"","overlay-gradient":""},"mobile":{"background-color":"var(--ast-global-color-5)","background-image":"","background-repeat":"repeat","background-position":"center center","background-size":"auto","background-attachment":"scroll","background-type":"","background-media":"","overlay-type":"","overlay-color":"","overlay-opacity":"","overlay-gradient":""}}},"product_brand":[],"product_cat":[990],"product_tag":[],"class_list":{"0":"post-64995","1":"product","2":"type-product","3":"status-publish","4":"has-post-thumbnail","6":"product_cat-leker-barne-og-babyprodukter","7":"pa_62155_1o2hguap-16-stk","8":"pa_62155_1o2hguap-26-stk","9":"pa_62155_1o2hguap-35-stk","10":"desktop-align-left","11":"tablet-align-left","12":"mobile-align-left","14":"first","15":"instock","16":"shipping-taxable","17":"purchasable","18":"product-type-variable"},"_links":{"self":[{"href":"https:\/\/keluvo.com\/no\/wp-json\/wp\/v2\/product\/64995","targetHints":{"allow":["GET"]}}],"collection":[{"href":"https:\/\/keluvo.com\/no\/wp-json\/wp\/v2\/product"}],"about":[{"href":"https:\/\/keluvo.com\/no\/wp-json\/wp\/v2\/types\/product"}],"replies":[{"embeddable":true,"href":"https:\/\/keluvo.com\/no\/wp-json\/wp\/v2\/comments?post=64995"}],"wp:featuredmedia":[{"embeddable":true,"href":"https:\/\/keluvo.com\/no\/wp-json\/wp\/v2\/media\/64991"}],"wp:attachment":[{"href":"https:\/\/keluvo.com\/no\/wp-json\/wp\/v2\/media?parent=64995"}],"wp:term":[{"taxonomy":"product_brand","embeddable":true,"href":"https:\/\/keluvo.com\/no\/wp-json\/wp\/v2\/product_brand?post=64995"},{"taxonomy":"product_cat","embeddable":true,"href":"https:\/\/keluvo.com\/no\/wp-json\/wp\/v2\/product_cat?post=64995"},{"taxonomy":"product_tag","embeddable":true,"href":"https:\/\/keluvo.com\/no\/wp-json\/wp\/v2\/product_tag?post=64995"}],"curies":[{"name":"wp","href":"https:\/\/api.w.org\/{rel}","templated":true}]}}