{"id":64941,"date":"2025-12-22T20:30:53","date_gmt":"2025-12-22T18:30:53","guid":{"rendered":"https:\/\/keluvo.com\/no\/produkt\/belte-for-holdningskorrigering-2-stk\/"},"modified":"2025-12-29T10:49:53","modified_gmt":"2025-12-29T08:49:53","slug":"belte-for-holdningskorrigering-2-stk","status":"publish","type":"product","link":"https:\/\/keluvo.com\/no\/produkt\/belte-for-holdningskorrigering-2-stk\/","title":{"rendered":"Belte for holdningskorrigering (2 stk)"},"content":{"rendered":"<p style=\"text-align: center;\" data-start=\"0\" data-end=\"76\"><strong data-start=\"0\" data-end=\"76\">Rett Ut Ryggen Og F\u00e5 En Bedre Holdning Gjennom Hele Dagen.<\/strong><span style=\"font-size: 16px; font-style: normal; font-weight: 400;\">\ud83e\uddcd\u200d\u2642\ufe0f<\/span><\/p>\n<p style=\"text-align: center;\" data-start=\"78\" data-end=\"329\">Dette holdningskorrigeringsbelte trekker skuldrene forsiktig bakover for \u00e5 hjelpe deg \u00e5 st\u00e5, sitte og bevege deg med riktig holdning. Det reduserer slapphet for\u00e5rsaket av langvarig sittende, telefonbruk eller d\u00e5rlige vaner, samtidig som det er komfortabelt for daglig bruk og sportsaktiviteter. Dette justerbare holdningsbeltet st\u00f8tter skuldrene og \u00f8vre del av ryggen for \u00e5 korrigere pukkelrygg og krum rygg. Det myke, pustende stoffet holder deg komfortabel samtidig som det bidrar til \u00e5 redusere ubehag i skuldre, nakke og rygg under arbeid, trening eller daglige aktiviteter.<\/p>\n<p data-start=\"78\" data-end=\"329\"><img fetchpriority=\"high\" decoding=\"async\" class=\"size-full wp-image-46679 aligncenter\" src=\"https:\/\/keluvo.com\/template\/wp-content\/uploads\/sites\/5\/2025\/12\/1221-ezgif.com-video-to-webp-converter.webp\" alt=\"\" width=\"500\" height=\"500\" \/><\/p>\n<h2 style=\"text-align: center;\" data-start=\"645\" data-end=\"664\">\u2b50 Hovedfordeler<\/h2>\n<p data-start=\"667\" data-end=\"730\">\ud83e\uddb4 Forbedrer holdningen &#8211; Hjelper med \u00e5 rette ryggen og skuldrene.<\/p>\n<p data-start=\"733\" data-end=\"791\">\ud83c\udf2c\ufe0f Pustende stoff &#8211; Komfortabelt for bruk hele dagen.<\/p>\n<p data-start=\"794\" data-end=\"855\">\ud83d\udd27 Justerbar passform &#8211; Tilpass tettheten til din komfort.<\/p>\n<p data-start=\"858\" data-end=\"934\">\ud83d\udcaa Smertelindrende st\u00f8tte &#8211; Reduserer belastningen p\u00e5 skuldre, nakke og \u00f8vre del av ryggen.<\/p>\n<p data-start=\"937\" data-end=\"1004\">\ud83c\udfc3 Flerbruksbruk &#8211; Ideell for arbeid, sport og dagligliv.<\/p>\n<p data-start=\"937\" data-end=\"1004\"><img decoding=\"async\" class=\"size-full wp-image-46680 aligncenter\" src=\"https:\/\/keluvo.com\/template\/wp-content\/uploads\/sites\/5\/2025\/12\/12212-ezgif.com-video-to-webp-converter.webp\" alt=\"\" width=\"500\" height=\"500\" \/><\/p>\n<h2 style=\"text-align: center;\" data-start=\"1006\" data-end=\"1023\">\ud83d\udc55 Slik Bruker Du Det<\/h2>\n<ol data-start=\"1024\" data-end=\"1249\">\n<li data-start=\"1024\" data-end=\"1061\">\n<p data-start=\"1027\" data-end=\"1061\">Ta p\u00e5 deg beltet som en ryggsekk.<\/p>\n<\/li>\n<li data-start=\"1062\" data-end=\"1113\">\n<p data-start=\"1065\" data-end=\"1113\">Juster stroppene for en tettsittende, komfortabel passform.<\/p>\n<\/li>\n<li data-start=\"1114\" data-end=\"1151\">\n<p data-start=\"1117\" data-end=\"1151\">Bruk i 15-20 minutter i begynnelsen.<\/p>\n<\/li>\n<li data-start=\"1152\" data-end=\"1209\">\n<p data-start=\"1155\" data-end=\"1209\">\u00d8k brukstiden gradvis etter hvert som kroppen tilpasser seg.<\/p>\n<\/li>\n<li data-start=\"1210\" data-end=\"1249\">\n<p data-start=\"1213\" data-end=\"1249\">Bruk daglig for \u00e5 bygge opp holdningsminne.<\/p>\n<\/li>\n<\/ol>\n<h2 style=\"text-align: center;\" data-start=\"1251\" data-end=\"1273\">\ud83d\udccf Produktdetaljer<\/h2>\n<ul data-start=\"1274\" data-end=\"1507\">\n<li data-start=\"1316\" data-end=\"1332\">\n<p data-start=\"1318\" data-end=\"1332\">Farge: Svart<\/p>\n<\/li>\n<li data-start=\"1333\" data-end=\"1357\">\n<p data-start=\"1335\" data-end=\"1357\">St\u00f8rrelser: S (45-55 kg), M (55-65 kg), L (65-75 kg), XL (75-85 kg), XXL (85-100 kg)<\/p>\n<\/li>\n<li data-start=\"1358\" data-end=\"1409\">\n<p data-start=\"1360\" data-end=\"1409\">Egnet for: Menn, kvinner, voksne og ten\u00e5ringer<\/p>\n<\/li>\n<li data-start=\"1410\" data-end=\"1456\">\n<p data-start=\"1412\" data-end=\"1456\">Materiale: Mykt, elastisk, pustende stoff<\/p>\n<\/li>\n<li data-start=\"1457\" data-end=\"1507\">\n<p data-start=\"1459\" data-end=\"1507\">Bruk: Sport, fitness, arbeid, daglige aktiviteter<\/p>\n<\/li>\n<\/ul>\n<h2 style=\"text-align: center;\" data-start=\"1509\" data-end=\"1532\">\ud83d\udce6 Pakken inneholder<\/h2>\n<ul data-start=\"1533\" data-end=\"1562\" data-is-last-node=\"\" data-is-only-node=\"\">\n<li data-start=\"1533\" data-end=\"1562\" data-is-last-node=\"\">\n<p data-start=\"1535\" data-end=\"1562\" data-is-last-node=\"\">2x holdningskorrigeringsbelte.<\/p>\n<\/li>\n<\/ul>\n","protected":false},"excerpt":{"rendered":"<p>Rett Ut Ryggen Og F\u00e5 En Bedre Holdning Gjennom Hele Dagen.\ud83e\uddcd\u200d\u2642\ufe0f Dette holdningskorrigeringsbelte trekker skuldrene forsiktig bakover for \u00e5 hjelpe [&hellip;]<\/p>\n","protected":false},"featured_media":64937,"comment_status":"open","ping_status":"closed","template":"","meta":{"site-sidebar-layout":"default","site-content-layout":"","ast-site-content-layout":"default","site-content-style":"default","site-sidebar-style":"default","ast-global-header-display":"","ast-banner-title-visibility":"","ast-main-header-display":"","ast-hfb-above-header-display":"","ast-hfb-below-header-display":"","ast-hfb-mobile-header-display":"","site-post-title":"","ast-breadcrumbs-content":"","ast-featured-img":"","footer-sml-layout":"","theme-transparent-header-meta":"default","adv-header-id-meta":"","stick-header-meta":"","header-above-stick-meta":"","header-main-stick-meta":"","header-below-stick-meta":"","astra-migrate-meta-layouts":"set","ast-page-background-enabled":"default","ast-page-background-meta":{"desktop":{"background-color":"var(--ast-global-color-4)","background-image":"","background-repeat":"repeat","background-position":"center center","background-size":"auto","background-attachment":"scroll","background-type":"","background-media":"","overlay-type":"","overlay-color":"","overlay-opacity":"","overlay-gradient":""},"tablet":{"background-color":"","background-image":"","background-repeat":"repeat","background-position":"center center","background-size":"auto","background-attachment":"scroll","background-type":"","background-media":"","overlay-type":"","overlay-color":"","overlay-opacity":"","overlay-gradient":""},"mobile":{"background-color":"","background-image":"","background-repeat":"repeat","background-position":"center center","background-size":"auto","background-attachment":"scroll","background-type":"","background-media":"","overlay-type":"","overlay-color":"","overlay-opacity":"","overlay-gradient":""}},"ast-content-background-meta":{"desktop":{"background-color":"var(--ast-global-color-5)","background-image":"","background-repeat":"repeat","background-position":"center center","background-size":"auto","background-attachment":"scroll","background-type":"","background-media":"","overlay-type":"","overlay-color":"","overlay-opacity":"","overlay-gradient":""},"tablet":{"background-color":"var(--ast-global-color-5)","background-image":"","background-repeat":"repeat","background-position":"center center","background-size":"auto","background-attachment":"scroll","background-type":"","background-media":"","overlay-type":"","overlay-color":"","overlay-opacity":"","overlay-gradient":""},"mobile":{"background-color":"var(--ast-global-color-5)","background-image":"","background-repeat":"repeat","background-position":"center center","background-size":"auto","background-attachment":"scroll","background-type":"","background-media":"","overlay-type":"","overlay-color":"","overlay-opacity":"","overlay-gradient":""}}},"product_brand":[],"product_cat":[991],"product_tag":[],"class_list":{"0":"post-64941","1":"product","2":"type-product","3":"status-publish","4":"has-post-thumbnail","6":"product_cat-helseprodukter","7":"pa_62127_281canng-s","8":"pa_62127_281canng-m","9":"pa_62127_281canng-l","10":"pa_62127_281canng-xl","11":"pa_62127_281canng-xxl","12":"desktop-align-left","13":"tablet-align-left","14":"mobile-align-left","16":"first","17":"instock","18":"shipping-taxable","19":"purchasable","20":"product-type-variable"},"_links":{"self":[{"href":"https:\/\/keluvo.com\/no\/wp-json\/wp\/v2\/product\/64941","targetHints":{"allow":["GET"]}}],"collection":[{"href":"https:\/\/keluvo.com\/no\/wp-json\/wp\/v2\/product"}],"about":[{"href":"https:\/\/keluvo.com\/no\/wp-json\/wp\/v2\/types\/product"}],"replies":[{"embeddable":true,"href":"https:\/\/keluvo.com\/no\/wp-json\/wp\/v2\/comments?post=64941"}],"wp:featuredmedia":[{"embeddable":true,"href":"https:\/\/keluvo.com\/no\/wp-json\/wp\/v2\/media\/64937"}],"wp:attachment":[{"href":"https:\/\/keluvo.com\/no\/wp-json\/wp\/v2\/media?parent=64941"}],"wp:term":[{"taxonomy":"product_brand","embeddable":true,"href":"https:\/\/keluvo.com\/no\/wp-json\/wp\/v2\/product_brand?post=64941"},{"taxonomy":"product_cat","embeddable":true,"href":"https:\/\/keluvo.com\/no\/wp-json\/wp\/v2\/product_cat?post=64941"},{"taxonomy":"product_tag","embeddable":true,"href":"https:\/\/keluvo.com\/no\/wp-json\/wp\/v2\/product_tag?post=64941"}],"curies":[{"name":"wp","href":"https:\/\/api.w.org\/{rel}","templated":true}]}}