{"id":64897,"date":"2025-12-22T20:26:19","date_gmt":"2025-12-22T18:26:19","guid":{"rendered":"https:\/\/keluvo.com\/no\/produkt\/2-i-1-gjaeringssag-og-maleverktoy\/"},"modified":"2025-12-22T21:25:20","modified_gmt":"2025-12-22T19:25:20","slug":"2-i-1-gjaeringssag-og-maleverktoy","status":"publish","type":"product","link":"https:\/\/keluvo.com\/no\/produkt\/2-i-1-gjaeringssag-og-maleverktoy\/","title":{"rendered":"2-i-1 gj\u00e6ringssag og m\u00e5leverkt\u00f8y"},"content":{"rendered":"<p style=\"text-align: center;\" data-start=\"0\" data-end=\"54\"><strong data-start=\"0\" data-end=\"54\">M\u00e5l Og Skj\u00e6r Perfekte Vinkler I Ett Enkelt Trinn. <\/strong><span style=\"font-size: 16px; font-style: normal; font-weight: 400;\">\ud83d\udd27\u00a0<\/span><\/p>\n<p style=\"text-align: center;\" data-start=\"56\" data-end=\"296\">Med denne 2-i-1 gj\u00e6ringssagen og m\u00e5leverkt\u00f8yet kan du m\u00e5le vinkler og kutte dem n\u00f8yaktig uten \u00e5 bytte verkt\u00f8y. Det hjelper deg med \u00e5 f\u00e5 rene, presise kutt til gulvlister, lister, r\u00f8r og trearbeidsprosjekter med mindre innsats og f\u00e6rre feil. Dette verkt\u00f8yet kombinerer en vinkelm\u00e5ler og en sagguide i ett. Du m\u00e5ler vinkelen direkte og kutter den umiddelbart, slik at du unng\u00e5r overf\u00f8ringsfeil. Det er ideelt for gj\u00f8r-det-selv-prosjekter, t\u00f8mrerarbeid og renovering av hjemmet der n\u00f8yaktighet er viktig.<\/p>\n<p data-start=\"56\" data-end=\"296\"><img fetchpriority=\"high\" decoding=\"async\" class=\"size-full wp-image-46551 aligncenter\" src=\"https:\/\/keluvo.com\/template\/wp-content\/uploads\/sites\/5\/2025\/12\/102226-ezgif.com-video-to-webp-converter-2.webp\" alt=\"\" width=\"500\" height=\"500\" \/><\/p>\n<h2 style=\"text-align: center;\" data-start=\"585\" data-end=\"604\">\u2b50 Hovedfordeler<\/h2>\n<p data-start=\"607\" data-end=\"661\">\ud83d\udcd0 2-i-1-design &#8211; M\u00e5l og skj\u00e6r med ett verkt\u00f8y.<\/p>\n<p data-start=\"664\" data-end=\"721\">\ud83c\udfaf H\u00f8y n\u00f8yaktighet &#8211; M\u00e5ler vinkler fra 85\u00b0 til 180\u00b0.<\/p>\n<p data-start=\"724\" data-end=\"790\">\ud83e\ude9a N\u00f8yaktig skj\u00e6ring &#8211; Innebygd sagf\u00f8ring for rene gj\u00e6ringskutt.<\/p>\n<p data-start=\"793\" data-end=\"852\">\ud83e\uddf0 B\u00e6rbar og lett &#8211; Lett \u00e5 ta med og oppbevare.<\/p>\n<p data-start=\"855\" data-end=\"933\">\ud83c\udfd7\ufe0f Allsidig bruk &#8211; Perfekt for gulvlister, r\u00f8r, lister og snekkerarbeid.<\/p>\n<p data-start=\"855\" data-end=\"933\"><img decoding=\"async\" class=\"size-full wp-image-46550 aligncenter\" src=\"https:\/\/keluvo.com\/template\/wp-content\/uploads\/sites\/5\/2025\/12\/102227-ezgif.com-video-to-webp-converter.webp\" alt=\"\" width=\"500\" height=\"500\" \/><\/p>\n<h2 style=\"text-align: center;\" data-start=\"935\" data-end=\"955\">\ud83e\uddd1\u200d\ud83d\udd27 Slik Bruker Du<\/h2>\n<ol data-start=\"956\" data-end=\"1197\">\n<li data-start=\"956\" data-end=\"1022\">\n<p data-start=\"959\" data-end=\"1022\">\u00c5pne de to armene og plasser dem mot hj\u00f8rnet eller vinkelen.<\/p>\n<\/li>\n<li data-start=\"1023\" data-end=\"1069\">\n<p data-start=\"1026\" data-end=\"1069\">L\u00e5s armene for \u00e5 fange den n\u00f8yaktige vinkelen.<\/p>\n<\/li>\n<li data-start=\"1070\" data-end=\"1109\">\n<p data-start=\"1073\" data-end=\"1109\">Plasser verkt\u00f8yet p\u00e5 f\u00f8ringsplaten.<\/p>\n<\/li>\n<li data-start=\"1110\" data-end=\"1153\">\n<p data-start=\"1113\" data-end=\"1153\">Bruk en baksag langs f\u00f8ringen for \u00e5 kutte.<\/p>\n<\/li>\n<li data-start=\"1154\" data-end=\"1197\">\n<p data-start=\"1157\" data-end=\"1197\">Monter stykket ditt med perfekt passform.<\/p>\n<\/li>\n<\/ol>\n<h2 style=\"text-align: center;\" data-start=\"1199\" data-end=\"1221\">\ud83d\udccf Produktdetaljer<\/h2>\n<ul data-start=\"1222\" data-end=\"1418\">\n<li data-start=\"1276\" data-end=\"1311\">\n<p data-start=\"1278\" data-end=\"1311\">Materiale: ABS + rustfritt st\u00e5l<\/p>\n<\/li>\n<li data-start=\"1312\" data-end=\"1341\">\n<p data-start=\"1314\" data-end=\"1341\">M\u00e5leomr\u00e5de: 85\u00b0-180\u00b0<\/p>\n<\/li>\n<li data-start=\"1342\" data-end=\"1400\">\n<p data-start=\"1344\" data-end=\"1400\">Produktst\u00f8rrelse: 31 x 8,5 x 6,5 cm<\/p>\n<\/li>\n<li data-start=\"1401\" data-end=\"1418\">\n<p data-start=\"1403\" data-end=\"1418\">Vekt: 375 g<\/p>\n<\/li>\n<\/ul>\n<h2 style=\"text-align: center;\" data-start=\"1420\" data-end=\"1443\">\ud83d\udce6 Pakken inkluderer<\/h2>\n<ul data-start=\"1444\" data-end=\"1485\" data-is-last-node=\"\" data-is-only-node=\"\">\n<li data-start=\"1444\" data-end=\"1485\" data-is-last-node=\"\">\n<p data-start=\"1446\" data-end=\"1485\" data-is-last-node=\"\">1x 2-i-1 gj\u00e6ringssag og m\u00e5leverkt\u00f8y.<\/p>\n<\/li>\n<\/ul>\n","protected":false},"excerpt":{"rendered":"<p>M\u00e5l Og Skj\u00e6r Perfekte Vinkler I Ett Enkelt Trinn. \ud83d\udd27\u00a0 Med denne 2-i-1 gj\u00e6ringssagen og m\u00e5leverkt\u00f8yet kan du m\u00e5le vinkler [&hellip;]<\/p>\n","protected":false},"featured_media":64893,"comment_status":"open","ping_status":"closed","template":"","meta":{"site-sidebar-layout":"default","site-content-layout":"","ast-site-content-layout":"default","site-content-style":"default","site-sidebar-style":"default","ast-global-header-display":"","ast-banner-title-visibility":"","ast-main-header-display":"","ast-hfb-above-header-display":"","ast-hfb-below-header-display":"","ast-hfb-mobile-header-display":"","site-post-title":"","ast-breadcrumbs-content":"","ast-featured-img":"","footer-sml-layout":"","theme-transparent-header-meta":"default","adv-header-id-meta":"","stick-header-meta":"","header-above-stick-meta":"","header-main-stick-meta":"","header-below-stick-meta":"","astra-migrate-meta-layouts":"set","ast-page-background-enabled":"default","ast-page-background-meta":{"desktop":{"background-color":"var(--ast-global-color-4)","background-image":"","background-repeat":"repeat","background-position":"center center","background-size":"auto","background-attachment":"scroll","background-type":"","background-media":"","overlay-type":"","overlay-color":"","overlay-opacity":"","overlay-gradient":""},"tablet":{"background-color":"","background-image":"","background-repeat":"repeat","background-position":"center center","background-size":"auto","background-attachment":"scroll","background-type":"","background-media":"","overlay-type":"","overlay-color":"","overlay-opacity":"","overlay-gradient":""},"mobile":{"background-color":"","background-image":"","background-repeat":"repeat","background-position":"center center","background-size":"auto","background-attachment":"scroll","background-type":"","background-media":"","overlay-type":"","overlay-color":"","overlay-opacity":"","overlay-gradient":""}},"ast-content-background-meta":{"desktop":{"background-color":"var(--ast-global-color-5)","background-image":"","background-repeat":"repeat","background-position":"center center","background-size":"auto","background-attachment":"scroll","background-type":"","background-media":"","overlay-type":"","overlay-color":"","overlay-opacity":"","overlay-gradient":""},"tablet":{"background-color":"var(--ast-global-color-5)","background-image":"","background-repeat":"repeat","background-position":"center center","background-size":"auto","background-attachment":"scroll","background-type":"","background-media":"","overlay-type":"","overlay-color":"","overlay-opacity":"","overlay-gradient":""},"mobile":{"background-color":"var(--ast-global-color-5)","background-image":"","background-repeat":"repeat","background-position":"center center","background-size":"auto","background-attachment":"scroll","background-type":"","background-media":"","overlay-type":"","overlay-color":"","overlay-opacity":"","overlay-gradient":""}}},"product_brand":[],"product_cat":[996],"product_tag":[],"class_list":{"0":"post-64897","1":"product","2":"type-product","3":"status-publish","4":"has-post-thumbnail","6":"product_cat-verktoy","7":"desktop-align-left","8":"tablet-align-left","9":"mobile-align-left","11":"first","12":"instock","13":"shipping-taxable","14":"purchasable","15":"product-type-simple"},"_links":{"self":[{"href":"https:\/\/keluvo.com\/no\/wp-json\/wp\/v2\/product\/64897","targetHints":{"allow":["GET"]}}],"collection":[{"href":"https:\/\/keluvo.com\/no\/wp-json\/wp\/v2\/product"}],"about":[{"href":"https:\/\/keluvo.com\/no\/wp-json\/wp\/v2\/types\/product"}],"replies":[{"embeddable":true,"href":"https:\/\/keluvo.com\/no\/wp-json\/wp\/v2\/comments?post=64897"}],"wp:featuredmedia":[{"embeddable":true,"href":"https:\/\/keluvo.com\/no\/wp-json\/wp\/v2\/media\/64893"}],"wp:attachment":[{"href":"https:\/\/keluvo.com\/no\/wp-json\/wp\/v2\/media?parent=64897"}],"wp:term":[{"taxonomy":"product_brand","embeddable":true,"href":"https:\/\/keluvo.com\/no\/wp-json\/wp\/v2\/product_brand?post=64897"},{"taxonomy":"product_cat","embeddable":true,"href":"https:\/\/keluvo.com\/no\/wp-json\/wp\/v2\/product_cat?post=64897"},{"taxonomy":"product_tag","embeddable":true,"href":"https:\/\/keluvo.com\/no\/wp-json\/wp\/v2\/product_tag?post=64897"}],"curies":[{"name":"wp","href":"https:\/\/api.w.org\/{rel}","templated":true}]}}