{"id":64886,"date":"2025-12-22T20:25:11","date_gmt":"2025-12-22T18:25:11","guid":{"rendered":"https:\/\/keluvo.com\/no\/produkt\/vinkelsliping-av-sandbeltemaskin\/"},"modified":"2025-12-22T21:24:07","modified_gmt":"2025-12-22T19:24:07","slug":"vinkelsliping-av-sandbeltemaskin","status":"publish","type":"product","link":"https:\/\/keluvo.com\/no\/produkt\/vinkelsliping-av-sandbeltemaskin\/","title":{"rendered":"Vinkelsliping av sandbeltemaskin"},"content":{"rendered":"<p style=\"text-align: center;\" data-start=\"0\" data-end=\"67\"><strong data-start=\"0\" data-end=\"67\">Gj\u00f8r Vinkelsliperen Din Om Til En Kraftig B\u00e5ndsliper P\u00e5 F\u00e5 Minutter.<\/strong><span style=\"font-size: 16px; font-style: normal; font-weight: 400;\">\ud83d\udd27\u00a0<\/span><\/p>\n<p style=\"text-align: center;\" data-start=\"69\" data-end=\"316\">Denne vinkelslipemaskinen gj\u00f8r enkelt om en standard vinkelsliper til et stabilt og effektivt b\u00e5ndslipeverkt\u00f8y. Den gir jevn sliping, polering og forming av metall, tre og andre materialer med bedre kontroll og hastighet. Dette tilbeh\u00f8ret har et automatisk beltestrammingssystem og et rillet drivhjul som holder slipeb\u00e5ndet st\u00f8dig og justert. Den solide aluminiumskonstruksjonen og det doble lagerdesignet gir stabil, rask og presis sliping for daglig verkstedsbruk.<\/p>\n<p data-start=\"69\" data-end=\"316\"><img fetchpriority=\"high\" decoding=\"async\" class=\"size-full wp-image-46543 aligncenter\" src=\"https:\/\/keluvo.com\/template\/wp-content\/uploads\/sites\/5\/2025\/12\/102224-ezgif.com-video-to-webp-converter-3.webp\" alt=\"\" width=\"500\" height=\"889\" \/><\/p>\n<h2 style=\"text-align: center;\" data-start=\"603\" data-end=\"622\">\u2b50 Hovedfordeler<\/h2>\n<p data-start=\"625\" data-end=\"704\">\u2699\ufe0f Automatisk beltestramming &#8211; Innebygd fj\u00e6r justerer spenningen automatisk.<\/p>\n<p data-start=\"707\" data-end=\"779\">\ud83d\udee0\ufe0f Ingen remglidning &#8211; Rillet drivhjul holder beltet sentrert.<\/p>\n<p data-start=\"782\" data-end=\"852\">\ud83e\uddf1 Karosseri i aluminiumslegering &#8211; Sterk, slitesterk og slitesterk.<\/p>\n<p data-start=\"855\" data-end=\"922\">\ud83d\udd04 Dobbel lagerdesign &#8211; Jevn, stabil og rask drift.<\/p>\n<p data-start=\"925\" data-end=\"990\">\ud83e\uddf0 Bred kompatibilitet &#8211; Passer til 100\/115\/125 vinkelslipere.<\/p>\n<p data-start=\"925\" data-end=\"990\"><img decoding=\"async\" class=\"size-full wp-image-46542 aligncenter\" src=\"https:\/\/keluvo.com\/template\/wp-content\/uploads\/sites\/5\/2025\/12\/102225-ezgif.com-video-to-webp-converter-2.webp\" alt=\"\" width=\"500\" height=\"889\" \/><\/p>\n<h2 style=\"text-align: center;\" data-start=\"992\" data-end=\"1012\">\ud83e\uddd1\u200d\ud83d\udd27 Slik Bruker Du Den<\/h2>\n<ol data-start=\"1013\" data-end=\"1232\">\n<li data-start=\"1013\" data-end=\"1057\">\n<p data-start=\"1016\" data-end=\"1057\">Sl\u00e5 av og koble fra vinkelsliperen.<\/p>\n<\/li>\n<li data-start=\"1058\" data-end=\"1118\">\n<p data-start=\"1061\" data-end=\"1118\">Monter braketten og drivakselen p\u00e5 sliperen.<\/p>\n<\/li>\n<li data-start=\"1119\" data-end=\"1161\">\n<p data-start=\"1122\" data-end=\"1161\">Monter slipebeltet over hjulene.<\/p>\n<\/li>\n<li data-start=\"1162\" data-end=\"1199\">\n<p data-start=\"1165\" data-end=\"1199\">Juster og kontroller beltejusteringen.<\/p>\n<\/li>\n<li data-start=\"1200\" data-end=\"1232\">\n<p data-start=\"1203\" data-end=\"1232\">Sl\u00e5 p\u00e5 og begynn \u00e5 slipe.<\/p>\n<\/li>\n<\/ol>\n<h2 style=\"text-align: center;\" data-start=\"1234\" data-end=\"1256\">\ud83d\udccf Produktdetaljer<\/h2>\n<ul data-start=\"1257\" data-end=\"1449\">\n<li data-start=\"1308\" data-end=\"1336\">\n<p data-start=\"1310\" data-end=\"1336\">Materiale: Aluminiumslegering<\/p>\n<\/li>\n<li data-start=\"1402\" data-end=\"1449\">\n<p data-start=\"1404\" data-end=\"1449\">Kompatible slipemaskiner: 100\/115\/125-modeller<\/p>\n<\/li>\n<\/ul>\n<h2 style=\"text-align: center;\" data-start=\"1451\" data-end=\"1474\">\ud83d\udce6 Pakken inneholder<\/h2>\n<ul data-start=\"1475\" data-end=\"1599\" data-is-last-node=\"\" data-is-only-node=\"\">\n<li data-start=\"1475\" data-end=\"1504\">\n<p data-start=\"1477\" data-end=\"1504\">1x vinkelsliperbrakett<\/p>\n<\/li>\n<li data-start=\"1505\" data-end=\"1526\">\n<p data-start=\"1507\" data-end=\"1526\">1x drivaksel<\/p>\n<\/li>\n<li data-start=\"1527\" data-end=\"1552\">\n<p data-start=\"1529\" data-end=\"1552\">2x slipeb\u00e5nd.<\/p>\n<\/li>\n<\/ul>\n","protected":false},"excerpt":{"rendered":"<p>Gj\u00f8r Vinkelsliperen Din Om Til En Kraftig B\u00e5ndsliper P\u00e5 F\u00e5 Minutter.\ud83d\udd27\u00a0 Denne vinkelslipemaskinen gj\u00f8r enkelt om en standard vinkelsliper til [&hellip;]<\/p>\n","protected":false},"featured_media":64882,"comment_status":"open","ping_status":"closed","template":"","meta":{"site-sidebar-layout":"default","site-content-layout":"","ast-site-content-layout":"default","site-content-style":"default","site-sidebar-style":"default","ast-global-header-display":"","ast-banner-title-visibility":"","ast-main-header-display":"","ast-hfb-above-header-display":"","ast-hfb-below-header-display":"","ast-hfb-mobile-header-display":"","site-post-title":"","ast-breadcrumbs-content":"","ast-featured-img":"","footer-sml-layout":"","theme-transparent-header-meta":"default","adv-header-id-meta":"","stick-header-meta":"","header-above-stick-meta":"","header-main-stick-meta":"","header-below-stick-meta":"","astra-migrate-meta-layouts":"set","ast-page-background-enabled":"default","ast-page-background-meta":{"desktop":{"background-color":"var(--ast-global-color-4)","background-image":"","background-repeat":"repeat","background-position":"center center","background-size":"auto","background-attachment":"scroll","background-type":"","background-media":"","overlay-type":"","overlay-color":"","overlay-opacity":"","overlay-gradient":""},"tablet":{"background-color":"","background-image":"","background-repeat":"repeat","background-position":"center center","background-size":"auto","background-attachment":"scroll","background-type":"","background-media":"","overlay-type":"","overlay-color":"","overlay-opacity":"","overlay-gradient":""},"mobile":{"background-color":"","background-image":"","background-repeat":"repeat","background-position":"center center","background-size":"auto","background-attachment":"scroll","background-type":"","background-media":"","overlay-type":"","overlay-color":"","overlay-opacity":"","overlay-gradient":""}},"ast-content-background-meta":{"desktop":{"background-color":"var(--ast-global-color-5)","background-image":"","background-repeat":"repeat","background-position":"center center","background-size":"auto","background-attachment":"scroll","background-type":"","background-media":"","overlay-type":"","overlay-color":"","overlay-opacity":"","overlay-gradient":""},"tablet":{"background-color":"var(--ast-global-color-5)","background-image":"","background-repeat":"repeat","background-position":"center center","background-size":"auto","background-attachment":"scroll","background-type":"","background-media":"","overlay-type":"","overlay-color":"","overlay-opacity":"","overlay-gradient":""},"mobile":{"background-color":"var(--ast-global-color-5)","background-image":"","background-repeat":"repeat","background-position":"center center","background-size":"auto","background-attachment":"scroll","background-type":"","background-media":"","overlay-type":"","overlay-color":"","overlay-opacity":"","overlay-gradient":""}}},"product_brand":[],"product_cat":[996],"product_tag":[],"class_list":{"0":"post-64886","1":"product","2":"type-product","3":"status-publish","4":"has-post-thumbnail","6":"product_cat-verktoy","7":"desktop-align-left","8":"tablet-align-left","9":"mobile-align-left","11":"first","12":"instock","13":"shipping-taxable","14":"purchasable","15":"product-type-simple"},"_links":{"self":[{"href":"https:\/\/keluvo.com\/no\/wp-json\/wp\/v2\/product\/64886","targetHints":{"allow":["GET"]}}],"collection":[{"href":"https:\/\/keluvo.com\/no\/wp-json\/wp\/v2\/product"}],"about":[{"href":"https:\/\/keluvo.com\/no\/wp-json\/wp\/v2\/types\/product"}],"replies":[{"embeddable":true,"href":"https:\/\/keluvo.com\/no\/wp-json\/wp\/v2\/comments?post=64886"}],"wp:featuredmedia":[{"embeddable":true,"href":"https:\/\/keluvo.com\/no\/wp-json\/wp\/v2\/media\/64882"}],"wp:attachment":[{"href":"https:\/\/keluvo.com\/no\/wp-json\/wp\/v2\/media?parent=64886"}],"wp:term":[{"taxonomy":"product_brand","embeddable":true,"href":"https:\/\/keluvo.com\/no\/wp-json\/wp\/v2\/product_brand?post=64886"},{"taxonomy":"product_cat","embeddable":true,"href":"https:\/\/keluvo.com\/no\/wp-json\/wp\/v2\/product_cat?post=64886"},{"taxonomy":"product_tag","embeddable":true,"href":"https:\/\/keluvo.com\/no\/wp-json\/wp\/v2\/product_tag?post=64886"}],"curies":[{"name":"wp","href":"https:\/\/api.w.org\/{rel}","templated":true}]}}