{"id":64877,"date":"2025-12-22T20:23:59","date_gmt":"2025-12-22T18:23:59","guid":{"rendered":"https:\/\/keluvo.com\/no\/produkt\/fiskeskjeller-2\/"},"modified":"2025-12-22T21:22:48","modified_gmt":"2025-12-22T19:22:48","slug":"fiskeskjeller-2","status":"publish","type":"product","link":"https:\/\/keluvo.com\/no\/produkt\/fiskeskjeller-2\/","title":{"rendered":"Fiskeskjeller"},"content":{"rendered":"<p style=\"text-align: center;\" data-start=\"0\" data-end=\"55\"><strong data-start=\"0\" data-end=\"55\">Fjern Fiskeskjell Raskt Og Rent Med Mindre Innsats.<\/strong><span style=\"font-size: 16px; font-style: normal; font-weight: 400;\">\ud83d\udc1f<\/span><\/p>\n<p style=\"text-align: center;\" data-start=\"57\" data-end=\"258\">Denne fiskeskaleren er designet for raskt og trygt \u00e5 fjerne skjell fra alle typer fisk. Den skarpe kanten i rustfritt st\u00e5l gj\u00f8r avkalkingen enkel, ren og effektiv, b\u00e5de for hjemmekj\u00f8kken og profesjonell bruk. Denne profesjonelle fiskeskaleren hjelper deg med \u00e5 avkalke fisk uten rot eller problemer. Det ergonomiske h\u00e5ndtaket gir deg full kontroll, mens den skarpe sagtannkanten fjerner skjellene jevnt uten \u00e5 skade fisken.<\/p>\n<p data-start=\"57\" data-end=\"258\"><img fetchpriority=\"high\" decoding=\"async\" class=\"size-full wp-image-46536 aligncenter\" src=\"https:\/\/keluvo.com\/template\/wp-content\/uploads\/sites\/5\/2025\/12\/102222-ezgif.com-video-to-webp-converter-3.webp\" alt=\"\" width=\"500\" height=\"500\" \/><\/p>\n<h2 style=\"text-align: center;\" data-start=\"514\" data-end=\"533\">\u2b50 Hovedfordeler<\/h2>\n<p data-start=\"536\" data-end=\"605\">\ud83d\udd2a Skarp sagtannkant &#8211; Fjerner skjell raskt og effektivt.<\/p>\n<p data-start=\"608\" data-end=\"663\">\ud83e\uddfc Enkel \u00e5 rengj\u00f8re &#8211; Glatt overflate i rustfritt st\u00e5l.<\/p>\n<p data-start=\"666\" data-end=\"714\">\ud83e\udd32 Komfortabelt grep &#8211; Reduserer tretthet i hendene.<\/p>\n<p data-start=\"717\" data-end=\"774\">\ud83d\udc20 Flerbruksverkt\u00f8y &#8211; Skrape og avkalkingsmiddel i ett.<\/p>\n<p data-start=\"777\" data-end=\"849\">\ud83d\udee1\ufe0f Rustfritt st\u00e5l av matvarekvalitet &#8211; Sikkert, rustbestandig og holdbart.<\/p>\n<p data-start=\"777\" data-end=\"849\"><img decoding=\"async\" class=\"size-full wp-image-46535 aligncenter\" src=\"https:\/\/keluvo.com\/template\/wp-content\/uploads\/sites\/5\/2025\/12\/102223-ezgif.com-video-to-webp-converter-2.webp\" alt=\"\" width=\"500\" height=\"500\" \/><\/p>\n<h2 style=\"text-align: center;\" data-start=\"851\" data-end=\"868\">\ud83e\uddf0 Slik Bruker Du Det<\/h2>\n<ol data-start=\"869\" data-end=\"1082\">\n<li data-start=\"869\" data-end=\"907\">\n<p data-start=\"872\" data-end=\"907\">Hold fisken godt fast i halen.<\/p>\n<\/li>\n<li data-start=\"908\" data-end=\"952\">\n<p data-start=\"911\" data-end=\"952\">Legg skjellskraperen mot fiskeskinnet.<\/p>\n<\/li>\n<li data-start=\"953\" data-end=\"1005\">\n<p data-start=\"956\" data-end=\"1005\">Skrap fra hale til hode med et forsiktig trykk.<\/p>\n<\/li>\n<li data-start=\"1006\" data-end=\"1047\">\n<p data-start=\"1009\" data-end=\"1047\">Skyll fisken og skjellskraperen etter bruk.<\/p>\n<\/li>\n<li data-start=\"1048\" data-end=\"1082\">\n<p data-start=\"1051\" data-end=\"1082\">Rengj\u00f8r og oppbevar til neste gang.<\/p>\n<\/li>\n<\/ol>\n<h2 style=\"text-align: center;\" data-start=\"1084\" data-end=\"1106\">\ud83d\udccf Produktdetaljer<\/h2>\n<ul data-start=\"1107\" data-end=\"1278\">\n<li data-start=\"1137\" data-end=\"1166\">\n<p data-start=\"1139\" data-end=\"1166\">Materiale: Rustfritt st\u00e5l<\/p>\n<\/li>\n<li data-start=\"1167\" data-end=\"1184\">\n<p data-start=\"1169\" data-end=\"1184\">Farge: S\u00f8lv<\/p>\n<\/li>\n<li data-start=\"1185\" data-end=\"1225\">\n<p data-start=\"1187\" data-end=\"1225\">St\u00f8rrelse: 16,2 x 5,8 cm<\/p>\n<\/li>\n<li data-start=\"1226\" data-end=\"1278\">\n<p data-start=\"1228\" data-end=\"1278\">Anvendelse: Hjemmekj\u00f8kken, sj\u00f8matmarkeder, restauranter<\/p>\n<\/li>\n<\/ul>\n<h2 style=\"text-align: center;\" data-start=\"1280\" data-end=\"1303\">\ud83d\udce6 Pakken inkluderer<\/h2>\n<ul data-start=\"1304\" data-end=\"1344\" data-is-last-node=\"\" data-is-only-node=\"\">\n<li data-start=\"1304\" data-end=\"1344\" data-is-last-node=\"\">\n<p data-start=\"1306\" data-end=\"1344\" data-is-last-node=\"\">1x fiskeskjeller i rustfritt st\u00e5l.<\/p>\n<\/li>\n<\/ul>\n","protected":false},"excerpt":{"rendered":"<p>Fjern Fiskeskjell Raskt Og Rent Med Mindre Innsats.\ud83d\udc1f Denne fiskeskaleren er designet for raskt og trygt \u00e5 fjerne skjell fra [&hellip;]<\/p>\n","protected":false},"featured_media":64873,"comment_status":"open","ping_status":"closed","template":"","meta":{"site-sidebar-layout":"default","site-content-layout":"","ast-site-content-layout":"default","site-content-style":"default","site-sidebar-style":"default","ast-global-header-display":"","ast-banner-title-visibility":"","ast-main-header-display":"","ast-hfb-above-header-display":"","ast-hfb-below-header-display":"","ast-hfb-mobile-header-display":"","site-post-title":"","ast-breadcrumbs-content":"","ast-featured-img":"","footer-sml-layout":"","theme-transparent-header-meta":"default","adv-header-id-meta":"","stick-header-meta":"","header-above-stick-meta":"","header-main-stick-meta":"","header-below-stick-meta":"","astra-migrate-meta-layouts":"set","ast-page-background-enabled":"default","ast-page-background-meta":{"desktop":{"background-color":"var(--ast-global-color-4)","background-image":"","background-repeat":"repeat","background-position":"center center","background-size":"auto","background-attachment":"scroll","background-type":"","background-media":"","overlay-type":"","overlay-color":"","overlay-opacity":"","overlay-gradient":""},"tablet":{"background-color":"","background-image":"","background-repeat":"repeat","background-position":"center center","background-size":"auto","background-attachment":"scroll","background-type":"","background-media":"","overlay-type":"","overlay-color":"","overlay-opacity":"","overlay-gradient":""},"mobile":{"background-color":"","background-image":"","background-repeat":"repeat","background-position":"center center","background-size":"auto","background-attachment":"scroll","background-type":"","background-media":"","overlay-type":"","overlay-color":"","overlay-opacity":"","overlay-gradient":""}},"ast-content-background-meta":{"desktop":{"background-color":"var(--ast-global-color-5)","background-image":"","background-repeat":"repeat","background-position":"center center","background-size":"auto","background-attachment":"scroll","background-type":"","background-media":"","overlay-type":"","overlay-color":"","overlay-opacity":"","overlay-gradient":""},"tablet":{"background-color":"var(--ast-global-color-5)","background-image":"","background-repeat":"repeat","background-position":"center center","background-size":"auto","background-attachment":"scroll","background-type":"","background-media":"","overlay-type":"","overlay-color":"","overlay-opacity":"","overlay-gradient":""},"mobile":{"background-color":"var(--ast-global-color-5)","background-image":"","background-repeat":"repeat","background-position":"center center","background-size":"auto","background-attachment":"scroll","background-type":"","background-media":"","overlay-type":"","overlay-color":"","overlay-opacity":"","overlay-gradient":""}}},"product_brand":[],"product_cat":[1001],"product_tag":[],"class_list":{"0":"post-64877","1":"product","2":"type-product","3":"status-publish","4":"has-post-thumbnail","6":"product_cat-husholdningsartikler","7":"desktop-align-left","8":"tablet-align-left","9":"mobile-align-left","11":"first","12":"instock","13":"shipping-taxable","14":"purchasable","15":"product-type-simple"},"_links":{"self":[{"href":"https:\/\/keluvo.com\/no\/wp-json\/wp\/v2\/product\/64877","targetHints":{"allow":["GET"]}}],"collection":[{"href":"https:\/\/keluvo.com\/no\/wp-json\/wp\/v2\/product"}],"about":[{"href":"https:\/\/keluvo.com\/no\/wp-json\/wp\/v2\/types\/product"}],"replies":[{"embeddable":true,"href":"https:\/\/keluvo.com\/no\/wp-json\/wp\/v2\/comments?post=64877"}],"wp:featuredmedia":[{"embeddable":true,"href":"https:\/\/keluvo.com\/no\/wp-json\/wp\/v2\/media\/64873"}],"wp:attachment":[{"href":"https:\/\/keluvo.com\/no\/wp-json\/wp\/v2\/media?parent=64877"}],"wp:term":[{"taxonomy":"product_brand","embeddable":true,"href":"https:\/\/keluvo.com\/no\/wp-json\/wp\/v2\/product_brand?post=64877"},{"taxonomy":"product_cat","embeddable":true,"href":"https:\/\/keluvo.com\/no\/wp-json\/wp\/v2\/product_cat?post=64877"},{"taxonomy":"product_tag","embeddable":true,"href":"https:\/\/keluvo.com\/no\/wp-json\/wp\/v2\/product_tag?post=64877"}],"curies":[{"name":"wp","href":"https:\/\/api.w.org\/{rel}","templated":true}]}}