{"id":64868,"date":"2025-12-22T20:22:58","date_gmt":"2025-12-22T18:22:58","guid":{"rendered":"https:\/\/keluvo.com\/no\/produkt\/alt-i-ett-verktoysett-for-kraner\/"},"modified":"2025-12-29T10:49:21","modified_gmt":"2025-12-29T08:49:21","slug":"alt-i-ett-verktoysett-for-kraner","status":"publish","type":"product","link":"https:\/\/keluvo.com\/no\/produkt\/alt-i-ett-verktoysett-for-kraner\/","title":{"rendered":"Alt-i-ett-verkt\u00f8ysett for kraner"},"content":{"rendered":"<div class=\"flex max-w-full flex-col grow\">\n<div class=\"min-h-8 text-message relative flex w-full flex-col items-end gap-2 text-start break-words whitespace-normal [.text-message+&amp;]:mt-1\" dir=\"auto\" data-message-author-role=\"assistant\" data-message-id=\"1cd7bf37-2587-4a26-b24e-75fe5085b8a6\" data-message-model-slug=\"gpt-5-2\">\n<div class=\"flex w-full flex-col gap-1 empty:hidden first:pt-[1px]\">\n<div class=\"markdown prose dark:prose-invert w-full break-words light markdown-new-styling\">\n<p style=\"text-align: center;\" data-start=\"0\" data-end=\"75\"><strong data-start=\"0\" data-end=\"75\">Fiks Og Vedlikehold Kraner Enkelt Med Ett Kompakt Alt-I-Ett-N\u00f8kkelsett.<\/strong><span style=\"font-size: 16px; font-style: normal; font-weight: 400;\">\ud83d\udd27<\/span><\/p>\n<p style=\"text-align: center;\" data-start=\"77\" data-end=\"321\">Dette alt-i-ett-verkt\u00f8ysettet for kraner hjelper deg med \u00e5 installere, fjerne og reparere kj\u00f8kken- og baderomskraner uten problemer. Den smarte designen lar deg n\u00e5 trange steder og h\u00e5ndtere vanlige krandeler, noe som sparer tid og krefter under vedlikehold. Denne multifunksjonelle skiften\u00f8kkelen er ideell for \u00e5 fjerne kranluftere, ventilkjerner og beslag i vasker og dusjsystemer. Det ergonomiske h\u00e5ndtaket gir deg et sikkert grep, noe som gj\u00f8r det behagelig for b\u00e5de gj\u00f8r-det-selv-brukere og profesjonelle.<\/p>\n<p data-start=\"77\" data-end=\"321\"><img fetchpriority=\"high\" decoding=\"async\" class=\"size-full wp-image-46530 aligncenter\" src=\"https:\/\/keluvo.com\/template\/wp-content\/uploads\/sites\/5\/2025\/12\/102221-ezgif.com-video-to-webp-converter-4.webp\" alt=\"\" width=\"500\" height=\"500\" \/><\/p>\n<h2 style=\"text-align: center;\" data-start=\"596\" data-end=\"615\">\u2b50 Hovedfordeler<\/h2>\n<p data-start=\"618\" data-end=\"682\">\ud83d\udee0\ufe0f Alt-i-ett-design \u2013 Ett verkt\u00f8y for flere kranoppgaver.<\/p>\n<p data-start=\"685\" data-end=\"743\">\ud83e\udd32 Komfortabelt grep \u2013 Reduserer belastningen p\u00e5 h\u00e5nden under bruk.<\/p>\n<p data-start=\"746\" data-end=\"809\">\ud83d\udeb0 Perfekt for trange rom \u2013 Ideell for vasker og kraner.<\/p>\n<p data-start=\"812\" data-end=\"865\">\ud83e\uddf1 Sterk og holdbar \u2013 Bygget for langvarig bruk.<\/p>\n<p data-start=\"868\" data-end=\"923\">\ud83c\udf92 Kompakt og b\u00e6rbar \u2013 Enkel \u00e5 oppbevare og b\u00e6re.<\/p>\n<p data-start=\"868\" data-end=\"923\"><img decoding=\"async\" class=\"size-full wp-image-46533 aligncenter\" src=\"https:\/\/keluvo.com\/template\/wp-content\/uploads\/sites\/5\/2025\/12\/102220-ezgif.com-video-to-webp-converter-3.webp\" alt=\"\" width=\"500\" height=\"500\" \/><\/p>\n<h2 style=\"text-align: center;\" data-start=\"925\" data-end=\"942\">\ud83e\uddf0 Slik Bruker Du Det<\/h2>\n<ol data-start=\"943\" data-end=\"1189\">\n<li data-start=\"943\" data-end=\"996\">\n<p data-start=\"946\" data-end=\"996\">Velg riktig \u00e5pning for kranens del.<\/p>\n<\/li>\n<li data-start=\"997\" data-end=\"1050\">\n<p data-start=\"1000\" data-end=\"1050\">Plasser n\u00f8kkelen p\u00e5 lufteventilen eller ventilkjernen.<\/p>\n<\/li>\n<li data-start=\"1051\" data-end=\"1089\">\n<p data-start=\"1054\" data-end=\"1089\">Vri forsiktig for \u00e5 l\u00f8sne eller stramme.<\/p>\n<\/li>\n<li data-start=\"1090\" data-end=\"1148\">\n<p data-start=\"1093\" data-end=\"1148\">Bruk den medf\u00f8lgende sekskantn\u00f8kkelen eller skrutrekkeren om n\u00f8dvendig.<\/p>\n<\/li>\n<li data-start=\"1149\" data-end=\"1189\">\n<p data-start=\"1152\" data-end=\"1189\">Sett kranens del sikkert p\u00e5 plass.<\/p>\n<\/li>\n<\/ol>\n<h2 style=\"text-align: center;\" data-start=\"1191\" data-end=\"1213\">\ud83d\udccf Produktdetaljer<\/h2>\n<ul data-start=\"1214\" data-end=\"1430\">\n<li data-start=\"1270\" data-end=\"1289\">\n<p data-start=\"1272\" data-end=\"1289\">Materiale: Legering<\/p>\n<\/li>\n<li data-start=\"1290\" data-end=\"1323\">\n<p data-start=\"1292\" data-end=\"1323\">Produktst\u00f8rrelse: 10 x 5 x 4,7 cm<\/p>\n<\/li>\n<li data-start=\"1324\" data-end=\"1345\">\n<p data-start=\"1326\" data-end=\"1345\">Nettovekt: 120 g<\/p>\n<\/li>\n<li data-start=\"1372\" data-end=\"1430\">\n<p data-start=\"1374\" data-end=\"1430\">Anvendelse: Kj\u00f8kken- og baderomskraner, dusjhoder<\/p>\n<\/li>\n<\/ul>\n<h2 style=\"text-align: center;\" data-start=\"1432\" data-end=\"1455\">\ud83d\udce6 Pakken inneholder<\/h2>\n<ul data-start=\"1456\" data-end=\"1563\" data-is-last-node=\"\" data-is-only-node=\"\">\n<li data-start=\"1456\" data-end=\"1517\">\n<p data-start=\"1458\" data-end=\"1517\">1x multifunksjonell vedlikeholdsn\u00f8kkel for kj\u00f8kken og bad<\/p>\n<\/li>\n<li data-start=\"1518\" data-end=\"1544\">\n<p data-start=\"1520\" data-end=\"1544\">2x skiften\u00f8kler (2,0 unbrakon\u00f8kkel, 2,5 sekskantn\u00f8kkel)<\/p>\n<\/li>\n<li data-start=\"1545\" data-end=\"1563\" data-is-last-node=\"\">\n<p data-start=\"1547\" data-end=\"1563\" data-is-last-node=\"\">2x skrutrekkere (65 flatt hode, 65 kryss).<\/p>\n<\/li>\n<\/ul>\n<\/div>\n<\/div>\n<\/div>\n<\/div>\n","protected":false},"excerpt":{"rendered":"<p>Fiks Og Vedlikehold Kraner Enkelt Med Ett Kompakt Alt-I-Ett-N\u00f8kkelsett.\ud83d\udd27 Dette alt-i-ett-verkt\u00f8ysettet for kraner hjelper deg med \u00e5 installere, fjerne og [&hellip;]<\/p>\n","protected":false},"featured_media":64864,"comment_status":"open","ping_status":"closed","template":"","meta":{"site-sidebar-layout":"default","site-content-layout":"","ast-site-content-layout":"default","site-content-style":"default","site-sidebar-style":"default","ast-global-header-display":"","ast-banner-title-visibility":"","ast-main-header-display":"","ast-hfb-above-header-display":"","ast-hfb-below-header-display":"","ast-hfb-mobile-header-display":"","site-post-title":"","ast-breadcrumbs-content":"","ast-featured-img":"","footer-sml-layout":"","theme-transparent-header-meta":"default","adv-header-id-meta":"","stick-header-meta":"","header-above-stick-meta":"","header-main-stick-meta":"","header-below-stick-meta":"","astra-migrate-meta-layouts":"set","ast-page-background-enabled":"default","ast-page-background-meta":{"desktop":{"background-color":"var(--ast-global-color-4)","background-image":"","background-repeat":"repeat","background-position":"center center","background-size":"auto","background-attachment":"scroll","background-type":"","background-media":"","overlay-type":"","overlay-color":"","overlay-opacity":"","overlay-gradient":""},"tablet":{"background-color":"","background-image":"","background-repeat":"repeat","background-position":"center center","background-size":"auto","background-attachment":"scroll","background-type":"","background-media":"","overlay-type":"","overlay-color":"","overlay-opacity":"","overlay-gradient":""},"mobile":{"background-color":"","background-image":"","background-repeat":"repeat","background-position":"center center","background-size":"auto","background-attachment":"scroll","background-type":"","background-media":"","overlay-type":"","overlay-color":"","overlay-opacity":"","overlay-gradient":""}},"ast-content-background-meta":{"desktop":{"background-color":"var(--ast-global-color-5)","background-image":"","background-repeat":"repeat","background-position":"center center","background-size":"auto","background-attachment":"scroll","background-type":"","background-media":"","overlay-type":"","overlay-color":"","overlay-opacity":"","overlay-gradient":""},"tablet":{"background-color":"var(--ast-global-color-5)","background-image":"","background-repeat":"repeat","background-position":"center center","background-size":"auto","background-attachment":"scroll","background-type":"","background-media":"","overlay-type":"","overlay-color":"","overlay-opacity":"","overlay-gradient":""},"mobile":{"background-color":"var(--ast-global-color-5)","background-image":"","background-repeat":"repeat","background-position":"center center","background-size":"auto","background-attachment":"scroll","background-type":"","background-media":"","overlay-type":"","overlay-color":"","overlay-opacity":"","overlay-gradient":""}}},"product_brand":[],"product_cat":[1001,996],"product_tag":[],"class_list":{"0":"post-64868","1":"product","2":"type-product","3":"status-publish","4":"has-post-thumbnail","6":"product_cat-husholdningsartikler","7":"product_cat-verktoy","8":"desktop-align-left","9":"tablet-align-left","10":"mobile-align-left","12":"first","13":"instock","14":"shipping-taxable","15":"purchasable","16":"product-type-simple"},"_links":{"self":[{"href":"https:\/\/keluvo.com\/no\/wp-json\/wp\/v2\/product\/64868","targetHints":{"allow":["GET"]}}],"collection":[{"href":"https:\/\/keluvo.com\/no\/wp-json\/wp\/v2\/product"}],"about":[{"href":"https:\/\/keluvo.com\/no\/wp-json\/wp\/v2\/types\/product"}],"replies":[{"embeddable":true,"href":"https:\/\/keluvo.com\/no\/wp-json\/wp\/v2\/comments?post=64868"}],"wp:featuredmedia":[{"embeddable":true,"href":"https:\/\/keluvo.com\/no\/wp-json\/wp\/v2\/media\/64864"}],"wp:attachment":[{"href":"https:\/\/keluvo.com\/no\/wp-json\/wp\/v2\/media?parent=64868"}],"wp:term":[{"taxonomy":"product_brand","embeddable":true,"href":"https:\/\/keluvo.com\/no\/wp-json\/wp\/v2\/product_brand?post=64868"},{"taxonomy":"product_cat","embeddable":true,"href":"https:\/\/keluvo.com\/no\/wp-json\/wp\/v2\/product_cat?post=64868"},{"taxonomy":"product_tag","embeddable":true,"href":"https:\/\/keluvo.com\/no\/wp-json\/wp\/v2\/product_tag?post=64868"}],"curies":[{"name":"wp","href":"https:\/\/api.w.org\/{rel}","templated":true}]}}