{"id":64859,"date":"2025-12-22T20:21:40","date_gmt":"2025-12-22T18:21:40","guid":{"rendered":"https:\/\/keluvo.com\/no\/produkt\/multifunksjonell-elektrisk-kvern\/"},"modified":"2025-12-22T20:21:40","modified_gmt":"2025-12-22T18:21:40","slug":"multifunksjonell-elektrisk-kvern","status":"publish","type":"product","link":"https:\/\/keluvo.com\/no\/produkt\/multifunksjonell-elektrisk-kvern\/","title":{"rendered":"Multifunksjonell elektrisk kvern"},"content":{"rendered":"<p style=\"text-align: center\" data-start=\"0\" data-end=\"80\"><strong data-start=\"0\" data-end=\"80\">Kvern kaffeb\u00f8nner, krydder og n\u00f8tter raskt med \u00e9n kompakt elektrisk kvern.<\/strong><span style=\"font-size: 16px;font-style: normal;font-weight: 400\">\u2615<\/span><\/p>\n<p style=\"text-align: center\" data-start=\"82\" data-end=\"298\">Denne multifunksjonelle elektriske kvernen gir rask og jevn maling med skarpe kniver i rustfritt st\u00e5l og justerbare innstillinger. Den sparer tid p\u00e5 kj\u00f8kkenet og gir deg full kontroll over teksturen, fra grov til fin. Denne kvernen er designet for daglig bruk, og h\u00e5ndterer kaffeb\u00f8nner, urter, krydder, fr\u00f8 og n\u00f8tter med letthet. Det gjennomsiktige lokket lar deg f\u00f8lge med p\u00e5 prosessen, slik at du alltid f\u00e5r den malingen du \u00f8nsker.<\/p>\n<p data-start=\"82\" data-end=\"298\"><img fetchpriority=\"high\" decoding=\"async\" class=\"size-full wp-image-46522 aligncenter\" src=\"https:\/\/keluvo.com\/template\/wp-content\/uploads\/sites\/5\/2025\/12\/102218-ezgif.com-video-to-webp-converter-3.webp\" alt=\"\" width=\"500\" height=\"500\" \/><\/p>\n<h2 style=\"text-align: center\" data-start=\"527\" data-end=\"546\">\u2b50 Hovedfordeler<\/h2>\n<p data-start=\"549\" data-end=\"613\">\u26a1 Rask og jevn kverning \u2013 Skarpe kniver i rustfritt st\u00e5l.<\/p>\n<p data-start=\"616\" data-end=\"680\">\ud83c\udfaf Justerbart malingsniv\u00e5 \u2013 Kontroller fine eller grove resultater.<\/p>\n<p data-start=\"683\" data-end=\"741\">\ud83d\udc40 Gjennomsiktig deksel \u2013 Overv\u00e5k malingen i sanntid.<\/p>\n<p data-start=\"683\" data-end=\"741\">\ud83e\uddfc Enkel \u00e5 rengj\u00f8re \u2013 Enkel design med glatte overflater.<\/p>\n<p data-start=\"806\" data-end=\"872\">\ud83c\udf30 Allsidig bruk \u2013 Kaffe, krydder, n\u00f8tter, urter og mer.<\/p>\n<p data-start=\"806\" data-end=\"872\"><img decoding=\"async\" class=\"size-full wp-image-46521 aligncenter\" src=\"https:\/\/keluvo.com\/template\/wp-content\/uploads\/sites\/5\/2025\/12\/102219-ezgif.com-video-to-webp-converter-3.webp\" alt=\"\" width=\"500\" height=\"500\" \/><\/p>\n<h2 style=\"text-align: center\" data-start=\"874\" data-end=\"892\">\ud83d\udee0\ufe0f Slik bruker du det<\/h2>\n<ol data-start=\"893\" data-end=\"1099\">\n<li data-start=\"893\" data-end=\"938\">\n<p data-start=\"896\" data-end=\"938\">Kontrollerer at kniven sitter godt fast.<\/p>\n<\/li>\n<li data-start=\"939\" data-end=\"980\">\n<p data-start=\"942\" data-end=\"980\">Tilsett ingredienser (ikke over 50 g).<\/p>\n<\/li>\n<li data-start=\"981\" data-end=\"1021\">\n<p data-start=\"984\" data-end=\"1021\">Lukk og l\u00e5s det gjennomsiktige lokket.<\/p>\n<\/li>\n<li data-start=\"1022\" data-end=\"1053\">\n<p data-start=\"1025\" data-end=\"1053\">Trykk p\u00e5 knappen for \u00e5 kverne.<\/p>\n<\/li>\n<li data-start=\"1054\" data-end=\"1099\">\n<p data-start=\"1057\" data-end=\"1099\">Trekk ut st\u00f8pselet og hell ut det malte innholdet.<\/p>\n<\/li>\n<\/ol>\n<h2 style=\"text-align: center\" data-start=\"1101\" data-end=\"1123\">\ud83d\udccf Produktdetaljer<\/h2>\n<ul data-start=\"1124\" data-end=\"1325\">\n<li data-start=\"1175\" data-end=\"1190\">\n<p data-start=\"1177\" data-end=\"1190\">Farge: Bl\u00e5<\/p>\n<\/li>\n<li data-start=\"1191\" data-end=\"1226\">\n<p data-start=\"1193\" data-end=\"1226\">Materiale: Rustfritt st\u00e5l + ABS<\/p>\n<\/li>\n<li data-start=\"1227\" data-end=\"1249\">\n<p data-start=\"1229\" data-end=\"1249\">Spenning: 111V\u2013240V<\/p>\n<\/li>\n<li data-start=\"1250\" data-end=\"1284\">\n<p data-start=\"1252\" data-end=\"1284\">Kontrolltype: Knappbetjening<\/p>\n<\/li>\n<li data-start=\"1285\" data-end=\"1325\">\n<p data-start=\"1287\" data-end=\"1325\">Malingskapasitet: Opptil 50 g per bruk<\/p>\n<\/li>\n<li data-start=\"1285\" data-end=\"1325\">Str\u00f8m: EU-plugg<\/li>\n<\/ul>\n<h2 style=\"text-align: center\" data-start=\"1327\" data-end=\"1350\">\ud83d\udce6 Pakken inkluderer<\/h2>\n<ul data-start=\"1351\" data-end=\"1438\" data-is-last-node=\"\" data-is-only-node=\"\">\n<li data-start=\"1351\" data-end=\"1375\">\n<p data-start=\"1353\" data-end=\"1375\">1x elektrisk kvern.<\/p>\n<\/li>\n<\/ul>\n","protected":false},"excerpt":{"rendered":"<p>Kvern kaffeb\u00f8nner, krydder og n\u00f8tter raskt med \u00e9n kompakt elektrisk kvern.\u2615 Denne multifunksjonelle elektriske kvernen gir rask og jevn maling [&hellip;]<\/p>\n","protected":false},"featured_media":64855,"comment_status":"open","ping_status":"closed","template":"","meta":{"site-sidebar-layout":"default","site-content-layout":"","ast-site-content-layout":"default","site-content-style":"default","site-sidebar-style":"default","ast-global-header-display":"","ast-banner-title-visibility":"","ast-main-header-display":"","ast-hfb-above-header-display":"","ast-hfb-below-header-display":"","ast-hfb-mobile-header-display":"","site-post-title":"","ast-breadcrumbs-content":"","ast-featured-img":"","footer-sml-layout":"","theme-transparent-header-meta":"default","adv-header-id-meta":"","stick-header-meta":"","header-above-stick-meta":"","header-main-stick-meta":"","header-below-stick-meta":"","astra-migrate-meta-layouts":"set","ast-page-background-enabled":"default","ast-page-background-meta":{"desktop":{"background-color":"var(--ast-global-color-4)","background-image":"","background-repeat":"repeat","background-position":"center center","background-size":"auto","background-attachment":"scroll","background-type":"","background-media":"","overlay-type":"","overlay-color":"","overlay-opacity":"","overlay-gradient":""},"tablet":{"background-color":"","background-image":"","background-repeat":"repeat","background-position":"center center","background-size":"auto","background-attachment":"scroll","background-type":"","background-media":"","overlay-type":"","overlay-color":"","overlay-opacity":"","overlay-gradient":""},"mobile":{"background-color":"","background-image":"","background-repeat":"repeat","background-position":"center center","background-size":"auto","background-attachment":"scroll","background-type":"","background-media":"","overlay-type":"","overlay-color":"","overlay-opacity":"","overlay-gradient":""}},"ast-content-background-meta":{"desktop":{"background-color":"var(--ast-global-color-5)","background-image":"","background-repeat":"repeat","background-position":"center center","background-size":"auto","background-attachment":"scroll","background-type":"","background-media":"","overlay-type":"","overlay-color":"","overlay-opacity":"","overlay-gradient":""},"tablet":{"background-color":"var(--ast-global-color-5)","background-image":"","background-repeat":"repeat","background-position":"center center","background-size":"auto","background-attachment":"scroll","background-type":"","background-media":"","overlay-type":"","overlay-color":"","overlay-opacity":"","overlay-gradient":""},"mobile":{"background-color":"var(--ast-global-color-5)","background-image":"","background-repeat":"repeat","background-position":"center center","background-size":"auto","background-attachment":"scroll","background-type":"","background-media":"","overlay-type":"","overlay-color":"","overlay-opacity":"","overlay-gradient":""}}},"product_brand":[],"product_cat":[1001],"product_tag":[],"class_list":{"0":"post-64859","1":"product","2":"type-product","3":"status-publish","4":"has-post-thumbnail","6":"product_cat-husholdningsartikler","7":"desktop-align-left","8":"tablet-align-left","9":"mobile-align-left","11":"first","12":"instock","13":"shipping-taxable","14":"purchasable","15":"product-type-simple"},"_links":{"self":[{"href":"https:\/\/keluvo.com\/no\/wp-json\/wp\/v2\/product\/64859","targetHints":{"allow":["GET"]}}],"collection":[{"href":"https:\/\/keluvo.com\/no\/wp-json\/wp\/v2\/product"}],"about":[{"href":"https:\/\/keluvo.com\/no\/wp-json\/wp\/v2\/types\/product"}],"replies":[{"embeddable":true,"href":"https:\/\/keluvo.com\/no\/wp-json\/wp\/v2\/comments?post=64859"}],"wp:featuredmedia":[{"embeddable":true,"href":"https:\/\/keluvo.com\/no\/wp-json\/wp\/v2\/media\/64855"}],"wp:attachment":[{"href":"https:\/\/keluvo.com\/no\/wp-json\/wp\/v2\/media?parent=64859"}],"wp:term":[{"taxonomy":"product_brand","embeddable":true,"href":"https:\/\/keluvo.com\/no\/wp-json\/wp\/v2\/product_brand?post=64859"},{"taxonomy":"product_cat","embeddable":true,"href":"https:\/\/keluvo.com\/no\/wp-json\/wp\/v2\/product_cat?post=64859"},{"taxonomy":"product_tag","embeddable":true,"href":"https:\/\/keluvo.com\/no\/wp-json\/wp\/v2\/product_tag?post=64859"}],"curies":[{"name":"wp","href":"https:\/\/api.w.org\/{rel}","templated":true}]}}