{"id":64842,"date":"2025-12-22T20:20:33","date_gmt":"2025-12-22T18:20:33","guid":{"rendered":"https:\/\/keluvo.com\/no\/produkt\/gravitasjonsmater-med-vanndispenser\/"},"modified":"2025-12-22T21:19:12","modified_gmt":"2025-12-22T19:19:12","slug":"gravitasjonsmater-med-vanndispenser","status":"publish","type":"product","link":"https:\/\/keluvo.com\/no\/produkt\/gravitasjonsmater-med-vanndispenser\/","title":{"rendered":"Gravitasjonsmater med vanndispenser"},"content":{"rendered":"<p style=\"text-align: center;\" data-start=\"0\" data-end=\"60\"><strong data-start=\"0\" data-end=\"60\">Hold kj\u00e6ledyret ditt mett og hydrert hele dagen uten problemer.<\/strong><span style=\"font-size: 16px; font-style: normal; font-weight: 400;\">\ud83d\udc3e\u00a0<\/span><\/p>\n<p style=\"text-align: center;\" data-start=\"62\" data-end=\"329\">Denne gravitasjonsmateren med vanndispenser fyller automatisk p\u00e5 mat og vann ved hjelp av tyngdekraften, slik at katten eller hunden din alltid har tilgang til ferske m\u00e5ltider og rent vann. Den doble tankdesignen holder mat og vann adskilt, samtidig som du opprettholder et ryddig og hygienisk f\u00f4ringsomr\u00e5de. Denne f\u00f4ringsautomaten er perfekt for travle dyreeiere, og gj\u00f8r det mulig \u00e5 redusere daglig p\u00e5fylling og opprettholde en jevn f\u00f4ringsrutine. Den synlige skalaen lar deg sjekke niv\u00e5ene p\u00e5 et \u00f8yeblikk, mens anti-mugg-teknologi holder mat og vann friskt lenger.<\/p>\n<p data-start=\"62\" data-end=\"329\"><img fetchpriority=\"high\" decoding=\"async\" class=\"size-full wp-image-46507 aligncenter\" src=\"https:\/\/keluvo.com\/template\/wp-content\/uploads\/sites\/5\/2025\/12\/102216-ezgif.com-video-to-webp-converter-5.webp\" alt=\"\" width=\"500\" height=\"500\" \/><\/p>\n<h2 style=\"text-align: center;\" data-start=\"598\" data-end=\"617\"><strong>Hovedfordeler<\/strong><\/h2>\n<p data-start=\"620\" data-end=\"693\">\ud83c\udf00 Gravitasjonsmatet system &#8211; automatisk p\u00e5fylling uten behov for str\u00f8m.<\/p>\n<p data-start=\"696\" data-end=\"761\">\ud83d\udc40 Synlig skala &#8211; enkel overv\u00e5king av mat- og vanniv\u00e5er.<\/p>\n<p data-start=\"764\" data-end=\"824\">\ud83e\uddfc Anti-mugg-design &#8211; holder f\u00f4ringen ren og hygienisk.<\/p>\n<p data-start=\"764\" data-end=\"824\">\ud83d\udc36\ud83d\udc31 For katter og hunder &#8211; Passer til flere st\u00f8rrelser kj\u00e6ledyr.<\/p>\n<p data-start=\"892\" data-end=\"947\">\ud83c\udfe0 Kompakt og lett &#8211; Lett \u00e5 plassere hvor som helst.<\/p>\n<p data-start=\"892\" data-end=\"947\"><img decoding=\"async\" class=\"size-full wp-image-46506 aligncenter\" src=\"https:\/\/keluvo.com\/template\/wp-content\/uploads\/sites\/5\/2025\/12\/102217-ezgif.com-video-to-webp-converter-4.webp\" alt=\"\" width=\"500\" height=\"500\" \/><\/p>\n<h2 style=\"text-align: center;\" data-start=\"949\" data-end=\"966\"><strong>Slik Bruker Du Den<\/strong><\/h2>\n<ol data-start=\"967\" data-end=\"1110\">\n<li data-start=\"967\" data-end=\"1002\">\n<p data-start=\"970\" data-end=\"1002\">\u00c5pne mat- og vanntankene.<\/p>\n<\/li>\n<li data-start=\"1003\" data-end=\"1043\">\n<p data-start=\"1006\" data-end=\"1043\">Fyll med t\u00f8rrf\u00f4r og rent vann.<\/p>\n<\/li>\n<li data-start=\"1044\" data-end=\"1080\">\n<p data-start=\"1047\" data-end=\"1080\">Fest tankene p\u00e5 plass.<\/p>\n<\/li>\n<li data-start=\"1081\" data-end=\"1110\">\n<p data-start=\"1084\" data-end=\"1110\">La tyngdekraften gj\u00f8re jobben.<\/p>\n<\/li>\n<\/ol>\n<h2 style=\"text-align: center;\" data-start=\"1112\" data-end=\"1134\"><strong>Produktdetaljer<\/strong><\/h2>\n<ul data-start=\"1135\" data-end=\"1363\">\n<li data-start=\"1196\" data-end=\"1225\">\n<p data-start=\"1198\" data-end=\"1225\">Materiale: Slitesterk plast<\/p>\n<\/li>\n<li data-start=\"1226\" data-end=\"1266\">\n<p data-start=\"1228\" data-end=\"1266\">Design: Dobbel tank med synlig skala<\/p>\n<\/li>\n<li data-start=\"1267\" data-end=\"1301\">\n<p data-start=\"1269\" data-end=\"1301\">Funksjoner: Anti-mold teknologi<\/p>\n<\/li>\n<li data-start=\"1302\" data-end=\"1333\">\n<p data-start=\"1304\" data-end=\"1333\">Egnet for: Katter og hunder<\/p>\n<\/li>\n<li data-start=\"1334\" data-end=\"1363\">\n<p data-start=\"1336\" data-end=\"1363\">Stil: Moderne og kompakt<\/p>\n<\/li>\n<li data-start=\"1334\" data-end=\"1363\">St\u00f8rrelse: 27 x 27 x 24 cm<\/li>\n<\/ul>\n<h2 style=\"text-align: center;\" data-start=\"1365\" data-end=\"1388\"><strong>Pakken inneholder<\/strong><\/h2>\n<ul data-start=\"1389\" data-end=\"1445\" data-is-last-node=\"\" data-is-only-node=\"\">\n<li data-start=\"1389\" data-end=\"1415\">\n<p data-start=\"1391\" data-end=\"1415\">1x gravitasjonsmater for kj\u00e6ledyr med vanndispenser.<\/p>\n<\/li>\n<\/ul>\n","protected":false},"excerpt":{"rendered":"<p>Hold kj\u00e6ledyret ditt mett og hydrert hele dagen uten problemer.\ud83d\udc3e\u00a0 Denne gravitasjonsmateren med vanndispenser fyller automatisk p\u00e5 mat og vann [&hellip;]<\/p>\n","protected":false},"featured_media":64838,"comment_status":"open","ping_status":"closed","template":"","meta":{"site-sidebar-layout":"default","site-content-layout":"","ast-site-content-layout":"default","site-content-style":"default","site-sidebar-style":"default","ast-global-header-display":"","ast-banner-title-visibility":"","ast-main-header-display":"","ast-hfb-above-header-display":"","ast-hfb-below-header-display":"","ast-hfb-mobile-header-display":"","site-post-title":"","ast-breadcrumbs-content":"","ast-featured-img":"","footer-sml-layout":"","theme-transparent-header-meta":"default","adv-header-id-meta":"","stick-header-meta":"","header-above-stick-meta":"","header-main-stick-meta":"","header-below-stick-meta":"","astra-migrate-meta-layouts":"set","ast-page-background-enabled":"default","ast-page-background-meta":{"desktop":{"background-color":"var(--ast-global-color-4)","background-image":"","background-repeat":"repeat","background-position":"center center","background-size":"auto","background-attachment":"scroll","background-type":"","background-media":"","overlay-type":"","overlay-color":"","overlay-opacity":"","overlay-gradient":""},"tablet":{"background-color":"","background-image":"","background-repeat":"repeat","background-position":"center center","background-size":"auto","background-attachment":"scroll","background-type":"","background-media":"","overlay-type":"","overlay-color":"","overlay-opacity":"","overlay-gradient":""},"mobile":{"background-color":"","background-image":"","background-repeat":"repeat","background-position":"center center","background-size":"auto","background-attachment":"scroll","background-type":"","background-media":"","overlay-type":"","overlay-color":"","overlay-opacity":"","overlay-gradient":""}},"ast-content-background-meta":{"desktop":{"background-color":"var(--ast-global-color-5)","background-image":"","background-repeat":"repeat","background-position":"center center","background-size":"auto","background-attachment":"scroll","background-type":"","background-media":"","overlay-type":"","overlay-color":"","overlay-opacity":"","overlay-gradient":""},"tablet":{"background-color":"var(--ast-global-color-5)","background-image":"","background-repeat":"repeat","background-position":"center center","background-size":"auto","background-attachment":"scroll","background-type":"","background-media":"","overlay-type":"","overlay-color":"","overlay-opacity":"","overlay-gradient":""},"mobile":{"background-color":"var(--ast-global-color-5)","background-image":"","background-repeat":"repeat","background-position":"center center","background-size":"auto","background-attachment":"scroll","background-type":"","background-media":"","overlay-type":"","overlay-color":"","overlay-opacity":"","overlay-gradient":""}}},"product_brand":[],"product_cat":[997],"product_tag":[],"class_list":{"0":"post-64842","1":"product","2":"type-product","3":"status-publish","4":"has-post-thumbnail","6":"product_cat-husdyrprodukter","7":"pa_62014_hnwxx2by-bla","8":"pa_62014_hnwxx2by-gra","9":"pa_62014_hnwxx2by-gronn","10":"pa_62014_hnwxx2by-gul","11":"desktop-align-left","12":"tablet-align-left","13":"mobile-align-left","15":"first","16":"instock","17":"shipping-taxable","18":"purchasable","19":"product-type-variable"},"_links":{"self":[{"href":"https:\/\/keluvo.com\/no\/wp-json\/wp\/v2\/product\/64842","targetHints":{"allow":["GET"]}}],"collection":[{"href":"https:\/\/keluvo.com\/no\/wp-json\/wp\/v2\/product"}],"about":[{"href":"https:\/\/keluvo.com\/no\/wp-json\/wp\/v2\/types\/product"}],"replies":[{"embeddable":true,"href":"https:\/\/keluvo.com\/no\/wp-json\/wp\/v2\/comments?post=64842"}],"wp:featuredmedia":[{"embeddable":true,"href":"https:\/\/keluvo.com\/no\/wp-json\/wp\/v2\/media\/64838"}],"wp:attachment":[{"href":"https:\/\/keluvo.com\/no\/wp-json\/wp\/v2\/media?parent=64842"}],"wp:term":[{"taxonomy":"product_brand","embeddable":true,"href":"https:\/\/keluvo.com\/no\/wp-json\/wp\/v2\/product_brand?post=64842"},{"taxonomy":"product_cat","embeddable":true,"href":"https:\/\/keluvo.com\/no\/wp-json\/wp\/v2\/product_cat?post=64842"},{"taxonomy":"product_tag","embeddable":true,"href":"https:\/\/keluvo.com\/no\/wp-json\/wp\/v2\/product_tag?post=64842"}],"curies":[{"name":"wp","href":"https:\/\/api.w.org\/{rel}","templated":true}]}}