{"id":64832,"date":"2025-12-22T20:19:07","date_gmt":"2025-12-22T18:19:07","guid":{"rendered":"https:\/\/keluvo.com\/no\/produkt\/multifunksjonell-limfjerner\/"},"modified":"2025-12-22T21:17:52","modified_gmt":"2025-12-22T19:17:52","slug":"multifunksjonell-limfjerner","status":"publish","type":"product","link":"https:\/\/keluvo.com\/no\/produkt\/multifunksjonell-limfjerner\/","title":{"rendered":"Multifunksjonell limfjerner"},"content":{"rendered":"<p style=\"text-align: center;\" data-start=\"0\" data-end=\"62\"><strong data-start=\"0\" data-end=\"62\">Fjern klissete rester raskt uten \u00e5 skade overflatene dine.<\/strong><span style=\"font-size: 16px; font-style: normal; font-weight: 400;\">\ud83e\uddfd\u00a0<\/span><\/p>\n<p style=\"text-align: center;\" data-start=\"64\" data-end=\"274\">Denne multifunksjonelle limfjerneren l\u00f8ser raskt opp lim, klistremerkerester og dekaler p\u00e5 f\u00e5 minutter. Den sk\u00e5nsomme, men kraftige formelen fungerer p\u00e5 de fleste overflater, noe som gj\u00f8r det enkelt \u00e5 rydde opp hjemme, i bilen eller p\u00e5 jobben. Sprayen trenger dypt inn i limflekker for \u00e5 bryte dem ned slik at de enkelt kan fjernes. Den hjelper deg med \u00e5 rengj\u00f8re etiketter, klistremerker og tape uten \u00e5 skrape eller falme overflaten under.<\/p>\n<p data-start=\"64\" data-end=\"274\"><img fetchpriority=\"high\" decoding=\"async\" class=\"size-full wp-image-46503 aligncenter\" src=\"https:\/\/keluvo.com\/template\/wp-content\/uploads\/sites\/5\/2025\/12\/102214-ezgif.com-video-to-webp-converter-5.webp\" alt=\"\" width=\"500\" height=\"500\" \/><\/p>\n<h2 style=\"text-align: center;\" data-start=\"498\" data-end=\"517\"><strong>Hovedfordeler<\/strong><\/h2>\n<p data-start=\"520\" data-end=\"587\">\u26a1 Rask fjerning av lim &#8211; L\u00f8ser opp klebrig rester p\u00e5 f\u00e5 minutter.<\/p>\n<p data-start=\"590\" data-end=\"661\">\ud83e\uddf4 Kraftig formel &#8211; Bryter ned lim, dekaler og etiketter enkelt.<\/p>\n<p data-start=\"664\" data-end=\"717\">\ud83d\udee1\ufe0f Overflatesikker &#8211; Skader ikke farge eller finish.<\/p>\n<p data-start=\"720\" data-end=\"791\">\ud83d\ude97 Kan brukes p\u00e5 flere overflater &#8211; Ideell for biler, vegger, plast og glass.<\/p>\n<p data-start=\"794\" data-end=\"843\">\u2728 Enkel \u00e5 bruke &#8211; Spray, vent og t\u00f8rk av.<\/p>\n<p data-start=\"794\" data-end=\"843\"><img decoding=\"async\" class=\"size-full wp-image-46502 aligncenter\" src=\"https:\/\/keluvo.com\/template\/wp-content\/uploads\/sites\/5\/2025\/12\/102215-ezgif.com-video-to-webp-converter-4.webp\" alt=\"\" width=\"500\" height=\"500\" \/><\/p>\n<h2 style=\"text-align: center;\" data-start=\"845\" data-end=\"862\"><strong>Slik Bruker Du Det<\/strong><\/h2>\n<ol data-start=\"863\" data-end=\"1012\">\n<li data-start=\"863\" data-end=\"902\">\n<p data-start=\"866\" data-end=\"902\">Spray jevnt p\u00e5 det klebende omr\u00e5det.<\/p>\n<\/li>\n<li data-start=\"903\" data-end=\"935\">\n<p data-start=\"906\" data-end=\"935\">La det sitte i 3-5 minutter.<\/p>\n<\/li>\n<li data-start=\"936\" data-end=\"978\">\n<p data-start=\"939\" data-end=\"978\">Skrap forsiktig med en plastskrape.<\/p>\n<\/li>\n<li data-start=\"979\" data-end=\"1012\">\n<p data-start=\"982\" data-end=\"1012\">T\u00f8rk av med en t\u00f8rr klut.<\/p>\n<\/li>\n<\/ol>\n<h2 style=\"text-align: center;\" data-start=\"1014\" data-end=\"1036\"><strong>Produktdetaljer<\/strong><\/h2>\n<ul data-start=\"1037\" data-end=\"1269\">\n<li data-start=\"1089\" data-end=\"1112\">\n<p data-start=\"1091\" data-end=\"1112\">Nettoinhold: 120 ml<\/p>\n<\/li>\n<li data-start=\"1113\" data-end=\"1136\">\n<p data-start=\"1115\" data-end=\"1136\">St\u00f8rrelse: 4,4 x 16,7 cm<\/p>\n<\/li>\n<li data-start=\"1137\" data-end=\"1203\">\n<p data-start=\"1139\" data-end=\"1203\">Ingredienser: PEG-7 kapryl-\/dekansyreglyserider, glyserol<\/p>\n<\/li>\n<li data-start=\"1204\" data-end=\"1269\">\n<p data-start=\"1206\" data-end=\"1269\">Egnede overflater: Glass, plast, vegger, bilvinduer, etiketter<\/p>\n<\/li>\n<\/ul>\n<h2 style=\"text-align: center;\" data-start=\"1271\" data-end=\"1294\"><strong>Pakken inneholder<\/strong><\/h2>\n<ul data-start=\"1295\" data-end=\"1382\" data-is-last-node=\"\" data-is-only-node=\"\">\n<li data-start=\"1295\" data-end=\"1339\">\n<p data-start=\"1297\" data-end=\"1339\">1x multifunksjonell limfjerner.<\/p>\n<\/li>\n<\/ul>\n","protected":false},"excerpt":{"rendered":"<p>Fjern klissete rester raskt uten \u00e5 skade overflatene dine.\ud83e\uddfd\u00a0 Denne multifunksjonelle limfjerneren l\u00f8ser raskt opp lim, klistremerkerester og dekaler p\u00e5 [&hellip;]<\/p>\n","protected":false},"featured_media":64828,"comment_status":"open","ping_status":"closed","template":"","meta":{"site-sidebar-layout":"default","site-content-layout":"","ast-site-content-layout":"default","site-content-style":"default","site-sidebar-style":"default","ast-global-header-display":"","ast-banner-title-visibility":"","ast-main-header-display":"","ast-hfb-above-header-display":"","ast-hfb-below-header-display":"","ast-hfb-mobile-header-display":"","site-post-title":"","ast-breadcrumbs-content":"","ast-featured-img":"","footer-sml-layout":"","theme-transparent-header-meta":"default","adv-header-id-meta":"","stick-header-meta":"","header-above-stick-meta":"","header-main-stick-meta":"","header-below-stick-meta":"","astra-migrate-meta-layouts":"set","ast-page-background-enabled":"default","ast-page-background-meta":{"desktop":{"background-color":"var(--ast-global-color-4)","background-image":"","background-repeat":"repeat","background-position":"center center","background-size":"auto","background-attachment":"scroll","background-type":"","background-media":"","overlay-type":"","overlay-color":"","overlay-opacity":"","overlay-gradient":""},"tablet":{"background-color":"","background-image":"","background-repeat":"repeat","background-position":"center center","background-size":"auto","background-attachment":"scroll","background-type":"","background-media":"","overlay-type":"","overlay-color":"","overlay-opacity":"","overlay-gradient":""},"mobile":{"background-color":"","background-image":"","background-repeat":"repeat","background-position":"center center","background-size":"auto","background-attachment":"scroll","background-type":"","background-media":"","overlay-type":"","overlay-color":"","overlay-opacity":"","overlay-gradient":""}},"ast-content-background-meta":{"desktop":{"background-color":"var(--ast-global-color-5)","background-image":"","background-repeat":"repeat","background-position":"center center","background-size":"auto","background-attachment":"scroll","background-type":"","background-media":"","overlay-type":"","overlay-color":"","overlay-opacity":"","overlay-gradient":""},"tablet":{"background-color":"var(--ast-global-color-5)","background-image":"","background-repeat":"repeat","background-position":"center center","background-size":"auto","background-attachment":"scroll","background-type":"","background-media":"","overlay-type":"","overlay-color":"","overlay-opacity":"","overlay-gradient":""},"mobile":{"background-color":"var(--ast-global-color-5)","background-image":"","background-repeat":"repeat","background-position":"center center","background-size":"auto","background-attachment":"scroll","background-type":"","background-media":"","overlay-type":"","overlay-color":"","overlay-opacity":"","overlay-gradient":""}}},"product_brand":[],"product_cat":[1001],"product_tag":[],"class_list":{"0":"post-64832","1":"product","2":"type-product","3":"status-publish","4":"has-post-thumbnail","6":"product_cat-husholdningsartikler","7":"desktop-align-left","8":"tablet-align-left","9":"mobile-align-left","11":"first","12":"instock","13":"shipping-taxable","14":"purchasable","15":"product-type-simple"},"_links":{"self":[{"href":"https:\/\/keluvo.com\/no\/wp-json\/wp\/v2\/product\/64832","targetHints":{"allow":["GET"]}}],"collection":[{"href":"https:\/\/keluvo.com\/no\/wp-json\/wp\/v2\/product"}],"about":[{"href":"https:\/\/keluvo.com\/no\/wp-json\/wp\/v2\/types\/product"}],"replies":[{"embeddable":true,"href":"https:\/\/keluvo.com\/no\/wp-json\/wp\/v2\/comments?post=64832"}],"wp:featuredmedia":[{"embeddable":true,"href":"https:\/\/keluvo.com\/no\/wp-json\/wp\/v2\/media\/64828"}],"wp:attachment":[{"href":"https:\/\/keluvo.com\/no\/wp-json\/wp\/v2\/media?parent=64832"}],"wp:term":[{"taxonomy":"product_brand","embeddable":true,"href":"https:\/\/keluvo.com\/no\/wp-json\/wp\/v2\/product_brand?post=64832"},{"taxonomy":"product_cat","embeddable":true,"href":"https:\/\/keluvo.com\/no\/wp-json\/wp\/v2\/product_cat?post=64832"},{"taxonomy":"product_tag","embeddable":true,"href":"https:\/\/keluvo.com\/no\/wp-json\/wp\/v2\/product_tag?post=64832"}],"curies":[{"name":"wp","href":"https:\/\/api.w.org\/{rel}","templated":true}]}}