{"id":64805,"date":"2025-12-22T20:15:54","date_gmt":"2025-12-22T18:15:54","guid":{"rendered":"https:\/\/keluvo.com\/no\/produkt\/avfasingshovel-for-gipsplater\/"},"modified":"2025-12-22T21:15:15","modified_gmt":"2025-12-22T19:15:15","slug":"avfasingshovel-for-gipsplater","status":"publish","type":"product","link":"https:\/\/keluvo.com\/no\/produkt\/avfasingshovel-for-gipsplater\/","title":{"rendered":"Avfasingsh\u00f8vel for gipsplater"},"content":{"rendered":"<p style=\"text-align: center;\" data-start=\"0\" data-end=\"74\"><strong data-start=\"0\" data-end=\"74\">Lag Rene, Glatte 45\u00b0-Kanter P\u00e5 Gipsplater Raskt Og N\u00f8yaktig.<\/strong><span style=\"font-size: 16px; font-style: normal; font-weight: 400;\">\ud83d\udd27<\/span><\/p>\n<p style=\"text-align: center;\" data-start=\"76\" data-end=\"347\">Denne avfasingsh\u00f8velen for gipsplater hjelper deg med \u00e5 forme perfekte fasonger og flate kanter p\u00e5 en enkel m\u00e5te. Den er designet for presis kontroll og komfort, og gir profesjonelle resultater ved etterbehandling av gipsplater, akustiske paneler og lignende materialer, noe som sparer tid og krefter p\u00e5 hvert prosjekt. Denne h\u00f8velen kombinerer 45-graders avfasing og planskj\u00e6ring i ett kompakt verkt\u00f8y. Det skarpe knivsystemet og det stabile grepet gir jevne, kontrollerte kutt, noe som gj\u00f8r den ideell for b\u00e5de gj\u00f8r-det-selv-brukere og profesjonelle.<\/p>\n<p data-start=\"76\" data-end=\"347\"><img fetchpriority=\"high\" decoding=\"async\" class=\"size-full wp-image-46483 aligncenter\" src=\"https:\/\/keluvo.com\/template\/wp-content\/uploads\/sites\/5\/2025\/12\/102210-ezgif.com-video-to-webp-converter-6.webp\" alt=\"\" width=\"500\" height=\"500\" \/><\/p>\n<h2 style=\"text-align: center;\" data-start=\"600\" data-end=\"619\">\u2b50 Hovedfordeler<\/h2>\n<p data-start=\"622\" data-end=\"689\">\ud83d\udcd0 N\u00f8yaktig 45\u00b0 avfasing &#8211; rene, n\u00f8yaktige fasonger hver gang.<\/p>\n<p data-start=\"692\" data-end=\"748\">\u2702\ufe0f Mulighet for flatkapping &#8211; to funksjoner i ett verkt\u00f8y.<\/p>\n<p data-start=\"751\" data-end=\"808\">\u270b Sklisikkert grep &#8211; tryggere h\u00e5ndtering og bedre kontroll.<\/p>\n<p data-start=\"811\" data-end=\"875\">\ud83d\udee0\ufe0f Sterk legeringskropp &#8211; Slitesterk for tung og gjentatt bruk.<\/p>\n<p data-start=\"878\" data-end=\"948\">\ud83d\udd01 Enkel utskifting av blad &#8211; Leveres med ekstra blad for lang bruk.<\/p>\n<p data-start=\"878\" data-end=\"948\"><img decoding=\"async\" class=\"size-full wp-image-46484 aligncenter\" src=\"https:\/\/keluvo.com\/template\/wp-content\/uploads\/sites\/5\/2025\/12\/102211-ezgif.com-video-to-webp-converter-5.webp\" alt=\"\" width=\"500\" height=\"500\" \/><\/p>\n<h2 style=\"text-align: center;\" data-start=\"950\" data-end=\"967\">\ud83e\udde9 Slik Bruker Du Den<\/h2>\n<ol data-start=\"968\" data-end=\"1159\">\n<li data-start=\"968\" data-end=\"1011\">\n<p data-start=\"971\" data-end=\"1011\">Innstill fas- eller flatskj\u00e6redybden.<\/p>\n<\/li>\n<li data-start=\"1012\" data-end=\"1059\">\n<p data-start=\"1015\" data-end=\"1059\">Plasser h\u00f8velen p\u00e5 kanten av brettet.<\/p>\n<\/li>\n<li data-start=\"1060\" data-end=\"1106\">\n<p data-start=\"1063\" data-end=\"1106\">Skyv den jevnt fremover med jevnt trykk.<\/p>\n<\/li>\n<li data-start=\"1107\" data-end=\"1159\">\n<p data-start=\"1110\" data-end=\"1159\">Juster dybden om n\u00f8dvendig og gjenta til den er jevn.<\/p>\n<\/li>\n<\/ol>\n<h2 style=\"text-align: center;\" data-start=\"1161\" data-end=\"1183\">\ud83d\udccf Produktdetaljer<\/h2>\n<ul data-start=\"1184\" data-end=\"1375\">\n<li data-start=\"1233\" data-end=\"1261\">\n<p data-start=\"1235\" data-end=\"1261\">Materiale: Aluminiumslegering<\/p>\n<\/li>\n<li data-start=\"1280\" data-end=\"1305\">\n<p data-start=\"1282\" data-end=\"1305\">St\u00f8rrelse: 17 x 6 x 4,2 cm<\/p>\n<\/li>\n<li data-start=\"1306\" data-end=\"1340\">\n<p data-start=\"1308\" data-end=\"1340\">Avfasingsomr\u00e5de: 2-9 mm<\/p>\n<\/li>\n<li data-start=\"1341\" data-end=\"1375\">\n<p data-start=\"1343\" data-end=\"1375\">Avfasingsomr\u00e5de for flate kanter: 0-12 mm<\/p>\n<\/li>\n<\/ul>\n<h2 style=\"text-align: center;\" data-start=\"1377\" data-end=\"1400\">\ud83d\udce6 Pakken inkluderer<\/h2>\n<ul data-start=\"1401\" data-end=\"1469\" data-is-last-node=\"\" data-is-only-node=\"\">\n<li data-start=\"1401\" data-end=\"1443\">\n<p data-start=\"1403\" data-end=\"1443\">1x 45\u00b0 gipsplateavfasingsh\u00f8vel<\/p>\n<\/li>\n<li data-start=\"1401\" data-end=\"1443\">\n<p data-start=\"1403\" data-end=\"1443\">10x blader.<\/p>\n<\/li>\n<\/ul>\n","protected":false},"excerpt":{"rendered":"<p>Lag Rene, Glatte 45\u00b0-Kanter P\u00e5 Gipsplater Raskt Og N\u00f8yaktig.\ud83d\udd27 Denne avfasingsh\u00f8velen for gipsplater hjelper deg med \u00e5 forme perfekte fasonger [&hellip;]<\/p>\n","protected":false},"featured_media":64801,"comment_status":"open","ping_status":"closed","template":"","meta":{"site-sidebar-layout":"default","site-content-layout":"","ast-site-content-layout":"default","site-content-style":"default","site-sidebar-style":"default","ast-global-header-display":"","ast-banner-title-visibility":"","ast-main-header-display":"","ast-hfb-above-header-display":"","ast-hfb-below-header-display":"","ast-hfb-mobile-header-display":"","site-post-title":"","ast-breadcrumbs-content":"","ast-featured-img":"","footer-sml-layout":"","theme-transparent-header-meta":"default","adv-header-id-meta":"","stick-header-meta":"","header-above-stick-meta":"","header-main-stick-meta":"","header-below-stick-meta":"","astra-migrate-meta-layouts":"set","ast-page-background-enabled":"default","ast-page-background-meta":{"desktop":{"background-color":"var(--ast-global-color-4)","background-image":"","background-repeat":"repeat","background-position":"center center","background-size":"auto","background-attachment":"scroll","background-type":"","background-media":"","overlay-type":"","overlay-color":"","overlay-opacity":"","overlay-gradient":""},"tablet":{"background-color":"","background-image":"","background-repeat":"repeat","background-position":"center center","background-size":"auto","background-attachment":"scroll","background-type":"","background-media":"","overlay-type":"","overlay-color":"","overlay-opacity":"","overlay-gradient":""},"mobile":{"background-color":"","background-image":"","background-repeat":"repeat","background-position":"center center","background-size":"auto","background-attachment":"scroll","background-type":"","background-media":"","overlay-type":"","overlay-color":"","overlay-opacity":"","overlay-gradient":""}},"ast-content-background-meta":{"desktop":{"background-color":"var(--ast-global-color-5)","background-image":"","background-repeat":"repeat","background-position":"center center","background-size":"auto","background-attachment":"scroll","background-type":"","background-media":"","overlay-type":"","overlay-color":"","overlay-opacity":"","overlay-gradient":""},"tablet":{"background-color":"var(--ast-global-color-5)","background-image":"","background-repeat":"repeat","background-position":"center center","background-size":"auto","background-attachment":"scroll","background-type":"","background-media":"","overlay-type":"","overlay-color":"","overlay-opacity":"","overlay-gradient":""},"mobile":{"background-color":"var(--ast-global-color-5)","background-image":"","background-repeat":"repeat","background-position":"center center","background-size":"auto","background-attachment":"scroll","background-type":"","background-media":"","overlay-type":"","overlay-color":"","overlay-opacity":"","overlay-gradient":""}}},"product_brand":[],"product_cat":[996],"product_tag":[],"class_list":{"0":"post-64805","1":"product","2":"type-product","3":"status-publish","4":"has-post-thumbnail","6":"product_cat-verktoy","7":"desktop-align-left","8":"tablet-align-left","9":"mobile-align-left","11":"first","12":"instock","13":"shipping-taxable","14":"purchasable","15":"product-type-simple"},"_links":{"self":[{"href":"https:\/\/keluvo.com\/no\/wp-json\/wp\/v2\/product\/64805","targetHints":{"allow":["GET"]}}],"collection":[{"href":"https:\/\/keluvo.com\/no\/wp-json\/wp\/v2\/product"}],"about":[{"href":"https:\/\/keluvo.com\/no\/wp-json\/wp\/v2\/types\/product"}],"replies":[{"embeddable":true,"href":"https:\/\/keluvo.com\/no\/wp-json\/wp\/v2\/comments?post=64805"}],"wp:featuredmedia":[{"embeddable":true,"href":"https:\/\/keluvo.com\/no\/wp-json\/wp\/v2\/media\/64801"}],"wp:attachment":[{"href":"https:\/\/keluvo.com\/no\/wp-json\/wp\/v2\/media?parent=64805"}],"wp:term":[{"taxonomy":"product_brand","embeddable":true,"href":"https:\/\/keluvo.com\/no\/wp-json\/wp\/v2\/product_brand?post=64805"},{"taxonomy":"product_cat","embeddable":true,"href":"https:\/\/keluvo.com\/no\/wp-json\/wp\/v2\/product_cat?post=64805"},{"taxonomy":"product_tag","embeddable":true,"href":"https:\/\/keluvo.com\/no\/wp-json\/wp\/v2\/product_tag?post=64805"}],"curies":[{"name":"wp","href":"https:\/\/api.w.org\/{rel}","templated":true}]}}