{"id":64749,"date":"2025-12-22T20:11:22","date_gmt":"2025-12-22T18:11:22","guid":{"rendered":"https:\/\/keluvo.com\/no\/produkt\/multifunksjonell-kraftig-kjokkensaks\/"},"modified":"2025-12-22T21:10:48","modified_gmt":"2025-12-22T19:10:48","slug":"multifunksjonell-kraftig-kjokkensaks","status":"publish","type":"product","link":"https:\/\/keluvo.com\/no\/produkt\/multifunksjonell-kraftig-kjokkensaks\/","title":{"rendered":"Multifunksjonell kraftig kj\u00f8kkensaks"},"content":{"rendered":"<p style=\"text-align: center;\" data-start=\"0\" data-end=\"68\"><strong data-start=\"0\" data-end=\"68\">Kutt, Knekk Og Klargj\u00f8r Mat Raskere Med Ett Kraftig Kj\u00f8kkenverkt\u00f8y.<\/strong><span style=\"font-size: 16px; font-style: normal; font-weight: 400;\">\ud83c\udf73<\/span><\/p>\n<p style=\"text-align: center;\" data-start=\"70\" data-end=\"302\">Denne multifunksjonelle, kraftige kj\u00f8kkensaksen erstatter flere verkt\u00f8y p\u00e5 kj\u00f8kkenet og h\u00e5ndterer t\u00f8ffe skj\u00e6reoppgaver med letthet. De sparer tid, krefter og plass i den daglige matlagingen, fra kj\u00f8tt og sj\u00f8mat til urter og emballasje. Saksene er utstyrt med kniver i rustfritt st\u00e5l med sv\u00e6rt h\u00f8yt karboninnhold, og de holder seg skarpe og sterke selv ved hard bruk. Det ergonomiske h\u00e5ndtaket gj\u00f8r dem behagelige \u00e5 bruke, mens den rengj\u00f8ringsvennlige designen holder kj\u00f8kkenet ditt hygienisk og problemfritt.<\/p>\n<p data-start=\"70\" data-end=\"302\"><img fetchpriority=\"high\" decoding=\"async\" class=\"size-full wp-image-46439 aligncenter\" src=\"https:\/\/keluvo.com\/template\/wp-content\/uploads\/sites\/5\/2025\/12\/10224-ezgif.com-video-to-webp-converter-1-4.webp\" alt=\"\" width=\"500\" height=\"667\" \/><\/p>\n<h2 style=\"text-align: center;\" data-start=\"582\" data-end=\"602\">\u2702\ufe0f Hovedfordeler<\/h2>\n<p data-start=\"605\" data-end=\"667\">\ud83d\udd2a Ultraskarpe blader &#8211; Kutt kj\u00f8tt, fisk og bein enkelt.<\/p>\n<p data-start=\"670\" data-end=\"738\">\ud83e\uddf0 Alt-i-ett-design &#8211; Klipp, knekk n\u00f8tter, trimm urter, \u00e5pne pakker.<\/p>\n<p data-start=\"741\" data-end=\"802\">\u270b Komfortabelt grep &#8211; sklisikkert h\u00e5ndtak for sikker enh\u00e5ndsbruk.<\/p>\n<p data-start=\"805\" data-end=\"862\">\ud83e\uddfc Enkel \u00e5 rengj\u00f8re &#8211; Ingen matrester, t\u00e5ler oppvaskmaskin.<\/p>\n<p data-start=\"865\" data-end=\"913\">\ud83c\udf81 Klar til gave &#8211; Leveres i elegant innpakning.<\/p>\n<p data-start=\"865\" data-end=\"913\"><img decoding=\"async\" class=\"size-full wp-image-46438 aligncenter\" src=\"https:\/\/keluvo.com\/template\/wp-content\/uploads\/sites\/5\/2025\/12\/10225-ezgif.com-video-to-webp-converter-1-3.webp\" alt=\"\" width=\"500\" height=\"667\" \/><\/p>\n<h2 style=\"text-align: center;\" data-start=\"915\" data-end=\"932\">\u25b6\ufe0f Slik Bruker Du Saksen<\/h2>\n<ol data-start=\"933\" data-end=\"1147\">\n<li data-start=\"933\" data-end=\"985\">\n<p data-start=\"936\" data-end=\"985\">Hold saksen godt fast i det ergonomiske h\u00e5ndtaket.<\/p>\n<\/li>\n<li data-start=\"986\" data-end=\"1039\">\n<p data-start=\"989\" data-end=\"1039\">Bruk knivene til \u00e5 klippe mat, bein eller emballasje.<\/p>\n<\/li>\n<li data-start=\"1040\" data-end=\"1091\">\n<p data-start=\"1043\" data-end=\"1091\">Bruk det innebygde grepet til \u00e5 knekke n\u00f8tter ved behov.<\/p>\n<\/li>\n<li data-start=\"1092\" data-end=\"1147\">\n<p data-start=\"1095\" data-end=\"1147\">Vask for h\u00e5nd eller sett i oppvaskmaskinen etter bruk.<\/p>\n<\/li>\n<\/ol>\n<h2 style=\"text-align: center;\" data-start=\"1149\" data-end=\"1171\">\ud83d\udccf Produktdetaljer<\/h2>\n<ul data-start=\"1172\" data-end=\"1427\">\n<li data-start=\"1232\" data-end=\"1291\">\n<p data-start=\"1234\" data-end=\"1291\">Materiale: Blad i rustfritt st\u00e5l, h\u00e5ndtak i aluminiumslegering<\/p>\n<\/li>\n<li data-start=\"1309\" data-end=\"1361\">\n<p data-start=\"1311\" data-end=\"1361\">St\u00f8rrelse: 23,6 x 10,5 x 12,5 cm<\/p>\n<\/li>\n<li data-start=\"1362\" data-end=\"1427\">\n<p data-start=\"1364\" data-end=\"1427\">Funksjoner: Rustbestandig, slitesterk, ergonomisk, t\u00e5ler oppvaskmaskin<\/p>\n<\/li>\n<\/ul>\n<h2 style=\"text-align: center;\" data-start=\"1429\" data-end=\"1452\">\ud83d\udce6 Pakken inneholder<\/h2>\n<ul data-start=\"1453\" data-end=\"1491\" data-is-last-node=\"\" data-is-only-node=\"\">\n<li data-start=\"1453\" data-end=\"1491\" data-is-last-node=\"\">\n<p data-start=\"1455\" data-end=\"1491\" data-is-last-node=\"\">1x kj\u00f8kkensaks i rustfritt st\u00e5l.<\/p>\n<\/li>\n<\/ul>\n","protected":false},"excerpt":{"rendered":"<p>Kutt, Knekk Og Klargj\u00f8r Mat Raskere Med Ett Kraftig Kj\u00f8kkenverkt\u00f8y.\ud83c\udf73 Denne multifunksjonelle, kraftige kj\u00f8kkensaksen erstatter flere verkt\u00f8y p\u00e5 kj\u00f8kkenet og [&hellip;]<\/p>\n","protected":false},"featured_media":64745,"comment_status":"open","ping_status":"closed","template":"","meta":{"site-sidebar-layout":"default","site-content-layout":"","ast-site-content-layout":"default","site-content-style":"default","site-sidebar-style":"default","ast-global-header-display":"","ast-banner-title-visibility":"","ast-main-header-display":"","ast-hfb-above-header-display":"","ast-hfb-below-header-display":"","ast-hfb-mobile-header-display":"","site-post-title":"","ast-breadcrumbs-content":"","ast-featured-img":"","footer-sml-layout":"","theme-transparent-header-meta":"default","adv-header-id-meta":"","stick-header-meta":"","header-above-stick-meta":"","header-main-stick-meta":"","header-below-stick-meta":"","astra-migrate-meta-layouts":"set","ast-page-background-enabled":"default","ast-page-background-meta":{"desktop":{"background-color":"var(--ast-global-color-4)","background-image":"","background-repeat":"repeat","background-position":"center center","background-size":"auto","background-attachment":"scroll","background-type":"","background-media":"","overlay-type":"","overlay-color":"","overlay-opacity":"","overlay-gradient":""},"tablet":{"background-color":"","background-image":"","background-repeat":"repeat","background-position":"center center","background-size":"auto","background-attachment":"scroll","background-type":"","background-media":"","overlay-type":"","overlay-color":"","overlay-opacity":"","overlay-gradient":""},"mobile":{"background-color":"","background-image":"","background-repeat":"repeat","background-position":"center center","background-size":"auto","background-attachment":"scroll","background-type":"","background-media":"","overlay-type":"","overlay-color":"","overlay-opacity":"","overlay-gradient":""}},"ast-content-background-meta":{"desktop":{"background-color":"var(--ast-global-color-5)","background-image":"","background-repeat":"repeat","background-position":"center center","background-size":"auto","background-attachment":"scroll","background-type":"","background-media":"","overlay-type":"","overlay-color":"","overlay-opacity":"","overlay-gradient":""},"tablet":{"background-color":"var(--ast-global-color-5)","background-image":"","background-repeat":"repeat","background-position":"center center","background-size":"auto","background-attachment":"scroll","background-type":"","background-media":"","overlay-type":"","overlay-color":"","overlay-opacity":"","overlay-gradient":""},"mobile":{"background-color":"var(--ast-global-color-5)","background-image":"","background-repeat":"repeat","background-position":"center center","background-size":"auto","background-attachment":"scroll","background-type":"","background-media":"","overlay-type":"","overlay-color":"","overlay-opacity":"","overlay-gradient":""}}},"product_brand":[],"product_cat":[1001],"product_tag":[],"class_list":{"0":"post-64749","1":"product","2":"type-product","3":"status-publish","4":"has-post-thumbnail","6":"product_cat-husholdningsartikler","7":"pa_61872_3mn3fzrw-gronn","8":"pa_61872_3mn3fzrw-gul","9":"pa_61872_3mn3fzrw-rod","10":"pa_61872_3mn3fzrw-solv","11":"pa_61872_3mn3fzrw-svart","12":"desktop-align-left","13":"tablet-align-left","14":"mobile-align-left","16":"first","17":"instock","18":"shipping-taxable","19":"purchasable","20":"product-type-variable"},"_links":{"self":[{"href":"https:\/\/keluvo.com\/no\/wp-json\/wp\/v2\/product\/64749","targetHints":{"allow":["GET"]}}],"collection":[{"href":"https:\/\/keluvo.com\/no\/wp-json\/wp\/v2\/product"}],"about":[{"href":"https:\/\/keluvo.com\/no\/wp-json\/wp\/v2\/types\/product"}],"replies":[{"embeddable":true,"href":"https:\/\/keluvo.com\/no\/wp-json\/wp\/v2\/comments?post=64749"}],"wp:featuredmedia":[{"embeddable":true,"href":"https:\/\/keluvo.com\/no\/wp-json\/wp\/v2\/media\/64745"}],"wp:attachment":[{"href":"https:\/\/keluvo.com\/no\/wp-json\/wp\/v2\/media?parent=64749"}],"wp:term":[{"taxonomy":"product_brand","embeddable":true,"href":"https:\/\/keluvo.com\/no\/wp-json\/wp\/v2\/product_brand?post=64749"},{"taxonomy":"product_cat","embeddable":true,"href":"https:\/\/keluvo.com\/no\/wp-json\/wp\/v2\/product_cat?post=64749"},{"taxonomy":"product_tag","embeddable":true,"href":"https:\/\/keluvo.com\/no\/wp-json\/wp\/v2\/product_tag?post=64749"}],"curies":[{"name":"wp","href":"https:\/\/api.w.org\/{rel}","templated":true}]}}