{"id":64264,"date":"2025-12-18T15:21:10","date_gmt":"2025-12-18T13:21:10","guid":{"rendered":"https:\/\/keluvo.com\/no\/produkt\/ga-sele-for-babyer\/"},"modified":"2025-12-22T18:26:28","modified_gmt":"2025-12-22T16:26:28","slug":"ga-sele-for-babyer","status":"publish","type":"product","link":"https:\/\/keluvo.com\/no\/produkt\/ga-sele-for-babyer\/","title":{"rendered":"G\u00e5-sele for babyer"},"content":{"rendered":"<p style=\"text-align: center;\" data-start=\"0\" data-end=\"76\"><strong data-start=\"0\" data-end=\"76\">Hjelp Babyen Din Med \u00c5 L\u00e6re Seg \u00c5 G\u00e5 Trygt Og Sikkert Uten \u00c5 Belaste Ryggen.<\/strong><span style=\"font-size: 16px; font-style: normal; font-weight: 400;\">\ud83d\udc76<\/span><\/p>\n<p style=\"text-align: center;\" data-start=\"78\" data-end=\"318\">Denne g\u00e5stolen er en myk, justerbar g\u00e5sele som st\u00f8tter babyen n\u00e5r den tar sine f\u00f8rste skritt. Den bidrar til bedre balanse og selvtillit, samtidig som den holder babyen trygg og gir foreldrene bedre kontroll uten \u00e5 b\u00f8ye eller trekke. Denne g\u00e5selen er utviklet for babyer i alderen 8-18 m\u00e5neder, og st\u00f8tter babyens bryst og kropp p\u00e5 en sk\u00e5nsom m\u00e5te samtidig som den tillater naturlig bevegelse. Det pustende materialet holder babyen komfortabel i alle \u00e5rstider, mens de justerbare stroppene vokser med barnet ditt.<\/p>\n<p data-start=\"78\" data-end=\"318\"><img fetchpriority=\"high\" decoding=\"async\" class=\"size-full wp-image-46295 aligncenter\" src=\"https:\/\/keluvo.com\/template\/wp-content\/uploads\/sites\/5\/2025\/12\/102215-ezgif.com-video-to-webp-converter-3.webp\" alt=\"\" width=\"500\" height=\"889\" \/><\/p>\n<h2 style=\"text-align: center;\" data-start=\"610\" data-end=\"630\">Hovedfordeler<\/h2>\n<p data-start=\"633\" data-end=\"685\">\ud83d\udee1\ufe0f Sikker g\u00e5st\u00f8tte &#8211; Hjelper med \u00e5 forhindre fall.<\/p>\n<p data-start=\"688\" data-end=\"750\">\ud83d\udcaa \u00d8ker babyens selvtillit &#8211; Oppmuntrer til uavhengige trinn.<\/p>\n<p data-start=\"753\" data-end=\"817\">\ud83c\udf2c\ufe0f Pustende &amp; mykt materiale &#8211; Komfortabelt for daglig bruk.<\/p>\n<p data-start=\"820\" data-end=\"886\">\ud83d\udd27 Fullt justerbar passform &#8211; Tilpasses babyens st\u00f8rrelse og kl\u00e6r.<\/p>\n<p data-start=\"889\" data-end=\"949\">\ud83e\uddcd Ryggvennlig for foreldre &#8211; Ingen b\u00f8ying eller ryggsmerter.<\/p>\n<p data-start=\"952\" data-end=\"1004\">\ud83c\udf1e Bruk hele \u00e5ret &#8211; Ideell selv i varmt v\u00e6r.<\/p>\n<p data-start=\"952\" data-end=\"1004\"><img decoding=\"async\" class=\"size-full wp-image-46299 aligncenter\" src=\"https:\/\/keluvo.com\/template\/wp-content\/uploads\/sites\/5\/2025\/12\/102214-ezgif.com-video-to-webp-converter-4.webp\" alt=\"\" width=\"500\" height=\"889\" \/><\/p>\n<h2 style=\"text-align: center;\" data-start=\"1006\" data-end=\"1023\"><strong>Slik Bruker Du Selen<\/strong><\/h2>\n<ol data-start=\"1024\" data-end=\"1215\">\n<li data-start=\"1024\" data-end=\"1072\">\n<p data-start=\"1027\" data-end=\"1072\">Plasser selen rundt babyens bryst.<\/p>\n<\/li>\n<li data-start=\"1073\" data-end=\"1126\">\n<p data-start=\"1076\" data-end=\"1126\">Juster stroppene slik at de sitter godt og komfortabelt.<\/p>\n<\/li>\n<li data-start=\"1127\" data-end=\"1162\">\n<p data-start=\"1130\" data-end=\"1162\">Hold godt i h\u00e5ndtaksstroppene.<\/p>\n<\/li>\n<li data-start=\"1163\" data-end=\"1215\">\n<p data-start=\"1166\" data-end=\"1215\">Veiled babyen din mens de g\u00e5r i sitt eget tempo.<\/p>\n<\/li>\n<\/ol>\n<h2 style=\"text-align: center;\" data-start=\"1217\" data-end=\"1239\"><strong>Produktdetaljer<\/strong><\/h2>\n<ul data-start=\"1240\" data-end=\"1508\">\n<li data-start=\"1279\" data-end=\"1330\">\n<p data-start=\"1281\" data-end=\"1330\">Materiale: Oxford-klut + svamp fuglenett<\/p>\n<\/li>\n<li data-start=\"1351\" data-end=\"1377\">\n<p data-start=\"1353\" data-end=\"1377\">St\u00f8rrelse: 68 cm<\/p>\n<\/li>\n<li data-start=\"1378\" data-end=\"1428\">\n<p data-start=\"1380\" data-end=\"1428\">Brystomkrets: 40-60 cm<\/p>\n<\/li>\n<li data-start=\"1429\" data-end=\"1458\">\n<p data-start=\"1431\" data-end=\"1458\">Passende alder: 8-18 m\u00e5neder<\/p>\n<\/li>\n<li data-start=\"1459\" data-end=\"1482\">\n<p data-start=\"1461\" data-end=\"1482\">Maksimal belastning: 30 kg<\/p>\n<\/li>\n<li data-start=\"1483\" data-end=\"1508\">\n<p data-start=\"1485\" data-end=\"1508\">Vekt: Ca. 100 g<\/p>\n<\/li>\n<\/ul>\n<h2 style=\"text-align: center;\" data-start=\"1510\" data-end=\"1533\"><strong>Pakken inkluderer<\/strong><\/h2>\n<ul data-start=\"1534\" data-end=\"1560\" data-is-last-node=\"\" data-is-only-node=\"\">\n<li data-start=\"1534\" data-end=\"1560\" data-is-last-node=\"\">\n<p data-start=\"1536\" data-end=\"1560\" data-is-last-node=\"\">1x g\u00e5-sele for babyer.<\/p>\n<\/li>\n<\/ul>\n","protected":false},"excerpt":{"rendered":"<p>Hjelp Babyen Din Med \u00c5 L\u00e6re Seg \u00c5 G\u00e5 Trygt Og Sikkert Uten \u00c5 Belaste Ryggen.\ud83d\udc76 Denne g\u00e5stolen er en [&hellip;]<\/p>\n","protected":false},"featured_media":64260,"comment_status":"open","ping_status":"closed","template":"","meta":{"site-sidebar-layout":"default","site-content-layout":"","ast-site-content-layout":"default","site-content-style":"default","site-sidebar-style":"default","ast-global-header-display":"","ast-banner-title-visibility":"","ast-main-header-display":"","ast-hfb-above-header-display":"","ast-hfb-below-header-display":"","ast-hfb-mobile-header-display":"","site-post-title":"","ast-breadcrumbs-content":"","ast-featured-img":"","footer-sml-layout":"","theme-transparent-header-meta":"default","adv-header-id-meta":"","stick-header-meta":"","header-above-stick-meta":"","header-main-stick-meta":"","header-below-stick-meta":"","astra-migrate-meta-layouts":"set","ast-page-background-enabled":"default","ast-page-background-meta":{"desktop":{"background-color":"var(--ast-global-color-4)","background-image":"","background-repeat":"repeat","background-position":"center center","background-size":"auto","background-attachment":"scroll","background-type":"","background-media":"","overlay-type":"","overlay-color":"","overlay-opacity":"","overlay-gradient":""},"tablet":{"background-color":"","background-image":"","background-repeat":"repeat","background-position":"center center","background-size":"auto","background-attachment":"scroll","background-type":"","background-media":"","overlay-type":"","overlay-color":"","overlay-opacity":"","overlay-gradient":""},"mobile":{"background-color":"","background-image":"","background-repeat":"repeat","background-position":"center center","background-size":"auto","background-attachment":"scroll","background-type":"","background-media":"","overlay-type":"","overlay-color":"","overlay-opacity":"","overlay-gradient":""}},"ast-content-background-meta":{"desktop":{"background-color":"var(--ast-global-color-5)","background-image":"","background-repeat":"repeat","background-position":"center center","background-size":"auto","background-attachment":"scroll","background-type":"","background-media":"","overlay-type":"","overlay-color":"","overlay-opacity":"","overlay-gradient":""},"tablet":{"background-color":"var(--ast-global-color-5)","background-image":"","background-repeat":"repeat","background-position":"center center","background-size":"auto","background-attachment":"scroll","background-type":"","background-media":"","overlay-type":"","overlay-color":"","overlay-opacity":"","overlay-gradient":""},"mobile":{"background-color":"var(--ast-global-color-5)","background-image":"","background-repeat":"repeat","background-position":"center center","background-size":"auto","background-attachment":"scroll","background-type":"","background-media":"","overlay-type":"","overlay-color":"","overlay-opacity":"","overlay-gradient":""}}},"product_brand":[],"product_cat":[990],"product_tag":[],"class_list":{"0":"post-64264","1":"product","2":"type-product","3":"status-publish","4":"has-post-thumbnail","6":"product_cat-leker-barne-og-babyprodukter","7":"desktop-align-left","8":"tablet-align-left","9":"mobile-align-left","11":"first","12":"instock","13":"shipping-taxable","14":"purchasable","15":"product-type-simple"},"_links":{"self":[{"href":"https:\/\/keluvo.com\/no\/wp-json\/wp\/v2\/product\/64264","targetHints":{"allow":["GET"]}}],"collection":[{"href":"https:\/\/keluvo.com\/no\/wp-json\/wp\/v2\/product"}],"about":[{"href":"https:\/\/keluvo.com\/no\/wp-json\/wp\/v2\/types\/product"}],"replies":[{"embeddable":true,"href":"https:\/\/keluvo.com\/no\/wp-json\/wp\/v2\/comments?post=64264"}],"wp:featuredmedia":[{"embeddable":true,"href":"https:\/\/keluvo.com\/no\/wp-json\/wp\/v2\/media\/64260"}],"wp:attachment":[{"href":"https:\/\/keluvo.com\/no\/wp-json\/wp\/v2\/media?parent=64264"}],"wp:term":[{"taxonomy":"product_brand","embeddable":true,"href":"https:\/\/keluvo.com\/no\/wp-json\/wp\/v2\/product_brand?post=64264"},{"taxonomy":"product_cat","embeddable":true,"href":"https:\/\/keluvo.com\/no\/wp-json\/wp\/v2\/product_cat?post=64264"},{"taxonomy":"product_tag","embeddable":true,"href":"https:\/\/keluvo.com\/no\/wp-json\/wp\/v2\/product_tag?post=64264"}],"curies":[{"name":"wp","href":"https:\/\/api.w.org\/{rel}","templated":true}]}}