{"id":64226,"date":"2025-12-18T15:19:01","date_gmt":"2025-12-18T13:19:01","guid":{"rendered":"https:\/\/keluvo.com\/no\/produkt\/gjor-det-selv-teknologiske-leker\/"},"modified":"2025-12-18T16:21:17","modified_gmt":"2025-12-18T14:21:17","slug":"gjor-det-selv-teknologiske-leker","status":"publish","type":"product","link":"https:\/\/keluvo.com\/no\/produkt\/gjor-det-selv-teknologiske-leker\/","title":{"rendered":"Gj\u00f8r-det-selv-teknologiske leker"},"content":{"rendered":"<p style=\"text-align: center;\" data-start=\"0\" data-end=\"61\"><strong data-start=\"0\" data-end=\"61\">Bygg, L\u00e6r Og Lek Mens Du Utvikler Ekte STEM-Ferdigheter.<\/strong><span style=\"font-size: 16px; font-style: normal; font-weight: 400;\">\ud83e\udde0<\/span><\/p>\n<p style=\"text-align: center;\" data-start=\"63\" data-end=\"280\">Med disse DIY-teknologiske lekene kan barn utforske vitenskap og teknologi gjennom praktisk bygging og kreativ lek. Med dyre- og naturtemaer l\u00e6rer barna ved \u00e5 sette sammen enkle modeller som forvandler nysgjerrighet til reell forst\u00e5else. Disse DIY-teknologilekene er utviklet for barn i alderen 3-12 \u00e5r og kombinerer lek med l\u00e6ring. Barna f\u00f8lger enkle trinn for \u00e5 bygge modeller, forbedre probleml\u00f8sningsferdigheter og forst\u00e5 grunnleggende STEM-konsepter samtidig som de har det g\u00f8y.<\/p>\n<p data-start=\"63\" data-end=\"280\"><img fetchpriority=\"high\" decoding=\"async\" class=\"size-full wp-image-46309 aligncenter\" src=\"https:\/\/keluvo.com\/template\/wp-content\/uploads\/sites\/5\/2025\/12\/102216-ezgif.com-video-to-webp-converter-4.webp\" alt=\"\" width=\"500\" height=\"500\" \/><\/p>\n<h2 style=\"text-align: center;\" data-start=\"529\" data-end=\"549\"><strong>Hovedfordeler<\/strong><\/h2>\n<p data-start=\"552\" data-end=\"621\">\ud83e\udde9 Praktisk STEM-l\u00e6ring &#8211; L\u00e6r ved \u00e5 bygge og eksperimentere.<\/p>\n<p data-start=\"624\" data-end=\"681\">\ud83d\udc3e Dyre- og naturtema &#8211; Morsomme og engasjerende design.<\/p>\n<p data-start=\"684\" data-end=\"743\">\ud83d\udcd8 Lett \u00e5 montere &#8211; Tydelige trinnvise instruksjoner.<\/p>\n<p data-start=\"746\" data-end=\"807\">\ud83d\udee1\ufe0f Trygt for barn &#8211; Giftfrie, barnevennlige materialer.<\/p>\n<p data-start=\"810\" data-end=\"874\">\ud83d\udd27 \u00d8ker kreativiteten &#8211; Oppmuntrer til tenkning og fantasi.<\/p>\n<p data-start=\"877\" data-end=\"929\">\ud83e\uddf1 Slitesterk design &#8211; Laget for langvarig lek.<\/p>\n<p data-start=\"877\" data-end=\"929\"><img decoding=\"async\" class=\"size-full wp-image-46310 aligncenter\" src=\"https:\/\/keluvo.com\/template\/wp-content\/uploads\/sites\/5\/2025\/12\/a6cb65b2-4f3c-4a90-bb2e-8a6b74985463.jpg\" alt=\"\" width=\"768\" height=\"1080\" \/><\/p>\n<h2 style=\"text-align: center;\" data-start=\"931\" data-end=\"948\"><strong>Slik Bruker Du Den<\/strong><\/h2>\n<ol data-start=\"949\" data-end=\"1111\">\n<li data-start=\"949\" data-end=\"990\">\n<p data-start=\"952\" data-end=\"990\">\u00c5pne pakken og sorter delene.<\/p>\n<\/li>\n<li data-start=\"991\" data-end=\"1027\">\n<p data-start=\"994\" data-end=\"1027\">F\u00f8lg trinn-for-trinn-veiledningen.<\/p>\n<\/li>\n<li data-start=\"1028\" data-end=\"1067\">\n<p data-start=\"1031\" data-end=\"1067\">Sett sammen modellen bit for bit.<\/p>\n<\/li>\n<li data-start=\"1068\" data-end=\"1111\">\n<p data-start=\"1071\" data-end=\"1111\">Lek, l\u00e6r og utforsk hvordan den fungerer.<\/p>\n<\/li>\n<\/ol>\n<h2 style=\"text-align: center;\" data-start=\"1113\" data-end=\"1135\"><strong>Produktdetaljer<\/strong><\/h2>\n<ul data-start=\"1136\" data-end=\"1432\">\n<li data-start=\"1168\" data-end=\"1195\">\n<p data-start=\"1170\" data-end=\"1195\">Tema: Vitenskap, kj\u00f8ret\u00f8y og mer<\/p>\n<\/li>\n<li data-start=\"1196\" data-end=\"1238\">\n<p data-start=\"1198\" data-end=\"1238\">Anbefalt alder: 3\u20136 \u00e5r, 6\u201312 \u00e5r<\/p>\n<\/li>\n<li data-start=\"1239\" data-end=\"1279\">\n<p data-start=\"1241\" data-end=\"1279\">Materiale: Slitesterk, giftfri plast<\/p>\n<\/li>\n<li data-start=\"1280\" data-end=\"1340\">\n<p data-start=\"1282\" data-end=\"1340\">Sikkerhet: Ingen farlige materialer (\u2264105 \u2103 flyktig standard)<\/p>\n<\/li>\n<li data-start=\"1341\" data-end=\"1375\">\n<p data-start=\"1343\" data-end=\"1375\">Montering: Enkel bruksanvisning inkludert<\/p>\n<\/li>\n<li data-start=\"1376\" data-end=\"1432\">\n<p data-start=\"1378\" data-end=\"1432\">Pedagogisk fokus: STEM-l\u00e6ring og praktiske ferdigheter<\/p>\n<\/li>\n<\/ul>\n<h2 style=\"text-align: center;\" data-start=\"1434\" data-end=\"1457\"><strong>Pakken inkluderer<\/strong><\/h2>\n<ul data-start=\"1458\" data-end=\"1519\" data-is-last-node=\"\" data-is-only-node=\"\">\n<li data-start=\"1458\" data-end=\"1485\">\n<p data-start=\"1460\" data-end=\"1485\">1, 8x DIY tech leket\u00f8yskomponenter<\/p>\n<\/li>\n<li data-start=\"1486\" data-end=\"1519\" data-is-last-node=\"\">\n<p data-start=\"1488\" data-end=\"1519\" data-is-last-node=\"\">1x trinnvis bruksanvisning.<\/p>\n<\/li>\n<\/ul>\n","protected":false},"excerpt":{"rendered":"<p>Bygg, L\u00e6r Og Lek Mens Du Utvikler Ekte STEM-Ferdigheter.\ud83e\udde0 Med disse DIY-teknologiske lekene kan barn utforske vitenskap og teknologi gjennom [&hellip;]<\/p>\n","protected":false},"featured_media":64222,"comment_status":"open","ping_status":"closed","template":"","meta":{"site-sidebar-layout":"default","site-content-layout":"","ast-site-content-layout":"default","site-content-style":"default","site-sidebar-style":"default","ast-global-header-display":"","ast-banner-title-visibility":"","ast-main-header-display":"","ast-hfb-above-header-display":"","ast-hfb-below-header-display":"","ast-hfb-mobile-header-display":"","site-post-title":"","ast-breadcrumbs-content":"","ast-featured-img":"","footer-sml-layout":"","theme-transparent-header-meta":"default","adv-header-id-meta":"","stick-header-meta":"","header-above-stick-meta":"","header-main-stick-meta":"","header-below-stick-meta":"","astra-migrate-meta-layouts":"set","ast-page-background-enabled":"default","ast-page-background-meta":{"desktop":{"background-color":"var(--ast-global-color-4)","background-image":"","background-repeat":"repeat","background-position":"center center","background-size":"auto","background-attachment":"scroll","background-type":"","background-media":"","overlay-type":"","overlay-color":"","overlay-opacity":"","overlay-gradient":""},"tablet":{"background-color":"","background-image":"","background-repeat":"repeat","background-position":"center center","background-size":"auto","background-attachment":"scroll","background-type":"","background-media":"","overlay-type":"","overlay-color":"","overlay-opacity":"","overlay-gradient":""},"mobile":{"background-color":"","background-image":"","background-repeat":"repeat","background-position":"center center","background-size":"auto","background-attachment":"scroll","background-type":"","background-media":"","overlay-type":"","overlay-color":"","overlay-opacity":"","overlay-gradient":""}},"ast-content-background-meta":{"desktop":{"background-color":"var(--ast-global-color-5)","background-image":"","background-repeat":"repeat","background-position":"center center","background-size":"auto","background-attachment":"scroll","background-type":"","background-media":"","overlay-type":"","overlay-color":"","overlay-opacity":"","overlay-gradient":""},"tablet":{"background-color":"var(--ast-global-color-5)","background-image":"","background-repeat":"repeat","background-position":"center center","background-size":"auto","background-attachment":"scroll","background-type":"","background-media":"","overlay-type":"","overlay-color":"","overlay-opacity":"","overlay-gradient":""},"mobile":{"background-color":"var(--ast-global-color-5)","background-image":"","background-repeat":"repeat","background-position":"center center","background-size":"auto","background-attachment":"scroll","background-type":"","background-media":"","overlay-type":"","overlay-color":"","overlay-opacity":"","overlay-gradient":""}}},"product_brand":[],"product_cat":[990],"product_tag":[],"class_list":{"0":"post-64226","1":"product","2":"type-product","3":"status-publish","4":"has-post-thumbnail","6":"product_cat-leker-barne-og-babyprodukter","7":"pa_61812_f82r8dlm-a","8":"pa_61812_f82r8dlm-b","9":"pa_61812_f82r8dlm-c","10":"pa_61812_f82r8dlm-d","11":"pa_61812_f82r8dlm-e","12":"pa_61812_f82r8dlm-f","13":"pa_61812_f82r8dlm-g","14":"pa_61812_f82r8dlm-h","15":"pa_61812_f82r8dlm-sett-med-8-stk","16":"desktop-align-left","17":"tablet-align-left","18":"mobile-align-left","20":"first","21":"instock","22":"shipping-taxable","23":"purchasable","24":"product-type-variable"},"_links":{"self":[{"href":"https:\/\/keluvo.com\/no\/wp-json\/wp\/v2\/product\/64226","targetHints":{"allow":["GET"]}}],"collection":[{"href":"https:\/\/keluvo.com\/no\/wp-json\/wp\/v2\/product"}],"about":[{"href":"https:\/\/keluvo.com\/no\/wp-json\/wp\/v2\/types\/product"}],"replies":[{"embeddable":true,"href":"https:\/\/keluvo.com\/no\/wp-json\/wp\/v2\/comments?post=64226"}],"wp:featuredmedia":[{"embeddable":true,"href":"https:\/\/keluvo.com\/no\/wp-json\/wp\/v2\/media\/64222"}],"wp:attachment":[{"href":"https:\/\/keluvo.com\/no\/wp-json\/wp\/v2\/media?parent=64226"}],"wp:term":[{"taxonomy":"product_brand","embeddable":true,"href":"https:\/\/keluvo.com\/no\/wp-json\/wp\/v2\/product_brand?post=64226"},{"taxonomy":"product_cat","embeddable":true,"href":"https:\/\/keluvo.com\/no\/wp-json\/wp\/v2\/product_cat?post=64226"},{"taxonomy":"product_tag","embeddable":true,"href":"https:\/\/keluvo.com\/no\/wp-json\/wp\/v2\/product_tag?post=64226"}],"curies":[{"name":"wp","href":"https:\/\/api.w.org\/{rel}","templated":true}]}}