{"id":64206,"date":"2025-12-18T15:17:37","date_gmt":"2025-12-18T13:17:37","guid":{"rendered":"https:\/\/keluvo.com\/no\/produkt\/spiralformet-multioppheng\/"},"modified":"2025-12-22T18:28:49","modified_gmt":"2025-12-22T16:28:49","slug":"spiralformet-multioppheng","status":"publish","type":"product","link":"https:\/\/keluvo.com\/no\/produkt\/spiralformet-multioppheng\/","title":{"rendered":"Spiralformet multioppheng"},"content":{"rendered":"<p style=\"text-align: center;\" data-start=\"0\" data-end=\"59\"><strong data-start=\"0\" data-end=\"59\">T\u00f8rk Flere Kl\u00e6r Og Dyner P\u00e5 En Gang Samtidig Som Du Sparer Plass.<\/strong><span style=\"font-size: 16px; font-style: normal; font-weight: 400;\">\ud83e\uddfa\u00a0<\/span><\/p>\n<p style=\"text-align: center;\" data-start=\"61\" data-end=\"286\">Denne spiralformede multihengeren er en smart t\u00f8rkel\u00f8sning som lar deg henge flere ting p\u00e5 \u00e9n kompakt henger. Spiraldesignet \u00f8ker t\u00f8rkeplassen samtidig som kl\u00e6r og dyner holdes sikkert og godt fordelt for raskere luftgjennomstr\u00f8mning. Denne hengeren er laget av sterkt rustfritt st\u00e5l, og t\u00e5ler store dyner og flere plagg uten \u00e5 b\u00f8ye seg. De sklisikre stengene og den stabile, svingbare st\u00f8tten holder plaggene p\u00e5 plass, noe som gj\u00f8r den perfekt for t\u00f8rking innend\u00f8rs eller utend\u00f8rs.<\/p>\n<p data-start=\"61\" data-end=\"286\"><img fetchpriority=\"high\" decoding=\"async\" class=\"size-full wp-image-46259 aligncenter\" src=\"https:\/\/keluvo.com\/template\/wp-content\/uploads\/sites\/5\/2025\/12\/102211-ezgif.com-video-to-webp-converter-4.webp\" alt=\"\" width=\"500\" height=\"889\" \/><\/p>\n<h2 style=\"text-align: center;\" data-start=\"562\" data-end=\"582\">\ud83c\udf1f Hovedfordeler<\/h2>\n<p data-start=\"585\" data-end=\"653\">\ud83c\udf00 Spiralformet, plassbesparende design \u2013 t\u00f8rker flere plagg p\u00e5 mindre plass.<\/p>\n<p data-start=\"656\" data-end=\"719\">\ud83d\udcaa Sterk lastekapasitet \u2013 holder dyner og tunge kl\u00e6r.<\/p>\n<p data-start=\"722\" data-end=\"780\">\ud83d\udeab Sklisikre stenger \u2013 hindrer kl\u00e6rne i \u00e5 skli av.<\/p>\n<p data-start=\"783\" data-end=\"838\">\ud83d\udd04 360\u00b0 svingbar st\u00f8tte \u2013 stabil og enkel \u00e5 oppbevare.<\/p>\n<p data-start=\"841\" data-end=\"909\">\ud83c\udf27\ufe0f Rustbestandig st\u00e5l \u2013 Egnet for innend\u00f8rs og utend\u00f8rs bruk.<\/p>\n<p data-start=\"912\" data-end=\"978\">\ud83e\udde5 T\u00f8rking av flere ting \u2013 T\u00f8rk flere kl\u00e6r eller dyner samtidig.<\/p>\n<p data-start=\"912\" data-end=\"978\"><img decoding=\"async\" class=\"size-full wp-image-46260 aligncenter\" src=\"https:\/\/keluvo.com\/template\/wp-content\/uploads\/sites\/5\/2025\/12\/102210-ezgif.com-video-to-webp-converter-5.webp\" alt=\"\" width=\"500\" height=\"889\" \/><\/p>\n<h2 style=\"text-align: center;\" data-start=\"980\" data-end=\"997\">\u25b6\ufe0f Slik Bruker Du Den<\/h2>\n<ol data-start=\"998\" data-end=\"1226\">\n<li data-start=\"998\" data-end=\"1057\">\n<p data-start=\"1001\" data-end=\"1057\">Heng spiralhengeren p\u00e5 en krok, stang eller t\u00f8rkesnor.<\/p>\n<\/li>\n<li data-start=\"1058\" data-end=\"1116\">\n<p data-start=\"1061\" data-end=\"1116\">Legg kl\u00e6r eller dyner jevnt langs spiralstengene.<\/p>\n<\/li>\n<li data-start=\"1117\" data-end=\"1174\">\n<p data-start=\"1120\" data-end=\"1174\">Juster avstanden for bedre luftgjennomstr\u00f8mning og raskere t\u00f8rking.<\/p>\n<\/li>\n<li data-start=\"1175\" data-end=\"1226\">\n<p data-start=\"1178\" data-end=\"1226\">Etter bruk kan du brette eller oppbevare den enkelt for \u00e5 spare plass.<\/p>\n<\/li>\n<\/ol>\n<h2 style=\"text-align: center;\" data-start=\"1228\" data-end=\"1250\">\ud83d\udccf Produktdetaljer<\/h2>\n<ul data-start=\"1251\" data-end=\"1446\">\n<li data-start=\"1289\" data-end=\"1318\">\n<p data-start=\"1291\" data-end=\"1318\">Materiale: Rustfritt st\u00e5l<\/p>\n<\/li>\n<li data-start=\"1319\" data-end=\"1345\">\n<p data-start=\"1321\" data-end=\"1345\">St\u00f8rrelse: 40 cm<\/p>\n<\/li>\n<li data-start=\"1366\" data-end=\"1411\">\n<p data-start=\"1368\" data-end=\"1411\">Design: Spiral med utvidede, sklisikre stenger<\/p>\n<\/li>\n<li data-start=\"1412\" data-end=\"1446\">\n<p data-start=\"1414\" data-end=\"1446\">Bruk: Innend\u00f8rs og utend\u00f8rs t\u00f8rking<\/p>\n<\/li>\n<\/ul>\n<h2 style=\"text-align: center;\" data-start=\"1448\" data-end=\"1471\">\ud83d\udce6 Pakken inneholder<\/h2>\n<ul data-start=\"1472\" data-end=\"1540\" data-is-last-node=\"\" data-is-only-node=\"\">\n<li data-start=\"1472\" data-end=\"1540\" data-is-last-node=\"\">\n<p data-start=\"1474\" data-end=\"1540\" data-is-last-node=\"\">1, 3x spiralformet multihenger.<\/p>\n<\/li>\n<\/ul>\n","protected":false},"excerpt":{"rendered":"<p>T\u00f8rk Flere Kl\u00e6r Og Dyner P\u00e5 En Gang Samtidig Som Du Sparer Plass.\ud83e\uddfa\u00a0 Denne spiralformede multihengeren er en smart t\u00f8rkel\u00f8sning [&hellip;]<\/p>\n","protected":false},"featured_media":64202,"comment_status":"open","ping_status":"closed","template":"","meta":{"site-sidebar-layout":"default","site-content-layout":"","ast-site-content-layout":"default","site-content-style":"default","site-sidebar-style":"default","ast-global-header-display":"","ast-banner-title-visibility":"","ast-main-header-display":"","ast-hfb-above-header-display":"","ast-hfb-below-header-display":"","ast-hfb-mobile-header-display":"","site-post-title":"","ast-breadcrumbs-content":"","ast-featured-img":"","footer-sml-layout":"","theme-transparent-header-meta":"default","adv-header-id-meta":"","stick-header-meta":"","header-above-stick-meta":"","header-main-stick-meta":"","header-below-stick-meta":"","astra-migrate-meta-layouts":"set","ast-page-background-enabled":"default","ast-page-background-meta":{"desktop":{"background-color":"var(--ast-global-color-4)","background-image":"","background-repeat":"repeat","background-position":"center center","background-size":"auto","background-attachment":"scroll","background-type":"","background-media":"","overlay-type":"","overlay-color":"","overlay-opacity":"","overlay-gradient":""},"tablet":{"background-color":"","background-image":"","background-repeat":"repeat","background-position":"center center","background-size":"auto","background-attachment":"scroll","background-type":"","background-media":"","overlay-type":"","overlay-color":"","overlay-opacity":"","overlay-gradient":""},"mobile":{"background-color":"","background-image":"","background-repeat":"repeat","background-position":"center center","background-size":"auto","background-attachment":"scroll","background-type":"","background-media":"","overlay-type":"","overlay-color":"","overlay-opacity":"","overlay-gradient":""}},"ast-content-background-meta":{"desktop":{"background-color":"var(--ast-global-color-5)","background-image":"","background-repeat":"repeat","background-position":"center center","background-size":"auto","background-attachment":"scroll","background-type":"","background-media":"","overlay-type":"","overlay-color":"","overlay-opacity":"","overlay-gradient":""},"tablet":{"background-color":"var(--ast-global-color-5)","background-image":"","background-repeat":"repeat","background-position":"center center","background-size":"auto","background-attachment":"scroll","background-type":"","background-media":"","overlay-type":"","overlay-color":"","overlay-opacity":"","overlay-gradient":""},"mobile":{"background-color":"var(--ast-global-color-5)","background-image":"","background-repeat":"repeat","background-position":"center center","background-size":"auto","background-attachment":"scroll","background-type":"","background-media":"","overlay-type":"","overlay-color":"","overlay-opacity":"","overlay-gradient":""}}},"product_brand":[],"product_cat":[1001],"product_tag":[],"class_list":{"0":"post-64206","1":"product","2":"type-product","3":"status-publish","4":"has-post-thumbnail","6":"product_cat-husholdningsartikler","7":"pa_61810_3n1h74a0-1-stk","8":"pa_61810_3n1h74a0-3-stk","9":"pa_61810_otar1cbn-hvit","10":"pa_61810_otar1cbn-solv","11":"desktop-align-left","12":"tablet-align-left","13":"mobile-align-left","15":"first","16":"instock","17":"shipping-taxable","18":"purchasable","19":"product-type-variable","20":"has-default-attributes"},"_links":{"self":[{"href":"https:\/\/keluvo.com\/no\/wp-json\/wp\/v2\/product\/64206","targetHints":{"allow":["GET"]}}],"collection":[{"href":"https:\/\/keluvo.com\/no\/wp-json\/wp\/v2\/product"}],"about":[{"href":"https:\/\/keluvo.com\/no\/wp-json\/wp\/v2\/types\/product"}],"replies":[{"embeddable":true,"href":"https:\/\/keluvo.com\/no\/wp-json\/wp\/v2\/comments?post=64206"}],"wp:featuredmedia":[{"embeddable":true,"href":"https:\/\/keluvo.com\/no\/wp-json\/wp\/v2\/media\/64202"}],"wp:attachment":[{"href":"https:\/\/keluvo.com\/no\/wp-json\/wp\/v2\/media?parent=64206"}],"wp:term":[{"taxonomy":"product_brand","embeddable":true,"href":"https:\/\/keluvo.com\/no\/wp-json\/wp\/v2\/product_brand?post=64206"},{"taxonomy":"product_cat","embeddable":true,"href":"https:\/\/keluvo.com\/no\/wp-json\/wp\/v2\/product_cat?post=64206"},{"taxonomy":"product_tag","embeddable":true,"href":"https:\/\/keluvo.com\/no\/wp-json\/wp\/v2\/product_tag?post=64206"}],"curies":[{"name":"wp","href":"https:\/\/api.w.org\/{rel}","templated":true}]}}