{"id":64197,"date":"2025-12-18T15:16:33","date_gmt":"2025-12-18T13:16:33","guid":{"rendered":"https:\/\/keluvo.com\/no\/produkt\/bremseblodningssett-2-stk\/"},"modified":"2025-12-22T18:10:57","modified_gmt":"2025-12-22T16:10:57","slug":"bremseblodningssett-2-stk","status":"publish","type":"product","link":"https:\/\/keluvo.com\/no\/produkt\/bremseblodningssett-2-stk\/","title":{"rendered":"Bremsebl\u00f8dningssett (2 stk)"},"content":{"rendered":"<p style=\"text-align: center;\" data-start=\"0\" data-end=\"61\"><strong data-start=\"0\" data-end=\"61\">Bl\u00f8tgj\u00f8r Bremsene Enkelt Og Trygt Med Ett Enkelt Verkt\u00f8y. <\/strong><span style=\"font-size: 16px; font-style: normal; font-weight: 400;\">\ud83d\ude97\u00a0<\/span><\/p>\n<p style=\"text-align: center;\" data-start=\"63\" data-end=\"322\">Med dette bremseutluftingssettet kan du fjerne luft fra bremse- eller clutchsystemet uten hjelp, noe som gj\u00f8r bremsevedlikeholdet raskere og renere. Enveisventilen hindrer luft i \u00e5 komme tilbake i systemet, noe som gir deg en fast og p\u00e5litelig bremsepedal hver gang. Denne profesjonelle bremseutlufteren er perfekt for gj\u00f8r-det-selv-bileiere og verksteder. Den fleksible slangen n\u00e5r trange vinkler, mens aluminiumshuset motst\u00e5r korrosjon av bremsev\u00e6ske og er lett for enkel h\u00e5ndtering.<\/p>\n<p data-start=\"63\" data-end=\"322\"><img fetchpriority=\"high\" decoding=\"async\" class=\"size-full wp-image-46234 aligncenter\" src=\"https:\/\/keluvo.com\/template\/wp-content\/uploads\/sites\/5\/2025\/12\/10229-ezgif.com-video-to-webp-converter-4.webp\" alt=\"\" width=\"500\" height=\"889\" \/><\/p>\n<h2 style=\"text-align: center;\" data-start=\"598\" data-end=\"618\">\ud83d\udd27 Hovedfordeler<\/h2>\n<p data-start=\"621\" data-end=\"683\">\ud83d\udd01 Enveisventilsystem \u2013 hindrer luft i \u00e5 str\u00f8mme tilbake.<\/p>\n<p data-start=\"686\" data-end=\"751\">\ud83d\udca8 Effektiv luftfjerning \u2013 bidrar til \u00e5 skape fast bremserespons.<\/p>\n<p data-start=\"754\" data-end=\"803\">\ud83e\uddf0 Gj\u00f8r-det-selv-vennlig \u2013 bremseutlufting for \u00e9n person.<\/p>\n<p data-start=\"806\" data-end=\"863\">\ud83d\udd17 Hurtigklipsforbindelse \u2013 raskt oppsett uten verkt\u00f8y.<\/p>\n<p data-start=\"866\" data-end=\"923\">\ud83e\udeb6 Lett og b\u00e6rbar \u2013 Enkel \u00e5 oppbevare og b\u00e6re.<\/p>\n<p data-start=\"926\" data-end=\"984\">\ud83d\udee0\ufe0f Slitesterk aluminiumskropp \u2013 Motstandsdyktig mot bremsev\u00e6ske.<\/p>\n<p data-start=\"926\" data-end=\"984\"><img decoding=\"async\" class=\"size-full wp-image-46235 aligncenter\" src=\"https:\/\/keluvo.com\/template\/wp-content\/uploads\/sites\/5\/2025\/12\/4bcbf81afb287dfda666e749e96b87d9e2e57672-700.jpg\" alt=\"\" width=\"1080\" height=\"1080\" \/><\/p>\n<h2 style=\"text-align: center;\" data-start=\"986\" data-end=\"1003\">\u25b6\ufe0f Slik Bruker Du Den<\/h2>\n<ol data-start=\"1004\" data-end=\"1218\">\n<li data-start=\"1004\" data-end=\"1040\">\n<p data-start=\"1007\" data-end=\"1040\">L\u00f8s bremsebl\u00f8dningsskruen.<\/p>\n<\/li>\n<li data-start=\"1041\" data-end=\"1110\">\n<p data-start=\"1044\" data-end=\"1110\">Koble til bl\u00f8derslangen (pilen peker bort fra tykkelsen).<\/p>\n<\/li>\n<li data-start=\"1111\" data-end=\"1161\">\n<p data-start=\"1114\" data-end=\"1161\">Trykk sakte p\u00e5 bremsepedalen for \u00e5 presse luften ut.<\/p>\n<\/li>\n<li data-start=\"1162\" data-end=\"1218\">\n<p data-start=\"1165\" data-end=\"1218\">Fyll p\u00e5 bremsev\u00e6ske etter behov og lukk bl\u00f8deren.<\/p>\n<\/li>\n<\/ol>\n<h2 style=\"text-align: center;\" data-start=\"1220\" data-end=\"1242\">\ud83d\udccf Produktdetaljer<\/h2>\n<ul data-start=\"1243\" data-end=\"1437\">\n<li data-start=\"1289\" data-end=\"1317\">\n<p data-start=\"1291\" data-end=\"1317\">Materiale: Aluminiumsskall<\/p>\n<\/li>\n<li data-start=\"1318\" data-end=\"1335\">\n<p data-start=\"1320\" data-end=\"1335\">Farge: S\u00f8lv<\/p>\n<\/li>\n<li data-start=\"1336\" data-end=\"1359\">\n<p data-start=\"1338\" data-end=\"1359\">Vekt: Ca. 30 g<\/p>\n<\/li>\n<li data-start=\"1360\" data-end=\"1401\">\n<p data-start=\"1362\" data-end=\"1401\">Slangetype: Fleksibel, lettb\u00f8yd design<\/p>\n<\/li>\n<li data-start=\"1402\" data-end=\"1437\">\n<p data-start=\"1404\" data-end=\"1437\">Ventiltype: Enveis tilbakeslagsventil<\/p>\n<\/li>\n<\/ul>\n<h2 style=\"text-align: center;\" data-start=\"1439\" data-end=\"1462\">\ud83d\udce6 Pakken inneholder<\/h2>\n<ul data-start=\"1463\" data-end=\"1544\" data-is-last-node=\"\" data-is-only-node=\"\">\n<li data-start=\"1463\" data-end=\"1514\">\n<p data-start=\"1465\" data-end=\"1514\">2x bremsebl\u00f8dningsslange med enveis tilbakeslagsventil<\/p>\n<\/li>\n<li data-start=\"1515\" data-end=\"1544\" data-is-last-node=\"\">\n<p data-start=\"1517\" data-end=\"1544\" data-is-last-node=\"\">4x reservemunnstykker.<\/p>\n<\/li>\n<\/ul>\n","protected":false},"excerpt":{"rendered":"<p>Bl\u00f8tgj\u00f8r Bremsene Enkelt Og Trygt Med Ett Enkelt Verkt\u00f8y. \ud83d\ude97\u00a0 Med dette bremseutluftingssettet kan du fjerne luft fra bremse- eller [&hellip;]<\/p>\n","protected":false},"featured_media":64193,"comment_status":"open","ping_status":"closed","template":"","meta":{"site-sidebar-layout":"default","site-content-layout":"","ast-site-content-layout":"default","site-content-style":"default","site-sidebar-style":"default","ast-global-header-display":"","ast-banner-title-visibility":"","ast-main-header-display":"","ast-hfb-above-header-display":"","ast-hfb-below-header-display":"","ast-hfb-mobile-header-display":"","site-post-title":"","ast-breadcrumbs-content":"","ast-featured-img":"","footer-sml-layout":"","theme-transparent-header-meta":"default","adv-header-id-meta":"","stick-header-meta":"","header-above-stick-meta":"","header-main-stick-meta":"","header-below-stick-meta":"","astra-migrate-meta-layouts":"set","ast-page-background-enabled":"default","ast-page-background-meta":{"desktop":{"background-color":"var(--ast-global-color-4)","background-image":"","background-repeat":"repeat","background-position":"center center","background-size":"auto","background-attachment":"scroll","background-type":"","background-media":"","overlay-type":"","overlay-color":"","overlay-opacity":"","overlay-gradient":""},"tablet":{"background-color":"","background-image":"","background-repeat":"repeat","background-position":"center center","background-size":"auto","background-attachment":"scroll","background-type":"","background-media":"","overlay-type":"","overlay-color":"","overlay-opacity":"","overlay-gradient":""},"mobile":{"background-color":"","background-image":"","background-repeat":"repeat","background-position":"center center","background-size":"auto","background-attachment":"scroll","background-type":"","background-media":"","overlay-type":"","overlay-color":"","overlay-opacity":"","overlay-gradient":""}},"ast-content-background-meta":{"desktop":{"background-color":"var(--ast-global-color-5)","background-image":"","background-repeat":"repeat","background-position":"center center","background-size":"auto","background-attachment":"scroll","background-type":"","background-media":"","overlay-type":"","overlay-color":"","overlay-opacity":"","overlay-gradient":""},"tablet":{"background-color":"var(--ast-global-color-5)","background-image":"","background-repeat":"repeat","background-position":"center center","background-size":"auto","background-attachment":"scroll","background-type":"","background-media":"","overlay-type":"","overlay-color":"","overlay-opacity":"","overlay-gradient":""},"mobile":{"background-color":"var(--ast-global-color-5)","background-image":"","background-repeat":"repeat","background-position":"center center","background-size":"auto","background-attachment":"scroll","background-type":"","background-media":"","overlay-type":"","overlay-color":"","overlay-opacity":"","overlay-gradient":""}}},"product_brand":[],"product_cat":[998,996],"product_tag":[],"class_list":{"0":"post-64197","1":"product","2":"type-product","3":"status-publish","4":"has-post-thumbnail","6":"product_cat-bilprodukter","7":"product_cat-verktoy","8":"desktop-align-left","9":"tablet-align-left","10":"mobile-align-left","12":"first","13":"instock","14":"shipping-taxable","15":"purchasable","16":"product-type-simple"},"_links":{"self":[{"href":"https:\/\/keluvo.com\/no\/wp-json\/wp\/v2\/product\/64197","targetHints":{"allow":["GET"]}}],"collection":[{"href":"https:\/\/keluvo.com\/no\/wp-json\/wp\/v2\/product"}],"about":[{"href":"https:\/\/keluvo.com\/no\/wp-json\/wp\/v2\/types\/product"}],"replies":[{"embeddable":true,"href":"https:\/\/keluvo.com\/no\/wp-json\/wp\/v2\/comments?post=64197"}],"wp:featuredmedia":[{"embeddable":true,"href":"https:\/\/keluvo.com\/no\/wp-json\/wp\/v2\/media\/64193"}],"wp:attachment":[{"href":"https:\/\/keluvo.com\/no\/wp-json\/wp\/v2\/media?parent=64197"}],"wp:term":[{"taxonomy":"product_brand","embeddable":true,"href":"https:\/\/keluvo.com\/no\/wp-json\/wp\/v2\/product_brand?post=64197"},{"taxonomy":"product_cat","embeddable":true,"href":"https:\/\/keluvo.com\/no\/wp-json\/wp\/v2\/product_cat?post=64197"},{"taxonomy":"product_tag","embeddable":true,"href":"https:\/\/keluvo.com\/no\/wp-json\/wp\/v2\/product_tag?post=64197"}],"curies":[{"name":"wp","href":"https:\/\/api.w.org\/{rel}","templated":true}]}}