{"id":64169,"date":"2025-12-18T15:14:56","date_gmt":"2025-12-18T13:14:56","guid":{"rendered":"https:\/\/keluvo.com\/no\/produkt\/lommebok-for-reiseorganisering\/"},"modified":"2025-12-18T16:15:40","modified_gmt":"2025-12-18T14:15:40","slug":"lommebok-for-reiseorganisering","status":"publish","type":"product","link":"https:\/\/keluvo.com\/no\/produkt\/lommebok-for-reiseorganisering\/","title":{"rendered":"Lommebok for reiseorganisering"},"content":{"rendered":"<div class=\"flex flex-col text-sm pb-25\">\n<article class=\"text-token-text-primary w-full focus:outline-none [--shadow-height:45px] has-data-writing-block:pointer-events-none has-data-writing-block:-mt-(--shadow-height) has-data-writing-block:pt-(--shadow-height) [&amp;:has([data-writing-block])&gt;*]:pointer-events-auto scroll-mt-[calc(var(--header-height)+min(200px,max(70px,20svh)))]\" dir=\"auto\" data-turn-id=\"request-6936fe07-cfbc-8332-90bd-b8a479fabfb7-4\" data-testid=\"conversation-turn-144\" data-scroll-anchor=\"true\" data-turn=\"assistant\">\n<div class=\"text-base my-auto mx-auto pb-10 [--thread-content-margin:--spacing(4)] @w-sm\/main:[--thread-content-margin:--spacing(6)] @w-lg\/main:[--thread-content-margin:--spacing(16)] px-(--thread-content-margin)\">\n<div class=\"[--thread-content-max-width:40rem] @w-lg\/main:[--thread-content-max-width:48rem] mx-auto max-w-(--thread-content-max-width) flex-1 group\/turn-messages focus-visible:outline-hidden relative flex w-full min-w-0 flex-col agent-turn\">\n<div class=\"flex max-w-full flex-col grow\">\n<div class=\"min-h-8 text-message relative flex w-full flex-col items-end gap-2 text-start break-words whitespace-normal [.text-message+&amp;]:mt-1\" dir=\"auto\" data-message-author-role=\"assistant\" data-message-id=\"5e19342b-0f43-4f7f-8f1e-8448f84c3618\" data-message-model-slug=\"gpt-5-2\">\n<div class=\"flex w-full flex-col gap-1 empty:hidden first:pt-[1px]\">\n<div class=\"markdown prose dark:prose-invert w-full break-words light markdown-new-styling\">\n<p style=\"text-align: center;\" data-start=\"0\" data-end=\"76\"><strong data-start=\"0\" data-end=\"76\">Hold Orden P\u00e5 Alt Du Trenger P\u00e5 Reisen I En Slank Og Sikker Lommebok.<\/strong><span style=\"font-size: 16px; font-style: normal; font-weight: 400;\">\u2708\ufe0f<\/span><\/p>\n<p style=\"text-align: center;\" data-start=\"78\" data-end=\"306\">Denne reiseorganiseringslommeboken hjelper deg med \u00e5 oppbevare kort, kontanter og viktige gjenstander p\u00e5 en oversiktlig m\u00e5te, slik at alt er lett \u00e5 finne n\u00e5r du trenger det. Den lette og kompakte designen gj\u00f8r den perfekt til daglig bruk, p\u00e5 reise, jobb eller skole. Den er laget av slitesterkt PU-l\u00e6r som beskytter verdisakene dine samtidig som den er stilig og enkel \u00e5 b\u00e6re. Den er ideell for forretningsfolk, studenter og familier som \u00f8nsker en enkel m\u00e5te \u00e5 holde det viktigste trygt og organisert p\u00e5 farten.<\/p>\n<p data-start=\"78\" data-end=\"306\"><img fetchpriority=\"high\" decoding=\"async\" class=\" wp-image-46210 aligncenter\" src=\"https:\/\/keluvo.com\/template\/wp-content\/uploads\/sites\/5\/2025\/12\/763257c39da309432ac6451dcfccfeca0b68b1db.webp\" alt=\"\" width=\"500\" height=\"500\" \/><\/p>\n<h2 style=\"text-align: center;\" data-start=\"593\" data-end=\"613\"><strong>Hovedfordeler<\/strong><\/h2>\n<p data-start=\"616\" data-end=\"682\">\ud83d\udcbc Alt-i-ett-organisator &#8211; Oppbevarer kort, kontanter og det viktigste.<\/p>\n<p data-start=\"685\" data-end=\"749\">\ud83e\udeb6 Lett og b\u00e6rbar &#8211; Lett \u00e5 b\u00e6re i vesker eller hender.<\/p>\n<p data-start=\"752\" data-end=\"809\">\ud83d\udd12 Sikker oppbevaring &#8211; Beskytter viktige gjenstander.<\/p>\n<p data-start=\"812\" data-end=\"886\">\ud83e\uddd1\u200d\ud83d\udcbc Allsidig bruk &#8211; Passer perfekt til reise, jobb, skole og dagligliv.<\/p>\n<p data-start=\"889\" data-end=\"952\">\ud83c\udfa8 Flere farger tilgjengelig &#8211; Velg din favorittstil.<\/p>\n<p data-start=\"955\" data-end=\"1026\">\ud83e\uddf5 Slitesterke materialer &#8211; PU-skinn p\u00e5 utsiden med mykt f\u00f4r p\u00e5 innsiden.<\/p>\n<p data-start=\"955\" data-end=\"1026\"><img decoding=\"async\" class=\"size-full wp-image-46209 aligncenter\" src=\"https:\/\/keluvo.com\/template\/wp-content\/uploads\/sites\/5\/2025\/12\/4834bb69de403e41b28df55665ab7b6e600a9c26.avif\" alt=\"\" \/><\/p>\n<h2 style=\"text-align: center;\" data-start=\"1028\" data-end=\"1045\"><strong>Slik Bruker Du Den<\/strong><\/h2>\n<ol data-start=\"1046\" data-end=\"1240\">\n<li data-start=\"1046\" data-end=\"1077\">\n<p data-start=\"1049\" data-end=\"1077\">\u00c5pne organisasjonslommeboken.<\/p>\n<\/li>\n<li data-start=\"1078\" data-end=\"1141\">\n<p data-start=\"1081\" data-end=\"1141\">Sett inn kort, kontanter og sm\u00e5ting i rommene.<\/p>\n<\/li>\n<li data-start=\"1142\" data-end=\"1178\">\n<p data-start=\"1145\" data-end=\"1178\">Lukk godt f\u00f8r du b\u00e6rer den.<\/p>\n<\/li>\n<li data-start=\"1179\" data-end=\"1240\">\n<p data-start=\"1182\" data-end=\"1240\">Oppbevar den i vesken din eller hold den i h\u00e5nden mens du reiser.<\/p>\n<\/li>\n<\/ol>\n<h2 style=\"text-align: center;\" data-start=\"1242\" data-end=\"1264\"><strong>Produktdetaljer<\/strong><\/h2>\n<ul data-start=\"1265\" data-end=\"1463\">\n<li data-start=\"1265\" data-end=\"1289\">\n<p data-start=\"1267\" data-end=\"1289\">Materiale: PU-l\u00e6r<\/p>\n<\/li>\n<li data-start=\"1290\" data-end=\"1325\">\n<p data-start=\"1292\" data-end=\"1325\">Innvendig materiale: Polyesterfiber<\/p>\n<\/li>\n<li data-start=\"1326\" data-end=\"1384\">\n<p data-start=\"1328\" data-end=\"1384\">St\u00f8rrelse: ca. 11,5 x 19 x 2 cm<\/p>\n<\/li>\n<li data-start=\"1423\" data-end=\"1463\">\n<p data-start=\"1425\" data-end=\"1463\">Design: Slank, b\u00e6rbar reiselommebok<\/p>\n<\/li>\n<\/ul>\n<h2 style=\"text-align: center;\" data-start=\"1465\" data-end=\"1488\"><strong>Pakken inneholder<\/strong><\/h2>\n<ul data-start=\"1489\" data-end=\"1518\" data-is-last-node=\"\" data-is-only-node=\"\">\n<li data-start=\"1489\" data-end=\"1518\" data-is-last-node=\"\">\n<p data-start=\"1491\" data-end=\"1518\" data-is-last-node=\"\">1x reiselommebok.<\/p>\n<\/li>\n<\/ul>\n<\/div>\n<\/div>\n<\/div>\n<\/div>\n<\/div>\n<\/div>\n<\/article>\n<\/div>\n","protected":false},"excerpt":{"rendered":"<p>Hold Orden P\u00e5 Alt Du Trenger P\u00e5 Reisen I En Slank Og Sikker Lommebok.\u2708\ufe0f Denne reiseorganiseringslommeboken hjelper deg med \u00e5 [&hellip;]<\/p>\n","protected":false},"featured_media":64165,"comment_status":"open","ping_status":"closed","template":"","meta":{"site-sidebar-layout":"default","site-content-layout":"","ast-site-content-layout":"default","site-content-style":"default","site-sidebar-style":"default","ast-global-header-display":"","ast-banner-title-visibility":"","ast-main-header-display":"","ast-hfb-above-header-display":"","ast-hfb-below-header-display":"","ast-hfb-mobile-header-display":"","site-post-title":"","ast-breadcrumbs-content":"","ast-featured-img":"","footer-sml-layout":"","theme-transparent-header-meta":"default","adv-header-id-meta":"","stick-header-meta":"","header-above-stick-meta":"","header-main-stick-meta":"","header-below-stick-meta":"","astra-migrate-meta-layouts":"set","ast-page-background-enabled":"default","ast-page-background-meta":{"desktop":{"background-color":"var(--ast-global-color-4)","background-image":"","background-repeat":"repeat","background-position":"center center","background-size":"auto","background-attachment":"scroll","background-type":"","background-media":"","overlay-type":"","overlay-color":"","overlay-opacity":"","overlay-gradient":""},"tablet":{"background-color":"","background-image":"","background-repeat":"repeat","background-position":"center center","background-size":"auto","background-attachment":"scroll","background-type":"","background-media":"","overlay-type":"","overlay-color":"","overlay-opacity":"","overlay-gradient":""},"mobile":{"background-color":"","background-image":"","background-repeat":"repeat","background-position":"center center","background-size":"auto","background-attachment":"scroll","background-type":"","background-media":"","overlay-type":"","overlay-color":"","overlay-opacity":"","overlay-gradient":""}},"ast-content-background-meta":{"desktop":{"background-color":"var(--ast-global-color-5)","background-image":"","background-repeat":"repeat","background-position":"center center","background-size":"auto","background-attachment":"scroll","background-type":"","background-media":"","overlay-type":"","overlay-color":"","overlay-opacity":"","overlay-gradient":""},"tablet":{"background-color":"var(--ast-global-color-5)","background-image":"","background-repeat":"repeat","background-position":"center center","background-size":"auto","background-attachment":"scroll","background-type":"","background-media":"","overlay-type":"","overlay-color":"","overlay-opacity":"","overlay-gradient":""},"mobile":{"background-color":"var(--ast-global-color-5)","background-image":"","background-repeat":"repeat","background-position":"center center","background-size":"auto","background-attachment":"scroll","background-type":"","background-media":"","overlay-type":"","overlay-color":"","overlay-opacity":"","overlay-gradient":""}}},"product_brand":[],"product_cat":[993],"product_tag":[],"class_list":{"0":"post-64169","1":"product","2":"type-product","3":"status-publish","4":"has-post-thumbnail","6":"product_cat-skotoy-tilbehor","7":"pa_60961_telri9l6-bla","8":"pa_60961_telri9l6-brun","9":"pa_60961_telri9l6-gra","10":"pa_60961_telri9l6-gronn","11":"pa_60961_telri9l6-lysebla","12":"pa_60961_telri9l6-morkebla","13":"pa_60961_telri9l6-rosa","14":"pa_60961_telri9l6-svart","15":"desktop-align-left","16":"tablet-align-left","17":"mobile-align-left","19":"first","20":"instock","21":"shipping-taxable","22":"purchasable","23":"product-type-variable"},"_links":{"self":[{"href":"https:\/\/keluvo.com\/no\/wp-json\/wp\/v2\/product\/64169","targetHints":{"allow":["GET"]}}],"collection":[{"href":"https:\/\/keluvo.com\/no\/wp-json\/wp\/v2\/product"}],"about":[{"href":"https:\/\/keluvo.com\/no\/wp-json\/wp\/v2\/types\/product"}],"replies":[{"embeddable":true,"href":"https:\/\/keluvo.com\/no\/wp-json\/wp\/v2\/comments?post=64169"}],"wp:featuredmedia":[{"embeddable":true,"href":"https:\/\/keluvo.com\/no\/wp-json\/wp\/v2\/media\/64165"}],"wp:attachment":[{"href":"https:\/\/keluvo.com\/no\/wp-json\/wp\/v2\/media?parent=64169"}],"wp:term":[{"taxonomy":"product_brand","embeddable":true,"href":"https:\/\/keluvo.com\/no\/wp-json\/wp\/v2\/product_brand?post=64169"},{"taxonomy":"product_cat","embeddable":true,"href":"https:\/\/keluvo.com\/no\/wp-json\/wp\/v2\/product_cat?post=64169"},{"taxonomy":"product_tag","embeddable":true,"href":"https:\/\/keluvo.com\/no\/wp-json\/wp\/v2\/product_tag?post=64169"}],"curies":[{"name":"wp","href":"https:\/\/api.w.org\/{rel}","templated":true}]}}