{"id":6414,"date":"2024-11-29T14:04:53","date_gmt":"2024-11-29T12:04:53","guid":{"rendered":"https:\/\/keluvo.com\/no\/produkt\/runde-senger-for-kjaeledyr\/"},"modified":"2024-12-05T21:20:24","modified_gmt":"2024-12-05T19:20:24","slug":"runde-senger-for-kjaeledyr","status":"publish","type":"product","link":"https:\/\/keluvo.com\/no\/produkt\/runde-senger-for-kjaeledyr\/","title":{"rendered":"Runde senger for kj\u00e6ledyr"},"content":{"rendered":"<h2 style=\"text-align: center\"><strong>Mykt og koselig plysjmateriale<\/strong><\/h2>\n<p style=\"text-align: center\">De runde sengene for kj\u00e6ledyr er laget av langt plysjstoff som f\u00f8les utrolig mykt og varmt, noe som gir den ultimate komforten for kj\u00e6ledyrene dine. Det 4 cm tykke plysjlaget skaper en beroligende overflate som katter og hunder elsker \u00e5 kose seg p\u00e5, noe som gj\u00f8r det til deres favorittsted \u00e5 slappe av.<\/p>\n<p><img decoding=\"async\" class=\"alignnone size-medium wp-image-3694 aligncenter\" src=\"https:\/\/keluvo.com\/template\/wp-content\/uploads\/sites\/5\/2024\/11\/1d9c2447-6a45-4986-ba23-0323adf420e8.webp\" alt=\"\" \/><\/p>\n<h2 style=\"text-align: center\"><strong>Perfekt for avslappende s\u00f8vn<\/strong><\/h2>\n<p style=\"text-align: center\">Designet med en rund form, tilbyr disse sengene et trygt og beroligende sted for kj\u00e6ledyr \u00e5 kr\u00f8lle seg sammen. Den myke polstringen bidrar til en avslappende s\u00f8vn, slik at dine pelskledde venner kan f\u00f8le seg trygge og komfortable, spesielt i de kaldere m\u00e5nedene.<\/p>\n<p><img decoding=\"async\" class=\"alignnone size-medium wp-image-3699 aligncenter\" src=\"https:\/\/keluvo.com\/template\/wp-content\/uploads\/sites\/5\/2024\/11\/S8fe1c2d10e204e6d993512c7039ba3f3x.jpg\" alt=\"\" \/><\/p>\n","protected":false},"excerpt":{"rendered":"<p>Mykt og koselig plysjmateriale De runde sengene for kj\u00e6ledyr er laget av langt plysjstoff som f\u00f8les utrolig mykt og varmt, [&hellip;]<\/p>\n","protected":false},"featured_media":6410,"comment_status":"open","ping_status":"closed","template":"","meta":{"site-sidebar-layout":"default","site-content-layout":"","ast-site-content-layout":"default","site-content-style":"default","site-sidebar-style":"default","ast-global-header-display":"","ast-banner-title-visibility":"","ast-main-header-display":"","ast-hfb-above-header-display":"","ast-hfb-below-header-display":"","ast-hfb-mobile-header-display":"","site-post-title":"","ast-breadcrumbs-content":"","ast-featured-img":"","footer-sml-layout":"","theme-transparent-header-meta":"default","adv-header-id-meta":"","stick-header-meta":"","header-above-stick-meta":"","header-main-stick-meta":"","header-below-stick-meta":"","astra-migrate-meta-layouts":"set","ast-page-background-enabled":"default","ast-page-background-meta":{"desktop":{"background-color":"var(--ast-global-color-4)","background-image":"","background-repeat":"repeat","background-position":"center center","background-size":"auto","background-attachment":"scroll","background-type":"","background-media":"","overlay-type":"","overlay-color":"","overlay-opacity":"","overlay-gradient":""},"tablet":{"background-color":"","background-image":"","background-repeat":"repeat","background-position":"center center","background-size":"auto","background-attachment":"scroll","background-type":"","background-media":"","overlay-type":"","overlay-color":"","overlay-opacity":"","overlay-gradient":""},"mobile":{"background-color":"","background-image":"","background-repeat":"repeat","background-position":"center center","background-size":"auto","background-attachment":"scroll","background-type":"","background-media":"","overlay-type":"","overlay-color":"","overlay-opacity":"","overlay-gradient":""}},"ast-content-background-meta":{"desktop":{"background-color":"var(--ast-global-color-5)","background-image":"","background-repeat":"repeat","background-position":"center center","background-size":"auto","background-attachment":"scroll","background-type":"","background-media":"","overlay-type":"","overlay-color":"","overlay-opacity":"","overlay-gradient":""},"tablet":{"background-color":"var(--ast-global-color-5)","background-image":"","background-repeat":"repeat","background-position":"center center","background-size":"auto","background-attachment":"scroll","background-type":"","background-media":"","overlay-type":"","overlay-color":"","overlay-opacity":"","overlay-gradient":""},"mobile":{"background-color":"var(--ast-global-color-5)","background-image":"","background-repeat":"repeat","background-position":"center center","background-size":"auto","background-attachment":"scroll","background-type":"","background-media":"","overlay-type":"","overlay-color":"","overlay-opacity":"","overlay-gradient":""}}},"product_brand":[],"product_cat":[997],"product_tag":[],"class_list":{"0":"post-6414","1":"product","2":"type-product","3":"status-publish","4":"has-post-thumbnail","6":"product_cat-husdyrprodukter","7":"pa_1ioknfqf-hvit","8":"pa_1ioknfqf-kaffe","9":"pa_1ioknfqf-khaki","10":"pa_1ioknfqf-lilla","11":"pa_1ioknfqf-lys-rosa","12":"pa_1ioknfqf-lysegra","13":"pa_1ioknfqf-mork-gra","14":"pa_1ioknfqf-rosa","15":"pa_1ioknfqf-rosa-laer","16":"pa_1ioknfqf-svart","17":"pa_hn0j2z58-40-cm","18":"pa_hn0j2z58-50-cm","19":"pa_hn0j2z58-60-cm","20":"pa_hn0j2z58-70-cm","21":"desktop-align-left","22":"tablet-align-left","23":"mobile-align-left","25":"first","26":"instock","27":"shipping-taxable","28":"purchasable","29":"product-type-variable"},"_links":{"self":[{"href":"https:\/\/keluvo.com\/no\/wp-json\/wp\/v2\/product\/6414","targetHints":{"allow":["GET"]}}],"collection":[{"href":"https:\/\/keluvo.com\/no\/wp-json\/wp\/v2\/product"}],"about":[{"href":"https:\/\/keluvo.com\/no\/wp-json\/wp\/v2\/types\/product"}],"replies":[{"embeddable":true,"href":"https:\/\/keluvo.com\/no\/wp-json\/wp\/v2\/comments?post=6414"}],"wp:featuredmedia":[{"embeddable":true,"href":"https:\/\/keluvo.com\/no\/wp-json\/wp\/v2\/media\/6410"}],"wp:attachment":[{"href":"https:\/\/keluvo.com\/no\/wp-json\/wp\/v2\/media?parent=6414"}],"wp:term":[{"taxonomy":"product_brand","embeddable":true,"href":"https:\/\/keluvo.com\/no\/wp-json\/wp\/v2\/product_brand?post=6414"},{"taxonomy":"product_cat","embeddable":true,"href":"https:\/\/keluvo.com\/no\/wp-json\/wp\/v2\/product_cat?post=6414"},{"taxonomy":"product_tag","embeddable":true,"href":"https:\/\/keluvo.com\/no\/wp-json\/wp\/v2\/product_tag?post=6414"}],"curies":[{"name":"wp","href":"https:\/\/api.w.org\/{rel}","templated":true}]}}