{"id":64048,"date":"2025-12-17T19:33:10","date_gmt":"2025-12-17T17:33:10","guid":{"rendered":"https:\/\/keluvo.com\/no\/produkt\/rc-bil-med-bevegelseskontroll\/"},"modified":"2025-12-22T18:11:15","modified_gmt":"2025-12-22T16:11:15","slug":"rc-bil-med-bevegelseskontroll","status":"publish","type":"product","link":"https:\/\/keluvo.com\/no\/produkt\/rc-bil-med-bevegelseskontroll\/","title":{"rendered":"RC-bil med bevegelseskontroll"},"content":{"rendered":"<div class=\"flex max-w-full flex-col grow\">\n<div class=\"min-h-8 text-message relative flex w-full flex-col items-end gap-2 text-start break-words whitespace-normal [.text-message+&amp;]:mt-1\" dir=\"auto\" data-message-author-role=\"assistant\" data-message-id=\"d511ec06-7f8c-48d1-b102-5bb4ee1983b8\" data-message-model-slug=\"gpt-5-2\">\n<div class=\"flex w-full flex-col gap-1 empty:hidden first:pt-[1px]\">\n<div class=\"markdown prose dark:prose-invert w-full break-words light markdown-new-styling\">\n<p style=\"text-align: center;\" data-start=\"0\" data-end=\"72\"><strong data-start=\"0\" data-end=\"72\">Styr Bilen Med Hendene Og Utf\u00f8r Fantastiske Stunt Hvor Som Helst.<\/strong><span style=\"font-size: 16px; font-style: normal; font-weight: 400;\">\ud83d\ude97\u00a0<\/span><\/p>\n<p style=\"text-align: center;\" data-start=\"74\" data-end=\"286\">Med denne geststyrte RC-bilen kan barna kj\u00f8re, snurre og snu ved hjelp av h\u00e5ndbevegelser eller en klassisk fjernkontroll. Med sterke stuntdekk, skarpe LED-lys og en robust konstruksjon gir den handling uten stopp b\u00e5de innend\u00f8rs og utend\u00f8rs. Denne RC-bilen har to kontrollmoduser, slik at barna kan velge hvordan de vil leke. Bruk fjernkontrollen for presis kj\u00f8ring, eller bytt til gestkontroll for \u00e5 styre, svinge og utf\u00f8re triks med enkle h\u00e5ndbevegelser.<\/p>\n<p data-start=\"74\" data-end=\"286\"><img fetchpriority=\"high\" decoding=\"async\" class=\"size-full wp-image-46153 aligncenter\" src=\"https:\/\/keluvo.com\/template\/wp-content\/uploads\/sites\/5\/2025\/12\/10226-ezgif.com-video-to-webp-converter-6.webp\" alt=\"\" width=\"500\" height=\"500\" \/><\/p>\n<h2 style=\"text-align: center;\" data-start=\"524\" data-end=\"544\">Hovedfordeler<\/h2>\n<p data-start=\"547\" data-end=\"613\">\u270b Gestkontrollmodus &#8211; Styr bilen med h\u00e5ndbevegelser.<\/p>\n<p data-start=\"616\" data-end=\"671\">\ud83c\udfae Fjernkontrollmodus &#8211; Enkel og presis kj\u00f8ring.<\/p>\n<p data-start=\"674\" data-end=\"731\">\ud83d\udd04 360\u00b0 stunts &#8211; Snurrer, snurrer og triks med letthet.<\/p>\n<p data-start=\"734\" data-end=\"799\">\ud83d\udca1 LED-lys &#8211; Lyse og fargerike, perfekt for lek om natten.<\/p>\n<p data-start=\"802\" data-end=\"858\">\ud83d\udede Stuntdekk &#8211; Sterkt grep p\u00e5 forskjellige underlag.<\/p>\n<p data-start=\"861\" data-end=\"911\">\ud83d\udcaa Slitesterk konstruksjon &#8211; takler st\u00f8t og krasj.<\/p>\n<p data-start=\"914\" data-end=\"972\">\ud83d\udc76 Barnesikker design &#8211; ingen skarpe kanter eller sm\u00e5 deler.<\/p>\n<p data-start=\"914\" data-end=\"972\"><img decoding=\"async\" class=\"size-full wp-image-46154 aligncenter\" src=\"https:\/\/keluvo.com\/template\/wp-content\/uploads\/sites\/5\/2025\/12\/16014453268e8e971de8.webp\" alt=\"\" width=\"500\" height=\"370\" \/><\/p>\n<h2 style=\"text-align: center;\" data-start=\"974\" data-end=\"991\">Hvordan bruke<\/h2>\n<ol data-start=\"992\" data-end=\"1267\">\n<li data-start=\"992\" data-end=\"1044\">\n<p data-start=\"995\" data-end=\"1044\">Lad RC-bilen med den medf\u00f8lgende USB-kabelen.<\/p>\n<\/li>\n<li data-start=\"1045\" data-end=\"1090\">\n<p data-start=\"1048\" data-end=\"1090\">Sl\u00e5 p\u00e5 bilen og velg kontrollmodus.<\/p>\n<\/li>\n<li data-start=\"1091\" data-end=\"1166\">\n<p data-start=\"1094\" data-end=\"1166\">Bruk fjernkontrollen for klassisk kj\u00f8ring eller bruk gestkontrolleren.<\/p>\n<\/li>\n<li data-start=\"1167\" data-end=\"1222\">\n<p data-start=\"1170\" data-end=\"1222\">Beveg h\u00e5nden for \u00e5 styre, spinne og utf\u00f8re stunts.<\/p>\n<\/li>\n<li data-start=\"1223\" data-end=\"1267\">\n<p data-start=\"1226\" data-end=\"1267\">Nyt racing og triks p\u00e5 alle underlag.<\/p>\n<\/li>\n<\/ol>\n<h2 style=\"text-align: center;\" data-start=\"1269\" data-end=\"1291\">Produktdetaljer<\/h2>\n<ul data-start=\"1292\" data-end=\"1552\">\n<li data-start=\"1292\" data-end=\"1339\">\n<p data-start=\"1294\" data-end=\"1339\">Materiale: Plast og elektroniske komponenter<\/p>\n<\/li>\n<li data-start=\"1340\" data-end=\"1391\">\n<p data-start=\"1342\" data-end=\"1391\">Kontrollmodi: Gestkontroll &amp; fjernkontroll<\/p>\n<\/li>\n<li data-start=\"1392\" data-end=\"1454\">\n<p data-start=\"1394\" data-end=\"1454\">Kraft: 3,7 V 500 mAh oppladbart litiumbatteri (inkludert)<\/p>\n<\/li>\n<li data-start=\"1455\" data-end=\"1472\">\n<p data-start=\"1457\" data-end=\"1472\">Lading: USB<\/p>\n<\/li>\n<li data-start=\"1517\" data-end=\"1552\">\n<p data-start=\"1519\" data-end=\"1552\">Anbefalt alder: 3 \u00e5r og oppover<\/p>\n<\/li>\n<\/ul>\n<h2 style=\"text-align: center;\" data-start=\"1554\" data-end=\"1577\">Pakken inneholder<\/h2>\n<ul data-start=\"1578\" data-end=\"1723\" data-is-last-node=\"\" data-is-only-node=\"\">\n<li data-start=\"1578\" data-end=\"1608\">\n<p data-start=\"1580\" data-end=\"1608\">1x gestkontroll RC-bil<\/p>\n<\/li>\n<li data-start=\"1609\" data-end=\"1634\">\n<p data-start=\"1611\" data-end=\"1634\">1x fjernkontroll<\/p>\n<\/li>\n<li data-start=\"1635\" data-end=\"1669\">\n<p data-start=\"1637\" data-end=\"1669\">1x gestkontrollkontroller<\/p>\n<\/li>\n<li data-start=\"1670\" data-end=\"1696\">\n<p data-start=\"1672\" data-end=\"1696\">1x USB-ladekabel<\/p>\n<\/li>\n<li data-start=\"1697\" data-end=\"1723\" data-is-last-node=\"\">\n<p data-start=\"1699\" data-end=\"1723\" data-is-last-node=\"\">1x oppladbart batteri.<\/p>\n<\/li>\n<\/ul>\n<\/div>\n<\/div>\n<\/div>\n<\/div>\n","protected":false},"excerpt":{"rendered":"<p>Styr Bilen Med Hendene Og Utf\u00f8r Fantastiske Stunt Hvor Som Helst.\ud83d\ude97\u00a0 Med denne geststyrte RC-bilen kan barna kj\u00f8re, snurre og [&hellip;]<\/p>\n","protected":false},"featured_media":64044,"comment_status":"open","ping_status":"closed","template":"","meta":{"site-sidebar-layout":"default","site-content-layout":"","ast-site-content-layout":"default","site-content-style":"default","site-sidebar-style":"default","ast-global-header-display":"","ast-banner-title-visibility":"","ast-main-header-display":"","ast-hfb-above-header-display":"","ast-hfb-below-header-display":"","ast-hfb-mobile-header-display":"","site-post-title":"","ast-breadcrumbs-content":"","ast-featured-img":"","footer-sml-layout":"","theme-transparent-header-meta":"default","adv-header-id-meta":"","stick-header-meta":"","header-above-stick-meta":"","header-main-stick-meta":"","header-below-stick-meta":"","astra-migrate-meta-layouts":"set","ast-page-background-enabled":"default","ast-page-background-meta":{"desktop":{"background-color":"var(--ast-global-color-4)","background-image":"","background-repeat":"repeat","background-position":"center center","background-size":"auto","background-attachment":"scroll","background-type":"","background-media":"","overlay-type":"","overlay-color":"","overlay-opacity":"","overlay-gradient":""},"tablet":{"background-color":"","background-image":"","background-repeat":"repeat","background-position":"center center","background-size":"auto","background-attachment":"scroll","background-type":"","background-media":"","overlay-type":"","overlay-color":"","overlay-opacity":"","overlay-gradient":""},"mobile":{"background-color":"","background-image":"","background-repeat":"repeat","background-position":"center center","background-size":"auto","background-attachment":"scroll","background-type":"","background-media":"","overlay-type":"","overlay-color":"","overlay-opacity":"","overlay-gradient":""}},"ast-content-background-meta":{"desktop":{"background-color":"var(--ast-global-color-5)","background-image":"","background-repeat":"repeat","background-position":"center center","background-size":"auto","background-attachment":"scroll","background-type":"","background-media":"","overlay-type":"","overlay-color":"","overlay-opacity":"","overlay-gradient":""},"tablet":{"background-color":"var(--ast-global-color-5)","background-image":"","background-repeat":"repeat","background-position":"center center","background-size":"auto","background-attachment":"scroll","background-type":"","background-media":"","overlay-type":"","overlay-color":"","overlay-opacity":"","overlay-gradient":""},"mobile":{"background-color":"var(--ast-global-color-5)","background-image":"","background-repeat":"repeat","background-position":"center center","background-size":"auto","background-attachment":"scroll","background-type":"","background-media":"","overlay-type":"","overlay-color":"","overlay-opacity":"","overlay-gradient":""}}},"product_brand":[],"product_cat":[990],"product_tag":[],"class_list":{"0":"post-64048","1":"product","2":"type-product","3":"status-publish","4":"has-post-thumbnail","6":"product_cat-leker-barne-og-babyprodukter","7":"pa_60497_q22mgecd-bla","8":"pa_60497_q22mgecd-gra","9":"pa_60497_q22mgecd-rod","10":"desktop-align-left","11":"tablet-align-left","12":"mobile-align-left","14":"first","15":"instock","16":"shipping-taxable","17":"purchasable","18":"product-type-variable"},"_links":{"self":[{"href":"https:\/\/keluvo.com\/no\/wp-json\/wp\/v2\/product\/64048","targetHints":{"allow":["GET"]}}],"collection":[{"href":"https:\/\/keluvo.com\/no\/wp-json\/wp\/v2\/product"}],"about":[{"href":"https:\/\/keluvo.com\/no\/wp-json\/wp\/v2\/types\/product"}],"replies":[{"embeddable":true,"href":"https:\/\/keluvo.com\/no\/wp-json\/wp\/v2\/comments?post=64048"}],"wp:featuredmedia":[{"embeddable":true,"href":"https:\/\/keluvo.com\/no\/wp-json\/wp\/v2\/media\/64044"}],"wp:attachment":[{"href":"https:\/\/keluvo.com\/no\/wp-json\/wp\/v2\/media?parent=64048"}],"wp:term":[{"taxonomy":"product_brand","embeddable":true,"href":"https:\/\/keluvo.com\/no\/wp-json\/wp\/v2\/product_brand?post=64048"},{"taxonomy":"product_cat","embeddable":true,"href":"https:\/\/keluvo.com\/no\/wp-json\/wp\/v2\/product_cat?post=64048"},{"taxonomy":"product_tag","embeddable":true,"href":"https:\/\/keluvo.com\/no\/wp-json\/wp\/v2\/product_tag?post=64048"}],"curies":[{"name":"wp","href":"https:\/\/api.w.org\/{rel}","templated":true}]}}