{"id":6404,"date":"2024-11-29T13:55:54","date_gmt":"2024-11-29T11:55:54","guid":{"rendered":"https:\/\/keluvo.com\/no\/produkt\/boksemaskin\/"},"modified":"2025-09-12T14:08:05","modified_gmt":"2025-09-12T11:08:05","slug":"boksemaskin","status":"publish","type":"product","link":"https:\/\/keluvo.com\/no\/produkt\/boksemaskin\/","title":{"rendered":"Boksemaskin"},"content":{"rendered":"<h2 style=\"text-align: center;\"><strong>Interaktiv trening med musikk<\/strong><\/h2>\n<p style=\"text-align: center;\">Boksemaskinen kombinerer trening og underholdning ved \u00e5 synkronisere blinkende lys med bakgrunnsmusikk. Brukerne kan sl\u00e5 i takt med rytmen, noe som skaper en morsom og engasjerende trenings\u00f8kt som forbedrer fokus, koordinasjon og reaksjonstid.<\/p>\n<p><img decoding=\"async\" class=\"alignnone size-medium wp-image-3764 aligncenter\" src=\"https:\/\/keluvo.com\/template\/wp-content\/uploads\/sites\/5\/2024\/11\/Smart-Music-Boxing-Machine-LED-Lighted-Wall-Target-Sandbag-Relaxing-Reaction-Training-Target-for-Boxing-Sports.jpg_-1.png\" alt=\"\" \/><\/p>\n<h2 style=\"text-align: center;\"><strong>Slitesterk og justerbar design<\/strong><\/h2>\n<p style=\"text-align: center;\">Boksemaskinen er laget av sterke PU- og PP-materialer og er konstruert for \u00e5 t\u00e5le kraftige slag. Den lar deg justere slaghastigheten og lysresponsen, noe som gir en personlig og utfordrende treningsopplevelse.<\/p>\n<p><img decoding=\"async\" class=\"alignnone size-medium wp-image-3761 aligncenter\" src=\"https:\/\/keluvo.com\/template\/wp-content\/uploads\/sites\/5\/2024\/11\/S19e899f5773c4e43b56fdaf8653b6340j.jpg_640x640.jpg_.png\" alt=\"\" \/><\/p>\n","protected":false},"excerpt":{"rendered":"<p>Interaktiv trening med musikk Boksemaskinen kombinerer trening og underholdning ved \u00e5 synkronisere blinkende lys med bakgrunnsmusikk. Brukerne kan sl\u00e5 i [&hellip;]<\/p>\n","protected":false},"featured_media":6400,"comment_status":"open","ping_status":"closed","template":"","meta":{"site-sidebar-layout":"default","site-content-layout":"","ast-site-content-layout":"default","site-content-style":"default","site-sidebar-style":"default","ast-global-header-display":"","ast-banner-title-visibility":"","ast-main-header-display":"","ast-hfb-above-header-display":"","ast-hfb-below-header-display":"","ast-hfb-mobile-header-display":"","site-post-title":"","ast-breadcrumbs-content":"","ast-featured-img":"","footer-sml-layout":"","theme-transparent-header-meta":"default","adv-header-id-meta":"","stick-header-meta":"","header-above-stick-meta":"","header-main-stick-meta":"","header-below-stick-meta":"","astra-migrate-meta-layouts":"set","ast-page-background-enabled":"default","ast-page-background-meta":{"desktop":{"background-color":"var(--ast-global-color-4)","background-image":"","background-repeat":"repeat","background-position":"center center","background-size":"auto","background-attachment":"scroll","background-type":"","background-media":"","overlay-type":"","overlay-color":"","overlay-opacity":"","overlay-gradient":""},"tablet":{"background-color":"","background-image":"","background-repeat":"repeat","background-position":"center center","background-size":"auto","background-attachment":"scroll","background-type":"","background-media":"","overlay-type":"","overlay-color":"","overlay-opacity":"","overlay-gradient":""},"mobile":{"background-color":"","background-image":"","background-repeat":"repeat","background-position":"center center","background-size":"auto","background-attachment":"scroll","background-type":"","background-media":"","overlay-type":"","overlay-color":"","overlay-opacity":"","overlay-gradient":""}},"ast-content-background-meta":{"desktop":{"background-color":"var(--ast-global-color-5)","background-image":"","background-repeat":"repeat","background-position":"center center","background-size":"auto","background-attachment":"scroll","background-type":"","background-media":"","overlay-type":"","overlay-color":"","overlay-opacity":"","overlay-gradient":""},"tablet":{"background-color":"var(--ast-global-color-5)","background-image":"","background-repeat":"repeat","background-position":"center center","background-size":"auto","background-attachment":"scroll","background-type":"","background-media":"","overlay-type":"","overlay-color":"","overlay-opacity":"","overlay-gradient":""},"mobile":{"background-color":"var(--ast-global-color-5)","background-image":"","background-repeat":"repeat","background-position":"center center","background-size":"auto","background-attachment":"scroll","background-type":"","background-media":"","overlay-type":"","overlay-color":"","overlay-opacity":"","overlay-gradient":""}}},"product_brand":[],"product_cat":[993],"product_tag":[],"class_list":{"0":"post-6404","1":"product","2":"type-product","3":"status-publish","4":"has-post-thumbnail","6":"product_cat-skotoy-tilbehor","7":"pa_532vcp0x-blatt-lys","8":"pa_532vcp0x-rodt-lys","9":"desktop-align-left","10":"tablet-align-left","11":"mobile-align-left","13":"first","14":"instock","15":"shipping-taxable","16":"purchasable","17":"product-type-variable"},"_links":{"self":[{"href":"https:\/\/keluvo.com\/no\/wp-json\/wp\/v2\/product\/6404","targetHints":{"allow":["GET"]}}],"collection":[{"href":"https:\/\/keluvo.com\/no\/wp-json\/wp\/v2\/product"}],"about":[{"href":"https:\/\/keluvo.com\/no\/wp-json\/wp\/v2\/types\/product"}],"replies":[{"embeddable":true,"href":"https:\/\/keluvo.com\/no\/wp-json\/wp\/v2\/comments?post=6404"}],"wp:featuredmedia":[{"embeddable":true,"href":"https:\/\/keluvo.com\/no\/wp-json\/wp\/v2\/media\/6400"}],"wp:attachment":[{"href":"https:\/\/keluvo.com\/no\/wp-json\/wp\/v2\/media?parent=6404"}],"wp:term":[{"taxonomy":"product_brand","embeddable":true,"href":"https:\/\/keluvo.com\/no\/wp-json\/wp\/v2\/product_brand?post=6404"},{"taxonomy":"product_cat","embeddable":true,"href":"https:\/\/keluvo.com\/no\/wp-json\/wp\/v2\/product_cat?post=6404"},{"taxonomy":"product_tag","embeddable":true,"href":"https:\/\/keluvo.com\/no\/wp-json\/wp\/v2\/product_tag?post=6404"}],"curies":[{"name":"wp","href":"https:\/\/api.w.org\/{rel}","templated":true}]}}