{"id":63897,"date":"2025-12-17T18:16:49","date_gmt":"2025-12-17T16:16:49","guid":{"rendered":"https:\/\/keluvo.com\/no\/produkt\/slipemaskin-for-sliping-av-borekroner\/"},"modified":"2025-12-22T18:10:49","modified_gmt":"2025-12-22T16:10:49","slug":"slipemaskin-for-sliping-av-borekroner","status":"publish","type":"product","link":"https:\/\/keluvo.com\/no\/produkt\/slipemaskin-for-sliping-av-borekroner\/","title":{"rendered":"Slipemaskin for sliping av borekroner"},"content":{"rendered":"<div class=\"flex max-w-full flex-col grow\">\n<div class=\"min-h-8 text-message relative flex w-full flex-col items-end gap-2 text-start break-words whitespace-normal [.text-message+&amp;]:mt-1\" dir=\"auto\" data-message-author-role=\"assistant\" data-message-id=\"e7ad2938-0782-4be8-9474-e98242152b14\" data-message-model-slug=\"gpt-5-2\">\n<div class=\"flex w-full flex-col gap-1 empty:hidden first:pt-[1px]\">\n<div class=\"markdown prose dark:prose-invert w-full break-words light markdown-new-styling\">\n<p style=\"text-align: center;\" data-start=\"0\" data-end=\"67\"><strong data-start=\"0\" data-end=\"67\">Slip Sl\u00f8ve Bor Raskt Og F\u00e5 Dem Til \u00c5 Fungere Som Nye Igjen. \u2699\ufe0f<\/strong><\/p>\n<p style=\"text-align: center;\" data-start=\"69\" data-end=\"349\">Dette Slipemaskin for borekroner gj\u00f8r at du raskt kan gjenopprette slitte borekroner uten \u00e5 m\u00e5tte kj\u00f8pe nye. Dette brukervennlige slipeutstyret passer p\u00e5 vinkelsliperen din og lar deg slipe forskjellige borst\u00f8rrelser med riktig vinkel for renere og raskere boring.<\/p>\n<p data-start=\"69\" data-end=\"349\"><img fetchpriority=\"high\" decoding=\"async\" class=\"size-full wp-image-45994 aligncenter\" src=\"https:\/\/keluvo.com\/template\/wp-content\/uploads\/sites\/5\/2025\/12\/102217-ezgif.com-video-to-webp-converter-3.webp\" alt=\"\" width=\"500\" height=\"500\" \/><\/p>\n<h2 style=\"text-align: center;\" data-start=\"625\" data-end=\"644\"><strong>\u2b50 Hovedfordeler<\/strong><\/h2>\n<p data-start=\"647\" data-end=\"709\">\ud83e\ude9b Gjenoppretter sl\u00f8ve bor &#8211; gj\u00f8r gamle bor skarpe igjen.<\/p>\n<p data-start=\"712\" data-end=\"774\">\u2699\ufe0f Flere vinkelspor &#8211; passer til forskjellige borst\u00f8rrelser.<\/p>\n<p data-start=\"777\" data-end=\"826\">\ud83d\udd29 Enkel \u00e5 bruke &#8211; ingen spesielle ferdigheter kreves.<\/p>\n<p data-start=\"829\" data-end=\"898\">\ud83e\uddf0 Bred kompatibilitet &#8211; Fungerer med HSS, legering, kobolt og mer.<\/p>\n<p data-start=\"901\" data-end=\"968\">\ud83d\udcb0 Kostnadsbesparende l\u00f8sning &#8211; Reduserer behovet for nye bor.<\/p>\n<p data-start=\"901\" data-end=\"968\"><img decoding=\"async\" class=\"size-full wp-image-45995 aligncenter\" src=\"https:\/\/keluvo.com\/template\/wp-content\/uploads\/sites\/5\/2025\/12\/102216-ezgif.com-video-to-webp-converter-3.webp\" alt=\"\" width=\"500\" height=\"667\" \/><\/p>\n<h2 style=\"text-align: center;\" data-start=\"970\" data-end=\"987\"><strong>\ud83e\udde9 Slik Bruker Du Den<\/strong><\/h2>\n<ol data-start=\"988\" data-end=\"1223\">\n<li data-start=\"988\" data-end=\"1045\">\n<p data-start=\"991\" data-end=\"1045\">Fest slipemaskinen til vinkelsliperen din.<\/p>\n<\/li>\n<li data-start=\"1046\" data-end=\"1099\">\n<p data-start=\"1049\" data-end=\"1099\">Velg riktig spor for borst\u00f8rrelsen.<\/p>\n<\/li>\n<li data-start=\"1100\" data-end=\"1141\">\n<p data-start=\"1103\" data-end=\"1141\">Sett boret inn i f\u00f8ringen.<\/p>\n<\/li>\n<li data-start=\"1142\" data-end=\"1180\">\n<p data-start=\"1145\" data-end=\"1180\">Slip forsiktig i den styrte vinkelen.<\/p>\n<\/li>\n<li data-start=\"1181\" data-end=\"1223\">\n<p data-start=\"1184\" data-end=\"1223\">Kontroller skarpheten og gjenta om n\u00f8dvendig.<\/p>\n<\/li>\n<\/ol>\n<h2 style=\"text-align: center;\" data-start=\"1225\" data-end=\"1247\"><strong>\ud83d\udccf Produktdetaljer<\/strong><\/h2>\n<ul data-start=\"1248\" data-end=\"1434\">\n<li data-start=\"1296\" data-end=\"1313\">\n<p data-start=\"1298\" data-end=\"1313\">Materiale: ABS<\/p>\n<\/li>\n<li data-start=\"1314\" data-end=\"1349\">\n<p data-start=\"1316\" data-end=\"1349\">Kompatibel verkt\u00f8y: Vinkelsliper<\/p>\n<\/li>\n<li data-start=\"1350\" data-end=\"1415\">\n<p data-start=\"1352\" data-end=\"1415\">Egnet for: HSS, hard legering, kobolt og lignende bor<\/p>\n<\/li>\n<li data-start=\"1416\" data-end=\"1434\">\n<p data-start=\"1418\" data-end=\"1434\">St\u00f8rrelse: 12,5 x 11,5 cm<\/p>\n<\/li>\n<li data-start=\"1416\" data-end=\"1434\">Ti hullposisjonsmodell: 3, 4, 5, 6, 7, 8, 9, 10, 11, 12 mm<\/li>\n<\/ul>\n<h2 style=\"text-align: center;\" data-start=\"1436\" data-end=\"1459\"><strong>\ud83d\udce6 Pakken inkluderer<\/strong><\/h2>\n<ul data-start=\"1460\" data-end=\"1494\" data-is-last-node=\"\" data-is-only-node=\"\">\n<li data-start=\"1460\" data-end=\"1494\" data-is-last-node=\"\">\n<p data-start=\"1462\" data-end=\"1494\" data-is-last-node=\"\">1, 2x borbitslipemaskin.<\/p>\n<\/li>\n<\/ul>\n<\/div>\n<\/div>\n<\/div>\n<\/div>\n","protected":false},"excerpt":{"rendered":"<p>Slip Sl\u00f8ve Bor Raskt Og F\u00e5 Dem Til \u00c5 Fungere Som Nye Igjen. \u2699\ufe0f Dette Slipemaskin for borekroner gj\u00f8r at [&hellip;]<\/p>\n","protected":false},"featured_media":63893,"comment_status":"open","ping_status":"closed","template":"","meta":{"site-sidebar-layout":"default","site-content-layout":"","ast-site-content-layout":"default","site-content-style":"default","site-sidebar-style":"default","ast-global-header-display":"","ast-banner-title-visibility":"","ast-main-header-display":"","ast-hfb-above-header-display":"","ast-hfb-below-header-display":"","ast-hfb-mobile-header-display":"","site-post-title":"","ast-breadcrumbs-content":"","ast-featured-img":"","footer-sml-layout":"","theme-transparent-header-meta":"default","adv-header-id-meta":"","stick-header-meta":"","header-above-stick-meta":"","header-main-stick-meta":"","header-below-stick-meta":"","astra-migrate-meta-layouts":"set","ast-page-background-enabled":"default","ast-page-background-meta":{"desktop":{"background-color":"var(--ast-global-color-4)","background-image":"","background-repeat":"repeat","background-position":"center center","background-size":"auto","background-attachment":"scroll","background-type":"","background-media":"","overlay-type":"","overlay-color":"","overlay-opacity":"","overlay-gradient":""},"tablet":{"background-color":"","background-image":"","background-repeat":"repeat","background-position":"center center","background-size":"auto","background-attachment":"scroll","background-type":"","background-media":"","overlay-type":"","overlay-color":"","overlay-opacity":"","overlay-gradient":""},"mobile":{"background-color":"","background-image":"","background-repeat":"repeat","background-position":"center center","background-size":"auto","background-attachment":"scroll","background-type":"","background-media":"","overlay-type":"","overlay-color":"","overlay-opacity":"","overlay-gradient":""}},"ast-content-background-meta":{"desktop":{"background-color":"var(--ast-global-color-5)","background-image":"","background-repeat":"repeat","background-position":"center center","background-size":"auto","background-attachment":"scroll","background-type":"","background-media":"","overlay-type":"","overlay-color":"","overlay-opacity":"","overlay-gradient":""},"tablet":{"background-color":"var(--ast-global-color-5)","background-image":"","background-repeat":"repeat","background-position":"center center","background-size":"auto","background-attachment":"scroll","background-type":"","background-media":"","overlay-type":"","overlay-color":"","overlay-opacity":"","overlay-gradient":""},"mobile":{"background-color":"var(--ast-global-color-5)","background-image":"","background-repeat":"repeat","background-position":"center center","background-size":"auto","background-attachment":"scroll","background-type":"","background-media":"","overlay-type":"","overlay-color":"","overlay-opacity":"","overlay-gradient":""}}},"product_brand":[],"product_cat":[996],"product_tag":[],"class_list":{"0":"post-63897","1":"product","2":"type-product","3":"status-publish","4":"has-post-thumbnail","6":"product_cat-verktoy","7":"pa_60176_37tttia5-1-stk","8":"pa_60176_37tttia5-2-stk","9":"pa_60176_tol702hg-bla","10":"pa_60176_tol702hg-rod","11":"pa_60176_tol702hg-svart","12":"desktop-align-left","13":"tablet-align-left","14":"mobile-align-left","16":"first","17":"instock","18":"shipping-taxable","19":"purchasable","20":"product-type-variable","21":"has-default-attributes"},"_links":{"self":[{"href":"https:\/\/keluvo.com\/no\/wp-json\/wp\/v2\/product\/63897","targetHints":{"allow":["GET"]}}],"collection":[{"href":"https:\/\/keluvo.com\/no\/wp-json\/wp\/v2\/product"}],"about":[{"href":"https:\/\/keluvo.com\/no\/wp-json\/wp\/v2\/types\/product"}],"replies":[{"embeddable":true,"href":"https:\/\/keluvo.com\/no\/wp-json\/wp\/v2\/comments?post=63897"}],"wp:featuredmedia":[{"embeddable":true,"href":"https:\/\/keluvo.com\/no\/wp-json\/wp\/v2\/media\/63893"}],"wp:attachment":[{"href":"https:\/\/keluvo.com\/no\/wp-json\/wp\/v2\/media?parent=63897"}],"wp:term":[{"taxonomy":"product_brand","embeddable":true,"href":"https:\/\/keluvo.com\/no\/wp-json\/wp\/v2\/product_brand?post=63897"},{"taxonomy":"product_cat","embeddable":true,"href":"https:\/\/keluvo.com\/no\/wp-json\/wp\/v2\/product_cat?post=63897"},{"taxonomy":"product_tag","embeddable":true,"href":"https:\/\/keluvo.com\/no\/wp-json\/wp\/v2\/product_tag?post=63897"}],"curies":[{"name":"wp","href":"https:\/\/api.w.org\/{rel}","templated":true}]}}