{"id":63887,"date":"2025-12-17T18:15:18","date_gmt":"2025-12-17T16:15:18","guid":{"rendered":"https:\/\/keluvo.com\/no\/produkt\/innvendig-koblingsstangverktoy\/"},"modified":"2026-01-22T17:59:02","modified_gmt":"2026-01-22T15:59:02","slug":"innvendig-koblingsstangverktoy","status":"publish","type":"product","link":"https:\/\/keluvo.com\/no\/produkt\/innvendig-koblingsstangverktoy\/","title":{"rendered":"Innvendig koblingsstangverkt\u00f8y"},"content":{"rendered":"<p style=\"text-align: center;\" data-start=\"0\" data-end=\"72\"><strong data-start=\"0\" data-end=\"72\">Fjern Og Monter Innvendige Trekkstenger Raskt Uten Ekstra Demontering. \ud83d\udee0\ufe0f<\/strong><\/p>\n<p style=\"text-align: center;\" data-start=\"74\" data-end=\"288\">\u00a0Dette lette 0,9 cm lange verkt\u00f8yet for innvendige styrestag griper godt tak i glatte sylinderstyrestag for sikker bruk. <span style=\"font-size: 16px; font-style: normal; font-weight: 400;\">Du kan arbeide uten \u00e5 fjerne den ytre trekkstangen, noe som sparer tid, krefter og frustrasjon under styrereparasjoner.<\/span><span style=\"font-size: 16px; font-style: normal; font-weight: 400;\">\u00a0<\/span><span style=\"font-size: 16px;\">\u00a0Den er laget av sterkt karbonst\u00e5l og leverer h\u00f8yt dreiemoment med mindre anstrengelse, noe som gj\u00f8r den ideell for b\u00e5de hjemmemekanikere og profesjonelle.<\/span><\/p>\n<p data-start=\"74\" data-end=\"288\"><img fetchpriority=\"high\" decoding=\"async\" class=\"size-full wp-image-45988 aligncenter\" src=\"https:\/\/keluvo.com\/template\/wp-content\/uploads\/sites\/5\/2025\/12\/102214-ezgif.com-video-to-webp-converter-3.webp\" alt=\"\" width=\"500\" height=\"667\" \/><\/p>\n<h2 style=\"text-align: center;\" data-start=\"581\" data-end=\"600\">\u2b50 Hovedfordeler<\/h2>\n<p data-start=\"603\" data-end=\"660\">\ud83d\udee0\ufe0f Ingen fjerning av ytre trekkstang &#8211; Sparer tid og arbeid.<\/p>\n<p data-start=\"663\" data-end=\"722\">\ud83d\udd12 Sterkt sklisikkert grep &#8211; Sikker og stabil drift.<\/p>\n<p data-start=\"725\" data-end=\"789\">\u2699\ufe0f H\u00f8yfast karbonst\u00e5l &#8211; Slitesterkt og slitesterkt.<\/p>\n<p data-start=\"792\" data-end=\"851\">\ud83c\udf92 Lett og b\u00e6rbar &#8211; Enkel \u00e5 b\u00e6re og oppbevare.<\/p>\n<p data-start=\"854\" data-end=\"918\">\ud83d\ude97 Universell passform &#8211; Fungerer med standard trekkstenger med glatt ende.<\/p>\n<p data-start=\"854\" data-end=\"918\"><img decoding=\"async\" class=\"size-full wp-image-45987 aligncenter\" src=\"https:\/\/keluvo.com\/template\/wp-content\/uploads\/sites\/5\/2025\/12\/102215-ezgif.com-video-to-webp-converter-2.webp\" alt=\"\" width=\"500\" height=\"667\" \/><\/p>\n<h2 style=\"text-align: center;\" data-start=\"920\" data-end=\"937\">\ud83e\udde9 Slik Bruker Du Verkt\u00f8yet<\/h2>\n<ol data-start=\"938\" data-end=\"1180\">\n<li data-start=\"938\" data-end=\"986\">\n<p data-start=\"941\" data-end=\"986\">Fest verkt\u00f8yet til en 0,9 cm drivn\u00f8kkel.<\/p>\n<\/li>\n<li data-start=\"987\" data-end=\"1030\">\n<p data-start=\"990\" data-end=\"1030\">Skyv verkt\u00f8yet over den indre trekkstangen.<\/p>\n<\/li>\n<li data-start=\"1031\" data-end=\"1082\">\n<p data-start=\"1034\" data-end=\"1082\">S\u00f8rg for et fast grep om den glatte sylinderenden.<\/p>\n<\/li>\n<li data-start=\"1083\" data-end=\"1132\">\n<p data-start=\"1086\" data-end=\"1132\">Drei for \u00e5 l\u00f8sne eller stramme den indre trekkstangen.<\/p>\n<\/li>\n<li data-start=\"1133\" data-end=\"1180\">\n<p data-start=\"1136\" data-end=\"1180\">Fjern verkt\u00f8yet n\u00e5r jobben er fullf\u00f8rt.<\/p>\n<\/li>\n<\/ol>\n<h2 style=\"text-align: center;\" data-start=\"1182\" data-end=\"1204\">\ud83d\udccf Produktdetaljer<\/h2>\n<ul data-start=\"1205\" data-end=\"1372\">\n<li data-start=\"1242\" data-end=\"1266\">\n<p data-start=\"1244\" data-end=\"1266\">Drivst\u00f8rrelse: 0,9 cm<\/p>\n<\/li>\n<li data-start=\"1267\" data-end=\"1293\">\n<p data-start=\"1269\" data-end=\"1293\">Materiale: Karbonst\u00e5l<\/p>\n<\/li>\n<li data-start=\"1294\" data-end=\"1310\">\n<p data-start=\"1296\" data-end=\"1310\">Farge: Svart<\/p>\n<\/li>\n<li data-start=\"1311\" data-end=\"1336\">\n<p data-start=\"1313\" data-end=\"1336\">Pakkevekt: 310 g<\/p>\n<\/li>\n<li data-start=\"1337\" data-end=\"1372\">\n<p data-start=\"1339\" data-end=\"1372\">St\u00f8rrelse: 7,6 x 7,4 x 1,9 cm<\/p>\n<\/li>\n<\/ul>\n<h2 style=\"text-align: center;\" data-start=\"1374\" data-end=\"1397\">\ud83d\udce6 Pakken inkluderer<\/h2>\n<ul data-start=\"1398\" data-end=\"1422\" data-is-last-node=\"\" data-is-only-node=\"\">\n<li data-start=\"1398\" data-end=\"1422\" data-is-last-node=\"\">\n<p data-start=\"1400\" data-end=\"1422\" data-is-last-node=\"\">1x indre trekkstangverkt\u00f8y.<\/p>\n<\/li>\n<\/ul>\n","protected":false},"excerpt":{"rendered":"<p>Fjern Og Monter Innvendige Trekkstenger Raskt Uten Ekstra Demontering. \ud83d\udee0\ufe0f \u00a0Dette lette 0,9 cm lange verkt\u00f8yet for innvendige styrestag griper [&hellip;]<\/p>\n","protected":false},"featured_media":63883,"comment_status":"open","ping_status":"closed","template":"","meta":{"site-sidebar-layout":"default","site-content-layout":"","ast-site-content-layout":"default","site-content-style":"default","site-sidebar-style":"default","ast-global-header-display":"","ast-banner-title-visibility":"","ast-main-header-display":"","ast-hfb-above-header-display":"","ast-hfb-below-header-display":"","ast-hfb-mobile-header-display":"","site-post-title":"","ast-breadcrumbs-content":"","ast-featured-img":"","footer-sml-layout":"","theme-transparent-header-meta":"default","adv-header-id-meta":"","stick-header-meta":"","header-above-stick-meta":"","header-main-stick-meta":"","header-below-stick-meta":"","astra-migrate-meta-layouts":"set","ast-page-background-enabled":"default","ast-page-background-meta":{"desktop":{"background-color":"var(--ast-global-color-4)","background-image":"","background-repeat":"repeat","background-position":"center center","background-size":"auto","background-attachment":"scroll","background-type":"","background-media":"","overlay-type":"","overlay-color":"","overlay-opacity":"","overlay-gradient":""},"tablet":{"background-color":"","background-image":"","background-repeat":"repeat","background-position":"center center","background-size":"auto","background-attachment":"scroll","background-type":"","background-media":"","overlay-type":"","overlay-color":"","overlay-opacity":"","overlay-gradient":""},"mobile":{"background-color":"","background-image":"","background-repeat":"repeat","background-position":"center center","background-size":"auto","background-attachment":"scroll","background-type":"","background-media":"","overlay-type":"","overlay-color":"","overlay-opacity":"","overlay-gradient":""}},"ast-content-background-meta":{"desktop":{"background-color":"var(--ast-global-color-5)","background-image":"","background-repeat":"repeat","background-position":"center center","background-size":"auto","background-attachment":"scroll","background-type":"","background-media":"","overlay-type":"","overlay-color":"","overlay-opacity":"","overlay-gradient":""},"tablet":{"background-color":"var(--ast-global-color-5)","background-image":"","background-repeat":"repeat","background-position":"center center","background-size":"auto","background-attachment":"scroll","background-type":"","background-media":"","overlay-type":"","overlay-color":"","overlay-opacity":"","overlay-gradient":""},"mobile":{"background-color":"var(--ast-global-color-5)","background-image":"","background-repeat":"repeat","background-position":"center center","background-size":"auto","background-attachment":"scroll","background-type":"","background-media":"","overlay-type":"","overlay-color":"","overlay-opacity":"","overlay-gradient":""}}},"product_brand":[],"product_cat":[996],"product_tag":[],"class_list":{"0":"post-63887","1":"product","2":"type-product","3":"status-publish","4":"has-post-thumbnail","6":"product_cat-verktoy","7":"desktop-align-left","8":"tablet-align-left","9":"mobile-align-left","11":"first","12":"instock","13":"shipping-taxable","14":"purchasable","15":"product-type-simple"},"_links":{"self":[{"href":"https:\/\/keluvo.com\/no\/wp-json\/wp\/v2\/product\/63887","targetHints":{"allow":["GET"]}}],"collection":[{"href":"https:\/\/keluvo.com\/no\/wp-json\/wp\/v2\/product"}],"about":[{"href":"https:\/\/keluvo.com\/no\/wp-json\/wp\/v2\/types\/product"}],"replies":[{"embeddable":true,"href":"https:\/\/keluvo.com\/no\/wp-json\/wp\/v2\/comments?post=63887"}],"wp:featuredmedia":[{"embeddable":true,"href":"https:\/\/keluvo.com\/no\/wp-json\/wp\/v2\/media\/63883"}],"wp:attachment":[{"href":"https:\/\/keluvo.com\/no\/wp-json\/wp\/v2\/media?parent=63887"}],"wp:term":[{"taxonomy":"product_brand","embeddable":true,"href":"https:\/\/keluvo.com\/no\/wp-json\/wp\/v2\/product_brand?post=63887"},{"taxonomy":"product_cat","embeddable":true,"href":"https:\/\/keluvo.com\/no\/wp-json\/wp\/v2\/product_cat?post=63887"},{"taxonomy":"product_tag","embeddable":true,"href":"https:\/\/keluvo.com\/no\/wp-json\/wp\/v2\/product_tag?post=63887"}],"curies":[{"name":"wp","href":"https:\/\/api.w.org\/{rel}","templated":true}]}}