{"id":63860,"date":"2025-12-17T18:12:30","date_gmt":"2025-12-17T16:12:30","guid":{"rendered":"https:\/\/keluvo.com\/no\/produkt\/sett-for-lokalisering-av-hengselhull\/"},"modified":"2025-12-22T18:10:50","modified_gmt":"2025-12-22T16:10:50","slug":"sett-for-lokalisering-av-hengselhull","status":"publish","type":"product","link":"https:\/\/keluvo.com\/no\/produkt\/sett-for-lokalisering-av-hengselhull\/","title":{"rendered":"Sett for lokalisering av hengselhull"},"content":{"rendered":"<p style=\"text-align: center;\" data-start=\"0\" data-end=\"64\"><strong data-start=\"0\" data-end=\"64\">Bor Perfekte Hengselhull Raskt Og N\u00f8yaktig Hver Gang. \ud83d\udee0\ufe0f<\/strong><\/p>\n<p style=\"text-align: center;\" data-start=\"66\" data-end=\"356\">Dette hengselhulls\u00f8kingssett hjelper deg med \u00e5 montere skaphengsler med presisjon og selvtillit. Dette verkt\u00f8yet er beregnet for 35 mm skjulte hengsler og sikrer rene, sentrerte hull uten gjetting. Det sparer tid, reduserer antall feil og gir profesjonelle resultater for gj\u00f8r-det-selv-prosjekter og m\u00f8belarbeid.<\/p>\n<p data-start=\"66\" data-end=\"356\"><img fetchpriority=\"high\" decoding=\"async\" class=\"size-full wp-image-45948 aligncenter\" src=\"https:\/\/keluvo.com\/template\/wp-content\/uploads\/sites\/5\/2025\/12\/102212-ezgif.com-video-to-webp-converter-3.webp\" alt=\"\" width=\"500\" height=\"667\" \/><\/p>\n<h2 style=\"text-align: center;\" data-start=\"358\" data-end=\"377\">\u2b50 Hovedfordeler<\/h2>\n<p data-start=\"380\" data-end=\"443\">\ud83c\udfaf Presis hengselinnretting &#8211; Sikrer n\u00f8yaktige 35 mm hull.<\/p>\n<p data-start=\"446\" data-end=\"512\">\ud83d\udee0\ufe0f Justerbar posisjonering &#8211; Passer til plater med en tykkelse p\u00e5 15-20 mm.<\/p>\n<p data-start=\"515\" data-end=\"569\">\ud83d\udd29 Sterk st\u00e5lkonstruksjon &#8211; Slitesterk og langvarig.<\/p>\n<p data-start=\"572\" data-end=\"635\">\u26a1 Rask installasjon &#8211; Gj\u00f8r skap- og d\u00f8rprosjekter raskere.<\/p>\n<p data-start=\"638\" data-end=\"701\">\ud83d\udc4c Enkel \u00e5 bruke &#8211; Passer for b\u00e5de nybegynnere og profesjonelle.<\/p>\n<p data-start=\"638\" data-end=\"701\"><img decoding=\"async\" class=\"size-full wp-image-45949 aligncenter\" src=\"https:\/\/keluvo.com\/template\/wp-content\/uploads\/sites\/5\/2025\/12\/102211-ezgif.com-video-to-webp-converter-3.webp\" alt=\"\" width=\"500\" height=\"667\" \/><\/p>\n<h2 style=\"text-align: center;\" data-start=\"703\" data-end=\"720\">\ud83d\udd27 Slik Bruker Du Den<\/h2>\n<ol data-start=\"721\" data-end=\"978\">\n<li data-start=\"721\" data-end=\"774\">\n<p data-start=\"724\" data-end=\"774\">Juster lokaliseringsenheten slik at den passer til platetykkelsen.<\/p>\n<\/li>\n<li data-start=\"775\" data-end=\"836\">\n<p data-start=\"778\" data-end=\"836\">Plasser malen der hengslet skal monteres.<\/p>\n<\/li>\n<li data-start=\"837\" data-end=\"872\">\n<p data-start=\"840\" data-end=\"872\">Fest den godt p\u00e5 panelet.<\/p>\n<\/li>\n<li data-start=\"873\" data-end=\"931\">\n<p data-start=\"876\" data-end=\"931\">Bor gjennom f\u00f8ringen ved hjelp av det medf\u00f8lgende boret.<\/p>\n<\/li>\n<li data-start=\"932\" data-end=\"978\">\n<p data-start=\"935\" data-end=\"978\">Fjern lokaliseringsenheten og monter hengslet.<\/p>\n<\/li>\n<\/ol>\n<h2 style=\"text-align: center;\" data-start=\"980\" data-end=\"1002\">\ud83d\udccf Produktdetaljer<\/h2>\n<ul data-start=\"1003\" data-end=\"1177\">\n<li data-start=\"1040\" data-end=\"1060\">\n<p data-start=\"1042\" data-end=\"1060\">Hullst\u00f8rrelse: 35 mm<\/p>\n<\/li>\n<li data-start=\"1061\" data-end=\"1092\">\n<p data-start=\"1063\" data-end=\"1092\">Materiale: St\u00e5l med h\u00f8yt karboninnhold<\/p>\n<\/li>\n<li data-start=\"1126\" data-end=\"1177\">\n<p data-start=\"1128\" data-end=\"1177\">Anvendelse: Skapd\u00f8rer og skjulte hengsler<\/p>\n<\/li>\n<li data-start=\"1126\" data-end=\"1177\">St\u00f8rrelse: 14,5 x 5,8 cm<\/li>\n<\/ul>\n<h2 style=\"text-align: center;\" data-start=\"1179\" data-end=\"1202\">\ud83d\udce6 Pakken inneholder<\/h2>\n<ul data-start=\"1203\" data-end=\"1378\" data-is-last-node=\"\" data-is-only-node=\"\">\n<li data-start=\"1203\" data-end=\"1224\">\n<p data-start=\"1205\" data-end=\"1224\">1x hengsellokalisator<\/p>\n<\/li>\n<li data-start=\"1225\" data-end=\"1249\">\n<p data-start=\"1227\" data-end=\"1249\">1x sekskantn\u00f8kkel<\/p>\n<\/li>\n<li data-start=\"1250\" data-end=\"1274\">\n<p data-start=\"1252\" data-end=\"1274\">1x 12 mm begrensningsring<\/p>\n<\/li>\n<li data-start=\"1275\" data-end=\"1316\">\n<p data-start=\"1277\" data-end=\"1316\">1x 2,5 mm h\u00f8yhastighetsst\u00e5lbor<\/p>\n<\/li>\n<li data-start=\"1317\" data-end=\"1334\">\n<p data-start=\"1319\" data-end=\"1334\">1x batchbor<\/p>\n<\/li>\n<li data-start=\"1335\" data-end=\"1378\" data-is-last-node=\"\">\n<p data-start=\"1337\" data-end=\"1378\" data-is-last-node=\"\">1x 35 mm hull\u00e5pningsbor (sekskanth\u00e5ndtak).<\/p>\n<\/li>\n<\/ul>\n","protected":false},"excerpt":{"rendered":"<p>Bor Perfekte Hengselhull Raskt Og N\u00f8yaktig Hver Gang. \ud83d\udee0\ufe0f Dette hengselhulls\u00f8kingssett hjelper deg med \u00e5 montere skaphengsler med presisjon og [&hellip;]<\/p>\n","protected":false},"featured_media":63856,"comment_status":"open","ping_status":"closed","template":"","meta":{"site-sidebar-layout":"default","site-content-layout":"","ast-site-content-layout":"default","site-content-style":"default","site-sidebar-style":"default","ast-global-header-display":"","ast-banner-title-visibility":"","ast-main-header-display":"","ast-hfb-above-header-display":"","ast-hfb-below-header-display":"","ast-hfb-mobile-header-display":"","site-post-title":"","ast-breadcrumbs-content":"","ast-featured-img":"","footer-sml-layout":"","theme-transparent-header-meta":"default","adv-header-id-meta":"","stick-header-meta":"","header-above-stick-meta":"","header-main-stick-meta":"","header-below-stick-meta":"","astra-migrate-meta-layouts":"set","ast-page-background-enabled":"default","ast-page-background-meta":{"desktop":{"background-color":"var(--ast-global-color-4)","background-image":"","background-repeat":"repeat","background-position":"center center","background-size":"auto","background-attachment":"scroll","background-type":"","background-media":"","overlay-type":"","overlay-color":"","overlay-opacity":"","overlay-gradient":""},"tablet":{"background-color":"","background-image":"","background-repeat":"repeat","background-position":"center center","background-size":"auto","background-attachment":"scroll","background-type":"","background-media":"","overlay-type":"","overlay-color":"","overlay-opacity":"","overlay-gradient":""},"mobile":{"background-color":"","background-image":"","background-repeat":"repeat","background-position":"center center","background-size":"auto","background-attachment":"scroll","background-type":"","background-media":"","overlay-type":"","overlay-color":"","overlay-opacity":"","overlay-gradient":""}},"ast-content-background-meta":{"desktop":{"background-color":"var(--ast-global-color-5)","background-image":"","background-repeat":"repeat","background-position":"center center","background-size":"auto","background-attachment":"scroll","background-type":"","background-media":"","overlay-type":"","overlay-color":"","overlay-opacity":"","overlay-gradient":""},"tablet":{"background-color":"var(--ast-global-color-5)","background-image":"","background-repeat":"repeat","background-position":"center center","background-size":"auto","background-attachment":"scroll","background-type":"","background-media":"","overlay-type":"","overlay-color":"","overlay-opacity":"","overlay-gradient":""},"mobile":{"background-color":"var(--ast-global-color-5)","background-image":"","background-repeat":"repeat","background-position":"center center","background-size":"auto","background-attachment":"scroll","background-type":"","background-media":"","overlay-type":"","overlay-color":"","overlay-opacity":"","overlay-gradient":""}}},"product_brand":[],"product_cat":[996],"product_tag":[],"class_list":{"0":"post-63860","1":"product","2":"type-product","3":"status-publish","4":"has-post-thumbnail","6":"product_cat-verktoy","7":"pa_60107_iqqhdpew-solv","8":"pa_60107_iqqhdpew-svart","9":"desktop-align-left","10":"tablet-align-left","11":"mobile-align-left","13":"first","14":"instock","15":"shipping-taxable","16":"purchasable","17":"product-type-variable"},"_links":{"self":[{"href":"https:\/\/keluvo.com\/no\/wp-json\/wp\/v2\/product\/63860","targetHints":{"allow":["GET"]}}],"collection":[{"href":"https:\/\/keluvo.com\/no\/wp-json\/wp\/v2\/product"}],"about":[{"href":"https:\/\/keluvo.com\/no\/wp-json\/wp\/v2\/types\/product"}],"replies":[{"embeddable":true,"href":"https:\/\/keluvo.com\/no\/wp-json\/wp\/v2\/comments?post=63860"}],"wp:featuredmedia":[{"embeddable":true,"href":"https:\/\/keluvo.com\/no\/wp-json\/wp\/v2\/media\/63856"}],"wp:attachment":[{"href":"https:\/\/keluvo.com\/no\/wp-json\/wp\/v2\/media?parent=63860"}],"wp:term":[{"taxonomy":"product_brand","embeddable":true,"href":"https:\/\/keluvo.com\/no\/wp-json\/wp\/v2\/product_brand?post=63860"},{"taxonomy":"product_cat","embeddable":true,"href":"https:\/\/keluvo.com\/no\/wp-json\/wp\/v2\/product_cat?post=63860"},{"taxonomy":"product_tag","embeddable":true,"href":"https:\/\/keluvo.com\/no\/wp-json\/wp\/v2\/product_tag?post=63860"}],"curies":[{"name":"wp","href":"https:\/\/api.w.org\/{rel}","templated":true}]}}