{"id":63851,"date":"2025-12-17T18:11:16","date_gmt":"2025-12-17T16:11:16","guid":{"rendered":"https:\/\/keluvo.com\/no\/produkt\/multifunksjonell-notteknekker-i-rustfritt-stal\/"},"modified":"2025-12-22T18:11:03","modified_gmt":"2025-12-22T16:11:03","slug":"multifunksjonell-notteknekker-i-rustfritt-stal","status":"publish","type":"product","link":"https:\/\/keluvo.com\/no\/produkt\/multifunksjonell-notteknekker-i-rustfritt-stal\/","title":{"rendered":"Multifunksjonell n\u00f8tteknekker i rustfritt st\u00e5l"},"content":{"rendered":"<div class=\"flex flex-col text-sm pb-25\">\n<article class=\"text-token-text-primary w-full focus:outline-none [--shadow-height:45px] has-data-writing-block:pointer-events-none has-data-writing-block:-mt-(--shadow-height) has-data-writing-block:pt-(--shadow-height) [&amp;:has([data-writing-block])&gt;*]:pointer-events-auto scroll-mt-[calc(var(--header-height)+min(200px,max(70px,20svh)))]\" dir=\"auto\" data-turn-id=\"request-6936fe07-cfbc-8332-90bd-b8a479fabfb7-9\" data-testid=\"conversation-turn-118\" data-scroll-anchor=\"true\" data-turn=\"assistant\">\n<div class=\"text-base my-auto mx-auto pb-10 [--thread-content-margin:--spacing(4)] @w-sm\/main:[--thread-content-margin:--spacing(6)] @w-lg\/main:[--thread-content-margin:--spacing(16)] px-(--thread-content-margin)\">\n<div class=\"[--thread-content-max-width:40rem] @w-lg\/main:[--thread-content-max-width:48rem] mx-auto max-w-(--thread-content-max-width) flex-1 group\/turn-messages focus-visible:outline-hidden relative flex w-full min-w-0 flex-col agent-turn\">\n<div class=\"flex max-w-full flex-col grow\">\n<div class=\"min-h-8 text-message relative flex w-full flex-col items-end gap-2 text-start break-words whitespace-normal [.text-message+&amp;]:mt-1\" dir=\"auto\" data-message-author-role=\"assistant\" data-message-id=\"af35e33f-7393-4dd7-aca9-7c13ab52fffa\" data-message-model-slug=\"gpt-5-2\">\n<div class=\"flex w-full flex-col gap-1 empty:hidden first:pt-[1px]\">\n<div class=\"markdown prose dark:prose-invert w-full break-words light markdown-new-styling\">\n<p style=\"text-align: center;\" data-start=\"0\" data-end=\"57\"><strong data-start=\"0\" data-end=\"57\">Knekk N\u00f8tter Enkelt Og Trygt Med Ett Enkelt Trykk. \ud83d\udc3f\ufe0f<\/strong><\/p>\n<p style=\"text-align: center;\" data-start=\"59\" data-end=\"406\">Dette Multifunksjonell n\u00f8tteknekker i rustfritt st\u00e5l gj\u00f8r det raskt, rent og enkelt \u00e5 \u00e5pne n\u00f8tter. Den smarte ekorninspirerte designen gir godt grep og kontroll, slik at du kan knekke harde skall uten \u00e5 skade hendene eller s\u00f8le. Den er perfekt til daglig kj\u00f8kkenbruk, snacks og bordservering, og kombinerer morsom design med praktisk funksjonalitet.<\/p>\n<p data-start=\"59\" data-end=\"406\"><img fetchpriority=\"high\" decoding=\"async\" class=\" wp-image-45941 aligncenter\" src=\"https:\/\/keluvo.com\/template\/wp-content\/uploads\/sites\/5\/2025\/12\/f454f4a5-0b1d-413e-9ad7-2b9f10114119.gif\" alt=\"\" width=\"500\" height=\"500\" \/><\/p>\n<h2 style=\"text-align: center;\" data-start=\"408\" data-end=\"427\">\u2b50 Hovedfordeler<\/h2>\n<p data-start=\"430\" data-end=\"499\">\ud83d\udc3f\ufe0f Kreativ ekorndesign &#8211; Morsom, i\u00f8ynefallende og praktisk.<\/p>\n<p data-start=\"502\" data-end=\"569\">\ud83d\udcaa Sterk knekkekraft &#8211; \u00c5pner harde skall med mindre anstrengelse.<\/p>\n<p data-start=\"572\" data-end=\"634\">\u270b Komfortabelt sklisikkert grep &#8211; Enkelt og trygt for alle aldre.<\/p>\n<p data-start=\"637\" data-end=\"710\">\ud83e\udd5c Kan brukes til flere n\u00f8tter &#8211; Fungerer til valn\u00f8tter, mandler, hasseln\u00f8tter og fr\u00f8.<\/p>\n<p data-start=\"713\" data-end=\"773\">\ud83e\uddfc Enkel \u00e5 rengj\u00f8re &#8211; Glatt overflate, matsikre materialer.<\/p>\n<p data-start=\"713\" data-end=\"773\"><img decoding=\"async\" class=\"size-full wp-image-45942 aligncenter\" src=\"https:\/\/keluvo.com\/template\/wp-content\/uploads\/sites\/5\/2025\/12\/6dedc599-a22c-47be-aaf2-21424b2fd455.gif\" alt=\"\" width=\"870\" height=\"305\" \/><\/p>\n<h2 style=\"text-align: center;\" data-start=\"775\" data-end=\"792\">\ud83d\udd27 Slik Bruker Du Den<\/h2>\n<ol data-start=\"793\" data-end=\"941\">\n<li data-start=\"793\" data-end=\"837\">\n<p data-start=\"796\" data-end=\"837\">Plasser n\u00f8tten i knekke\u00e5pningen.<\/p>\n<\/li>\n<li data-start=\"838\" data-end=\"866\">\n<p data-start=\"841\" data-end=\"866\">Hold godt i h\u00e5ndtaket.<\/p>\n<\/li>\n<li data-start=\"867\" data-end=\"910\">\n<p data-start=\"870\" data-end=\"910\">Klem forsiktig til skallet knekker.<\/p>\n<\/li>\n<li data-start=\"911\" data-end=\"941\">\n<p data-start=\"914\" data-end=\"941\">Fjern n\u00f8tten og nyt.<\/p>\n<\/li>\n<\/ol>\n<h2 style=\"text-align: center;\" data-start=\"943\" data-end=\"965\">\ud83d\udccf Produktdetaljer<\/h2>\n<ul data-start=\"966\" data-end=\"1129\">\n<li data-start=\"966\" data-end=\"990\">\n<p data-start=\"968\" data-end=\"990\">Materiale: Sinklegering<\/p>\n<\/li>\n<li data-start=\"991\" data-end=\"1008\">\n<p data-start=\"993\" data-end=\"1008\">Farge: S\u00f8lv<\/p>\n<\/li>\n<li data-start=\"1009\" data-end=\"1048\">\n<p data-start=\"1011\" data-end=\"1048\">Design: Ekornformet n\u00f8tteknekker<\/p>\n<\/li>\n<li data-start=\"1049\" data-end=\"1087\">\n<p data-start=\"1051\" data-end=\"1087\">Bruk: N\u00f8tter, mandler, valn\u00f8tter, fr\u00f8<\/p>\n<\/li>\n<li data-start=\"1088\" data-end=\"1129\">\n<p data-start=\"1090\" data-end=\"1129\">Grep: Sklisikkert h\u00e5ndtak og stabil base<\/p>\n<\/li>\n<li data-start=\"1088\" data-end=\"1129\">St\u00f8rrelse: 17,8 x 8,2 x 2,4 cm<\/li>\n<\/ul>\n<h2 style=\"text-align: center;\" data-start=\"1131\" data-end=\"1154\">\ud83d\udce6 Pakken inkluderer<\/h2>\n<ul data-start=\"1155\" data-end=\"1204\" data-is-last-node=\"\" data-is-only-node=\"\">\n<li data-start=\"1155\" data-end=\"1204\" data-is-last-node=\"\">\n<p data-start=\"1157\" data-end=\"1204\" data-is-last-node=\"\">1x multifunksjonell n\u00f8tteknekker i rustfritt st\u00e5l.<\/p>\n<\/li>\n<\/ul>\n<\/div>\n<\/div>\n<\/div>\n<\/div>\n<\/div>\n<\/div>\n<\/article>\n<\/div>\n","protected":false},"excerpt":{"rendered":"<p>Knekk N\u00f8tter Enkelt Og Trygt Med Ett Enkelt Trykk. \ud83d\udc3f\ufe0f Dette Multifunksjonell n\u00f8tteknekker i rustfritt st\u00e5l gj\u00f8r det raskt, rent [&hellip;]<\/p>\n","protected":false},"featured_media":63847,"comment_status":"open","ping_status":"closed","template":"","meta":{"site-sidebar-layout":"default","site-content-layout":"","ast-site-content-layout":"default","site-content-style":"default","site-sidebar-style":"default","ast-global-header-display":"","ast-banner-title-visibility":"","ast-main-header-display":"","ast-hfb-above-header-display":"","ast-hfb-below-header-display":"","ast-hfb-mobile-header-display":"","site-post-title":"","ast-breadcrumbs-content":"","ast-featured-img":"","footer-sml-layout":"","theme-transparent-header-meta":"default","adv-header-id-meta":"","stick-header-meta":"","header-above-stick-meta":"","header-main-stick-meta":"","header-below-stick-meta":"","astra-migrate-meta-layouts":"set","ast-page-background-enabled":"default","ast-page-background-meta":{"desktop":{"background-color":"var(--ast-global-color-4)","background-image":"","background-repeat":"repeat","background-position":"center center","background-size":"auto","background-attachment":"scroll","background-type":"","background-media":"","overlay-type":"","overlay-color":"","overlay-opacity":"","overlay-gradient":""},"tablet":{"background-color":"","background-image":"","background-repeat":"repeat","background-position":"center center","background-size":"auto","background-attachment":"scroll","background-type":"","background-media":"","overlay-type":"","overlay-color":"","overlay-opacity":"","overlay-gradient":""},"mobile":{"background-color":"","background-image":"","background-repeat":"repeat","background-position":"center center","background-size":"auto","background-attachment":"scroll","background-type":"","background-media":"","overlay-type":"","overlay-color":"","overlay-opacity":"","overlay-gradient":""}},"ast-content-background-meta":{"desktop":{"background-color":"var(--ast-global-color-5)","background-image":"","background-repeat":"repeat","background-position":"center center","background-size":"auto","background-attachment":"scroll","background-type":"","background-media":"","overlay-type":"","overlay-color":"","overlay-opacity":"","overlay-gradient":""},"tablet":{"background-color":"var(--ast-global-color-5)","background-image":"","background-repeat":"repeat","background-position":"center center","background-size":"auto","background-attachment":"scroll","background-type":"","background-media":"","overlay-type":"","overlay-color":"","overlay-opacity":"","overlay-gradient":""},"mobile":{"background-color":"var(--ast-global-color-5)","background-image":"","background-repeat":"repeat","background-position":"center center","background-size":"auto","background-attachment":"scroll","background-type":"","background-media":"","overlay-type":"","overlay-color":"","overlay-opacity":"","overlay-gradient":""}}},"product_brand":[],"product_cat":[15],"product_tag":[],"class_list":{"0":"post-63851","1":"product","2":"type-product","3":"status-publish","4":"has-post-thumbnail","6":"product_cat-uncategorized","7":"desktop-align-left","8":"tablet-align-left","9":"mobile-align-left","11":"first","12":"instock","13":"shipping-taxable","14":"purchasable","15":"product-type-simple"},"_links":{"self":[{"href":"https:\/\/keluvo.com\/no\/wp-json\/wp\/v2\/product\/63851","targetHints":{"allow":["GET"]}}],"collection":[{"href":"https:\/\/keluvo.com\/no\/wp-json\/wp\/v2\/product"}],"about":[{"href":"https:\/\/keluvo.com\/no\/wp-json\/wp\/v2\/types\/product"}],"replies":[{"embeddable":true,"href":"https:\/\/keluvo.com\/no\/wp-json\/wp\/v2\/comments?post=63851"}],"wp:featuredmedia":[{"embeddable":true,"href":"https:\/\/keluvo.com\/no\/wp-json\/wp\/v2\/media\/63847"}],"wp:attachment":[{"href":"https:\/\/keluvo.com\/no\/wp-json\/wp\/v2\/media?parent=63851"}],"wp:term":[{"taxonomy":"product_brand","embeddable":true,"href":"https:\/\/keluvo.com\/no\/wp-json\/wp\/v2\/product_brand?post=63851"},{"taxonomy":"product_cat","embeddable":true,"href":"https:\/\/keluvo.com\/no\/wp-json\/wp\/v2\/product_cat?post=63851"},{"taxonomy":"product_tag","embeddable":true,"href":"https:\/\/keluvo.com\/no\/wp-json\/wp\/v2\/product_tag?post=63851"}],"curies":[{"name":"wp","href":"https:\/\/api.w.org\/{rel}","templated":true}]}}