{"id":62861,"date":"2025-12-12T17:16:45","date_gmt":"2025-12-12T15:16:45","guid":{"rendered":"https:\/\/keluvo.com\/no\/produkt\/profesjonell-vinapner\/"},"modified":"2025-12-22T18:10:28","modified_gmt":"2025-12-22T16:10:28","slug":"profesjonell-vinapner","status":"publish","type":"product","link":"https:\/\/keluvo.com\/no\/produkt\/profesjonell-vinapner\/","title":{"rendered":"Profesjonell vin\u00e5pner"},"content":{"rendered":"<p style=\"text-align: center;\" data-start=\"0\" data-end=\"51\"><strong data-start=\"0\" data-end=\"51\">\u00c5pner Alle Vinflasker Jevnt Og Uanstrengt.<\/strong><span style=\"font-size: 16px; font-style: normal; font-weight: 400;\">\ud83c\udf77<\/span><\/p>\n<p style=\"text-align: center;\" data-start=\"53\" data-end=\"280\">Denne profesjonelle vin\u00e5pneren lar deg fjerne korker p\u00e5 sekunder med en enkel vri. Den er designet for komfort og effektivitet, og gj\u00f8r det enkelt \u00e5 \u00e5pne vin &#8211; perfekt for middager, fester eller avslappende hjemmekvelder. En elegant, p\u00e5litelig og brukervennlig opplukker som gj\u00f8r hver eneste flaske\u00e5pning enkel og elegant. Sk\u00e5l! <span style=\"font-size: 16px;\">\ud83c\udf77<\/span><\/p>\n<p data-start=\"53\" data-end=\"280\"><img fetchpriority=\"high\" decoding=\"async\" class=\"size-full wp-image-45277 aligncenter\" src=\"https:\/\/keluvo.com\/template\/wp-content\/uploads\/sites\/5\/2025\/12\/102215-ezgif.com-video-to-webp-converter-1.webp\" alt=\"\" width=\"500\" height=\"500\" \/><\/p>\n<h2 style=\"text-align: center;\" data-start=\"282\" data-end=\"302\">\ud83d\ude80 Hovedfordeler<\/h2>\n<p data-start=\"305\" data-end=\"374\">\ud83c\udf77 \u00c5pner flasker p\u00e5 3 sekunder &#8211; korken fjernes enkelt og uanstrengt.<\/p>\n<p data-start=\"377\" data-end=\"450\">\u270b Ergonomisk grep &#8211; komfortabelt h\u00e5ndtak for enkel, kontrollert vridning.<\/p>\n<p data-start=\"453\" data-end=\"530\">\ud83d\udd2a Skarp 4-hjuls folieskj\u00e6rer &#8211; fjerner folien rent med en rask omdreining.<\/p>\n<p data-start=\"533\" data-end=\"612\">\ud83d\udc8e Holdbare materialer &#8211; rustfritt st\u00e5l + ABS for langvarig ytelse.<\/p>\n<p data-start=\"615\" data-end=\"690\">\ud83c\udf89 Passer i alle milj\u00f8er &#8211; hjemmebarer, restauranter, fester og gaver.<\/p>\n<p data-start=\"693\" data-end=\"764\">\ud83e\uddfc Enkel, intuitiv design &#8211; ingen kompliserte mekanismer eller s\u00f8l.<\/p>\n<p data-start=\"693\" data-end=\"764\"><img decoding=\"async\" class=\" wp-image-45278 aligncenter\" src=\"https:\/\/keluvo.com\/template\/wp-content\/uploads\/sites\/5\/2025\/12\/wine_opner.webp\" alt=\"\" width=\"501\" height=\"500\" \/><\/p>\n<h2 style=\"text-align: center;\" data-start=\"766\" data-end=\"784\">\ud83d\udd79\ufe0f Slik Bruker Du Den<\/h2>\n<ol data-start=\"785\" data-end=\"1052\">\n<li data-start=\"785\" data-end=\"870\">\n<p data-start=\"788\" data-end=\"870\">Bruk folieskutteren og vri den \u00e9n gang rundt flaskehalsen for \u00e5 fjerne folien.<\/p>\n<\/li>\n<li data-start=\"871\" data-end=\"943\">\n<p data-start=\"874\" data-end=\"943\">Plasser korketrekkeren over korken og vri h\u00e5ndtaket nedover.<\/p>\n<\/li>\n<li data-start=\"944\" data-end=\"992\">\n<p data-start=\"947\" data-end=\"992\">Trekk forsiktig opp for \u00e5 fjerne korken.<\/p>\n<\/li>\n<li data-start=\"993\" data-end=\"1052\">\n<p data-start=\"996\" data-end=\"1052\">Bytt ut spiralen ved behov ved hjelp av den medf\u00f8lgende reservespiralen.<\/p>\n<\/li>\n<\/ol>\n<h2 style=\"text-align: center;\" data-start=\"1054\" data-end=\"1076\">\ud83d\udccb Produktdetaljer<\/h2>\n<ul data-start=\"1077\" data-end=\"1347\">\n<li data-start=\"1120\" data-end=\"1155\">\n<p data-start=\"1122\" data-end=\"1155\">Materiale: rustfritt st\u00e5l + ABS<\/p>\n<\/li>\n<li data-start=\"1156\" data-end=\"1172\">\n<p data-start=\"1158\" data-end=\"1172\">Farge: svart<\/p>\n<\/li>\n<li data-start=\"1173\" data-end=\"1249\">\n<p data-start=\"1175\" data-end=\"1249\">Funksjoner: ergonomisk h\u00e5ndtak, jevn spakfunksjon, sylskarp foliesk\u00e6rer<\/p>\n<\/li>\n<li data-start=\"1250\" data-end=\"1294\">\n<p data-start=\"1252\" data-end=\"1294\">Bedrift: manuell, rask og uanstrengt<\/p>\n<\/li>\n<li data-start=\"1295\" data-end=\"1347\">\n<p data-start=\"1297\" data-end=\"1347\">Inkluderer ekstra korketrekkerspiral for utvidet bruk<\/p>\n<\/li>\n<\/ul>\n<h2 style=\"text-align: center;\" data-start=\"1349\" data-end=\"1372\">\ud83d\udce6 Pakken inneholder<\/h2>\n<ul data-start=\"1373\" data-end=\"1441\">\n<li data-start=\"1373\" data-end=\"1390\">\n<p data-start=\"1375\" data-end=\"1390\">1x korketrekker<\/p>\n<\/li>\n<li data-start=\"1391\" data-end=\"1410\">\n<p data-start=\"1393\" data-end=\"1410\">1x foliesk\u00e6rer<\/p>\n<\/li>\n<li data-start=\"1411\" data-end=\"1441\">\n<p data-start=\"1413\" data-end=\"1441\">1x ekstra korketrekkerspiral.<\/p>\n<\/li>\n<\/ul>\n","protected":false},"excerpt":{"rendered":"<p>\u00c5pner Alle Vinflasker Jevnt Og Uanstrengt.\ud83c\udf77 Denne profesjonelle vin\u00e5pneren lar deg fjerne korker p\u00e5 sekunder med en enkel vri. Den [&hellip;]<\/p>\n","protected":false},"featured_media":62857,"comment_status":"open","ping_status":"closed","template":"","meta":{"site-sidebar-layout":"default","site-content-layout":"","ast-site-content-layout":"default","site-content-style":"default","site-sidebar-style":"default","ast-global-header-display":"","ast-banner-title-visibility":"","ast-main-header-display":"","ast-hfb-above-header-display":"","ast-hfb-below-header-display":"","ast-hfb-mobile-header-display":"","site-post-title":"","ast-breadcrumbs-content":"","ast-featured-img":"","footer-sml-layout":"","theme-transparent-header-meta":"default","adv-header-id-meta":"","stick-header-meta":"","header-above-stick-meta":"","header-main-stick-meta":"","header-below-stick-meta":"","astra-migrate-meta-layouts":"set","ast-page-background-enabled":"default","ast-page-background-meta":{"desktop":{"background-color":"var(--ast-global-color-4)","background-image":"","background-repeat":"repeat","background-position":"center center","background-size":"auto","background-attachment":"scroll","background-type":"","background-media":"","overlay-type":"","overlay-color":"","overlay-opacity":"","overlay-gradient":""},"tablet":{"background-color":"","background-image":"","background-repeat":"repeat","background-position":"center center","background-size":"auto","background-attachment":"scroll","background-type":"","background-media":"","overlay-type":"","overlay-color":"","overlay-opacity":"","overlay-gradient":""},"mobile":{"background-color":"","background-image":"","background-repeat":"repeat","background-position":"center center","background-size":"auto","background-attachment":"scroll","background-type":"","background-media":"","overlay-type":"","overlay-color":"","overlay-opacity":"","overlay-gradient":""}},"ast-content-background-meta":{"desktop":{"background-color":"var(--ast-global-color-5)","background-image":"","background-repeat":"repeat","background-position":"center center","background-size":"auto","background-attachment":"scroll","background-type":"","background-media":"","overlay-type":"","overlay-color":"","overlay-opacity":"","overlay-gradient":""},"tablet":{"background-color":"var(--ast-global-color-5)","background-image":"","background-repeat":"repeat","background-position":"center center","background-size":"auto","background-attachment":"scroll","background-type":"","background-media":"","overlay-type":"","overlay-color":"","overlay-opacity":"","overlay-gradient":""},"mobile":{"background-color":"var(--ast-global-color-5)","background-image":"","background-repeat":"repeat","background-position":"center center","background-size":"auto","background-attachment":"scroll","background-type":"","background-media":"","overlay-type":"","overlay-color":"","overlay-opacity":"","overlay-gradient":""}}},"product_brand":[],"product_cat":[1001],"product_tag":[],"class_list":{"0":"post-62861","1":"product","2":"type-product","3":"status-publish","4":"has-post-thumbnail","6":"product_cat-husholdningsartikler","7":"desktop-align-left","8":"tablet-align-left","9":"mobile-align-left","11":"first","12":"instock","13":"shipping-taxable","14":"purchasable","15":"product-type-simple"},"_links":{"self":[{"href":"https:\/\/keluvo.com\/no\/wp-json\/wp\/v2\/product\/62861","targetHints":{"allow":["GET"]}}],"collection":[{"href":"https:\/\/keluvo.com\/no\/wp-json\/wp\/v2\/product"}],"about":[{"href":"https:\/\/keluvo.com\/no\/wp-json\/wp\/v2\/types\/product"}],"replies":[{"embeddable":true,"href":"https:\/\/keluvo.com\/no\/wp-json\/wp\/v2\/comments?post=62861"}],"wp:featuredmedia":[{"embeddable":true,"href":"https:\/\/keluvo.com\/no\/wp-json\/wp\/v2\/media\/62857"}],"wp:attachment":[{"href":"https:\/\/keluvo.com\/no\/wp-json\/wp\/v2\/media?parent=62861"}],"wp:term":[{"taxonomy":"product_brand","embeddable":true,"href":"https:\/\/keluvo.com\/no\/wp-json\/wp\/v2\/product_brand?post=62861"},{"taxonomy":"product_cat","embeddable":true,"href":"https:\/\/keluvo.com\/no\/wp-json\/wp\/v2\/product_cat?post=62861"},{"taxonomy":"product_tag","embeddable":true,"href":"https:\/\/keluvo.com\/no\/wp-json\/wp\/v2\/product_tag?post=62861"}],"curies":[{"name":"wp","href":"https:\/\/api.w.org\/{rel}","templated":true}]}}