{"id":62844,"date":"2025-12-12T17:15:28","date_gmt":"2025-12-12T15:15:28","guid":{"rendered":"https:\/\/keluvo.com\/no\/produkt\/holder-for-solte-vinflasker-2-stk\/"},"modified":"2025-12-22T18:11:24","modified_gmt":"2025-12-22T16:11:24","slug":"holder-for-solte-vinflasker-2-stk","status":"publish","type":"product","link":"https:\/\/keluvo.com\/no\/produkt\/holder-for-solte-vinflasker-2-stk\/","title":{"rendered":"Holder for s\u00f8lte vinflasker (2 stk)"},"content":{"rendered":"<p style=\"text-align: center;\" data-start=\"0\" data-end=\"52\"><strong data-start=\"0\" data-end=\"52\">Vis Frem Vinen Din P\u00e5 En Morsom Og I\u00f8ynefallende M\u00e5te.<\/strong><span style=\"font-size: 16px; font-style: normal; font-weight: 400;\">\ud83c\udf77\u2728<\/span><\/p>\n<p style=\"text-align: center;\" data-start=\"54\" data-end=\"310\">Denne vinflaskeholderen skaper en illusjon av et frossent vins\u00f8l, slik at flasken ser ut som om den flyter. Det er en kreativ og stilig m\u00e5te \u00e5 vise frem favorittvinene dine p\u00e5, samtidig som den gir en unik dekorativ touch til kj\u00f8kkenet eller spisestuen. En leken og stilig m\u00e5te \u00e5 vise frem vin p\u00e5 som alltid f\u00e5r folk til \u00e5 snakke. Sk\u00e5l!<\/p>\n<p data-start=\"54\" data-end=\"310\"><img fetchpriority=\"high\" decoding=\"async\" class=\"size-full wp-image-45259 aligncenter\" src=\"https:\/\/keluvo.com\/template\/wp-content\/uploads\/sites\/5\/2025\/12\/102214-ezgif.com-video-to-webp-converter-2.webp\" alt=\"\" width=\"500\" height=\"500\" \/><\/p>\n<h2 style=\"text-align: center;\" data-start=\"312\" data-end=\"332\">\ud83d\ude80 Hovedfordeler<\/h2>\n<p data-start=\"335\" data-end=\"416\">\ud83c\udf77 Unik illusjonsdesign &#8211; ser ut som ekte s\u00f8lt vin som holder flasken.<\/p>\n<p data-start=\"419\" data-end=\"482\">\ud83d\udc40 Flott samtalestarter &#8211; fanger \u00f8yeblikkelig oppmerksomhet.<\/p>\n<p data-start=\"485\" data-end=\"561\">\ud83d\udcd0 Perfekt oppbevaringsvinkel &#8211; holder korken fuktig og forhindrer oksidasjon.<\/p>\n<p data-start=\"564\" data-end=\"640\">\ud83c\udfa8 Glanset, realistisk finish &#8211; halvgjennomsiktig utseende etterligner ekte v\u00e6ske.<\/p>\n<p data-start=\"564\" data-end=\"640\">\ud83c\udfe0 Moderne innredning &#8211; morsom p\u00e5 kj\u00f8kkenet, i spisestuen eller til fest.<\/p>\n<p data-start=\"715\" data-end=\"784\">\ud83c\udf81 Perfekt gave &#8211; ideell for vinelskere og kreative innredningsfans.<\/p>\n<p data-start=\"715\" data-end=\"784\"><img decoding=\"async\" class=\"size-full wp-image-45261 aligncenter\" src=\"https:\/\/keluvo.com\/template\/wp-content\/uploads\/sites\/5\/2025\/12\/5e2ccc26c387aa337516f7a48c0f0457d446ff3a-700.avif\" alt=\"\" \/><\/p>\n<h2 style=\"text-align: center;\" data-start=\"786\" data-end=\"804\">\ud83d\udd79\ufe0f Slik Bruker Du Den<\/h2>\n<ol data-start=\"805\" data-end=\"1024\">\n<li data-start=\"805\" data-end=\"858\">\n<p data-start=\"808\" data-end=\"858\">Plasser vinholderen p\u00e5 en flat overflate.<\/p>\n<\/li>\n<li data-start=\"859\" data-end=\"921\">\n<p data-start=\"862\" data-end=\"921\">Sett vinflaskens hals inn i det vinklede sporet.<\/p>\n<\/li>\n<li data-start=\"922\" data-end=\"961\">\n<p data-start=\"925\" data-end=\"961\">Juster til den balanserer sikkert.<\/p>\n<\/li>\n<li data-start=\"962\" data-end=\"1024\">\n<p data-start=\"965\" data-end=\"1024\">Vis flasken som et morsomt midtpunkt eller innredningselement.<\/p>\n<\/li>\n<\/ol>\n<h2 style=\"text-align: center;\" data-start=\"1026\" data-end=\"1048\">\ud83d\udccb Produktdetaljer<\/h2>\n<ul data-start=\"1049\" data-end=\"1264\">\n<li data-start=\"1094\" data-end=\"1111\">\n<p data-start=\"1096\" data-end=\"1111\">Materiale: ABS<\/p>\n<\/li>\n<li data-start=\"1112\" data-end=\"1140\">\n<p data-start=\"1114\" data-end=\"1140\">St\u00f8rrelse: 9,1 x 7,7 x 7,8 cm<\/p>\n<\/li>\n<li data-start=\"1141\" data-end=\"1157\">\n<p data-start=\"1143\" data-end=\"1157\">Vekt: 26 g<\/p>\n<\/li>\n<li data-start=\"1158\" data-end=\"1216\">\n<p data-start=\"1160\" data-end=\"1216\">Fullf\u00f8r: blank, halvgjennomskinnelig &laquo;s\u00f8lt vin&raquo;-effekt<\/p>\n<\/li>\n<\/ul>\n<h2 style=\"text-align: center;\" data-start=\"1266\" data-end=\"1289\">\ud83d\udce6 Pakken inneholder<\/h2>\n<ul data-start=\"1290\" data-end=\"1324\">\n<li data-start=\"1290\" data-end=\"1324\">\n<p data-start=\"1292\" data-end=\"1324\">2x s\u00f8lt vinflaskeholder.<\/p>\n<\/li>\n<\/ul>\n","protected":false},"excerpt":{"rendered":"<p>Vis Frem Vinen Din P\u00e5 En Morsom Og I\u00f8ynefallende M\u00e5te.\ud83c\udf77\u2728 Denne vinflaskeholderen skaper en illusjon av et frossent vins\u00f8l, slik [&hellip;]<\/p>\n","protected":false},"featured_media":62840,"comment_status":"open","ping_status":"closed","template":"","meta":{"site-sidebar-layout":"default","site-content-layout":"","ast-site-content-layout":"default","site-content-style":"default","site-sidebar-style":"default","ast-global-header-display":"","ast-banner-title-visibility":"","ast-main-header-display":"","ast-hfb-above-header-display":"","ast-hfb-below-header-display":"","ast-hfb-mobile-header-display":"","site-post-title":"","ast-breadcrumbs-content":"","ast-featured-img":"","footer-sml-layout":"","theme-transparent-header-meta":"default","adv-header-id-meta":"","stick-header-meta":"","header-above-stick-meta":"","header-main-stick-meta":"","header-below-stick-meta":"","astra-migrate-meta-layouts":"set","ast-page-background-enabled":"default","ast-page-background-meta":{"desktop":{"background-color":"var(--ast-global-color-4)","background-image":"","background-repeat":"repeat","background-position":"center center","background-size":"auto","background-attachment":"scroll","background-type":"","background-media":"","overlay-type":"","overlay-color":"","overlay-opacity":"","overlay-gradient":""},"tablet":{"background-color":"","background-image":"","background-repeat":"repeat","background-position":"center center","background-size":"auto","background-attachment":"scroll","background-type":"","background-media":"","overlay-type":"","overlay-color":"","overlay-opacity":"","overlay-gradient":""},"mobile":{"background-color":"","background-image":"","background-repeat":"repeat","background-position":"center center","background-size":"auto","background-attachment":"scroll","background-type":"","background-media":"","overlay-type":"","overlay-color":"","overlay-opacity":"","overlay-gradient":""}},"ast-content-background-meta":{"desktop":{"background-color":"var(--ast-global-color-5)","background-image":"","background-repeat":"repeat","background-position":"center center","background-size":"auto","background-attachment":"scroll","background-type":"","background-media":"","overlay-type":"","overlay-color":"","overlay-opacity":"","overlay-gradient":""},"tablet":{"background-color":"var(--ast-global-color-5)","background-image":"","background-repeat":"repeat","background-position":"center center","background-size":"auto","background-attachment":"scroll","background-type":"","background-media":"","overlay-type":"","overlay-color":"","overlay-opacity":"","overlay-gradient":""},"mobile":{"background-color":"var(--ast-global-color-5)","background-image":"","background-repeat":"repeat","background-position":"center center","background-size":"auto","background-attachment":"scroll","background-type":"","background-media":"","overlay-type":"","overlay-color":"","overlay-opacity":"","overlay-gradient":""}}},"product_brand":[],"product_cat":[1001],"product_tag":[],"class_list":{"0":"post-62844","1":"product","2":"type-product","3":"status-publish","4":"has-post-thumbnail","6":"product_cat-husholdningsartikler","7":"pa_52098_ktpek7w0-gul","8":"pa_52098_ktpek7w0-rod","9":"pa_52098_ktpek7w0-svart","10":"desktop-align-left","11":"tablet-align-left","12":"mobile-align-left","14":"first","15":"instock","16":"shipping-taxable","17":"purchasable","18":"product-type-variable"},"_links":{"self":[{"href":"https:\/\/keluvo.com\/no\/wp-json\/wp\/v2\/product\/62844","targetHints":{"allow":["GET"]}}],"collection":[{"href":"https:\/\/keluvo.com\/no\/wp-json\/wp\/v2\/product"}],"about":[{"href":"https:\/\/keluvo.com\/no\/wp-json\/wp\/v2\/types\/product"}],"replies":[{"embeddable":true,"href":"https:\/\/keluvo.com\/no\/wp-json\/wp\/v2\/comments?post=62844"}],"wp:featuredmedia":[{"embeddable":true,"href":"https:\/\/keluvo.com\/no\/wp-json\/wp\/v2\/media\/62840"}],"wp:attachment":[{"href":"https:\/\/keluvo.com\/no\/wp-json\/wp\/v2\/media?parent=62844"}],"wp:term":[{"taxonomy":"product_brand","embeddable":true,"href":"https:\/\/keluvo.com\/no\/wp-json\/wp\/v2\/product_brand?post=62844"},{"taxonomy":"product_cat","embeddable":true,"href":"https:\/\/keluvo.com\/no\/wp-json\/wp\/v2\/product_cat?post=62844"},{"taxonomy":"product_tag","embeddable":true,"href":"https:\/\/keluvo.com\/no\/wp-json\/wp\/v2\/product_tag?post=62844"}],"curies":[{"name":"wp","href":"https:\/\/api.w.org\/{rel}","templated":true}]}}