{"id":62799,"date":"2025-12-12T17:12:44","date_gmt":"2025-12-12T15:12:44","guid":{"rendered":"https:\/\/keluvo.com\/no\/produkt\/salt-og-pepperkvern\/"},"modified":"2025-12-22T18:09:42","modified_gmt":"2025-12-22T16:09:42","slug":"salt-og-pepperkvern","status":"publish","type":"product","link":"https:\/\/keluvo.com\/no\/produkt\/salt-og-pepperkvern\/","title":{"rendered":"Salt- og pepperkvern"},"content":{"rendered":"<p style=\"text-align: center;\" data-start=\"0\" data-end=\"56\"><strong data-start=\"0\" data-end=\"56\">Krydre Maten Umiddelbart Med Kverning Med \u00c9n H\u00e5nd. \ud83e\uddc2<\/strong><\/p>\n<p style=\"text-align: center;\" data-start=\"58\" data-end=\"293\">Med denne salt- og pepperkvernen i rustfritt st\u00e5l kan du kverne krydder raskt og uanstrengt med et enkelt trykk p\u00e5 toppen. Den er perfekt til matlaging eller servering ved bordet, og den leverer frisk smak hver gang med jevn, kontrollert kverning. En stilig, kompakt og enkel m\u00e5te \u00e5 tilf\u00f8re frisk smak til hvert m\u00e5ltid.<\/p>\n<p data-start=\"58\" data-end=\"293\"><img fetchpriority=\"high\" decoding=\"async\" class=\"size-full wp-image-45213 aligncenter\" src=\"https:\/\/keluvo.com\/template\/wp-content\/uploads\/sites\/5\/2025\/12\/102212-ezgif.com-video-to-webp-converter-2.webp\" alt=\"\" width=\"500\" height=\"500\" \/><\/p>\n<h2 style=\"text-align: center;\" data-start=\"295\" data-end=\"315\">\ud83d\ude80 Hovedfordeler<\/h2>\n<p data-start=\"318\" data-end=\"381\">\u270b Enh\u00e5ndsbetjening &#8211; trykk p\u00e5 toppen for \u00e5 kverne \u00f8yeblikkelig.<\/p>\n<p data-start=\"384\" data-end=\"467\">\ud83e\uddc2 Allsidig bruk &#8211; perfekt til salt, pepper, mais, kardemomme, nellik og mye mer.<\/p>\n<p data-start=\"470\" data-end=\"537\">\ud83d\udd0d Gjennomsiktig kammer &#8211; vet alltid n\u00e5r det er p\u00e5 tide \u00e5 fylle p\u00e5.<\/p>\n<p data-start=\"540\" data-end=\"606\">\ud83d\udcaa Slitesterkt rustfritt st\u00e5l &#8211; rustbestandig og langvarig.<\/p>\n<p data-start=\"609\" data-end=\"662\">\ud83e\uddfc Enkel \u00e5 rengj\u00f8re &#8211; enkelt vedlikehold med avt\u00f8rking.<\/p>\n<p data-start=\"665\" data-end=\"734\">\ud83d\udd04 Rask p\u00e5fylling &#8211; vri av bunnen og fyll p\u00e5 i l\u00f8pet av sekunder.<\/p>\n<p data-start=\"665\" data-end=\"734\"><img decoding=\"async\" class=\"size-full wp-image-45215 aligncenter\" src=\"https:\/\/keluvo.com\/template\/wp-content\/uploads\/sites\/5\/2025\/12\/efa6c76455b39e87911c49c8beb9b5cf3febb82a_18a63721-7cd4-4bd4-bc23-2a7f1efe6e4f.webp\" alt=\"\" width=\"679\" height=\"679\" \/><\/p>\n<h2 style=\"text-align: center;\" data-start=\"736\" data-end=\"754\">\ud83d\udd79\ufe0f Slik Bruker Du Den<\/h2>\n<ol data-start=\"755\" data-end=\"944\">\n<li data-start=\"755\" data-end=\"794\">\n<p data-start=\"758\" data-end=\"794\">Skru av bunnen av kvernen.<\/p>\n<\/li>\n<li data-start=\"795\" data-end=\"831\">\n<p data-start=\"798\" data-end=\"831\">Fyll p\u00e5 \u00f8nsket krydder.<\/p>\n<\/li>\n<li data-start=\"832\" data-end=\"863\">\n<p data-start=\"835\" data-end=\"863\">Lukk bunnen godt igjen.<\/p>\n<\/li>\n<li data-start=\"864\" data-end=\"944\">\n<p data-start=\"867\" data-end=\"944\">Trykk p\u00e5 toppen av kvernen for \u00e5 male ferske krydder direkte p\u00e5 maten.<\/p>\n<\/li>\n<\/ol>\n<h2 style=\"text-align: center;\" data-start=\"946\" data-end=\"968\">\ud83d\udccb Produktdetaljer<\/h2>\n<ul data-start=\"969\" data-end=\"1295\">\n<li data-start=\"1008\" data-end=\"1037\">\n<p data-start=\"1010\" data-end=\"1037\">Materiale: rustfritt st\u00e5l<\/p>\n<\/li>\n<li data-start=\"1038\" data-end=\"1055\">\n<p data-start=\"1040\" data-end=\"1055\">Farge: s\u00f8lv<\/p>\n<\/li>\n<li data-start=\"1056\" data-end=\"1118\">\n<p data-start=\"1058\" data-end=\"1118\">St\u00f8rrelse: ca. 15 cm x 2,7 cm x 2,7 cm<\/p>\n<\/li>\n<li data-start=\"1119\" data-end=\"1164\">\n<p data-start=\"1121\" data-end=\"1164\">Bedrift: enh\u00e5ndsbetjent trykkmekanisme p\u00e5 toppen<\/p>\n<\/li>\n<li data-start=\"1165\" data-end=\"1214\">\n<p data-start=\"1167\" data-end=\"1214\">Bruk: kj\u00f8kken, spisebord, restauranter, grilling<\/p>\n<\/li>\n<li data-start=\"1215\" data-end=\"1295\">\n<p data-start=\"1217\" data-end=\"1295\">Passende krydder: pepperkorn, salt, sm\u00e5 hele krydder, steinsukker med mer<\/p>\n<\/li>\n<\/ul>\n<h2 style=\"text-align: center;\" data-start=\"1297\" data-end=\"1320\">\ud83d\udce6 Pakken inkluderer<\/h2>\n<ul data-start=\"1321\" data-end=\"1399\">\n<li data-start=\"1321\" data-end=\"1399\">\n<p data-start=\"1323\" data-end=\"1399\">1, 2, 4x salt- og pepperkverner i rustfritt st\u00e5l.<\/p>\n<\/li>\n<\/ul>\n","protected":false},"excerpt":{"rendered":"<p>Krydre Maten Umiddelbart Med Kverning Med \u00c9n H\u00e5nd. \ud83e\uddc2 Med denne salt- og pepperkvernen i rustfritt st\u00e5l kan du kverne [&hellip;]<\/p>\n","protected":false},"featured_media":62795,"comment_status":"open","ping_status":"closed","template":"","meta":{"site-sidebar-layout":"default","site-content-layout":"","ast-site-content-layout":"default","site-content-style":"default","site-sidebar-style":"default","ast-global-header-display":"","ast-banner-title-visibility":"","ast-main-header-display":"","ast-hfb-above-header-display":"","ast-hfb-below-header-display":"","ast-hfb-mobile-header-display":"","site-post-title":"","ast-breadcrumbs-content":"","ast-featured-img":"","footer-sml-layout":"","theme-transparent-header-meta":"default","adv-header-id-meta":"","stick-header-meta":"","header-above-stick-meta":"","header-main-stick-meta":"","header-below-stick-meta":"","astra-migrate-meta-layouts":"set","ast-page-background-enabled":"default","ast-page-background-meta":{"desktop":{"background-color":"var(--ast-global-color-4)","background-image":"","background-repeat":"repeat","background-position":"center center","background-size":"auto","background-attachment":"scroll","background-type":"","background-media":"","overlay-type":"","overlay-color":"","overlay-opacity":"","overlay-gradient":""},"tablet":{"background-color":"","background-image":"","background-repeat":"repeat","background-position":"center center","background-size":"auto","background-attachment":"scroll","background-type":"","background-media":"","overlay-type":"","overlay-color":"","overlay-opacity":"","overlay-gradient":""},"mobile":{"background-color":"","background-image":"","background-repeat":"repeat","background-position":"center center","background-size":"auto","background-attachment":"scroll","background-type":"","background-media":"","overlay-type":"","overlay-color":"","overlay-opacity":"","overlay-gradient":""}},"ast-content-background-meta":{"desktop":{"background-color":"var(--ast-global-color-5)","background-image":"","background-repeat":"repeat","background-position":"center center","background-size":"auto","background-attachment":"scroll","background-type":"","background-media":"","overlay-type":"","overlay-color":"","overlay-opacity":"","overlay-gradient":""},"tablet":{"background-color":"var(--ast-global-color-5)","background-image":"","background-repeat":"repeat","background-position":"center center","background-size":"auto","background-attachment":"scroll","background-type":"","background-media":"","overlay-type":"","overlay-color":"","overlay-opacity":"","overlay-gradient":""},"mobile":{"background-color":"var(--ast-global-color-5)","background-image":"","background-repeat":"repeat","background-position":"center center","background-size":"auto","background-attachment":"scroll","background-type":"","background-media":"","overlay-type":"","overlay-color":"","overlay-opacity":"","overlay-gradient":""}}},"product_brand":[],"product_cat":[1001],"product_tag":[],"class_list":{"0":"post-62799","1":"product","2":"type-product","3":"status-publish","4":"has-post-thumbnail","6":"product_cat-husholdningsartikler","7":"pa_58681_68d4emx7-1-stk","8":"pa_58681_68d4emx7-2-stk","9":"pa_58681_68d4emx7-4-stk","10":"desktop-align-left","11":"tablet-align-left","12":"mobile-align-left","14":"first","15":"instock","16":"shipping-taxable","17":"purchasable","18":"product-type-variable"},"_links":{"self":[{"href":"https:\/\/keluvo.com\/no\/wp-json\/wp\/v2\/product\/62799","targetHints":{"allow":["GET"]}}],"collection":[{"href":"https:\/\/keluvo.com\/no\/wp-json\/wp\/v2\/product"}],"about":[{"href":"https:\/\/keluvo.com\/no\/wp-json\/wp\/v2\/types\/product"}],"replies":[{"embeddable":true,"href":"https:\/\/keluvo.com\/no\/wp-json\/wp\/v2\/comments?post=62799"}],"wp:featuredmedia":[{"embeddable":true,"href":"https:\/\/keluvo.com\/no\/wp-json\/wp\/v2\/media\/62795"}],"wp:attachment":[{"href":"https:\/\/keluvo.com\/no\/wp-json\/wp\/v2\/media?parent=62799"}],"wp:term":[{"taxonomy":"product_brand","embeddable":true,"href":"https:\/\/keluvo.com\/no\/wp-json\/wp\/v2\/product_brand?post=62799"},{"taxonomy":"product_cat","embeddable":true,"href":"https:\/\/keluvo.com\/no\/wp-json\/wp\/v2\/product_cat?post=62799"},{"taxonomy":"product_tag","embeddable":true,"href":"https:\/\/keluvo.com\/no\/wp-json\/wp\/v2\/product_tag?post=62799"}],"curies":[{"name":"wp","href":"https:\/\/api.w.org\/{rel}","templated":true}]}}