{"id":6276,"date":"2024-11-29T13:23:59","date_gmt":"2024-11-29T11:23:59","guid":{"rendered":"https:\/\/keluvo.com\/no\/produkt\/rektangulaert-teppe\/"},"modified":"2024-11-29T14:34:22","modified_gmt":"2024-11-29T12:34:22","slug":"rektangulaert-teppe","status":"publish","type":"product","link":"https:\/\/keluvo.com\/no\/produkt\/rektangulaert-teppe\/","title":{"rendered":"Rektangul\u00e6rt teppe"},"content":{"rendered":"<h2 style=\"text-align: center;\"><strong>Komfortabelt og mykt<\/strong><\/h2>\n<p style=\"text-align: center;\">Det rektangul\u00e6re teppet er designet med et 2 cm tykt svampfyll, noe som gir en myk og polstret overflate i stuen eller p\u00e5 barnerommet. Det er perfekt for krypende babyer eller lekne sm\u00e5barn, og gir ekstra komfort i hverdagen. Det myke materialet gj\u00f8r det ideelt for avslapning eller lek p\u00e5 gulvet.<\/p>\n<p><img decoding=\"async\" class=\"alignnone size-medium wp-image-3995 aligncenter\" src=\"https:\/\/keluvo.com\/template\/wp-content\/uploads\/sites\/5\/2024\/11\/c8b49ef7-13bd-4e42-9471-a20223f2a074.webp\" alt=\"\" \/><\/p>\n<h2 style=\"text-align: center;\"><strong>Slitesterkt og allsidig design<\/strong><\/h2>\n<p style=\"text-align: center;\">Det rektangul\u00e6re teppet er laget for \u00e5 vare og kan brukes i en rekke rom, inkludert stuer, soverom og lekeomr\u00e5der. Det enkle, ensfargede designet passer s\u00f8ml\u00f8st inn i enhver innredning. Etter utpakking m\u00e5 du beregne 3-7 dager for at teppet skal komme seg helt etter vakuumpakking.<\/p>\n<p><img decoding=\"async\" class=\"alignnone size-medium wp-image-3997 aligncenter\" src=\"https:\/\/keluvo.com\/template\/wp-content\/uploads\/sites\/5\/2024\/11\/S342a9b0a0ff74718947ea7df7973df10M.jpg\" alt=\"\" \/><\/p>\n","protected":false},"excerpt":{"rendered":"<p>Komfortabelt og mykt Det rektangul\u00e6re teppet er designet med et 2 cm tykt svampfyll, noe som gir en myk og [&hellip;]<\/p>\n","protected":false},"featured_media":6272,"comment_status":"open","ping_status":"closed","template":"","meta":{"site-sidebar-layout":"default","site-content-layout":"","ast-site-content-layout":"default","site-content-style":"default","site-sidebar-style":"default","ast-global-header-display":"","ast-banner-title-visibility":"","ast-main-header-display":"","ast-hfb-above-header-display":"","ast-hfb-below-header-display":"","ast-hfb-mobile-header-display":"","site-post-title":"","ast-breadcrumbs-content":"","ast-featured-img":"","footer-sml-layout":"","theme-transparent-header-meta":"default","adv-header-id-meta":"","stick-header-meta":"","header-above-stick-meta":"","header-main-stick-meta":"","header-below-stick-meta":"","astra-migrate-meta-layouts":"set","ast-page-background-enabled":"default","ast-page-background-meta":{"desktop":{"background-color":"var(--ast-global-color-4)","background-image":"","background-repeat":"repeat","background-position":"center center","background-size":"auto","background-attachment":"scroll","background-type":"","background-media":"","overlay-type":"","overlay-color":"","overlay-opacity":"","overlay-gradient":""},"tablet":{"background-color":"","background-image":"","background-repeat":"repeat","background-position":"center center","background-size":"auto","background-attachment":"scroll","background-type":"","background-media":"","overlay-type":"","overlay-color":"","overlay-opacity":"","overlay-gradient":""},"mobile":{"background-color":"","background-image":"","background-repeat":"repeat","background-position":"center center","background-size":"auto","background-attachment":"scroll","background-type":"","background-media":"","overlay-type":"","overlay-color":"","overlay-opacity":"","overlay-gradient":""}},"ast-content-background-meta":{"desktop":{"background-color":"var(--ast-global-color-5)","background-image":"","background-repeat":"repeat","background-position":"center center","background-size":"auto","background-attachment":"scroll","background-type":"","background-media":"","overlay-type":"","overlay-color":"","overlay-opacity":"","overlay-gradient":""},"tablet":{"background-color":"var(--ast-global-color-5)","background-image":"","background-repeat":"repeat","background-position":"center center","background-size":"auto","background-attachment":"scroll","background-type":"","background-media":"","overlay-type":"","overlay-color":"","overlay-opacity":"","overlay-gradient":""},"mobile":{"background-color":"var(--ast-global-color-5)","background-image":"","background-repeat":"repeat","background-position":"center center","background-size":"auto","background-attachment":"scroll","background-type":"","background-media":"","overlay-type":"","overlay-color":"","overlay-opacity":"","overlay-gradient":""}}},"product_brand":[],"product_cat":[1001],"product_tag":[],"class_list":{"0":"post-6276","1":"product","2":"type-product","3":"status-publish","4":"has-post-thumbnail","6":"product_cat-husholdningsartikler","7":"pa_pvtjyb0c-bla","8":"pa_pvtjyb0c-brun","9":"pa_pvtjyb0c-gra","10":"pa_pvtjyb0c-gronn","11":"pa_pvtjyb0c-kamel","12":"pa_pvtjyb0c-marinen","13":"pa_pvtjyb0c-rod","14":"pa_pvtjyb0c-rosa","15":"pa_tk06ocye-100x200cm","16":"pa_tk06ocye-80x200cm","17":"desktop-align-left","18":"tablet-align-left","19":"mobile-align-left","21":"first","22":"instock","23":"shipping-taxable","24":"purchasable","25":"product-type-variable"},"_links":{"self":[{"href":"https:\/\/keluvo.com\/no\/wp-json\/wp\/v2\/product\/6276","targetHints":{"allow":["GET"]}}],"collection":[{"href":"https:\/\/keluvo.com\/no\/wp-json\/wp\/v2\/product"}],"about":[{"href":"https:\/\/keluvo.com\/no\/wp-json\/wp\/v2\/types\/product"}],"replies":[{"embeddable":true,"href":"https:\/\/keluvo.com\/no\/wp-json\/wp\/v2\/comments?post=6276"}],"wp:featuredmedia":[{"embeddable":true,"href":"https:\/\/keluvo.com\/no\/wp-json\/wp\/v2\/media\/6272"}],"wp:attachment":[{"href":"https:\/\/keluvo.com\/no\/wp-json\/wp\/v2\/media?parent=6276"}],"wp:term":[{"taxonomy":"product_brand","embeddable":true,"href":"https:\/\/keluvo.com\/no\/wp-json\/wp\/v2\/product_brand?post=6276"},{"taxonomy":"product_cat","embeddable":true,"href":"https:\/\/keluvo.com\/no\/wp-json\/wp\/v2\/product_cat?post=6276"},{"taxonomy":"product_tag","embeddable":true,"href":"https:\/\/keluvo.com\/no\/wp-json\/wp\/v2\/product_tag?post=6276"}],"curies":[{"name":"wp","href":"https:\/\/api.w.org\/{rel}","templated":true}]}}