{"id":62734,"date":"2025-12-12T17:06:19","date_gmt":"2025-12-12T15:06:19","guid":{"rendered":"https:\/\/keluvo.com\/no\/produkt\/blodtrykksmaler-for-handledd\/"},"modified":"2025-12-15T17:21:24","modified_gmt":"2025-12-15T15:21:24","slug":"blodtrykksmaler-for-handledd","status":"publish","type":"product","link":"https:\/\/keluvo.com\/no\/produkt\/blodtrykksmaler-for-handledd\/","title":{"rendered":"Blodtrykksm\u00e5ler for h\u00e5ndledd"},"content":{"rendered":"<p style=\"text-align: center;\" data-start=\"0\" data-end=\"81\"><strong data-start=\"0\" data-end=\"81\">M\u00e5l Blodtrykket Raskt, Tydelig Og N\u00f8yaktig\u2014Uansett Hvor Du Er. \ud83d\udda5\ufe0f\ud83e\ude78<\/strong><\/p>\n<p style=\"text-align: center;\" data-start=\"83\" data-end=\"405\">Denne blodtrykksm\u00e5leren for h\u00e5ndleddet gir raske og n\u00f8yaktige m\u00e5linger med en stor ber\u00f8ringsskjerm som er lett \u00e5 se, selv for personer med nedsatt syn. Den kompakte st\u00f8rrelsen gj\u00f8r den perfekt til hjemmebruk, p\u00e5 reise eller p\u00e5 farten, samtidig som den har avanserte funksjoner som stemmeveiledning og sporing av minne for to brukere. Et smart og enkelt verkt\u00f8y for \u00e5 holde oversikt over hjertehelsen din p\u00e5 en trygg og enkel m\u00e5te.<\/p>\n<p data-start=\"83\" data-end=\"405\"><img fetchpriority=\"high\" decoding=\"async\" class=\"size-full wp-image-45146 aligncenter\" src=\"https:\/\/keluvo.com\/template\/wp-content\/uploads\/sites\/5\/2025\/12\/10224-ezgif.com-video-to-webp-converter-4.webp\" alt=\"\" width=\"500\" height=\"500\" \/><\/p>\n<h2 style=\"text-align: center;\" data-start=\"407\" data-end=\"427\">\ud83d\ude80 Hovedfordeler<\/h2>\n<p data-start=\"430\" data-end=\"504\">\ud83d\udda5\ufe0f Stor LED-ber\u00f8ringsskjerm &#8211; tydelige m\u00e5linger med fargekodede resultater.<\/p>\n<p data-start=\"507\" data-end=\"578\">\ud83c\udfa7 Stemmesending &#8211; veileder deg og leser opp m\u00e5lingene dine h\u00f8yt.<\/p>\n<p data-start=\"581\" data-end=\"652\">\ud83d\udd0b Oppladbart batteri &#8211; langvarig str\u00f8m med Type-C-lading.<\/p>\n<p data-start=\"655\" data-end=\"720\">\ud83d\udc68\u200d\ud83d\udc69\u200d\ud83d\udc67 Dobbel minnemodus &#8211; lagrer 99 resultater for to brukere.<\/p>\n<p data-start=\"723\" data-end=\"783\">\ud83e\udd32 Komfortabel justerbar mansjett &#8211; passer de fleste h\u00e5ndleddst\u00f8rrelser.<\/p>\n<p data-start=\"786\" data-end=\"856\">\ud83c\udfaf N\u00f8yaktige m\u00e5linger &#8211; presisjonsbrikke og forbedret algoritme.<\/p>\n<p data-start=\"859\" data-end=\"923\">\ud83e\uddf3 B\u00e6rbar &amp; lett &#8211; ideell for reise og daglig bruk.<\/p>\n<p data-start=\"859\" data-end=\"923\"><img decoding=\"async\" class=\"size-full wp-image-45145 aligncenter\" src=\"https:\/\/keluvo.com\/template\/wp-content\/uploads\/sites\/5\/2025\/12\/10225-ezgif.com-video-to-webp-converter-4.webp\" alt=\"\" width=\"500\" height=\"500\" \/><\/p>\n<h2 style=\"text-align: center;\" data-start=\"925\" data-end=\"943\">\ud83d\udd79\ufe0f Slik Bruker Du Enheten<\/h2>\n<ol data-start=\"944\" data-end=\"1258\">\n<li data-start=\"944\" data-end=\"994\">\n<p data-start=\"947\" data-end=\"994\">Skyv str\u00f8mbryteren for \u00e5 sl\u00e5 p\u00e5 enheten.<\/p>\n<\/li>\n<li data-start=\"995\" data-end=\"1079\">\n<p data-start=\"998\" data-end=\"1079\">Legg mansjetten rundt h\u00e5ndleddet (22-32 cm), og hold den p\u00e5 niv\u00e5 med hjertet.<\/p>\n<\/li>\n<li data-start=\"1080\" data-end=\"1149\">\n<p data-start=\"1083\" data-end=\"1149\">Sitt oppreist, slapp av i kroppen og hold deg i ro under m\u00e5lingen.<\/p>\n<\/li>\n<li data-start=\"1150\" data-end=\"1187\">\n<p data-start=\"1153\" data-end=\"1187\">Trykk p\u00e5 ber\u00f8ringsknappen for \u00e5 starte.<\/p>\n<\/li>\n<li data-start=\"1188\" data-end=\"1258\">\n<p data-start=\"1191\" data-end=\"1258\">Lyt til stemmesendingen eller les det fargekodede LED-resultatet.<\/p>\n<\/li>\n<\/ol>\n<h2 style=\"text-align: center;\" data-start=\"1260\" data-end=\"1282\">\ud83d\udccb Produktdetaljer<\/h2>\n<ul data-start=\"1283\" data-end=\"1729\">\n<li data-start=\"1330\" data-end=\"1368\">\n<p data-start=\"1332\" data-end=\"1368\">Visning: LED-skjerm med bakgrunnsbelysning<\/p>\n<\/li>\n<li data-start=\"1369\" data-end=\"1394\">\n<p data-start=\"1371\" data-end=\"1394\">Materiale: ABS-plast<\/p>\n<\/li>\n<li data-start=\"1395\" data-end=\"1421\">\n<p data-start=\"1397\" data-end=\"1421\">St\u00f8rrelse: 115 x 96 x 59 mm<\/p>\n<\/li>\n<li data-start=\"1422\" data-end=\"1439\">\n<p data-start=\"1424\" data-end=\"1439\">Vekt: 225 g<\/p>\n<\/li>\n<li data-start=\"1440\" data-end=\"1494\">\n<p data-start=\"1442\" data-end=\"1494\">H\u00e5ndleddets omkrets: 22-32 cm<\/p>\n<\/li>\n<li data-start=\"1495\" data-end=\"1533\">\n<p data-start=\"1497\" data-end=\"1533\">M\u00e5lemetode: oscillografisk<\/p>\n<\/li>\n<li data-start=\"1534\" data-end=\"1551\">\n<p data-start=\"1536\" data-end=\"1551\">N\u00f8yaktighet: \u00b15 %<\/p>\n<\/li>\n<li data-start=\"1552\" data-end=\"1592\">\n<p data-start=\"1554\" data-end=\"1592\">Hukommelseslagring: 99 registreringer x 2 brukere<\/p>\n<\/li>\n<li data-start=\"1593\" data-end=\"1658\">\n<p data-start=\"1595\" data-end=\"1658\">Kraft: 200 mAh oppladbart litiumbatteri + Type-C-lading<\/p>\n<\/li>\n<li data-start=\"1659\" data-end=\"1729\">\n<p data-start=\"1661\" data-end=\"1729\">Funksjoner: stemmeutgang, fargekodede m\u00e5linger, ber\u00f8ringsskjermkontroll<\/p>\n<\/li>\n<\/ul>\n<h2 style=\"text-align: center;\" data-start=\"1731\" data-end=\"1754\">\ud83d\udce6 Pakken inkluderer<\/h2>\n<ul data-start=\"1755\" data-end=\"1869\">\n<li data-start=\"1755\" data-end=\"1791\">\n<p data-start=\"1757\" data-end=\"1791\">1x blodtrykksm\u00e5ler for h\u00e5ndledd<\/p>\n<\/li>\n<li data-start=\"1792\" data-end=\"1821\">\n<p data-start=\"1794\" data-end=\"1821\">1x Type-C-ladekabel<\/p>\n<\/li>\n<li data-start=\"1822\" data-end=\"1842\">\n<p data-start=\"1824\" data-end=\"1842\">1x oppbevaringsveske<\/p>\n<\/li>\n<li data-start=\"1843\" data-end=\"1869\">\n<p data-start=\"1845\" data-end=\"1869\">1x bruksanvisning.<\/p>\n<\/li>\n<\/ul>\n","protected":false},"excerpt":{"rendered":"<p>M\u00e5l Blodtrykket Raskt, Tydelig Og N\u00f8yaktig\u2014Uansett Hvor Du Er. \ud83d\udda5\ufe0f\ud83e\ude78 Denne blodtrykksm\u00e5leren for h\u00e5ndleddet gir raske og n\u00f8yaktige m\u00e5linger med [&hellip;]<\/p>\n","protected":false},"featured_media":62730,"comment_status":"open","ping_status":"closed","template":"","meta":{"site-sidebar-layout":"default","site-content-layout":"","ast-site-content-layout":"default","site-content-style":"default","site-sidebar-style":"default","ast-global-header-display":"","ast-banner-title-visibility":"","ast-main-header-display":"","ast-hfb-above-header-display":"","ast-hfb-below-header-display":"","ast-hfb-mobile-header-display":"","site-post-title":"","ast-breadcrumbs-content":"","ast-featured-img":"","footer-sml-layout":"","theme-transparent-header-meta":"default","adv-header-id-meta":"","stick-header-meta":"","header-above-stick-meta":"","header-main-stick-meta":"","header-below-stick-meta":"","astra-migrate-meta-layouts":"set","ast-page-background-enabled":"default","ast-page-background-meta":{"desktop":{"background-color":"var(--ast-global-color-4)","background-image":"","background-repeat":"repeat","background-position":"center center","background-size":"auto","background-attachment":"scroll","background-type":"","background-media":"","overlay-type":"","overlay-color":"","overlay-opacity":"","overlay-gradient":""},"tablet":{"background-color":"","background-image":"","background-repeat":"repeat","background-position":"center center","background-size":"auto","background-attachment":"scroll","background-type":"","background-media":"","overlay-type":"","overlay-color":"","overlay-opacity":"","overlay-gradient":""},"mobile":{"background-color":"","background-image":"","background-repeat":"repeat","background-position":"center center","background-size":"auto","background-attachment":"scroll","background-type":"","background-media":"","overlay-type":"","overlay-color":"","overlay-opacity":"","overlay-gradient":""}},"ast-content-background-meta":{"desktop":{"background-color":"var(--ast-global-color-5)","background-image":"","background-repeat":"repeat","background-position":"center center","background-size":"auto","background-attachment":"scroll","background-type":"","background-media":"","overlay-type":"","overlay-color":"","overlay-opacity":"","overlay-gradient":""},"tablet":{"background-color":"var(--ast-global-color-5)","background-image":"","background-repeat":"repeat","background-position":"center center","background-size":"auto","background-attachment":"scroll","background-type":"","background-media":"","overlay-type":"","overlay-color":"","overlay-opacity":"","overlay-gradient":""},"mobile":{"background-color":"var(--ast-global-color-5)","background-image":"","background-repeat":"repeat","background-position":"center center","background-size":"auto","background-attachment":"scroll","background-type":"","background-media":"","overlay-type":"","overlay-color":"","overlay-opacity":"","overlay-gradient":""}}},"product_brand":[],"product_cat":[991],"product_tag":[],"class_list":{"0":"post-62734","1":"product","2":"type-product","3":"status-publish","4":"has-post-thumbnail","6":"product_cat-helseprodukter","7":"desktop-align-left","8":"tablet-align-left","9":"mobile-align-left","11":"first","12":"instock","13":"shipping-taxable","14":"purchasable","15":"product-type-simple"},"_links":{"self":[{"href":"https:\/\/keluvo.com\/no\/wp-json\/wp\/v2\/product\/62734","targetHints":{"allow":["GET"]}}],"collection":[{"href":"https:\/\/keluvo.com\/no\/wp-json\/wp\/v2\/product"}],"about":[{"href":"https:\/\/keluvo.com\/no\/wp-json\/wp\/v2\/types\/product"}],"replies":[{"embeddable":true,"href":"https:\/\/keluvo.com\/no\/wp-json\/wp\/v2\/comments?post=62734"}],"wp:featuredmedia":[{"embeddable":true,"href":"https:\/\/keluvo.com\/no\/wp-json\/wp\/v2\/media\/62730"}],"wp:attachment":[{"href":"https:\/\/keluvo.com\/no\/wp-json\/wp\/v2\/media?parent=62734"}],"wp:term":[{"taxonomy":"product_brand","embeddable":true,"href":"https:\/\/keluvo.com\/no\/wp-json\/wp\/v2\/product_brand?post=62734"},{"taxonomy":"product_cat","embeddable":true,"href":"https:\/\/keluvo.com\/no\/wp-json\/wp\/v2\/product_cat?post=62734"},{"taxonomy":"product_tag","embeddable":true,"href":"https:\/\/keluvo.com\/no\/wp-json\/wp\/v2\/product_tag?post=62734"}],"curies":[{"name":"wp","href":"https:\/\/api.w.org\/{rel}","templated":true}]}}