{"id":6271,"date":"2024-11-29T13:13:41","date_gmt":"2024-11-29T11:13:41","guid":{"rendered":"https:\/\/keluvo.com\/no\/produkt\/mane-nattlys\/"},"modified":"2024-11-29T14:34:57","modified_gmt":"2024-11-29T12:34:57","slug":"mane-nattlys","status":"publish","type":"product","link":"https:\/\/keluvo.com\/no\/produkt\/mane-nattlys\/","title":{"rendered":"M\u00e5ne nattlys"},"content":{"rendered":"<h2 style=\"text-align: center;\"><strong>Realistisk 3D-m\u00e5nedesign<\/strong><\/h2>\n<p style=\"text-align: center;\">M\u00e5nelyset bruker avansert 3D-utskriftsteknologi for \u00e5 skape en realistisk m\u00e5neoverflate. Den detaljerte designen etterligner kratrene og teksturen til den faktiske m\u00e5nen, noe som gir et snev av magi til rommet ditt. Lampen er perfekt som dekorasjon p\u00e5 soverommet, i stuen eller ved spesielle anledninger.<\/p>\n<p><img decoding=\"async\" class=\"alignnone size-medium wp-image-4039 aligncenter\" src=\"https:\/\/keluvo.com\/template\/wp-content\/uploads\/sites\/5\/2024\/11\/2b7de63e-6ddf-4f90-9bab-d6fb84b7d084.webp\" alt=\"\" \/><\/p>\n<h2 style=\"text-align: center;\"><strong>Justerbare farger og lysstyrke<\/strong><\/h2>\n<p style=\"text-align: center;\">Med 16 lysfarger og justerbar lysstyrke lar m\u00e5nelampen deg skape den perfekte atmosf\u00e6ren for ethvert milj\u00f8. Bruk fjernkontrollen eller ber\u00f8ringsbryteren til \u00e5 tilpasse lyset til hum\u00f8ret ditt. Enten det er en varm gl\u00f8d for avslapping eller en levende farge for moro skyld, har denne lampen det du trenger.<\/p>\n<p><img decoding=\"async\" class=\"alignnone size-medium wp-image-4042 aligncenter\" src=\"https:\/\/keluvo.com\/template\/wp-content\/uploads\/sites\/5\/2024\/11\/ca17a0db-4d85-474d-aeb4-01e7a6bab8e2.webp\" alt=\"\" \/><\/p>\n","protected":false},"excerpt":{"rendered":"<p>Realistisk 3D-m\u00e5nedesign M\u00e5nelyset bruker avansert 3D-utskriftsteknologi for \u00e5 skape en realistisk m\u00e5neoverflate. Den detaljerte designen etterligner kratrene og teksturen til [&hellip;]<\/p>\n","protected":false},"featured_media":6267,"comment_status":"open","ping_status":"closed","template":"","meta":{"site-sidebar-layout":"default","site-content-layout":"","ast-site-content-layout":"default","site-content-style":"default","site-sidebar-style":"default","ast-global-header-display":"","ast-banner-title-visibility":"","ast-main-header-display":"","ast-hfb-above-header-display":"","ast-hfb-below-header-display":"","ast-hfb-mobile-header-display":"","site-post-title":"","ast-breadcrumbs-content":"","ast-featured-img":"","footer-sml-layout":"","theme-transparent-header-meta":"default","adv-header-id-meta":"","stick-header-meta":"","header-above-stick-meta":"","header-main-stick-meta":"","header-below-stick-meta":"","astra-migrate-meta-layouts":"set","ast-page-background-enabled":"default","ast-page-background-meta":{"desktop":{"background-color":"var(--ast-global-color-4)","background-image":"","background-repeat":"repeat","background-position":"center center","background-size":"auto","background-attachment":"scroll","background-type":"","background-media":"","overlay-type":"","overlay-color":"","overlay-opacity":"","overlay-gradient":""},"tablet":{"background-color":"","background-image":"","background-repeat":"repeat","background-position":"center center","background-size":"auto","background-attachment":"scroll","background-type":"","background-media":"","overlay-type":"","overlay-color":"","overlay-opacity":"","overlay-gradient":""},"mobile":{"background-color":"","background-image":"","background-repeat":"repeat","background-position":"center center","background-size":"auto","background-attachment":"scroll","background-type":"","background-media":"","overlay-type":"","overlay-color":"","overlay-opacity":"","overlay-gradient":""}},"ast-content-background-meta":{"desktop":{"background-color":"var(--ast-global-color-5)","background-image":"","background-repeat":"repeat","background-position":"center center","background-size":"auto","background-attachment":"scroll","background-type":"","background-media":"","overlay-type":"","overlay-color":"","overlay-opacity":"","overlay-gradient":""},"tablet":{"background-color":"var(--ast-global-color-5)","background-image":"","background-repeat":"repeat","background-position":"center center","background-size":"auto","background-attachment":"scroll","background-type":"","background-media":"","overlay-type":"","overlay-color":"","overlay-opacity":"","overlay-gradient":""},"mobile":{"background-color":"var(--ast-global-color-5)","background-image":"","background-repeat":"repeat","background-position":"center center","background-size":"auto","background-attachment":"scroll","background-type":"","background-media":"","overlay-type":"","overlay-color":"","overlay-opacity":"","overlay-gradient":""}}},"product_brand":[],"product_cat":[1001],"product_tag":[],"class_list":{"0":"post-6271","1":"product","2":"type-product","3":"status-publish","4":"has-post-thumbnail","6":"product_cat-husholdningsartikler","7":"desktop-align-left","8":"tablet-align-left","9":"mobile-align-left","11":"first","12":"instock","13":"shipping-taxable","14":"purchasable","15":"product-type-simple"},"_links":{"self":[{"href":"https:\/\/keluvo.com\/no\/wp-json\/wp\/v2\/product\/6271","targetHints":{"allow":["GET"]}}],"collection":[{"href":"https:\/\/keluvo.com\/no\/wp-json\/wp\/v2\/product"}],"about":[{"href":"https:\/\/keluvo.com\/no\/wp-json\/wp\/v2\/types\/product"}],"replies":[{"embeddable":true,"href":"https:\/\/keluvo.com\/no\/wp-json\/wp\/v2\/comments?post=6271"}],"wp:featuredmedia":[{"embeddable":true,"href":"https:\/\/keluvo.com\/no\/wp-json\/wp\/v2\/media\/6267"}],"wp:attachment":[{"href":"https:\/\/keluvo.com\/no\/wp-json\/wp\/v2\/media?parent=6271"}],"wp:term":[{"taxonomy":"product_brand","embeddable":true,"href":"https:\/\/keluvo.com\/no\/wp-json\/wp\/v2\/product_brand?post=6271"},{"taxonomy":"product_cat","embeddable":true,"href":"https:\/\/keluvo.com\/no\/wp-json\/wp\/v2\/product_cat?post=6271"},{"taxonomy":"product_tag","embeddable":true,"href":"https:\/\/keluvo.com\/no\/wp-json\/wp\/v2\/product_tag?post=6271"}],"curies":[{"name":"wp","href":"https:\/\/api.w.org\/{rel}","templated":true}]}}