{"id":62584,"date":"2025-12-12T16:55:52","date_gmt":"2025-12-12T14:55:52","guid":{"rendered":"https:\/\/keluvo.com\/no\/produkt\/magnetisk-tidsur-2\/"},"modified":"2025-12-22T18:09:12","modified_gmt":"2025-12-22T16:09:12","slug":"magnetisk-tidsur-2","status":"publish","type":"product","link":"https:\/\/keluvo.com\/no\/produkt\/magnetisk-tidsur-2\/","title":{"rendered":"Magnetisk tidsur"},"content":{"rendered":"<p style=\"text-align: center;\" data-start=\"0\" data-end=\"59\"><strong data-start=\"0\" data-end=\"59\">Still Inn Klare, N\u00f8yaktige Tidtakere Og Hold Deg P\u00e5 Sporet Hver Dag. \u23f1\ufe0f\ud83d\udd04<\/strong><\/p>\n<p style=\"text-align: center;\" data-start=\"61\" data-end=\"261\">Denne magnetiske tidtakeren hjelper deg med \u00e5 holde styr p\u00e5 tiden n\u00e5r du lager mat, baker, studerer, trener og mye mer. Med en enkel dreiebryter og et stort LED-display kan du stille inn og lese av tidtakeren p\u00e5 et \u00f8yeblikk. En enkel og p\u00e5litelig tidtaker for bedre fokus, perfekt timing og hverdagslig bekvemmelighet.<\/p>\n<p data-start=\"61\" data-end=\"261\"><img fetchpriority=\"high\" decoding=\"async\" class=\"size-full wp-image-45005 aligncenter\" src=\"https:\/\/keluvo.com\/template\/wp-content\/uploads\/sites\/5\/2025\/12\/10224-ezgif.com-video-to-webp-converter-1-2.webp\" alt=\"\" width=\"500\" height=\"500\" \/><\/p>\n<h2 style=\"text-align: center;\" data-start=\"263\" data-end=\"283\">\ud83d\ude80 Hovedfordeler<\/h2>\n<p data-start=\"286\" data-end=\"350\">\u23f1\ufe0f Opptil 99 minutter &#8211; perfekt for daglige oppgaver og rutiner.<\/p>\n<p data-start=\"353\" data-end=\"411\">\ud83d\udd04 Dreiehjulskontroll &#8211; rask og enkel tidsinnstilling.<\/p>\n<p data-start=\"414\" data-end=\"470\">\ud83d\udda5\ufe0f Stor LED-skjerm &#8211; tydelige tall, enkle \u00e5 lese.<\/p>\n<p data-start=\"473\" data-end=\"543\">\ud83e\uddf2 Magnetisk bakside &#8211; fester seg sikkert til kj\u00f8leskap og metalloverflater.<\/p>\n<p data-start=\"546\" data-end=\"605\">\ud83d\udd0a 3 volumniv\u00e5er &#8211; juster varsellyden etter dine behov.<\/p>\n<p data-start=\"608\" data-end=\"662\">\ud83d\udca1 Minnefunksjon &#8211; husker siste innstilling.<\/p>\n<p data-start=\"665\" data-end=\"714\">\ud83d\udd0b Batteridrevet &#8211; b\u00e6rbar og ledningsfri.<\/p>\n<p data-start=\"665\" data-end=\"714\"><img decoding=\"async\" class=\"size-full wp-image-45006 aligncenter\" src=\"https:\/\/keluvo.com\/template\/wp-content\/uploads\/sites\/5\/2025\/12\/timeout1.jpg\" alt=\"\" width=\"600\" height=\"600\" \/><\/p>\n<h2 style=\"text-align: center;\" data-start=\"716\" data-end=\"734\">\ud83d\udd79\ufe0f Slik Bruker Du Den<\/h2>\n<ol data-start=\"735\" data-end=\"969\">\n<li data-start=\"735\" data-end=\"785\">\n<p data-start=\"738\" data-end=\"785\">Dreie p\u00e5 dreiehjulet for \u00e5 stille inn \u00f8nsket tid.<\/p>\n<\/li>\n<li data-start=\"786\" data-end=\"831\">\n<p data-start=\"789\" data-end=\"831\">Trykk p\u00e5 knappen for \u00e5 starte nedtellingen.<\/p>\n<\/li>\n<li data-start=\"832\" data-end=\"871\">\n<p data-start=\"835\" data-end=\"871\">Juster volumniv\u00e5et ved behov.<\/p>\n<\/li>\n<li data-start=\"872\" data-end=\"912\">\n<p data-start=\"875\" data-end=\"912\">Vent p\u00e5 varselet n\u00e5r tiden er ute.<\/p>\n<\/li>\n<li data-start=\"913\" data-end=\"969\">\n<p data-start=\"916\" data-end=\"969\">Skjermen sl\u00e5s av automatisk for \u00e5 spare batteri.<\/p>\n<\/li>\n<\/ol>\n<h2 style=\"text-align: center;\" data-start=\"971\" data-end=\"993\">\ud83d\udccb Produktdetaljer<\/h2>\n<ul data-start=\"994\" data-end=\"1344\">\n<li data-start=\"1027\" data-end=\"1052\">\n<p data-start=\"1029\" data-end=\"1052\">Materiale: ABS-plast<\/p>\n<\/li>\n<li data-start=\"1053\" data-end=\"1114\">\n<p data-start=\"1055\" data-end=\"1114\">St\u00f8rrelse: ca. 7,8 x 7,8 x 2,86 cm<\/p>\n<\/li>\n<li data-start=\"1115\" data-end=\"1152\">\n<p data-start=\"1117\" data-end=\"1152\">Maks tidtaking: 99 minutter 59 sekunder<\/p>\n<\/li>\n<li data-start=\"1153\" data-end=\"1189\">\n<p data-start=\"1155\" data-end=\"1189\">Visning: stor LED-speilskjerm<\/p>\n<\/li>\n<li data-start=\"1190\" data-end=\"1226\">\n<p data-start=\"1192\" data-end=\"1226\">Spenning: batteri (inkludert)<\/p>\n<\/li>\n<li data-start=\"1269\" data-end=\"1344\">\n<p data-start=\"1271\" data-end=\"1344\">Funksjoner: en-tastbryter, automatisk skjerm av, tidsminne, magnetisk bakside<\/p>\n<\/li>\n<\/ul>\n<h2 style=\"text-align: center;\" data-start=\"1346\" data-end=\"1369\">\ud83d\udce6 Pakken inkluderer<\/h2>\n<ul data-start=\"1370\" data-end=\"1392\">\n<li data-start=\"1370\" data-end=\"1392\">\n<p data-start=\"1372\" data-end=\"1392\">1x magnetisk timer<\/p>\n<\/li>\n<li data-start=\"1370\" data-end=\"1392\">\n<p data-start=\"1372\" data-end=\"1392\">1x batteri.<\/p>\n<\/li>\n<\/ul>\n","protected":false},"excerpt":{"rendered":"<p>Still Inn Klare, N\u00f8yaktige Tidtakere Og Hold Deg P\u00e5 Sporet Hver Dag. \u23f1\ufe0f\ud83d\udd04 Denne magnetiske tidtakeren hjelper deg med \u00e5 [&hellip;]<\/p>\n","protected":false},"featured_media":62580,"comment_status":"open","ping_status":"closed","template":"","meta":{"site-sidebar-layout":"default","site-content-layout":"","ast-site-content-layout":"default","site-content-style":"default","site-sidebar-style":"default","ast-global-header-display":"","ast-banner-title-visibility":"","ast-main-header-display":"","ast-hfb-above-header-display":"","ast-hfb-below-header-display":"","ast-hfb-mobile-header-display":"","site-post-title":"","ast-breadcrumbs-content":"","ast-featured-img":"","footer-sml-layout":"","theme-transparent-header-meta":"default","adv-header-id-meta":"","stick-header-meta":"","header-above-stick-meta":"","header-main-stick-meta":"","header-below-stick-meta":"","astra-migrate-meta-layouts":"set","ast-page-background-enabled":"default","ast-page-background-meta":{"desktop":{"background-color":"var(--ast-global-color-4)","background-image":"","background-repeat":"repeat","background-position":"center center","background-size":"auto","background-attachment":"scroll","background-type":"","background-media":"","overlay-type":"","overlay-color":"","overlay-opacity":"","overlay-gradient":""},"tablet":{"background-color":"","background-image":"","background-repeat":"repeat","background-position":"center center","background-size":"auto","background-attachment":"scroll","background-type":"","background-media":"","overlay-type":"","overlay-color":"","overlay-opacity":"","overlay-gradient":""},"mobile":{"background-color":"","background-image":"","background-repeat":"repeat","background-position":"center center","background-size":"auto","background-attachment":"scroll","background-type":"","background-media":"","overlay-type":"","overlay-color":"","overlay-opacity":"","overlay-gradient":""}},"ast-content-background-meta":{"desktop":{"background-color":"var(--ast-global-color-5)","background-image":"","background-repeat":"repeat","background-position":"center center","background-size":"auto","background-attachment":"scroll","background-type":"","background-media":"","overlay-type":"","overlay-color":"","overlay-opacity":"","overlay-gradient":""},"tablet":{"background-color":"var(--ast-global-color-5)","background-image":"","background-repeat":"repeat","background-position":"center center","background-size":"auto","background-attachment":"scroll","background-type":"","background-media":"","overlay-type":"","overlay-color":"","overlay-opacity":"","overlay-gradient":""},"mobile":{"background-color":"var(--ast-global-color-5)","background-image":"","background-repeat":"repeat","background-position":"center center","background-size":"auto","background-attachment":"scroll","background-type":"","background-media":"","overlay-type":"","overlay-color":"","overlay-opacity":"","overlay-gradient":""}}},"product_brand":[],"product_cat":[1001],"product_tag":[],"class_list":{"0":"post-62584","1":"product","2":"type-product","3":"status-publish","4":"has-post-thumbnail","6":"product_cat-husholdningsartikler","7":"pa_57272_7b4namny-solv","8":"pa_57272_7b4namny-svart","9":"desktop-align-left","10":"tablet-align-left","11":"mobile-align-left","13":"first","14":"instock","15":"shipping-taxable","16":"purchasable","17":"product-type-variable"},"_links":{"self":[{"href":"https:\/\/keluvo.com\/no\/wp-json\/wp\/v2\/product\/62584","targetHints":{"allow":["GET"]}}],"collection":[{"href":"https:\/\/keluvo.com\/no\/wp-json\/wp\/v2\/product"}],"about":[{"href":"https:\/\/keluvo.com\/no\/wp-json\/wp\/v2\/types\/product"}],"replies":[{"embeddable":true,"href":"https:\/\/keluvo.com\/no\/wp-json\/wp\/v2\/comments?post=62584"}],"wp:featuredmedia":[{"embeddable":true,"href":"https:\/\/keluvo.com\/no\/wp-json\/wp\/v2\/media\/62580"}],"wp:attachment":[{"href":"https:\/\/keluvo.com\/no\/wp-json\/wp\/v2\/media?parent=62584"}],"wp:term":[{"taxonomy":"product_brand","embeddable":true,"href":"https:\/\/keluvo.com\/no\/wp-json\/wp\/v2\/product_brand?post=62584"},{"taxonomy":"product_cat","embeddable":true,"href":"https:\/\/keluvo.com\/no\/wp-json\/wp\/v2\/product_cat?post=62584"},{"taxonomy":"product_tag","embeddable":true,"href":"https:\/\/keluvo.com\/no\/wp-json\/wp\/v2\/product_tag?post=62584"}],"curies":[{"name":"wp","href":"https:\/\/api.w.org\/{rel}","templated":true}]}}