{"id":6250,"date":"2024-11-29T13:11:29","date_gmt":"2024-11-29T11:11:29","guid":{"rendered":"https:\/\/keluvo.com\/no\/produkt\/teleskopisk-fiskestang\/"},"modified":"2024-11-29T14:35:38","modified_gmt":"2024-11-29T12:35:38","slug":"teleskopisk-fiskestang","status":"publish","type":"product","link":"https:\/\/keluvo.com\/no\/produkt\/teleskopisk-fiskestang\/","title":{"rendered":"Teleskopisk fiskestang"},"content":{"rendered":"<h2 style=\"text-align: center;\"><strong>Kompakt og b\u00e6rbar design<\/strong><\/h2>\n<p style=\"text-align: center;\">Teleskopfiskestangen er lett og kan brettes sammen til bare 24,5 cm, noe som gj\u00f8r den enkel \u00e5 f\u00e5 plass til i lommen, ryggsekken eller esken. Den b\u00e6rbare designen er perfekt for campingturer eller spontane fiskeeventyr.<\/p>\n<p><img decoding=\"async\" class=\"alignnone size-medium wp-image-4538 aligncenter\" src=\"https:\/\/keluvo.com\/template\/wp-content\/uploads\/sites\/5\/2024\/11\/Outdoor-Portable-Mini-Pen-Fishing-Rod-Telescopic-Pocket-Pen-Fishing-Rod-Mini-Fishing-Pole-Fishing-Accessories.jpg_.webp\" alt=\"\" \/><\/p>\n<h2 style=\"text-align: center;\"><strong>Holdbare og p\u00e5litelige materialer<\/strong><\/h2>\n<p style=\"text-align: center;\">Teleskopfiskestangen er laget av glassfiberarmert plast og metall, og er bygget for holdbarhet og ytelse. Den t\u00e5ler vekter p\u00e5 opptil 1,5 kg, noe som sikrer en p\u00e5litelig fiskeopplevelse for b\u00e5de nybegynnere og entusiaster.<\/p>\n<p><img decoding=\"async\" class=\"alignnone size-medium wp-image-4544 aligncenter\" src=\"https:\/\/keluvo.com\/template\/wp-content\/uploads\/sites\/5\/2024\/11\/Sb5abe14d6daa40d3812398f8e1e2531bO.webp\" alt=\"\" \/><\/p>\n","protected":false},"excerpt":{"rendered":"<p>Kompakt og b\u00e6rbar design Teleskopfiskestangen er lett og kan brettes sammen til bare 24,5 cm, noe som gj\u00f8r den enkel [&hellip;]<\/p>\n","protected":false},"featured_media":6246,"comment_status":"open","ping_status":"closed","template":"","meta":{"site-sidebar-layout":"default","site-content-layout":"","ast-site-content-layout":"default","site-content-style":"default","site-sidebar-style":"default","ast-global-header-display":"","ast-banner-title-visibility":"","ast-main-header-display":"","ast-hfb-above-header-display":"","ast-hfb-below-header-display":"","ast-hfb-mobile-header-display":"","site-post-title":"","ast-breadcrumbs-content":"","ast-featured-img":"","footer-sml-layout":"","theme-transparent-header-meta":"default","adv-header-id-meta":"","stick-header-meta":"","header-above-stick-meta":"","header-main-stick-meta":"","header-below-stick-meta":"","astra-migrate-meta-layouts":"set","ast-page-background-enabled":"default","ast-page-background-meta":{"desktop":{"background-color":"var(--ast-global-color-4)","background-image":"","background-repeat":"repeat","background-position":"center center","background-size":"auto","background-attachment":"scroll","background-type":"","background-media":"","overlay-type":"","overlay-color":"","overlay-opacity":"","overlay-gradient":""},"tablet":{"background-color":"","background-image":"","background-repeat":"repeat","background-position":"center center","background-size":"auto","background-attachment":"scroll","background-type":"","background-media":"","overlay-type":"","overlay-color":"","overlay-opacity":"","overlay-gradient":""},"mobile":{"background-color":"","background-image":"","background-repeat":"repeat","background-position":"center center","background-size":"auto","background-attachment":"scroll","background-type":"","background-media":"","overlay-type":"","overlay-color":"","overlay-opacity":"","overlay-gradient":""}},"ast-content-background-meta":{"desktop":{"background-color":"var(--ast-global-color-5)","background-image":"","background-repeat":"repeat","background-position":"center center","background-size":"auto","background-attachment":"scroll","background-type":"","background-media":"","overlay-type":"","overlay-color":"","overlay-opacity":"","overlay-gradient":""},"tablet":{"background-color":"var(--ast-global-color-5)","background-image":"","background-repeat":"repeat","background-position":"center center","background-size":"auto","background-attachment":"scroll","background-type":"","background-media":"","overlay-type":"","overlay-color":"","overlay-opacity":"","overlay-gradient":""},"mobile":{"background-color":"var(--ast-global-color-5)","background-image":"","background-repeat":"repeat","background-position":"center center","background-size":"auto","background-attachment":"scroll","background-type":"","background-media":"","overlay-type":"","overlay-color":"","overlay-opacity":"","overlay-gradient":""}}},"product_brand":[],"product_cat":[1000],"product_tag":[],"class_list":{"0":"post-6250","1":"product","2":"type-product","3":"status-publish","4":"has-post-thumbnail","6":"product_cat-tur-camping-og-fritidsutstyr","7":"pa_156g9x0o-bla","8":"pa_156g9x0o-gull","9":"pa_156g9x0o-svart","10":"pa_ko4cwh1k-1-8-m","11":"pa_ko4cwh1k-2-1-m","12":"desktop-align-left","13":"tablet-align-left","14":"mobile-align-left","16":"first","17":"instock","18":"shipping-taxable","19":"purchasable","20":"product-type-variable"},"_links":{"self":[{"href":"https:\/\/keluvo.com\/no\/wp-json\/wp\/v2\/product\/6250","targetHints":{"allow":["GET"]}}],"collection":[{"href":"https:\/\/keluvo.com\/no\/wp-json\/wp\/v2\/product"}],"about":[{"href":"https:\/\/keluvo.com\/no\/wp-json\/wp\/v2\/types\/product"}],"replies":[{"embeddable":true,"href":"https:\/\/keluvo.com\/no\/wp-json\/wp\/v2\/comments?post=6250"}],"wp:featuredmedia":[{"embeddable":true,"href":"https:\/\/keluvo.com\/no\/wp-json\/wp\/v2\/media\/6246"}],"wp:attachment":[{"href":"https:\/\/keluvo.com\/no\/wp-json\/wp\/v2\/media?parent=6250"}],"wp:term":[{"taxonomy":"product_brand","embeddable":true,"href":"https:\/\/keluvo.com\/no\/wp-json\/wp\/v2\/product_brand?post=6250"},{"taxonomy":"product_cat","embeddable":true,"href":"https:\/\/keluvo.com\/no\/wp-json\/wp\/v2\/product_cat?post=6250"},{"taxonomy":"product_tag","embeddable":true,"href":"https:\/\/keluvo.com\/no\/wp-json\/wp\/v2\/product_tag?post=6250"}],"curies":[{"name":"wp","href":"https:\/\/api.w.org\/{rel}","templated":true}]}}