{"id":62312,"date":"2025-12-10T14:59:17","date_gmt":"2025-12-10T12:59:17","guid":{"rendered":"https:\/\/keluvo.com\/no\/produkt\/sjablonger-for-dekorering-av-kakeblonder-4-stk\/"},"modified":"2025-12-15T18:11:05","modified_gmt":"2025-12-15T16:11:05","slug":"sjablonger-for-dekorering-av-kakeblonder-4-stk","status":"publish","type":"product","link":"https:\/\/keluvo.com\/no\/produkt\/sjablonger-for-dekorering-av-kakeblonder-4-stk\/","title":{"rendered":"Sjablonger for dekorering av kakeblonder (4 stk)"},"content":{"rendered":"<p style=\"text-align: center;\" data-start=\"0\" data-end=\"52\"><strong data-start=\"0\" data-end=\"52\">Lag Elegante Blonder P\u00e5 Kaker P\u00e5 F\u00e5 Minutter. \ud83e\uddc1\ud83c\udf82<\/strong><\/p>\n<p style=\"text-align: center;\" data-start=\"54\" data-end=\"235\">Disse sjablongene hjelper deg med \u00e5 legge til detaljerte damaskblonder p\u00e5 kaker raskt og enkelt. Den er ideell for fondant, glasur, sukkerpasta og sjokoladedekorasjoner, og gir kakene dine en ren og profesjonell finish uten komplekse verkt\u00f8y eller erfaring. Perfekt for hjemmebakere, kakeelskere og spesielle anledninger som bryllup eller bursdager.<\/p>\n<p data-start=\"54\" data-end=\"235\"><img fetchpriority=\"high\" decoding=\"async\" class=\"size-full wp-image-44729 aligncenter\" src=\"https:\/\/keluvo.com\/template\/wp-content\/uploads\/sites\/5\/2025\/12\/10227-ezgif.com-video-to-webp-converter-3.webp\" alt=\"\" width=\"500\" height=\"500\" \/><\/p>\n<h2 style=\"text-align: center;\" data-start=\"237\" data-end=\"257\">\ud83c\udf82 Hovedfordeler<\/h2>\n<p data-start=\"260\" data-end=\"321\">\u2728 Elegant blondedesign &#8211; lag detaljerte damaskborter.<\/p>\n<p data-start=\"324\" data-end=\"384\">\ud83e\uddc1 Enkel \u00e5 bruke &#8211; perfekt for nybegynnere og hjemmebakere.<\/p>\n<p data-start=\"387\" data-end=\"436\">\u267b\ufe0f Milj\u00f8vennlig plast &#8211; trygg og gjenbrukbar.<\/p>\n<p data-start=\"439\" data-end=\"489\">\ud83e\uddfc Enkel \u00e5 rengj\u00f8re &#8211; vaskes raskt med vann.<\/p>\n<p data-start=\"492\" data-end=\"561\">\ud83c\udf89 Profesjonelle resultater &#8211; ideelt for bryllup og spesielle arrangementer.<\/p>\n<p data-start=\"492\" data-end=\"561\"><img decoding=\"async\" class=\" wp-image-44730 aligncenter\" src=\"https:\/\/keluvo.com\/template\/wp-content\/uploads\/sites\/5\/2025\/12\/942697c75c0e71f4211cce997871b6b5.gif\" alt=\"\" width=\"500\" height=\"500\" \/><\/p>\n<h2 style=\"text-align: center;\" data-start=\"563\" data-end=\"581\">\ud83d\udd79\ufe0f Slik Bruker Du<\/h2>\n<ol data-start=\"582\" data-end=\"738\">\n<li data-start=\"582\" data-end=\"625\">\n<p data-start=\"585\" data-end=\"625\">Sjablongen plasseres p\u00e5 fondant eller glasur.<\/p>\n<\/li>\n<li data-start=\"626\" data-end=\"665\">\n<p data-start=\"629\" data-end=\"665\">Fordel glasuren jevnt over sjablongene.<\/p>\n<\/li>\n<li data-start=\"666\" data-end=\"697\">\n<p data-start=\"669\" data-end=\"697\">Fjern sjablongen forsiktig.<\/p>\n<\/li>\n<li data-start=\"698\" data-end=\"738\">\n<p data-start=\"701\" data-end=\"738\">P\u00e5f\u00f8r blondedesignet p\u00e5 kaken.<\/p>\n<\/li>\n<\/ol>\n<h2 style=\"text-align: center;\" data-start=\"740\" data-end=\"762\">\ud83d\udccb Produktdetaljer<\/h2>\n<ul data-start=\"763\" data-end=\"1038\">\n<li data-start=\"812\" data-end=\"845\">\n<p data-start=\"814\" data-end=\"845\">Type: kakedekorasjonssjablong<\/p>\n<\/li>\n<li data-start=\"846\" data-end=\"867\">\n<p data-start=\"848\" data-end=\"867\">Materiale: plast<\/p>\n<\/li>\n<li data-start=\"868\" data-end=\"884\">\n<p data-start=\"870\" data-end=\"884\">Farge: hvit<\/p>\n<\/li>\n<li data-start=\"885\" data-end=\"916\">\n<p data-start=\"887\" data-end=\"916\">M\u00f8nster: damaskblonderkant<\/p>\n<\/li>\n<li data-start=\"917\" data-end=\"1001\">\n<p data-start=\"919\" data-end=\"927\">St\u00f8rrelser: <span style=\"font-size: 16px;\">11 x 26,5 cm, <\/span><span style=\"font-size: 16px;\">10 x 32,3 cm <\/span><\/p>\n<\/li>\n<li data-start=\"1002\" data-end=\"1038\">\n<p data-start=\"1004\" data-end=\"1038\">Funksjoner: gjenbrukbar, milj\u00f8vennlig<\/p>\n<\/li>\n<\/ul>\n<h2 style=\"text-align: center;\" data-start=\"1040\" data-end=\"1063\">\ud83d\udce6 Pakken inneholder<\/h2>\n<ul data-start=\"1064\" data-end=\"1101\">\n<li data-start=\"1064\" data-end=\"1101\">\n<p data-start=\"1066\" data-end=\"1101\">4x sjablonger for dekorering av kakeblonder.<\/p>\n<\/li>\n<\/ul>\n","protected":false},"excerpt":{"rendered":"<p>Lag Elegante Blonder P\u00e5 Kaker P\u00e5 F\u00e5 Minutter. \ud83e\uddc1\ud83c\udf82 Disse sjablongene hjelper deg med \u00e5 legge til detaljerte damaskblonder p\u00e5 [&hellip;]<\/p>\n","protected":false},"featured_media":62308,"comment_status":"open","ping_status":"closed","template":"","meta":{"site-sidebar-layout":"default","site-content-layout":"","ast-site-content-layout":"default","site-content-style":"default","site-sidebar-style":"default","ast-global-header-display":"","ast-banner-title-visibility":"","ast-main-header-display":"","ast-hfb-above-header-display":"","ast-hfb-below-header-display":"","ast-hfb-mobile-header-display":"","site-post-title":"","ast-breadcrumbs-content":"","ast-featured-img":"","footer-sml-layout":"","theme-transparent-header-meta":"default","adv-header-id-meta":"","stick-header-meta":"","header-above-stick-meta":"","header-main-stick-meta":"","header-below-stick-meta":"","astra-migrate-meta-layouts":"set","ast-page-background-enabled":"default","ast-page-background-meta":{"desktop":{"background-color":"var(--ast-global-color-4)","background-image":"","background-repeat":"repeat","background-position":"center center","background-size":"auto","background-attachment":"scroll","background-type":"","background-media":"","overlay-type":"","overlay-color":"","overlay-opacity":"","overlay-gradient":""},"tablet":{"background-color":"","background-image":"","background-repeat":"repeat","background-position":"center center","background-size":"auto","background-attachment":"scroll","background-type":"","background-media":"","overlay-type":"","overlay-color":"","overlay-opacity":"","overlay-gradient":""},"mobile":{"background-color":"","background-image":"","background-repeat":"repeat","background-position":"center center","background-size":"auto","background-attachment":"scroll","background-type":"","background-media":"","overlay-type":"","overlay-color":"","overlay-opacity":"","overlay-gradient":""}},"ast-content-background-meta":{"desktop":{"background-color":"var(--ast-global-color-5)","background-image":"","background-repeat":"repeat","background-position":"center center","background-size":"auto","background-attachment":"scroll","background-type":"","background-media":"","overlay-type":"","overlay-color":"","overlay-opacity":"","overlay-gradient":""},"tablet":{"background-color":"var(--ast-global-color-5)","background-image":"","background-repeat":"repeat","background-position":"center center","background-size":"auto","background-attachment":"scroll","background-type":"","background-media":"","overlay-type":"","overlay-color":"","overlay-opacity":"","overlay-gradient":""},"mobile":{"background-color":"var(--ast-global-color-5)","background-image":"","background-repeat":"repeat","background-position":"center center","background-size":"auto","background-attachment":"scroll","background-type":"","background-media":"","overlay-type":"","overlay-color":"","overlay-opacity":"","overlay-gradient":""}}},"product_brand":[],"product_cat":[1001,996],"product_tag":[],"class_list":{"0":"post-62312","1":"product","2":"type-product","3":"status-publish","4":"has-post-thumbnail","6":"product_cat-husholdningsartikler","7":"product_cat-verktoy","8":"pa_56619_umfi5qrr-a","9":"pa_56619_umfi5qrr-b","10":"pa_56619_umfi5qrr-sett-med-4-stk","11":"desktop-align-left","12":"tablet-align-left","13":"mobile-align-left","15":"first","16":"instock","17":"shipping-taxable","18":"purchasable","19":"product-type-variable"},"_links":{"self":[{"href":"https:\/\/keluvo.com\/no\/wp-json\/wp\/v2\/product\/62312","targetHints":{"allow":["GET"]}}],"collection":[{"href":"https:\/\/keluvo.com\/no\/wp-json\/wp\/v2\/product"}],"about":[{"href":"https:\/\/keluvo.com\/no\/wp-json\/wp\/v2\/types\/product"}],"replies":[{"embeddable":true,"href":"https:\/\/keluvo.com\/no\/wp-json\/wp\/v2\/comments?post=62312"}],"wp:featuredmedia":[{"embeddable":true,"href":"https:\/\/keluvo.com\/no\/wp-json\/wp\/v2\/media\/62308"}],"wp:attachment":[{"href":"https:\/\/keluvo.com\/no\/wp-json\/wp\/v2\/media?parent=62312"}],"wp:term":[{"taxonomy":"product_brand","embeddable":true,"href":"https:\/\/keluvo.com\/no\/wp-json\/wp\/v2\/product_brand?post=62312"},{"taxonomy":"product_cat","embeddable":true,"href":"https:\/\/keluvo.com\/no\/wp-json\/wp\/v2\/product_cat?post=62312"},{"taxonomy":"product_tag","embeddable":true,"href":"https:\/\/keluvo.com\/no\/wp-json\/wp\/v2\/product_tag?post=62312"}],"curies":[{"name":"wp","href":"https:\/\/api.w.org\/{rel}","templated":true}]}}