{"id":62279,"date":"2025-12-10T14:55:53","date_gmt":"2025-12-10T12:55:53","guid":{"rendered":"https:\/\/keluvo.com\/no\/produkt\/kikkert-for-nattsyn\/"},"modified":"2025-12-15T18:11:43","modified_gmt":"2025-12-15T16:11:43","slug":"kikkert-for-nattsyn","status":"publish","type":"product","link":"https:\/\/keluvo.com\/no\/produkt\/kikkert-for-nattsyn\/","title":{"rendered":"Kikkert for nattsyn"},"content":{"rendered":"<p style=\"text-align: center;\" data-start=\"0\" data-end=\"59\"><strong data-start=\"0\" data-end=\"59\">Se Klart I Fullstendig M\u00f8rke P\u00e5 Opptil 300 Meters Avstand. \ud83d\udd0d\ud83d\udc3b<\/strong><\/p>\n<p style=\"text-align: center;\" data-start=\"61\" data-end=\"302\">Med denne nattsynskikkerten kan du utforske, se p\u00e5 dyreliv og v\u00e6re trygg selv i totalt m\u00f8rke. Med h\u00f8yoppl\u00f8selig 2,5K-bildebehandling, digital zoom og termisk deteksjon f\u00e5r du en klar oversikt over omgivelsene dine uansett tid p\u00e5 d\u00f8gnet. <span style=\"font-size: 16px;\">Et kraftig verkt\u00f8y for eventyr, sikkerhet og observasjon om natten &#8211; se det andre ikke kan.<\/span><\/p>\n<p data-start=\"61\" data-end=\"302\"><img fetchpriority=\"high\" decoding=\"async\" class=\"size-full wp-image-44809 aligncenter\" src=\"https:\/\/keluvo.com\/template\/wp-content\/uploads\/sites\/5\/2025\/12\/NIGHTOCULARS21478__85d1b3ba__6c31901e-ezgif.com-video-to-webp-converter.webp\" alt=\"\" width=\"500\" height=\"500\" \/><\/p>\n<h2 style=\"text-align: center;\" data-start=\"304\" data-end=\"324\">\ud83d\ude80 Hovedfordeler<\/h2>\n<p data-start=\"327\" data-end=\"388\">\ud83c\udf0c Se i totalt m\u00f8rke &#8211; klar sikt opp til 300 m.<\/p>\n<p data-start=\"391\" data-end=\"455\">\ud83d\udd0d 2,5K h\u00f8yoppl\u00f8selig syn &#8211; skarpe bilder i svakt lys.<\/p>\n<p data-start=\"458\" data-end=\"524\">\ud83c\udfaf Digital zoom &#8211; presis m\u00e5lretting og detaljert observasjon.<\/p>\n<p data-start=\"458\" data-end=\"524\">\ud83d\udd25 Termisk skopemodus &#8211; oppdager varmesignaturer umiddelbart.<\/p>\n<p data-start=\"592\" data-end=\"647\">\ud83c\udf92 Lett og kompakt &#8211; enkel \u00e5 b\u00e6re utend\u00f8rs.<\/p>\n<p data-start=\"650\" data-end=\"698\">\ud83e\uddea Kjemikaliefri &#8211; trygg og bekymringsfri bruk.<\/p>\n<p data-start=\"650\" data-end=\"698\"><img decoding=\"async\" class=\"size-full wp-image-44810 aligncenter\" src=\"https:\/\/keluvo.com\/template\/wp-content\/uploads\/sites\/5\/2025\/12\/NIGHTOCULARS23635__6fd70a19__730e55ba.webp\" alt=\"\" width=\"600\" height=\"600\" \/><\/p>\n<h2 style=\"text-align: center;\" data-start=\"700\" data-end=\"718\">\ud83d\udd79\ufe0f Slik Bruker Du Kikkerten<\/h2>\n<ol data-start=\"719\" data-end=\"993\">\n<li data-start=\"719\" data-end=\"748\">\n<p data-start=\"722\" data-end=\"748\">Sl\u00e5 p\u00e5 kikkerten.<\/p>\n<\/li>\n<li data-start=\"749\" data-end=\"801\">\n<p data-start=\"752\" data-end=\"801\">Se gjennom okularet og juster fokus.<\/p>\n<\/li>\n<li data-start=\"802\" data-end=\"860\">\n<p data-start=\"805\" data-end=\"860\">Bruk digital zoom for \u00e5 komme n\u00e6rmere m\u00e5let ditt.<\/p>\n<\/li>\n<li data-start=\"861\" data-end=\"917\">\n<p data-start=\"864\" data-end=\"917\">Bytt til nattsyn eller termisk modus ved behov.<\/p>\n<\/li>\n<li data-start=\"918\" data-end=\"993\">\n<p data-start=\"921\" data-end=\"993\">Bruk utend\u00f8rs for \u00e5 se p\u00e5 dyreliv, camping, sikkerhet eller utforskning.<\/p>\n<\/li>\n<\/ol>\n<h2 style=\"text-align: center;\" data-start=\"995\" data-end=\"1017\">\ud83d\udccb Produktdetaljer<\/h2>\n<ul data-start=\"1018\" data-end=\"1334\">\n<li data-start=\"1060\" data-end=\"1114\">\n<p data-start=\"1062\" data-end=\"1114\">Seavstand: opptil 300 m i fullstendig m\u00f8rke<\/p>\n<\/li>\n<li data-start=\"1115\" data-end=\"1151\">\n<p data-start=\"1117\" data-end=\"1151\">Oppl\u00f8sning: 2.5K HD<\/p>\n<\/li>\n<li data-start=\"1152\" data-end=\"1215\">\n<p data-start=\"1154\" data-end=\"1215\">Funksjoner: digital zoom, termisk omfang, kjemikaliefri design<\/p>\n<\/li>\n<li data-start=\"1216\" data-end=\"1291\">\n<p data-start=\"1218\" data-end=\"1291\">Egnet for: dyreliv, camping, fotturer, sikkerhet, utend\u00f8rs bruk<\/p>\n<\/li>\n<li data-start=\"1292\" data-end=\"1334\">\n<p data-start=\"1294\" data-end=\"1334\">Design: kompakt, lett, b\u00e6rbar<\/p>\n<\/li>\n<li data-start=\"1292\" data-end=\"1334\">St\u00f8rrelse: 15,5 x 12 x 5,5 cm<\/li>\n<\/ul>\n<h2 style=\"text-align: center;\" data-start=\"1336\" data-end=\"1359\">\ud83d\udce6 Pakken inkluderer<\/h2>\n<ul data-start=\"1360\" data-end=\"1391\">\n<li data-start=\"1360\" data-end=\"1391\">\n<p data-start=\"1362\" data-end=\"1391\">1x nattsynkikkert<\/p>\n<\/li>\n<li data-start=\"1360\" data-end=\"1391\">\n<p data-start=\"1362\" data-end=\"1391\">1x USB-C-ladekabel<\/p>\n<\/li>\n<li data-start=\"1360\" data-end=\"1391\">\n<p data-start=\"1362\" data-end=\"1391\">1x nakkestropp.<\/p>\n<\/li>\n<\/ul>\n","protected":false},"excerpt":{"rendered":"<p>Se Klart I Fullstendig M\u00f8rke P\u00e5 Opptil 300 Meters Avstand. \ud83d\udd0d\ud83d\udc3b Med denne nattsynskikkerten kan du utforske, se p\u00e5 dyreliv [&hellip;]<\/p>\n","protected":false},"featured_media":62275,"comment_status":"open","ping_status":"closed","template":"","meta":{"site-sidebar-layout":"default","site-content-layout":"","ast-site-content-layout":"default","site-content-style":"default","site-sidebar-style":"default","ast-global-header-display":"","ast-banner-title-visibility":"","ast-main-header-display":"","ast-hfb-above-header-display":"","ast-hfb-below-header-display":"","ast-hfb-mobile-header-display":"","site-post-title":"","ast-breadcrumbs-content":"","ast-featured-img":"","footer-sml-layout":"","theme-transparent-header-meta":"default","adv-header-id-meta":"","stick-header-meta":"","header-above-stick-meta":"","header-main-stick-meta":"","header-below-stick-meta":"","astra-migrate-meta-layouts":"set","ast-page-background-enabled":"default","ast-page-background-meta":{"desktop":{"background-color":"var(--ast-global-color-4)","background-image":"","background-repeat":"repeat","background-position":"center center","background-size":"auto","background-attachment":"scroll","background-type":"","background-media":"","overlay-type":"","overlay-color":"","overlay-opacity":"","overlay-gradient":""},"tablet":{"background-color":"","background-image":"","background-repeat":"repeat","background-position":"center center","background-size":"auto","background-attachment":"scroll","background-type":"","background-media":"","overlay-type":"","overlay-color":"","overlay-opacity":"","overlay-gradient":""},"mobile":{"background-color":"","background-image":"","background-repeat":"repeat","background-position":"center center","background-size":"auto","background-attachment":"scroll","background-type":"","background-media":"","overlay-type":"","overlay-color":"","overlay-opacity":"","overlay-gradient":""}},"ast-content-background-meta":{"desktop":{"background-color":"var(--ast-global-color-5)","background-image":"","background-repeat":"repeat","background-position":"center center","background-size":"auto","background-attachment":"scroll","background-type":"","background-media":"","overlay-type":"","overlay-color":"","overlay-opacity":"","overlay-gradient":""},"tablet":{"background-color":"var(--ast-global-color-5)","background-image":"","background-repeat":"repeat","background-position":"center center","background-size":"auto","background-attachment":"scroll","background-type":"","background-media":"","overlay-type":"","overlay-color":"","overlay-opacity":"","overlay-gradient":""},"mobile":{"background-color":"var(--ast-global-color-5)","background-image":"","background-repeat":"repeat","background-position":"center center","background-size":"auto","background-attachment":"scroll","background-type":"","background-media":"","overlay-type":"","overlay-color":"","overlay-opacity":"","overlay-gradient":""}}},"product_brand":[],"product_cat":[1000],"product_tag":[],"class_list":{"0":"post-62279","1":"product","2":"type-product","3":"status-publish","4":"has-post-thumbnail","6":"product_cat-tur-camping-og-fritidsutstyr","7":"pa_57318_0m4f5mcc-gronn","8":"pa_57318_0m4f5mcc-svart","9":"desktop-align-left","10":"tablet-align-left","11":"mobile-align-left","13":"first","14":"instock","15":"shipping-taxable","16":"purchasable","17":"product-type-variable"},"_links":{"self":[{"href":"https:\/\/keluvo.com\/no\/wp-json\/wp\/v2\/product\/62279","targetHints":{"allow":["GET"]}}],"collection":[{"href":"https:\/\/keluvo.com\/no\/wp-json\/wp\/v2\/product"}],"about":[{"href":"https:\/\/keluvo.com\/no\/wp-json\/wp\/v2\/types\/product"}],"replies":[{"embeddable":true,"href":"https:\/\/keluvo.com\/no\/wp-json\/wp\/v2\/comments?post=62279"}],"wp:featuredmedia":[{"embeddable":true,"href":"https:\/\/keluvo.com\/no\/wp-json\/wp\/v2\/media\/62275"}],"wp:attachment":[{"href":"https:\/\/keluvo.com\/no\/wp-json\/wp\/v2\/media?parent=62279"}],"wp:term":[{"taxonomy":"product_brand","embeddable":true,"href":"https:\/\/keluvo.com\/no\/wp-json\/wp\/v2\/product_brand?post=62279"},{"taxonomy":"product_cat","embeddable":true,"href":"https:\/\/keluvo.com\/no\/wp-json\/wp\/v2\/product_cat?post=62279"},{"taxonomy":"product_tag","embeddable":true,"href":"https:\/\/keluvo.com\/no\/wp-json\/wp\/v2\/product_tag?post=62279"}],"curies":[{"name":"wp","href":"https:\/\/api.w.org\/{rel}","templated":true}]}}