{"id":61856,"date":"2025-12-09T10:01:13","date_gmt":"2025-12-09T08:01:13","guid":{"rendered":"https:\/\/keluvo.com\/no\/produkt\/baerbar-motorsag-for-overlevelse\/"},"modified":"2025-12-15T18:11:25","modified_gmt":"2025-12-15T16:11:25","slug":"baerbar-motorsag-for-overlevelse","status":"publish","type":"product","link":"https:\/\/keluvo.com\/no\/produkt\/baerbar-motorsag-for-overlevelse\/","title":{"rendered":"B\u00e6rbar motorsag for overlevelse"},"content":{"rendered":"<p style=\"text-align: center;\" data-start=\"0\" data-end=\"73\"><strong>Kutt Ved Raskt Og Enkelt Hvor Som Helst Med Denne Kompakte Motorsagen For Overlevelse. \ud83c\udf33\ud83d\udee0\ufe0f<\/strong><\/p>\n<p style=\"text-align: center;\" data-start=\"75\" data-end=\"260\">Dette b\u00e6rbar motorsag for overlevelse lar deg kutte grener og ved raskt uten tunge verkt\u00f8y. Den er lett, sterk og perfekt for camping, fotturer, n\u00f8dsituasjoner og utend\u00f8rsarbeid.<\/p>\n<p data-start=\"75\" data-end=\"260\"><img fetchpriority=\"high\" decoding=\"async\" class=\"size-full wp-image-44509 aligncenter\" src=\"https:\/\/keluvo.com\/template\/wp-content\/uploads\/sites\/5\/2025\/12\/102216-ezgif.com-video-to-webp-converter.webp\" alt=\"\" width=\"500\" height=\"500\" \/><\/p>\n<h2 style=\"text-align: center;\" data-start=\"267\" data-end=\"291\">Hovedfordeler \u2728<\/h2>\n<p data-start=\"294\" data-end=\"384\">\ud83d\udd25 Essensielt overlevelsesverkt\u00f8y &#8211; Ideell for n\u00f8dsituasjoner, camping og utend\u00f8rsopplevelser.<\/p>\n<p data-start=\"387\" data-end=\"480\">\ud83c\udf33 Flerbrukskutting &#8211; Flott for ved, grener, hagearbeid og campingplassoppsett.<\/p>\n<p data-start=\"483\" data-end=\"567\">\u26a1 3 Ganger Raskere Kutting &#8211; Toveis tenner kutter raskere enn standard h\u00e5ndsager.<\/p>\n<p data-start=\"570\" data-end=\"647\">\ud83c\udfd5\ufe0f Lett \u00e5 B\u00e6re &#8211; Lett og kompakt, passer pent i en ryggsekk.<\/p>\n<p data-start=\"650\" data-end=\"743\">\ud83d\udee0\ufe0f Sterkt Manganst\u00e5l &#8211; Slitesterkt, korrosjonsbestandig og konstruert for langvarig bruk.<\/p>\n<p data-start=\"746\" data-end=\"808\">\u270b Enkel \u00e5 Bruke &#8211; Ingen erfaring n\u00f8dvendig, bare trekk og sag.<\/p>\n<p data-start=\"746\" data-end=\"808\"><img decoding=\"async\" class=\"size-full wp-image-44513 aligncenter\" src=\"https:\/\/keluvo.com\/template\/wp-content\/uploads\/sites\/5\/2025\/12\/TREKSAW43214-2.jpg\" alt=\"\" width=\"600\" height=\"600\" \/><\/p>\n<h2 style=\"text-align: center;\" data-start=\"815\" data-end=\"837\">Hvordan Bruke \ud83e\uddf0<\/h2>\n<ol data-start=\"838\" data-end=\"1067\">\n<li data-start=\"838\" data-end=\"899\">\n<p data-start=\"841\" data-end=\"899\">Legg kjedet rundt grenen eller stokken du vil sage.<\/p>\n<\/li>\n<li data-start=\"900\" data-end=\"934\">\n<p data-start=\"903\" data-end=\"934\">Hold et h\u00e5ndtak i hver h\u00e5nd.<\/p>\n<\/li>\n<li data-start=\"935\" data-end=\"961\">\n<p data-start=\"938\" data-end=\"961\">Trekk kjedet stramt.<\/p>\n<\/li>\n<li data-start=\"962\" data-end=\"1017\">\n<p data-start=\"965\" data-end=\"1017\">Beveg hendene frem og tilbake i en sagbevegelse.<\/p>\n<\/li>\n<li data-start=\"1018\" data-end=\"1067\">\n<p data-start=\"1021\" data-end=\"1067\">Skj\u00e6r gjennom tre raskt og med mindre anstrengelse.<\/p>\n<\/li>\n<\/ol>\n<h2 style=\"text-align: center;\" data-start=\"1074\" data-end=\"1101\">Produktdetaljer \ud83d\udccf<\/h2>\n<ul data-start=\"1102\" data-end=\"1315\">\n<li data-start=\"1102\" data-end=\"1144\">\n<p data-start=\"1104\" data-end=\"1144\">Materiale: Varmebehandlet manganst\u00e5l<\/p>\n<\/li>\n<li data-start=\"1145\" data-end=\"1169\">\n<p data-start=\"1147\" data-end=\"1169\">Total lengde: 103 cm<\/p>\n<\/li>\n<li data-start=\"1170\" data-end=\"1191\">\n<p data-start=\"1172\" data-end=\"1191\">Saglengde: 65 cm<\/p>\n<\/li>\n<li data-start=\"1218\" data-end=\"1242\">\n<p data-start=\"1220\" data-end=\"1242\">Pakest\u00f8rrelse: 10 x 12 cm<\/p>\n<\/li>\n<li data-start=\"1243\" data-end=\"1315\">\n<p data-start=\"1245\" data-end=\"1315\">Funksjoner: Toveis skj\u00e6retenner, lett, fleksibel design<\/p>\n<\/li>\n<\/ul>\n<h2 style=\"text-align: center;\" data-start=\"1322\" data-end=\"1350\">Pakken inkluderer \ud83d\udce6<\/h2>\n<ul data-start=\"1351\" data-end=\"1412\">\n<li data-start=\"1351\" data-end=\"1385\">\n<p data-start=\"1353\" data-end=\"1385\">1, 2x b\u00e6rbar overlevelses motorsag<\/p>\n<\/li>\n<li data-start=\"1386\" data-end=\"1412\">\n<p data-start=\"1388\" data-end=\"1412\">1, 2x lerretoppbevaringspose.<\/p>\n<\/li>\n<\/ul>\n","protected":false},"excerpt":{"rendered":"<p>Kutt Ved Raskt Og Enkelt Hvor Som Helst Med Denne Kompakte Motorsagen For Overlevelse. \ud83c\udf33\ud83d\udee0\ufe0f Dette b\u00e6rbar motorsag for overlevelse [&hellip;]<\/p>\n","protected":false},"featured_media":61852,"comment_status":"open","ping_status":"closed","template":"","meta":{"site-sidebar-layout":"default","site-content-layout":"","ast-site-content-layout":"default","site-content-style":"default","site-sidebar-style":"default","ast-global-header-display":"","ast-banner-title-visibility":"","ast-main-header-display":"","ast-hfb-above-header-display":"","ast-hfb-below-header-display":"","ast-hfb-mobile-header-display":"","site-post-title":"","ast-breadcrumbs-content":"","ast-featured-img":"","footer-sml-layout":"","theme-transparent-header-meta":"default","adv-header-id-meta":"","stick-header-meta":"","header-above-stick-meta":"","header-main-stick-meta":"","header-below-stick-meta":"","astra-migrate-meta-layouts":"set","ast-page-background-enabled":"default","ast-page-background-meta":{"desktop":{"background-color":"var(--ast-global-color-4)","background-image":"","background-repeat":"repeat","background-position":"center center","background-size":"auto","background-attachment":"scroll","background-type":"","background-media":"","overlay-type":"","overlay-color":"","overlay-opacity":"","overlay-gradient":""},"tablet":{"background-color":"","background-image":"","background-repeat":"repeat","background-position":"center center","background-size":"auto","background-attachment":"scroll","background-type":"","background-media":"","overlay-type":"","overlay-color":"","overlay-opacity":"","overlay-gradient":""},"mobile":{"background-color":"","background-image":"","background-repeat":"repeat","background-position":"center center","background-size":"auto","background-attachment":"scroll","background-type":"","background-media":"","overlay-type":"","overlay-color":"","overlay-opacity":"","overlay-gradient":""}},"ast-content-background-meta":{"desktop":{"background-color":"var(--ast-global-color-5)","background-image":"","background-repeat":"repeat","background-position":"center center","background-size":"auto","background-attachment":"scroll","background-type":"","background-media":"","overlay-type":"","overlay-color":"","overlay-opacity":"","overlay-gradient":""},"tablet":{"background-color":"var(--ast-global-color-5)","background-image":"","background-repeat":"repeat","background-position":"center center","background-size":"auto","background-attachment":"scroll","background-type":"","background-media":"","overlay-type":"","overlay-color":"","overlay-opacity":"","overlay-gradient":""},"mobile":{"background-color":"var(--ast-global-color-5)","background-image":"","background-repeat":"repeat","background-position":"center center","background-size":"auto","background-attachment":"scroll","background-type":"","background-media":"","overlay-type":"","overlay-color":"","overlay-opacity":"","overlay-gradient":""}}},"product_brand":[],"product_cat":[1000,996],"product_tag":[],"class_list":{"0":"post-61856","1":"product","2":"type-product","3":"status-publish","4":"has-post-thumbnail","6":"product_cat-tur-camping-og-fritidsutstyr","7":"product_cat-verktoy","8":"pa_56214_dpfw4uok-oransje","9":"pa_56214_dpfw4uok-svart","10":"pa_56214_rn069cpz-1-stk","11":"pa_56214_rn069cpz-2-stk","12":"desktop-align-left","13":"tablet-align-left","14":"mobile-align-left","16":"first","17":"instock","18":"shipping-taxable","19":"purchasable","20":"product-type-variable","21":"has-default-attributes"},"_links":{"self":[{"href":"https:\/\/keluvo.com\/no\/wp-json\/wp\/v2\/product\/61856","targetHints":{"allow":["GET"]}}],"collection":[{"href":"https:\/\/keluvo.com\/no\/wp-json\/wp\/v2\/product"}],"about":[{"href":"https:\/\/keluvo.com\/no\/wp-json\/wp\/v2\/types\/product"}],"replies":[{"embeddable":true,"href":"https:\/\/keluvo.com\/no\/wp-json\/wp\/v2\/comments?post=61856"}],"wp:featuredmedia":[{"embeddable":true,"href":"https:\/\/keluvo.com\/no\/wp-json\/wp\/v2\/media\/61852"}],"wp:attachment":[{"href":"https:\/\/keluvo.com\/no\/wp-json\/wp\/v2\/media?parent=61856"}],"wp:term":[{"taxonomy":"product_brand","embeddable":true,"href":"https:\/\/keluvo.com\/no\/wp-json\/wp\/v2\/product_brand?post=61856"},{"taxonomy":"product_cat","embeddable":true,"href":"https:\/\/keluvo.com\/no\/wp-json\/wp\/v2\/product_cat?post=61856"},{"taxonomy":"product_tag","embeddable":true,"href":"https:\/\/keluvo.com\/no\/wp-json\/wp\/v2\/product_tag?post=61856"}],"curies":[{"name":"wp","href":"https:\/\/api.w.org\/{rel}","templated":true}]}}