{"id":6185,"date":"2024-11-28T15:14:33","date_gmt":"2024-11-28T13:14:33","guid":{"rendered":"https:\/\/keluvo.com\/no\/produkt\/tigeroye-armband\/"},"modified":"2024-12-01T13:27:32","modified_gmt":"2024-12-01T11:27:32","slug":"tigeroye-armband","status":"publish","type":"product","link":"https:\/\/keluvo.com\/no\/produkt\/tigeroye-armband\/","title":{"rendered":"Tiger\u00f8ye-armb\u00e5nd"},"content":{"rendered":"<h2 style=\"text-align: center;\"><strong>Naturlige tiger\u00f8yestener<\/strong><\/h2>\n<p style=\"text-align: center;\">Armb\u00e5ndet med tiger\u00f8yestener er laget av naturlige krystallsteiner, noe som gir unike m\u00f8nstre og farger i hvert stykke. De livlige r\u00f8de, bl\u00e5 og gule fargetonene gir et snev av naturens skj\u00f8nnhet til stilen din.<\/p>\n<p><img decoding=\"async\" class=\"alignnone size-medium wp-image-4397 aligncenter\" src=\"https:\/\/keluvo.com\/template\/wp-content\/uploads\/sites\/5\/2024\/11\/Fashion-Tiger-Eye-Bracelet-Men-and-Women-Charm-Natural-Stone-Jewelry-Healing-Buddha-Elastic-Rope-Couple.jpg_-1.webp\" alt=\"\" \/><\/p>\n<h2 style=\"text-align: center;\"><strong>Levende trefarget design<\/strong><\/h2>\n<p style=\"text-align: center;\">Dette armb\u00e5ndet kombinerer r\u00f8de, bl\u00e5 og gule tiger\u00f8yestener, noe som skaper et sl\u00e5ende og balansert utseende. Fargene antas \u00e5 forsterke positiv energi og bringe harmoni i livet ditt.<\/p>\n<p><img decoding=\"async\" class=\"alignnone size-medium wp-image-4401 aligncenter\" src=\"https:\/\/keluvo.com\/template\/wp-content\/uploads\/sites\/5\/2024\/11\/Sd817815108e845f0922fa7445a70e9b9z.webp\" alt=\"\" \/><\/p>\n","protected":false},"excerpt":{"rendered":"<p>Naturlige tiger\u00f8yestener Armb\u00e5ndet med tiger\u00f8yestener er laget av naturlige krystallsteiner, noe som gir unike m\u00f8nstre og farger i hvert stykke. [&hellip;]<\/p>\n","protected":false},"featured_media":6181,"comment_status":"open","ping_status":"closed","template":"","meta":{"site-sidebar-layout":"default","site-content-layout":"","ast-site-content-layout":"default","site-content-style":"default","site-sidebar-style":"default","ast-global-header-display":"","ast-banner-title-visibility":"","ast-main-header-display":"","ast-hfb-above-header-display":"","ast-hfb-below-header-display":"","ast-hfb-mobile-header-display":"","site-post-title":"","ast-breadcrumbs-content":"","ast-featured-img":"","footer-sml-layout":"","theme-transparent-header-meta":"default","adv-header-id-meta":"","stick-header-meta":"","header-above-stick-meta":"","header-main-stick-meta":"","header-below-stick-meta":"","astra-migrate-meta-layouts":"set","ast-page-background-enabled":"default","ast-page-background-meta":{"desktop":{"background-color":"var(--ast-global-color-4)","background-image":"","background-repeat":"repeat","background-position":"center center","background-size":"auto","background-attachment":"scroll","background-type":"","background-media":"","overlay-type":"","overlay-color":"","overlay-opacity":"","overlay-gradient":""},"tablet":{"background-color":"","background-image":"","background-repeat":"repeat","background-position":"center center","background-size":"auto","background-attachment":"scroll","background-type":"","background-media":"","overlay-type":"","overlay-color":"","overlay-opacity":"","overlay-gradient":""},"mobile":{"background-color":"","background-image":"","background-repeat":"repeat","background-position":"center center","background-size":"auto","background-attachment":"scroll","background-type":"","background-media":"","overlay-type":"","overlay-color":"","overlay-opacity":"","overlay-gradient":""}},"ast-content-background-meta":{"desktop":{"background-color":"var(--ast-global-color-5)","background-image":"","background-repeat":"repeat","background-position":"center center","background-size":"auto","background-attachment":"scroll","background-type":"","background-media":"","overlay-type":"","overlay-color":"","overlay-opacity":"","overlay-gradient":""},"tablet":{"background-color":"var(--ast-global-color-5)","background-image":"","background-repeat":"repeat","background-position":"center center","background-size":"auto","background-attachment":"scroll","background-type":"","background-media":"","overlay-type":"","overlay-color":"","overlay-opacity":"","overlay-gradient":""},"mobile":{"background-color":"var(--ast-global-color-5)","background-image":"","background-repeat":"repeat","background-position":"center center","background-size":"auto","background-attachment":"scroll","background-type":"","background-media":"","overlay-type":"","overlay-color":"","overlay-opacity":"","overlay-gradient":""}}},"product_brand":[],"product_cat":[993],"product_tag":[],"class_list":{"0":"post-6185","1":"product","2":"type-product","3":"status-publish","4":"has-post-thumbnail","6":"product_cat-skotoy-tilbehor","7":"pa_ph0p4kaw-10-mm","8":"pa_ph0p4kaw-12-mm","9":"pa_ph0p4kaw-14-mm","10":"desktop-align-left","11":"tablet-align-left","12":"mobile-align-left","14":"first","15":"instock","16":"shipping-taxable","17":"purchasable","18":"product-type-variable"},"_links":{"self":[{"href":"https:\/\/keluvo.com\/no\/wp-json\/wp\/v2\/product\/6185","targetHints":{"allow":["GET"]}}],"collection":[{"href":"https:\/\/keluvo.com\/no\/wp-json\/wp\/v2\/product"}],"about":[{"href":"https:\/\/keluvo.com\/no\/wp-json\/wp\/v2\/types\/product"}],"replies":[{"embeddable":true,"href":"https:\/\/keluvo.com\/no\/wp-json\/wp\/v2\/comments?post=6185"}],"wp:featuredmedia":[{"embeddable":true,"href":"https:\/\/keluvo.com\/no\/wp-json\/wp\/v2\/media\/6181"}],"wp:attachment":[{"href":"https:\/\/keluvo.com\/no\/wp-json\/wp\/v2\/media?parent=6185"}],"wp:term":[{"taxonomy":"product_brand","embeddable":true,"href":"https:\/\/keluvo.com\/no\/wp-json\/wp\/v2\/product_brand?post=6185"},{"taxonomy":"product_cat","embeddable":true,"href":"https:\/\/keluvo.com\/no\/wp-json\/wp\/v2\/product_cat?post=6185"},{"taxonomy":"product_tag","embeddable":true,"href":"https:\/\/keluvo.com\/no\/wp-json\/wp\/v2\/product_tag?post=6185"}],"curies":[{"name":"wp","href":"https:\/\/api.w.org\/{rel}","templated":true}]}}