{"id":61833,"date":"2025-12-09T09:59:18","date_gmt":"2025-12-09T07:59:18","guid":{"rendered":"https:\/\/keluvo.com\/no\/produkt\/larmester\/"},"modified":"2025-12-15T18:11:24","modified_gmt":"2025-12-15T16:11:24","slug":"larmester","status":"publish","type":"product","link":"https:\/\/keluvo.com\/no\/produkt\/larmester\/","title":{"rendered":"L\u00e5rmester"},"content":{"rendered":"<p style=\"text-align: center;\" data-start=\"0\" data-end=\"67\"><strong>Styrke Bekkenbunnen Og Innsiden Av L\u00e5rene N\u00e5r Som Helst Og Hvor Som Helst. \ud83d\udcaa<\/strong><\/p>\n<p style=\"text-align: center;\" data-start=\"69\" data-end=\"297\">Denne l\u00e5rmesteren hjelper deg med \u00e5 aktivere bekkenbunnen og l\u00e5rmusklene med enkel trening med lav innvirkning. Den er behagelig \u00e5 bruke, lett \u00e5 b\u00e6re og ideell for restitusjon etter f\u00f8dsel, lange timer med sittende eller daglige toning\u00f8velser.<\/p>\n<p data-start=\"69\" data-end=\"297\"><img fetchpriority=\"high\" decoding=\"async\" class=\"size-full wp-image-44483 aligncenter\" src=\"https:\/\/keluvo.com\/template\/wp-content\/uploads\/sites\/5\/2025\/12\/102214-ezgif.com-video-to-webp-converter.webp\" alt=\"\" width=\"500\" height=\"500\" \/><\/p>\n<h2 style=\"text-align: center;\" data-start=\"304\" data-end=\"328\">Hovedfordeler \u2728<\/h2>\n<p data-start=\"331\" data-end=\"428\">\ud83d\udcaa Aktiverer bekkenbunnsmuskulaturen &#8211; Hjelper med \u00e5 forbedre svakhet for\u00e5rsaket av sittende eller f\u00f8dsel.<\/p>\n<p data-start=\"431\" data-end=\"513\">\ud83e\ude91 St\u00f8tter daglig restitusjon &#8211; Hjelper holdning, kontroll og styrke i underkroppen.<\/p>\n<p data-start=\"516\" data-end=\"594\">\ud83e\uddf8 Myke sklisikre b\u00e5nd &#8211; Hudvennlige og komfortable under trening.<\/p>\n<p data-start=\"597\" data-end=\"677\">\ud83d\udd04 360\u00b0 rotasjonsdesign &#8211; Kan enkelt justeres for ulike treningsposisjoner.<\/p>\n<p data-start=\"680\" data-end=\"757\">\ud83c\udf92 B\u00e6rbar og lett &#8211; Kan brukes hjemme, p\u00e5 jobb eller p\u00e5 reise.<\/p>\n<p data-start=\"760\" data-end=\"823\">\ud83d\udc4c Enkel \u00e5 bruke &#8211; Ingen komplisert oppsett eller trening kreves.<\/p>\n<p data-start=\"760\" data-end=\"823\"><img decoding=\"async\" class=\"size-full wp-image-44482 aligncenter\" src=\"https:\/\/keluvo.com\/template\/wp-content\/uploads\/sites\/5\/2025\/12\/270d5361-b4db-4931-83c4-aa05e448af44.webp\" alt=\"\" width=\"600\" height=\"326\" \/><\/p>\n<h2 style=\"text-align: center;\" data-start=\"830\" data-end=\"852\">Hvordan Bruke \ud83e\uddf0<\/h2>\n<ol data-start=\"853\" data-end=\"1071\">\n<li data-start=\"853\" data-end=\"910\">\n<p data-start=\"856\" data-end=\"910\">Plasser l\u00e5rmesteren mellom l\u00e5rene eller kn\u00e6rne.<\/p>\n<\/li>\n<li data-start=\"911\" data-end=\"955\">\n<p data-start=\"914\" data-end=\"955\">Sitt eller st\u00e5 i en komfortabel stilling.<\/p>\n<\/li>\n<li data-start=\"956\" data-end=\"998\">\n<p data-start=\"959\" data-end=\"998\">Trykk innover for \u00e5 aktivere musklene.<\/p>\n<\/li>\n<li data-start=\"999\" data-end=\"1040\">\n<p data-start=\"1002\" data-end=\"1040\">Hold kort, slapp deretter av og gjenta.<\/p>\n<\/li>\n<li data-start=\"1041\" data-end=\"1071\">\n<p data-start=\"1044\" data-end=\"1071\">Bruk daglig for best resultat.<\/p>\n<\/li>\n<\/ol>\n<h2 style=\"text-align: center;\" data-start=\"1078\" data-end=\"1105\">Produktdetaljer \ud83d\udccf<\/h2>\n<ul data-start=\"1106\" data-end=\"1318\">\n<li data-start=\"1106\" data-end=\"1150\">\n<p data-start=\"1108\" data-end=\"1150\">Design: Ergonomisk passform for menneskekroppen<\/p>\n<\/li>\n<li data-start=\"1151\" data-end=\"1218\">\n<p data-start=\"1153\" data-end=\"1218\">Funksjoner: Sklisikre myke gummib\u00e5nd, 360 \u00b0 roterbar struktur<\/p>\n<\/li>\n<li data-start=\"1219\" data-end=\"1275\">\n<p data-start=\"1221\" data-end=\"1275\">Bruk: Bekkenbunnstrening og indre l\u00e5r\u00f8velser<\/p>\n<\/li>\n<li data-start=\"1276\" data-end=\"1318\">\n<p data-start=\"1278\" data-end=\"1318\">Egnede for: Hjem, kontor, reisebruk<\/p>\n<\/li>\n<li data-start=\"1276\" data-end=\"1318\">Smart skjerm som viser telling<\/li>\n<\/ul>\n<h2 style=\"text-align: center;\" data-start=\"1325\" data-end=\"1353\">Pakken inkluderer \ud83d\udce6<\/h2>\n<ul data-start=\"1354\" data-end=\"1374\">\n<li data-start=\"1354\" data-end=\"1374\">\n<p data-start=\"1356\" data-end=\"1374\">1x l\u00e5rmester.<\/p>\n<\/li>\n<\/ul>\n","protected":false},"excerpt":{"rendered":"<p>Styrke Bekkenbunnen Og Innsiden Av L\u00e5rene N\u00e5r Som Helst Og Hvor Som Helst. \ud83d\udcaa Denne l\u00e5rmesteren hjelper deg med \u00e5 [&hellip;]<\/p>\n","protected":false},"featured_media":61829,"comment_status":"open","ping_status":"closed","template":"","meta":{"site-sidebar-layout":"default","site-content-layout":"","ast-site-content-layout":"default","site-content-style":"default","site-sidebar-style":"default","ast-global-header-display":"","ast-banner-title-visibility":"","ast-main-header-display":"","ast-hfb-above-header-display":"","ast-hfb-below-header-display":"","ast-hfb-mobile-header-display":"","site-post-title":"","ast-breadcrumbs-content":"","ast-featured-img":"","footer-sml-layout":"","theme-transparent-header-meta":"default","adv-header-id-meta":"","stick-header-meta":"","header-above-stick-meta":"","header-main-stick-meta":"","header-below-stick-meta":"","astra-migrate-meta-layouts":"set","ast-page-background-enabled":"default","ast-page-background-meta":{"desktop":{"background-color":"var(--ast-global-color-4)","background-image":"","background-repeat":"repeat","background-position":"center center","background-size":"auto","background-attachment":"scroll","background-type":"","background-media":"","overlay-type":"","overlay-color":"","overlay-opacity":"","overlay-gradient":""},"tablet":{"background-color":"","background-image":"","background-repeat":"repeat","background-position":"center center","background-size":"auto","background-attachment":"scroll","background-type":"","background-media":"","overlay-type":"","overlay-color":"","overlay-opacity":"","overlay-gradient":""},"mobile":{"background-color":"","background-image":"","background-repeat":"repeat","background-position":"center center","background-size":"auto","background-attachment":"scroll","background-type":"","background-media":"","overlay-type":"","overlay-color":"","overlay-opacity":"","overlay-gradient":""}},"ast-content-background-meta":{"desktop":{"background-color":"var(--ast-global-color-5)","background-image":"","background-repeat":"repeat","background-position":"center center","background-size":"auto","background-attachment":"scroll","background-type":"","background-media":"","overlay-type":"","overlay-color":"","overlay-opacity":"","overlay-gradient":""},"tablet":{"background-color":"var(--ast-global-color-5)","background-image":"","background-repeat":"repeat","background-position":"center center","background-size":"auto","background-attachment":"scroll","background-type":"","background-media":"","overlay-type":"","overlay-color":"","overlay-opacity":"","overlay-gradient":""},"mobile":{"background-color":"var(--ast-global-color-5)","background-image":"","background-repeat":"repeat","background-position":"center center","background-size":"auto","background-attachment":"scroll","background-type":"","background-media":"","overlay-type":"","overlay-color":"","overlay-opacity":"","overlay-gradient":""}}},"product_brand":[],"product_cat":[999],"product_tag":[],"class_list":{"0":"post-61833","1":"product","2":"type-product","3":"status-publish","4":"has-post-thumbnail","6":"product_cat-sportsutstyr","7":"pa_55951_7y6slkx0-bla","8":"pa_55951_7y6slkx0-rosa","9":"desktop-align-left","10":"tablet-align-left","11":"mobile-align-left","13":"first","14":"instock","15":"shipping-taxable","16":"purchasable","17":"product-type-variable"},"_links":{"self":[{"href":"https:\/\/keluvo.com\/no\/wp-json\/wp\/v2\/product\/61833","targetHints":{"allow":["GET"]}}],"collection":[{"href":"https:\/\/keluvo.com\/no\/wp-json\/wp\/v2\/product"}],"about":[{"href":"https:\/\/keluvo.com\/no\/wp-json\/wp\/v2\/types\/product"}],"replies":[{"embeddable":true,"href":"https:\/\/keluvo.com\/no\/wp-json\/wp\/v2\/comments?post=61833"}],"wp:featuredmedia":[{"embeddable":true,"href":"https:\/\/keluvo.com\/no\/wp-json\/wp\/v2\/media\/61829"}],"wp:attachment":[{"href":"https:\/\/keluvo.com\/no\/wp-json\/wp\/v2\/media?parent=61833"}],"wp:term":[{"taxonomy":"product_brand","embeddable":true,"href":"https:\/\/keluvo.com\/no\/wp-json\/wp\/v2\/product_brand?post=61833"},{"taxonomy":"product_cat","embeddable":true,"href":"https:\/\/keluvo.com\/no\/wp-json\/wp\/v2\/product_cat?post=61833"},{"taxonomy":"product_tag","embeddable":true,"href":"https:\/\/keluvo.com\/no\/wp-json\/wp\/v2\/product_tag?post=61833"}],"curies":[{"name":"wp","href":"https:\/\/api.w.org\/{rel}","templated":true}]}}