{"id":6143,"date":"2024-11-28T14:40:16","date_gmt":"2024-11-28T12:40:16","guid":{"rendered":"https:\/\/keluvo.com\/no\/produkt\/justerbar-flaskeapner\/"},"modified":"2024-11-29T12:33:33","modified_gmt":"2024-11-29T10:33:33","slug":"justerbar-flaskeapner","status":"publish","type":"product","link":"https:\/\/keluvo.com\/no\/produkt\/justerbar-flaskeapner\/","title":{"rendered":"Justerbar flaske\u00e5pner"},"content":{"rendered":"<h2 style=\"text-align: center;\"><strong>Slitesterk konstruksjon i rustfritt st\u00e5l<\/strong><\/h2>\n<p style=\"text-align: center;\">Den justerbare flaske\u00e5pneren er laget av sterkt rustfritt st\u00e5l, noe som sikrer at den holder ved regelmessig bruk. Den robuste konstruksjonen gj\u00f8r den til et p\u00e5litelig verkt\u00f8y for enkel \u00e5pning av ulike flasker og bokser.<\/p>\n<p><img decoding=\"async\" class=\"alignnone size-medium wp-image-4375 aligncenter\" src=\"https:\/\/keluvo.com\/template\/wp-content\/uploads\/sites\/5\/2024\/11\/S4673e398d7b3430080c2d972124c7675Z.webp\" alt=\"\" \/><\/p>\n<h2 style=\"text-align: center;\"><strong>Justerbar for alle flasker<\/strong><\/h2>\n<p style=\"text-align: center;\">Denne \u00e5pneren har et justerbart design som gj\u00f8r at den kan h\u00e5ndtere flaskekapsler i forskjellige st\u00f8rrelser, opptil 10,5 cm brede. Den er perfekt for alle dine behov p\u00e5 kj\u00f8kkenet og i spisesalen, noe som gj\u00f8r den til et allsidig tillegg til verkt\u00f8yet ditt.<\/p>\n<p><img decoding=\"async\" class=\"alignnone size-medium wp-image-4377 aligncenter\" src=\"https:\/\/keluvo.com\/template\/wp-content\/uploads\/sites\/5\/2024\/11\/S2960d32afc1e4dccb375354dfd0229c02.webp\" alt=\"\" \/><\/p>\n","protected":false},"excerpt":{"rendered":"<p>Slitesterk konstruksjon i rustfritt st\u00e5l Den justerbare flaske\u00e5pneren er laget av sterkt rustfritt st\u00e5l, noe som sikrer at den holder [&hellip;]<\/p>\n","protected":false},"featured_media":6139,"comment_status":"open","ping_status":"closed","template":"","meta":{"site-sidebar-layout":"default","site-content-layout":"","ast-site-content-layout":"default","site-content-style":"default","site-sidebar-style":"default","ast-global-header-display":"","ast-banner-title-visibility":"","ast-main-header-display":"","ast-hfb-above-header-display":"","ast-hfb-below-header-display":"","ast-hfb-mobile-header-display":"","site-post-title":"","ast-breadcrumbs-content":"","ast-featured-img":"","footer-sml-layout":"","theme-transparent-header-meta":"default","adv-header-id-meta":"","stick-header-meta":"","header-above-stick-meta":"","header-main-stick-meta":"","header-below-stick-meta":"","astra-migrate-meta-layouts":"set","ast-page-background-enabled":"default","ast-page-background-meta":{"desktop":{"background-color":"var(--ast-global-color-4)","background-image":"","background-repeat":"repeat","background-position":"center center","background-size":"auto","background-attachment":"scroll","background-type":"","background-media":"","overlay-type":"","overlay-color":"","overlay-opacity":"","overlay-gradient":""},"tablet":{"background-color":"","background-image":"","background-repeat":"repeat","background-position":"center center","background-size":"auto","background-attachment":"scroll","background-type":"","background-media":"","overlay-type":"","overlay-color":"","overlay-opacity":"","overlay-gradient":""},"mobile":{"background-color":"","background-image":"","background-repeat":"repeat","background-position":"center center","background-size":"auto","background-attachment":"scroll","background-type":"","background-media":"","overlay-type":"","overlay-color":"","overlay-opacity":"","overlay-gradient":""}},"ast-content-background-meta":{"desktop":{"background-color":"var(--ast-global-color-5)","background-image":"","background-repeat":"repeat","background-position":"center center","background-size":"auto","background-attachment":"scroll","background-type":"","background-media":"","overlay-type":"","overlay-color":"","overlay-opacity":"","overlay-gradient":""},"tablet":{"background-color":"var(--ast-global-color-5)","background-image":"","background-repeat":"repeat","background-position":"center center","background-size":"auto","background-attachment":"scroll","background-type":"","background-media":"","overlay-type":"","overlay-color":"","overlay-opacity":"","overlay-gradient":""},"mobile":{"background-color":"var(--ast-global-color-5)","background-image":"","background-repeat":"repeat","background-position":"center center","background-size":"auto","background-attachment":"scroll","background-type":"","background-media":"","overlay-type":"","overlay-color":"","overlay-opacity":"","overlay-gradient":""}}},"product_brand":[],"product_cat":[1001],"product_tag":[],"class_list":{"0":"post-6143","1":"product","2":"type-product","3":"status-publish","4":"has-post-thumbnail","6":"product_cat-husholdningsartikler","7":"desktop-align-left","8":"tablet-align-left","9":"mobile-align-left","11":"first","12":"instock","13":"shipping-taxable","14":"purchasable","15":"product-type-simple"},"_links":{"self":[{"href":"https:\/\/keluvo.com\/no\/wp-json\/wp\/v2\/product\/6143","targetHints":{"allow":["GET"]}}],"collection":[{"href":"https:\/\/keluvo.com\/no\/wp-json\/wp\/v2\/product"}],"about":[{"href":"https:\/\/keluvo.com\/no\/wp-json\/wp\/v2\/types\/product"}],"replies":[{"embeddable":true,"href":"https:\/\/keluvo.com\/no\/wp-json\/wp\/v2\/comments?post=6143"}],"wp:featuredmedia":[{"embeddable":true,"href":"https:\/\/keluvo.com\/no\/wp-json\/wp\/v2\/media\/6139"}],"wp:attachment":[{"href":"https:\/\/keluvo.com\/no\/wp-json\/wp\/v2\/media?parent=6143"}],"wp:term":[{"taxonomy":"product_brand","embeddable":true,"href":"https:\/\/keluvo.com\/no\/wp-json\/wp\/v2\/product_brand?post=6143"},{"taxonomy":"product_cat","embeddable":true,"href":"https:\/\/keluvo.com\/no\/wp-json\/wp\/v2\/product_cat?post=6143"},{"taxonomy":"product_tag","embeddable":true,"href":"https:\/\/keluvo.com\/no\/wp-json\/wp\/v2\/product_tag?post=6143"}],"curies":[{"name":"wp","href":"https:\/\/api.w.org\/{rel}","templated":true}]}}