{"id":6126,"date":"2024-11-28T14:37:28","date_gmt":"2024-11-28T12:37:28","guid":{"rendered":"https:\/\/keluvo.com\/no\/produkt\/ortopediske-fotbuesaler\/"},"modified":"2024-11-28T15:26:25","modified_gmt":"2024-11-28T13:26:25","slug":"ortopediske-fotbuesaler","status":"publish","type":"product","link":"https:\/\/keluvo.com\/no\/produkt\/ortopediske-fotbuesaler\/","title":{"rendered":"Ortopediske fotbues\u00e5ler"},"content":{"rendered":"<h2 style=\"text-align: center;\"><strong>Forbedret fotbuest\u00f8tte<\/strong><\/h2>\n<p style=\"text-align: center;\">De ortopediske fotbues\u00e5lene er designet for \u00e5 gi utmerket st\u00f8tte til f\u00f8ttene, noe som bidrar til \u00e5 forbedre kroppsholdningen og redusere ubehag. De er perfekte for deg som er plattfot eller som trenger ekstra st\u00f8tte til fotbuen under daglige aktiviteter.<\/p>\n<p><img decoding=\"async\" class=\"alignnone size-medium wp-image-4502 aligncenter\" src=\"https:\/\/keluvo.com\/template\/wp-content\/uploads\/sites\/5\/2024\/11\/S84587f11c1be4432a4fcccc63e81071fI.webp\" alt=\"\" \/><\/p>\n<h2 style=\"text-align: center;\"><strong>Passer for en aktiv livsstil<\/strong><\/h2>\n<p style=\"text-align: center;\">Uavhengig av om du l\u00f8per, g\u00e5r p\u00e5 tur, sykler eller spiller golf, er de ortopediske fotbues\u00e5lene ideelle for alle typer aktiviteter. Den elastiske utformingen sikrer en tettsittende passform og ekstra komfort, noe som gj\u00f8r dem perfekte for menn og kvinner p\u00e5 farten.<\/p>\n<p><img decoding=\"async\" class=\"alignnone size-medium wp-image-4501 aligncenter\" src=\"https:\/\/keluvo.com\/template\/wp-content\/uploads\/sites\/5\/2024\/11\/Sebb620f75c9e42228ad867cf6c17af2aQ.webp\" alt=\"\" \/><\/p>\n","protected":false},"excerpt":{"rendered":"<p>Forbedret fotbuest\u00f8tte De ortopediske fotbues\u00e5lene er designet for \u00e5 gi utmerket st\u00f8tte til f\u00f8ttene, noe som bidrar til \u00e5 forbedre [&hellip;]<\/p>\n","protected":false},"featured_media":6122,"comment_status":"open","ping_status":"closed","template":"","meta":{"site-sidebar-layout":"default","site-content-layout":"","ast-site-content-layout":"default","site-content-style":"default","site-sidebar-style":"default","ast-global-header-display":"","ast-banner-title-visibility":"","ast-main-header-display":"","ast-hfb-above-header-display":"","ast-hfb-below-header-display":"","ast-hfb-mobile-header-display":"","site-post-title":"","ast-breadcrumbs-content":"","ast-featured-img":"","footer-sml-layout":"","theme-transparent-header-meta":"default","adv-header-id-meta":"","stick-header-meta":"","header-above-stick-meta":"","header-main-stick-meta":"","header-below-stick-meta":"","astra-migrate-meta-layouts":"set","ast-page-background-enabled":"default","ast-page-background-meta":{"desktop":{"background-color":"var(--ast-global-color-4)","background-image":"","background-repeat":"repeat","background-position":"center center","background-size":"auto","background-attachment":"scroll","background-type":"","background-media":"","overlay-type":"","overlay-color":"","overlay-opacity":"","overlay-gradient":""},"tablet":{"background-color":"","background-image":"","background-repeat":"repeat","background-position":"center center","background-size":"auto","background-attachment":"scroll","background-type":"","background-media":"","overlay-type":"","overlay-color":"","overlay-opacity":"","overlay-gradient":""},"mobile":{"background-color":"","background-image":"","background-repeat":"repeat","background-position":"center center","background-size":"auto","background-attachment":"scroll","background-type":"","background-media":"","overlay-type":"","overlay-color":"","overlay-opacity":"","overlay-gradient":""}},"ast-content-background-meta":{"desktop":{"background-color":"var(--ast-global-color-5)","background-image":"","background-repeat":"repeat","background-position":"center center","background-size":"auto","background-attachment":"scroll","background-type":"","background-media":"","overlay-type":"","overlay-color":"","overlay-opacity":"","overlay-gradient":""},"tablet":{"background-color":"var(--ast-global-color-5)","background-image":"","background-repeat":"repeat","background-position":"center center","background-size":"auto","background-attachment":"scroll","background-type":"","background-media":"","overlay-type":"","overlay-color":"","overlay-opacity":"","overlay-gradient":""},"mobile":{"background-color":"var(--ast-global-color-5)","background-image":"","background-repeat":"repeat","background-position":"center center","background-size":"auto","background-attachment":"scroll","background-type":"","background-media":"","overlay-type":"","overlay-color":"","overlay-opacity":"","overlay-gradient":""}}},"product_brand":[],"product_cat":[991],"product_tag":[],"class_list":{"0":"post-6126","1":"product","2":"type-product","3":"status-publish","4":"has-post-thumbnail","6":"product_cat-helseprodukter","7":"pa_e3qma8no-l","8":"pa_e3qma8no-s","9":"desktop-align-left","10":"tablet-align-left","11":"mobile-align-left","13":"first","14":"instock","15":"shipping-taxable","16":"purchasable","17":"product-type-variable"},"_links":{"self":[{"href":"https:\/\/keluvo.com\/no\/wp-json\/wp\/v2\/product\/6126","targetHints":{"allow":["GET"]}}],"collection":[{"href":"https:\/\/keluvo.com\/no\/wp-json\/wp\/v2\/product"}],"about":[{"href":"https:\/\/keluvo.com\/no\/wp-json\/wp\/v2\/types\/product"}],"replies":[{"embeddable":true,"href":"https:\/\/keluvo.com\/no\/wp-json\/wp\/v2\/comments?post=6126"}],"wp:featuredmedia":[{"embeddable":true,"href":"https:\/\/keluvo.com\/no\/wp-json\/wp\/v2\/media\/6122"}],"wp:attachment":[{"href":"https:\/\/keluvo.com\/no\/wp-json\/wp\/v2\/media?parent=6126"}],"wp:term":[{"taxonomy":"product_brand","embeddable":true,"href":"https:\/\/keluvo.com\/no\/wp-json\/wp\/v2\/product_brand?post=6126"},{"taxonomy":"product_cat","embeddable":true,"href":"https:\/\/keluvo.com\/no\/wp-json\/wp\/v2\/product_cat?post=6126"},{"taxonomy":"product_tag","embeddable":true,"href":"https:\/\/keluvo.com\/no\/wp-json\/wp\/v2\/product_tag?post=6126"}],"curies":[{"name":"wp","href":"https:\/\/api.w.org\/{rel}","templated":true}]}}